{"id":16126,"date":"2025-03-24T14:03:43","date_gmt":"2025-03-24T13:03:43","guid":{"rendered":"https:\/\/kellenberger.com\/?page_id=16126"},"modified":"2026-03-02T15:22:50","modified_gmt":"2026-03-02T14:22:50","slug":"secteur-de-lenergie","status":"publish","type":"page","link":"https:\/\/kellenberger.com\/fr\/industries\/secteur-de-lenergie\/","title":{"rendered":"Secteur de l&rsquo;\u00e9nergie"},"content":{"rendered":"[vc_row type=\u00a0\u00bbin_container\u00a0\u00bb full_screen_row_position=\u00a0\u00bbmiddle\u00a0\u00bb column_margin=\u00a0\u00bbdefault\u00a0\u00bb column_direction=\u00a0\u00bbdefault\u00a0\u00bb column_direction_tablet=\u00a0\u00bbdefault\u00a0\u00bb column_direction_phone=\u00a0\u00bbdefault\u00a0\u00bb scene_position=\u00a0\u00bbcenter\u00a0\u00bb top_margin=\u00a0\u00bb3%\u00a0\u00bb bottom_margin=\u00a0\u00bb5%\u00a0\u00bb bottom_margin_tablet=\u00a0\u00bb60&Prime; text_color=\u00a0\u00bbdark\u00a0\u00bb text_align=\u00a0\u00bbleft\u00a0\u00bb row_border_radius=\u00a0\u00bbnone\u00a0\u00bb row_border_radius_applies=\u00a0\u00bbbg\u00a0\u00bb overflow=\u00a0\u00bbvisible\u00a0\u00bb overlay_strength=\u00a0\u00bb0.3&Prime; gradient_direction=\u00a0\u00bbleft_to_right\u00a0\u00bb shape_divider_position=\u00a0\u00bbbottom\u00a0\u00bb bg_image_animation=\u00a0\u00bbnone\u00a0\u00bb shape_type=\u00a0\u00bb\u00a0\u00bb gradient_type=\u00a0\u00bbdefault\u00a0\u00bb][vc_column column_padding=\u00a0\u00bbno-extra-padding\u00a0\u00bb column_padding_tablet=\u00a0\u00bbinherit\u00a0\u00bb column_padding_phone=\u00a0\u00bbinherit\u00a0\u00bb column_padding_position=\u00a0\u00bball\u00a0\u00bb top_margin=\u00a0\u00bb2%\u00a0\u00bb column_element_direction_desktop=\u00a0\u00bbdefault\u00a0\u00bb column_element_spacing=\u00a0\u00bbdefault\u00a0\u00bb desktop_text_alignment=\u00a0\u00bbdefault\u00a0\u00bb tablet_text_alignment=\u00a0\u00bbdefault\u00a0\u00bb phone_text_alignment=\u00a0\u00bbdefault\u00a0\u00bb background_color_opacity=\u00a0\u00bb1&Prime; background_hover_color_opacity=\u00a0\u00bb1&Prime; column_backdrop_filter=\u00a0\u00bbnone\u00a0\u00bb column_shadow=\u00a0\u00bbnone\u00a0\u00bb column_border_radius=\u00a0\u00bbnone\u00a0\u00bb column_link_target=\u00a0\u00bb_self\u00a0\u00bb column_position=\u00a0\u00bbdefault\u00a0\u00bb gradient_direction=\u00a0\u00bbleft_to_right\u00a0\u00bb overlay_strength=\u00a0\u00bb0.3&Prime; width=\u00a0\u00bb1\/2&Prime; tablet_width_inherit=\u00a0\u00bbdefault\u00a0\u00bb animation_type=\u00a0\u00bbdefault\u00a0\u00bb bg_image_animation=\u00a0\u00bbnone\u00a0\u00bb border_type=\u00a0\u00bbsimple\u00a0\u00bb column_border_width=\u00a0\u00bbnone\u00a0\u00bb column_border_style=\u00a0\u00bbsolid\u00a0\u00bb][vc_custom_heading text=\u00a0\u00bbSecteur de l&rsquo;\u00e9nergie\u00a0\u00bb font_container=\u00a0\u00bbtag:h1|text_align:left\u00a0\u00bb use_theme_fonts=\u00a0\u00bbyes\u00a0\u00bb][vc_column_text css=\u00a0\u00bb.vc_custom_1771400466951{padding-top: 5% !important;padding-right: 2% !important;padding-bottom: 2% !important;}\u00a0\u00bb text_direction=\u00a0\u00bbdefault\u00a0\u00bb]La gamme de machines Kellenberger offre une grande vari\u00e9t\u00e9 de solutions exceptionnelles pour la rectification, le tournage et le fraisage dans toutes les industries o\u00f9 une pr\u00e9cision et une flexibilit\u00e9 maximales sont requises. Nos s\u00e9ries vont des rectifieuses universelles pour les t\u00e2ches d&rsquo;usinage complexes aux applications sp\u00e9cialis\u00e9es. Cela signifie que nous sommes en mesure de proposer les solutions ad\u00e9quates pour les secteurs industriels les plus exigeants.<\/p>\n<p>La s\u00e9rie KELLENBERGER K se caract\u00e9rise par une large gamme d&rsquo;options de configuration pour une vari\u00e9t\u00e9 d&rsquo;op\u00e9rations de meulage dans toutes les industries. Les machines <strong><a href=\"#\" class=\"mtm-product-popup-link\" data-machine-id=\"K100\">KELLENBERGER K100<\/a><\/strong> et <strong><a href=\"#\" class=\"mtm-product-popup-link\" data-machine-id=\"K1000\">KELLENBERGER K1000<\/a><\/strong> ont \u00e9t\u00e9 d\u00e9velopp\u00e9es pour r\u00e9pondre aux exigences \u00e9lev\u00e9es de la fabrication de pr\u00e9cision de prototypes et de petites et moyennes s\u00e9ries, par exemple dans la construction m\u00e9canique, la fabrication d&rsquo;outils et de moules, l&rsquo;industrie \u00e9lectrique et l&rsquo;industrie a\u00e9ronautique.<\/p>\n<p>Le site <strong><a href=\"#\" class=\"mtm-product-popup-link\" data-machine-id=\"VM1000\">KELLENBERGER VM1000<\/a><\/strong> est optimis\u00e9 pour la rectification cylindrique int\u00e9rieure et ext\u00e9rieure flexible et universelle de pi\u00e8ces complexes. La vari\u00e9t\u00e9 des pi\u00e8ces va des plus petites pi\u00e8ces individuelles pour les syst\u00e8mes d&rsquo;injection dans les moteurs de voiture aux bagues de roulement \u00e0 billes et aux bo\u00eetes de vitesses, en passant par les composants hydrauliques dans les centrales \u00e9lectriques et dans le domaine des \u00e9nergies renouvelables pour le contr\u00f4le des parcs solaires, ainsi que les composants complexes dans la construction m\u00e9canique, tels que les broches.[\/vc_column_text][\/vc_column][vc_column column_padding=\u00a0\u00bbno-extra-padding\u00a0\u00bb column_padding_tablet=\u00a0\u00bbinherit\u00a0\u00bb column_padding_phone=\u00a0\u00bbinherit\u00a0\u00bb column_padding_position=\u00a0\u00bball\u00a0\u00bb column_element_direction_desktop=\u00a0\u00bbdefault\u00a0\u00bb column_element_spacing=\u00a0\u00bbdefault\u00a0\u00bb desktop_text_alignment=\u00a0\u00bbdefault\u00a0\u00bb tablet_text_alignment=\u00a0\u00bbdefault\u00a0\u00bb phone_text_alignment=\u00a0\u00bbdefault\u00a0\u00bb background_color_opacity=\u00a0\u00bb1&Prime; background_hover_color_opacity=\u00a0\u00bb1&Prime; column_backdrop_filter=\u00a0\u00bbnone\u00a0\u00bb column_shadow=\u00a0\u00bbnone\u00a0\u00bb column_border_radius=\u00a0\u00bbnone\u00a0\u00bb column_link_target=\u00a0\u00bb_self\u00a0\u00bb column_position=\u00a0\u00bbdefault\u00a0\u00bb gradient_direction=\u00a0\u00bbleft_to_right\u00a0\u00bb overlay_strength=\u00a0\u00bb0.3&Prime; width=\u00a0\u00bb1\/2&Prime; tablet_width_inherit=\u00a0\u00bbdefault\u00a0\u00bb animation_type=\u00a0\u00bbdefault\u00a0\u00bb bg_image_animation=\u00a0\u00bbnone\u00a0\u00bb border_type=\u00a0\u00bbsimple\u00a0\u00bb column_border_width=\u00a0\u00bbnone\u00a0\u00bb column_border_style=\u00a0\u00bbsolid\u00a0\u00bb][carousel script=\u00a0\u00bbflickity\u00a0\u00bb flickity_formatting=\u00a0\u00bbdefault\u00a0\u00bb desktop_cols_flickity=\u00a0\u00bb1&Prime; desktop_small_cols_flickity=\u00a0\u00bb1&Prime; tablet_cols_flickity=\u00a0\u00bb1&Prime; phone_cols_flickity=\u00a0\u00bb1&Prime; flickity_controls=\u00a0\u00bbdefault\u00a0\u00bb color=\u00a0\u00bbdefault\u00a0\u00bb flickity_overflow=\u00a0\u00bbhidden\u00a0\u00bb flickity_wrap_around=\u00a0\u00bbwrap\u00a0\u00bb pagination_alignment_flickity=\u00a0\u00bbdefault\u00a0\u00bb flickity_spacing=\u00a0\u00bbdefault\u00a0\u00bb flickity_column_vertical_alignment=\u00a0\u00bbdefault\u00a0\u00bb column_padding=\u00a0\u00bb0&Prime; flickity_element_spacing=\u00a0\u00bbdefault\u00a0\u00bb border_radius=\u00a0\u00bbnone\u00a0\u00bb][item simple_slider_bg_image_position=\u00a0\u00bbdefault\u00a0\u00bb simple_slider_overlay_strength=\u00a0\u00bb0.3&Prime; simple_slider_bg_image_loading=\u00a0\u00bbdefault\u00a0\u00bb id=\u00a0\u00bb1771400437877-7&Prime; tab_id=\u00a0\u00bb1771400437878-0&Prime; title=\u00a0\u00bbAnzahl\u00a0\u00bb][image_with_animation image_url=\u00a0\u00bb21789&Prime; image_size=\u00a0\u00bbfull\u00a0\u00bb max_width=\u00a0\u00bb100%\u00a0\u00bb max_width_mobile=\u00a0\u00bbdefault\u00a0\u00bb animation_type=\u00a0\u00bbentrance\u00a0\u00bb animation=\u00a0\u00bbNone\u00a0\u00bb animation_movement_type=\u00a0\u00bbtransform_y\u00a0\u00bb hover_animation=\u00a0\u00bbnone\u00a0\u00bb alignment=\u00a0\u00bb\u00a0\u00bb border_radius=\u00a0\u00bbnone\u00a0\u00bb box_shadow=\u00a0\u00bbnone\u00a0\u00bb image_loading=\u00a0\u00bbdefault\u00a0\u00bb][vc_column_text] [\/vc_column_text][\/item][item simple_slider_bg_image_position=\u00a0\u00bbdefault\u00a0\u00bb simple_slider_overlay_strength=\u00a0\u00bb0.3&Prime; simple_slider_bg_image_loading=\u00a0\u00bbdefault\u00a0\u00bb id=\u00a0\u00bb1771400437905-6&Prime; tab_id=\u00a0\u00bb1771400437906-5&Prime; title=\u00a0\u00bbAnzahl\u00a0\u00bb][image_with_animation image_url=\u00a0\u00bb21793&Prime; image_size=\u00a0\u00bbfull\u00a0\u00bb max_width=\u00a0\u00bb100%\u00a0\u00bb max_width_mobile=\u00a0\u00bbdefault\u00a0\u00bb animation_type=\u00a0\u00bbentrance\u00a0\u00bb animation=\u00a0\u00bbNone\u00a0\u00bb animation_movement_type=\u00a0\u00bbtransform_y\u00a0\u00bb hover_animation=\u00a0\u00bbnone\u00a0\u00bb alignment=\u00a0\u00bb\u00a0\u00bb border_radius=\u00a0\u00bbnone\u00a0\u00bb box_shadow=\u00a0\u00bbnone\u00a0\u00bb image_loading=\u00a0\u00bbdefault\u00a0\u00bb][vc_column_text] [\/vc_column_text][\/item][item simple_slider_bg_image_position=\u00a0\u00bbdefault\u00a0\u00bb simple_slider_overlay_strength=\u00a0\u00bb0.3&Prime; simple_slider_bg_image_loading=\u00a0\u00bbdefault\u00a0\u00bb id=\u00a0\u00bb1771400437922-5&Prime; tab_id=\u00a0\u00bb1771400437922-4&Prime; title=\u00a0\u00bbAnzahl\u00a0\u00bb][image_with_animation image_url=\u00a0\u00bb21797&Prime; image_size=\u00a0\u00bbfull\u00a0\u00bb max_width=\u00a0\u00bb100%\u00a0\u00bb max_width_mobile=\u00a0\u00bbdefault\u00a0\u00bb animation_type=\u00a0\u00bbentrance\u00a0\u00bb animation=\u00a0\u00bbNone\u00a0\u00bb animation_movement_type=\u00a0\u00bbtransform_y\u00a0\u00bb hover_animation=\u00a0\u00bbnone\u00a0\u00bb alignment=\u00a0\u00bb\u00a0\u00bb border_radius=\u00a0\u00bbnone\u00a0\u00bb box_shadow=\u00a0\u00bbnone\u00a0\u00bb image_loading=\u00a0\u00bbdefault\u00a0\u00bb][vc_column_text] [\/vc_column_text][\/item][\/carousel][\/vc_column][\/vc_row][vc_row type=\u00a0\u00bbin_container\u00a0\u00bb full_screen_row_position=\u00a0\u00bbmiddle\u00a0\u00bb column_margin=\u00a0\u00bbdefault\u00a0\u00bb column_direction=\u00a0\u00bbdefault\u00a0\u00bb column_direction_tablet=\u00a0\u00bbdefault\u00a0\u00bb column_direction_phone=\u00a0\u00bbdefault\u00a0\u00bb scene_position=\u00a0\u00bbcenter\u00a0\u00bb text_color=\u00a0\u00bbdark\u00a0\u00bb text_align=\u00a0\u00bbleft\u00a0\u00bb row_border_radius=\u00a0\u00bbnone\u00a0\u00bb row_border_radius_applies=\u00a0\u00bbbg\u00a0\u00bb overflow=\u00a0\u00bbvisible\u00a0\u00bb overlay_strength=\u00a0\u00bb0.3&Prime; gradient_direction=\u00a0\u00bbleft_to_right\u00a0\u00bb shape_divider_position=\u00a0\u00bbbottom\u00a0\u00bb bg_image_animation=\u00a0\u00bbnone\u00a0\u00bb][vc_column column_padding=\u00a0\u00bbno-extra-padding\u00a0\u00bb column_padding_tablet=\u00a0\u00bbinherit\u00a0\u00bb column_padding_phone=\u00a0\u00bbinherit\u00a0\u00bb column_padding_position=\u00a0\u00bball\u00a0\u00bb column_element_direction_desktop=\u00a0\u00bbdefault\u00a0\u00bb column_element_spacing=\u00a0\u00bbdefault\u00a0\u00bb desktop_text_alignment=\u00a0\u00bbdefault\u00a0\u00bb tablet_text_alignment=\u00a0\u00bbdefault\u00a0\u00bb phone_text_alignment=\u00a0\u00bbdefault\u00a0\u00bb background_color_opacity=\u00a0\u00bb1&Prime; background_hover_color_opacity=\u00a0\u00bb1&Prime; column_backdrop_filter=\u00a0\u00bbnone\u00a0\u00bb column_shadow=\u00a0\u00bbnone\u00a0\u00bb column_border_radius=\u00a0\u00bbnone\u00a0\u00bb column_link_target=\u00a0\u00bb_self\u00a0\u00bb column_position=\u00a0\u00bbdefault\u00a0\u00bb gradient_direction=\u00a0\u00bbleft_to_right\u00a0\u00bb overlay_strength=\u00a0\u00bb0.3&Prime; width=\u00a0\u00bb1\/1&Prime; tablet_width_inherit=\u00a0\u00bbdefault\u00a0\u00bb animation_type=\u00a0\u00bbdefault\u00a0\u00bb bg_image_animation=\u00a0\u00bbnone\u00a0\u00bb border_type=\u00a0\u00bbsimple\u00a0\u00bb column_border_width=\u00a0\u00bbnone\u00a0\u00bb column_border_style=\u00a0\u00bbsolid\u00a0\u00bb][divider line_type=\u00a0\u00bbNo Line\u00a0\u00bb][\/vc_column][\/vc_row]\n","protected":false},"excerpt":{"rendered":"<p>[vc_row type=\u00a0\u00bbin_container\u00a0\u00bb full_screen_row_position=\u00a0\u00bbmiddle\u00a0\u00bb column_margin=\u00a0\u00bbdefault\u00a0\u00bb column_direction=\u00a0\u00bbdefault\u00a0\u00bb column_direction_tablet=\u00a0\u00bbdefault\u00a0\u00bb column_direction_phone=\u00a0\u00bbdefault\u00a0\u00bb scene_position=\u00a0\u00bbcenter\u00a0\u00bb top_margin=\u00a0\u00bb3%\u00a0\u00bb bottom_margin=\u00a0\u00bb5%\u00a0\u00bb bottom_margin_tablet=\u00a0\u00bb60&Prime; text_color=\u00a0\u00bbdark\u00a0\u00bb text_align=\u00a0\u00bbleft\u00a0\u00bb row_border_radius=\u00a0\u00bbnone\u00a0\u00bb row_border_radius_applies=\u00a0\u00bbbg\u00a0\u00bb overflow=\u00a0\u00bbvisible\u00a0\u00bb overlay_strength=\u00a0\u00bb0.3&Prime; gradient_direction=\u00a0\u00bbleft_to_right\u00a0\u00bb shape_divider_position=\u00a0\u00bbbottom\u00a0\u00bb bg_image_animation=\u00a0\u00bbnone\u00a0\u00bb shape_type=\u00a0\u00bb\u00a0\u00bb gradient_type=\u00a0\u00bbdefault\u00a0\u00bb][vc_column column_padding=\u00a0\u00bbno-extra-padding\u00a0\u00bb column_padding_tablet=\u00a0\u00bbinherit\u00a0\u00bb column_padding_phone=\u00a0\u00bbinherit\u00a0\u00bb column_padding_position=\u00a0\u00bball\u00a0\u00bb top_margin=\u00a0\u00bb2%\u00a0\u00bb column_element_direction_desktop=\u00a0\u00bbdefault\u00a0\u00bb column_element_spacing=\u00a0\u00bbdefault\u00a0\u00bb desktop_text_alignment=\u00a0\u00bbdefault\u00a0\u00bb&#8230;<\/p>\n","protected":false},"author":23,"featured_media":0,"parent":16014,"menu_order":0,"comment_status":"closed","ping_status":"closed","template":"","meta":{"inline_featured_image":false,"footnotes":""},"class_list":["post-16126","page","type-page","status-publish"],"yoast_head":"<!-- This site is optimized with the Yoast SEO plugin v26.9 - https:\/\/yoast.com\/product\/yoast-seo-wordpress\/ -->\n<title>Logiciel BLUE SolutionSecteur de l&#039;\u00e9nergie - Kellenberger<\/title>\n<meta name=\"description\" content=\"D\u00e9couvrez les solutions KELLENBERGER pour le secteur de l\u2019\u00e9nergie\u202f: technologies de rectification de haute pr\u00e9cision, fiabilit\u00e9 maximale et performances adapt\u00e9es aux exigences des applications \u00e9nerg\u00e9tiques traditionnelles et renouvelables.\" \/>\n<meta name=\"robots\" content=\"index, follow, max-snippet:-1, max-image-preview:large, max-video-preview:-1\" \/>\n<link rel=\"canonical\" href=\"https:\/\/kellenberger.com\/fr\/industries\/secteur-de-lenergie\/\" \/>\n<meta property=\"og:locale\" content=\"fr_FR\" \/>\n<meta property=\"og:type\" content=\"article\" \/>\n<meta property=\"og:title\" content=\"Logiciel BLUE SolutionSecteur de l&#039;\u00e9nergie - Kellenberger\" \/>\n<meta property=\"og:description\" content=\"D\u00e9couvrez les solutions KELLENBERGER pour le secteur de l\u2019\u00e9nergie\u202f: technologies de rectification de haute pr\u00e9cision, fiabilit\u00e9 maximale et performances adapt\u00e9es aux exigences des applications \u00e9nerg\u00e9tiques traditionnelles et renouvelables.\" \/>\n<meta property=\"og:url\" content=\"https:\/\/kellenberger.com\/fr\/industries\/secteur-de-lenergie\/\" \/>\n<meta property=\"og:site_name\" content=\"Kellenberger\" \/>\n<meta property=\"article:modified_time\" content=\"2026-03-02T14:22:50+00:00\" \/>\n<meta name=\"twitter:card\" content=\"summary_large_image\" \/>\n<meta name=\"twitter:label1\" content=\"Dur\u00e9e de lecture estim\u00e9e\" \/>\n\t<meta name=\"twitter:data1\" content=\"2 minutes\" \/>\n<script type=\"application\/ld+json\" class=\"yoast-schema-graph\">{\"@context\":\"https:\/\/schema.org\",\"@graph\":[{\"@type\":\"WebPage\",\"@id\":\"https:\/\/kellenberger.com\/fr\/industries\/secteur-de-lenergie\/\",\"url\":\"https:\/\/kellenberger.com\/fr\/industries\/secteur-de-lenergie\/\",\"name\":\"Logiciel BLUE SolutionSecteur de l'\u00e9nergie - Kellenberger\",\"isPartOf\":{\"@id\":\"https:\/\/kellenberger.com\/fr\/#website\"},\"datePublished\":\"2025-03-24T13:03:43+00:00\",\"dateModified\":\"2026-03-02T14:22:50+00:00\",\"description\":\"D\u00e9couvrez les solutions KELLENBERGER pour le secteur de l\u2019\u00e9nergie\u202f: technologies de rectification de haute pr\u00e9cision, fiabilit\u00e9 maximale et performances adapt\u00e9es aux exigences des applications \u00e9nerg\u00e9tiques traditionnelles et renouvelables.\",\"breadcrumb\":{\"@id\":\"https:\/\/kellenberger.com\/fr\/industries\/secteur-de-lenergie\/#breadcrumb\"},\"inLanguage\":\"fr-FR\",\"potentialAction\":[{\"@type\":\"ReadAction\",\"target\":[\"https:\/\/kellenberger.com\/fr\/industries\/secteur-de-lenergie\/\"]}]},{\"@type\":\"BreadcrumbList\",\"@id\":\"https:\/\/kellenberger.com\/fr\/industries\/secteur-de-lenergie\/#breadcrumb\",\"itemListElement\":[{\"@type\":\"ListItem\",\"position\":1,\"name\":\"Home\",\"item\":\"https:\/\/kellenberger.com\/fr\/\"},{\"@type\":\"ListItem\",\"position\":2,\"name\":\"Industries\",\"item\":\"https:\/\/kellenberger.com\/fr\/industries\/\"},{\"@type\":\"ListItem\",\"position\":3,\"name\":\"Secteur de l&#8217;\u00e9nergie\"}]},{\"@type\":\"WebSite\",\"@id\":\"https:\/\/kellenberger.com\/fr\/#website\",\"url\":\"https:\/\/kellenberger.com\/fr\/\",\"name\":\"Kellenberger\",\"description\":\"Hersteller von multifunktionalen Pr\u00e4zisions-Drehmaschinen und Drehzentren.\",\"publisher\":{\"@id\":\"https:\/\/kellenberger.com\/fr\/#organization\"},\"potentialAction\":[{\"@type\":\"SearchAction\",\"target\":{\"@type\":\"EntryPoint\",\"urlTemplate\":\"https:\/\/kellenberger.com\/fr\/?s={search_term_string}\"},\"query-input\":{\"@type\":\"PropertyValueSpecification\",\"valueRequired\":true,\"valueName\":\"search_term_string\"}}],\"inLanguage\":\"fr-FR\"},{\"@type\":\"Organization\",\"@id\":\"https:\/\/kellenberger.com\/fr\/#organization\",\"name\":\"Kellenberger Machines Holdings GmbH\",\"url\":\"https:\/\/kellenberger.com\/fr\/\",\"logo\":{\"@type\":\"ImageObject\",\"inLanguage\":\"fr-FR\",\"@id\":\"https:\/\/kellenberger.com\/fr\/#\/schema\/logo\/image\/\",\"url\":\"https:\/\/kellenberger.com\/wp-content\/uploads\/2025\/03\/2024_Kellenberger_Logo_blue_rgb.svg\",\"contentUrl\":\"https:\/\/kellenberger.com\/wp-content\/uploads\/2025\/03\/2024_Kellenberger_Logo_blue_rgb.svg\",\"width\":1520,\"height\":289,\"caption\":\"Kellenberger Machines Holdings GmbH\"},\"image\":{\"@id\":\"https:\/\/kellenberger.com\/fr\/#\/schema\/logo\/image\/\"},\"sameAs\":[\"https:\/\/www.linkedin.com\/company\/hardinge-kellenberger-ag\/\",\"https:\/\/www.youtube.com\/channel\/UC72tV-V11t_SHzd7Hk3NdkQ\",\"https:\/\/www.instagram.com\/kellenberger_ag\/\"]}]}<\/script>\n<!-- \/ Yoast SEO plugin. -->","yoast_head_json":{"title":"Logiciel BLUE SolutionSecteur de l'\u00e9nergie - Kellenberger","description":"D\u00e9couvrez les solutions KELLENBERGER pour le secteur de l\u2019\u00e9nergie\u202f: technologies de rectification de haute pr\u00e9cision, fiabilit\u00e9 maximale et performances adapt\u00e9es aux exigences des applications \u00e9nerg\u00e9tiques traditionnelles et renouvelables.","robots":{"index":"index","follow":"follow","max-snippet":"max-snippet:-1","max-image-preview":"max-image-preview:large","max-video-preview":"max-video-preview:-1"},"canonical":"https:\/\/kellenberger.com\/fr\/industries\/secteur-de-lenergie\/","og_locale":"fr_FR","og_type":"article","og_title":"Logiciel BLUE SolutionSecteur de l'\u00e9nergie - Kellenberger","og_description":"D\u00e9couvrez les solutions KELLENBERGER pour le secteur de l\u2019\u00e9nergie\u202f: technologies de rectification de haute pr\u00e9cision, fiabilit\u00e9 maximale et performances adapt\u00e9es aux exigences des applications \u00e9nerg\u00e9tiques traditionnelles et renouvelables.","og_url":"https:\/\/kellenberger.com\/fr\/industries\/secteur-de-lenergie\/","og_site_name":"Kellenberger","article_modified_time":"2026-03-02T14:22:50+00:00","twitter_card":"summary_large_image","twitter_misc":{"Dur\u00e9e de lecture estim\u00e9e":"2 minutes"},"schema":{"@context":"https:\/\/schema.org","@graph":[{"@type":"WebPage","@id":"https:\/\/kellenberger.com\/fr\/industries\/secteur-de-lenergie\/","url":"https:\/\/kellenberger.com\/fr\/industries\/secteur-de-lenergie\/","name":"Logiciel BLUE SolutionSecteur de l'\u00e9nergie - Kellenberger","isPartOf":{"@id":"https:\/\/kellenberger.com\/fr\/#website"},"datePublished":"2025-03-24T13:03:43+00:00","dateModified":"2026-03-02T14:22:50+00:00","description":"D\u00e9couvrez les solutions KELLENBERGER pour le secteur de l\u2019\u00e9nergie\u202f: technologies de rectification de haute pr\u00e9cision, fiabilit\u00e9 maximale et performances adapt\u00e9es aux exigences des applications \u00e9nerg\u00e9tiques traditionnelles et renouvelables.","breadcrumb":{"@id":"https:\/\/kellenberger.com\/fr\/industries\/secteur-de-lenergie\/#breadcrumb"},"inLanguage":"fr-FR","potentialAction":[{"@type":"ReadAction","target":["https:\/\/kellenberger.com\/fr\/industries\/secteur-de-lenergie\/"]}]},{"@type":"BreadcrumbList","@id":"https:\/\/kellenberger.com\/fr\/industries\/secteur-de-lenergie\/#breadcrumb","itemListElement":[{"@type":"ListItem","position":1,"name":"Home","item":"https:\/\/kellenberger.com\/fr\/"},{"@type":"ListItem","position":2,"name":"Industries","item":"https:\/\/kellenberger.com\/fr\/industries\/"},{"@type":"ListItem","position":3,"name":"Secteur de l&#8217;\u00e9nergie"}]},{"@type":"WebSite","@id":"https:\/\/kellenberger.com\/fr\/#website","url":"https:\/\/kellenberger.com\/fr\/","name":"Kellenberger","description":"Hersteller von multifunktionalen Pr\u00e4zisions-Drehmaschinen und Drehzentren.","publisher":{"@id":"https:\/\/kellenberger.com\/fr\/#organization"},"potentialAction":[{"@type":"SearchAction","target":{"@type":"EntryPoint","urlTemplate":"https:\/\/kellenberger.com\/fr\/?s={search_term_string}"},"query-input":{"@type":"PropertyValueSpecification","valueRequired":true,"valueName":"search_term_string"}}],"inLanguage":"fr-FR"},{"@type":"Organization","@id":"https:\/\/kellenberger.com\/fr\/#organization","name":"Kellenberger Machines Holdings GmbH","url":"https:\/\/kellenberger.com\/fr\/","logo":{"@type":"ImageObject","inLanguage":"fr-FR","@id":"https:\/\/kellenberger.com\/fr\/#\/schema\/logo\/image\/","url":"https:\/\/kellenberger.com\/wp-content\/uploads\/2025\/03\/2024_Kellenberger_Logo_blue_rgb.svg","contentUrl":"https:\/\/kellenberger.com\/wp-content\/uploads\/2025\/03\/2024_Kellenberger_Logo_blue_rgb.svg","width":1520,"height":289,"caption":"Kellenberger Machines Holdings GmbH"},"image":{"@id":"https:\/\/kellenberger.com\/fr\/#\/schema\/logo\/image\/"},"sameAs":["https:\/\/www.linkedin.com\/company\/hardinge-kellenberger-ag\/","https:\/\/www.youtube.com\/channel\/UC72tV-V11t_SHzd7Hk3NdkQ","https:\/\/www.instagram.com\/kellenberger_ag\/"]}]}},"_links":{"self":[{"href":"https:\/\/kellenberger.com\/fr\/wp-json\/wp\/v2\/pages\/16126","targetHints":{"allow":["GET"]}}],"collection":[{"href":"https:\/\/kellenberger.com\/fr\/wp-json\/wp\/v2\/pages"}],"about":[{"href":"https:\/\/kellenberger.com\/fr\/wp-json\/wp\/v2\/types\/page"}],"author":[{"embeddable":true,"href":"https:\/\/kellenberger.com\/fr\/wp-json\/wp\/v2\/users\/23"}],"replies":[{"embeddable":true,"href":"https:\/\/kellenberger.com\/fr\/wp-json\/wp\/v2\/comments?post=16126"}],"version-history":[{"count":9,"href":"https:\/\/kellenberger.com\/fr\/wp-json\/wp\/v2\/pages\/16126\/revisions"}],"predecessor-version":[{"id":25974,"href":"https:\/\/kellenberger.com\/fr\/wp-json\/wp\/v2\/pages\/16126\/revisions\/25974"}],"up":[{"embeddable":true,"href":"https:\/\/kellenberger.com\/fr\/wp-json\/wp\/v2\/pages\/16014"}],"wp:attachment":[{"href":"https:\/\/kellenberger.com\/fr\/wp-json\/wp\/v2\/media?parent=16126"}],"curies":[{"name":"wp","href":"https:\/\/api.w.org\/{rel}","templated":true}]}}