{"id":16014,"date":"2025-03-24T08:53:39","date_gmt":"2025-03-24T07:53:39","guid":{"rendered":"https:\/\/kellenberger.com\/?page_id=16014"},"modified":"2026-03-02T13:09:27","modified_gmt":"2026-03-02T12:09:27","slug":"industries","status":"publish","type":"page","link":"https:\/\/kellenberger.com\/fr\/industries\/","title":{"rendered":"Industries"},"content":{"rendered":"[vc_row type=\u00a0\u00bbin_container\u00a0\u00bb full_screen_row_position=\u00a0\u00bbmiddle\u00a0\u00bb column_margin=\u00a0\u00bbdefault\u00a0\u00bb column_direction=\u00a0\u00bbdefault\u00a0\u00bb column_direction_tablet=\u00a0\u00bbdefault\u00a0\u00bb column_direction_phone=\u00a0\u00bbdefault\u00a0\u00bb scene_position=\u00a0\u00bbcenter\u00a0\u00bb top_margin=\u00a0\u00bb3%\u00a0\u00bb bottom_margin=\u00a0\u00bb5%\u00a0\u00bb bottom_margin_tablet=\u00a0\u00bb60&Prime; text_color=\u00a0\u00bbdark\u00a0\u00bb text_align=\u00a0\u00bbleft\u00a0\u00bb row_border_radius=\u00a0\u00bbnone\u00a0\u00bb row_border_radius_applies=\u00a0\u00bbbg\u00a0\u00bb overflow=\u00a0\u00bbvisible\u00a0\u00bb overlay_strength=\u00a0\u00bb0.3&Prime; gradient_direction=\u00a0\u00bbleft_to_right\u00a0\u00bb shape_divider_position=\u00a0\u00bbbottom\u00a0\u00bb bg_image_animation=\u00a0\u00bbnone\u00a0\u00bb shape_type=\u00a0\u00bb\u00a0\u00bb gradient_type=\u00a0\u00bbdefault\u00a0\u00bb][vc_column column_padding=\u00a0\u00bbno-extra-padding\u00a0\u00bb column_padding_tablet=\u00a0\u00bbinherit\u00a0\u00bb column_padding_phone=\u00a0\u00bbinherit\u00a0\u00bb column_padding_position=\u00a0\u00bball\u00a0\u00bb top_margin=\u00a0\u00bb2%\u00a0\u00bb column_element_direction_desktop=\u00a0\u00bbdefault\u00a0\u00bb column_element_spacing=\u00a0\u00bbdefault\u00a0\u00bb desktop_text_alignment=\u00a0\u00bbdefault\u00a0\u00bb tablet_text_alignment=\u00a0\u00bbdefault\u00a0\u00bb phone_text_alignment=\u00a0\u00bbdefault\u00a0\u00bb background_color_opacity=\u00a0\u00bb1&Prime; background_hover_color_opacity=\u00a0\u00bb1&Prime; column_backdrop_filter=\u00a0\u00bbnone\u00a0\u00bb column_shadow=\u00a0\u00bbnone\u00a0\u00bb column_border_radius=\u00a0\u00bbnone\u00a0\u00bb column_link_target=\u00a0\u00bb_self\u00a0\u00bb column_position=\u00a0\u00bbdefault\u00a0\u00bb gradient_direction=\u00a0\u00bbleft_to_right\u00a0\u00bb overlay_strength=\u00a0\u00bb0.3&Prime; width=\u00a0\u00bb1\/2&Prime; tablet_width_inherit=\u00a0\u00bbdefault\u00a0\u00bb animation_type=\u00a0\u00bbdefault\u00a0\u00bb bg_image_animation=\u00a0\u00bbnone\u00a0\u00bb border_type=\u00a0\u00bbsimple\u00a0\u00bb column_border_width=\u00a0\u00bbnone\u00a0\u00bb column_border_style=\u00a0\u00bbsolid\u00a0\u00bb][vc_custom_heading text=\u00a0\u00bbIndustries\u00a0\u00bb font_container=\u00a0\u00bbtag:h1|text_align:left\u00a0\u00bb use_theme_fonts=\u00a0\u00bbyes\u00a0\u00bb][vc_column_text css=\u00a0\u00bb.vc_custom_1762960734499{padding-top: 5% !important;padding-right: 2% !important;padding-bottom: 2% !important;}\u00a0\u00bb text_direction=\u00a0\u00bbdefault\u00a0\u00bb]Kellenberger est sp\u00e9cialis\u00e9e dans le d\u00e9veloppement et la production de machines de rectification de pr\u00e9cision \u00e0 commande num\u00e9rique et de solutions syst\u00e8me, ainsi que de machines combin\u00e9es de tournage dur et de rectification pour un large \u00e9ventail d&rsquo;applications et de t\u00e2ches d&rsquo;usinage.<\/p>\n<p>L&rsquo;accent est mis sur l&rsquo;innovation, la qualit\u00e9 et la durabilit\u00e9 des produits, ainsi que sur une attention constante aux besoins des clients. Nos technologies innovantes de rectification et de tournage dur font de nous un partenaire \u00e9prouv\u00e9 pour les besoins d&rsquo;usinage dans les secteurs de l&rsquo;<strong>ing\u00e9nierie m\u00e9canique, de l&rsquo;automobile et de ses fournisseurs, de l&rsquo;a\u00e9rospatiale, de la d\u00e9fense, de la production d&rsquo;\u00e9nergie, de l&rsquo;\u00e9lectricit\u00e9, de la rectification d&rsquo;outils et de la fabrication de moules, de l&rsquo;industrie m\u00e9dicale et de bien d&rsquo;autres secteurs.<\/strong><\/p>\n<p>Gr\u00e2ce \u00e0 nos solutions de plate-forme et \u00e0 leurs avantages en termes de flexibilit\u00e9 et de co\u00fbt, nous proposons des solutions d&rsquo;avenir pour toutes les industries. De nombreuses machines, y compris dans le secteur universel, sont de plus en plus souvent achet\u00e9es en vue d&rsquo;applications sp\u00e9cifiques et de commandes de production. Nous travaillons avec des \u00e9quipes interdisciplinaires compos\u00e9es de m\u00e9caniciens, d&rsquo;\u00e9lectroniciens, de d\u00e9veloppeurs de logiciels et de techniciens de mesure. Ainsi, chaque secteur peut b\u00e9n\u00e9ficier \u00e0 sa mani\u00e8re de notre force d&rsquo;innovation.[\/vc_column_text][\/vc_column][vc_column column_padding=\u00a0\u00bbno-extra-padding\u00a0\u00bb column_padding_tablet=\u00a0\u00bbinherit\u00a0\u00bb column_padding_phone=\u00a0\u00bbinherit\u00a0\u00bb column_padding_position=\u00a0\u00bball\u00a0\u00bb column_element_direction_desktop=\u00a0\u00bbdefault\u00a0\u00bb column_element_spacing=\u00a0\u00bbdefault\u00a0\u00bb desktop_text_alignment=\u00a0\u00bbdefault\u00a0\u00bb tablet_text_alignment=\u00a0\u00bbdefault\u00a0\u00bb phone_text_alignment=\u00a0\u00bbdefault\u00a0\u00bb background_color_opacity=\u00a0\u00bb1&Prime; background_hover_color_opacity=\u00a0\u00bb1&Prime; column_backdrop_filter=\u00a0\u00bbnone\u00a0\u00bb column_shadow=\u00a0\u00bbnone\u00a0\u00bb column_border_radius=\u00a0\u00bbnone\u00a0\u00bb column_link_target=\u00a0\u00bb_self\u00a0\u00bb column_position=\u00a0\u00bbdefault\u00a0\u00bb gradient_direction=\u00a0\u00bbleft_to_right\u00a0\u00bb overlay_strength=\u00a0\u00bb0.3&Prime; width=\u00a0\u00bb1\/2&Prime; tablet_width_inherit=\u00a0\u00bbdefault\u00a0\u00bb animation_type=\u00a0\u00bbdefault\u00a0\u00bb bg_image_animation=\u00a0\u00bbnone\u00a0\u00bb border_type=\u00a0\u00bbsimple\u00a0\u00bb column_border_width=\u00a0\u00bbnone\u00a0\u00bb column_border_style=\u00a0\u00bbsolid\u00a0\u00bb][nectar_video_lightbox link_style=\u00a0\u00bbplay_button_2&Prime; nectar_play_button_color=\u00a0\u00bbDefault-Accent-Color\u00a0\u00bb image_url=\u00a0\u00bb18826&Prime; hover_effect=\u00a0\u00bbdefaut\u00a0\u00bb box_shadow=\u00a0\u00bbnone\u00a0\u00bb border_radius=\u00a0\u00bbnone\u00a0\u00bb play_button_size=\u00a0\u00bbdefault\u00a0\u00bb video_url=\u00a0\u00bbhttps:\/\/youtu.be\/9BpRyO79uWE\u00a0\u00bb][\/vc_column][\/vc_row][vc_row type=\u00a0\u00bbin_container\u00a0\u00bb full_screen_row_position=\u00a0\u00bbmiddle\u00a0\u00bb column_margin=\u00a0\u00bbdefault\u00a0\u00bb column_direction=\u00a0\u00bbdefault\u00a0\u00bb column_direction_tablet=\u00a0\u00bbdefault\u00a0\u00bb column_direction_phone=\u00a0\u00bbdefault\u00a0\u00bb scene_position=\u00a0\u00bbcenter\u00a0\u00bb text_color=\u00a0\u00bbdark\u00a0\u00bb text_align=\u00a0\u00bbleft\u00a0\u00bb row_border_radius=\u00a0\u00bbnone\u00a0\u00bb row_border_radius_applies=\u00a0\u00bbbg\u00a0\u00bb overflow=\u00a0\u00bbvisible\u00a0\u00bb overlay_strength=\u00a0\u00bb0.3&Prime; gradient_direction=\u00a0\u00bbleft_to_right\u00a0\u00bb shape_divider_position=\u00a0\u00bbbottom\u00a0\u00bb bg_image_animation=\u00a0\u00bbnone\u00a0\u00bb][vc_column column_padding=\u00a0\u00bbno-extra-padding\u00a0\u00bb column_padding_tablet=\u00a0\u00bbinherit\u00a0\u00bb column_padding_phone=\u00a0\u00bbinherit\u00a0\u00bb column_padding_position=\u00a0\u00bball\u00a0\u00bb column_element_direction_desktop=\u00a0\u00bbdefault\u00a0\u00bb column_element_spacing=\u00a0\u00bbdefault\u00a0\u00bb desktop_text_alignment=\u00a0\u00bbdefault\u00a0\u00bb tablet_text_alignment=\u00a0\u00bbdefault\u00a0\u00bb phone_text_alignment=\u00a0\u00bbdefault\u00a0\u00bb background_color_opacity=\u00a0\u00bb1&Prime; background_hover_color_opacity=\u00a0\u00bb1&Prime; column_backdrop_filter=\u00a0\u00bbnone\u00a0\u00bb column_shadow=\u00a0\u00bbnone\u00a0\u00bb column_border_radius=\u00a0\u00bbnone\u00a0\u00bb column_link_target=\u00a0\u00bb_self\u00a0\u00bb column_position=\u00a0\u00bbdefault\u00a0\u00bb gradient_direction=\u00a0\u00bbleft_to_right\u00a0\u00bb overlay_strength=\u00a0\u00bb0.3&Prime; width=\u00a0\u00bb1\/1&Prime; tablet_width_inherit=\u00a0\u00bbdefault\u00a0\u00bb animation_type=\u00a0\u00bbdefault\u00a0\u00bb bg_image_animation=\u00a0\u00bbnone\u00a0\u00bb border_type=\u00a0\u00bbsimple\u00a0\u00bb column_border_width=\u00a0\u00bbnone\u00a0\u00bb column_border_style=\u00a0\u00bbsolid\u00a0\u00bb][divider line_type=\u00a0\u00bbNo Line\u00a0\u00bb][\/vc_column][\/vc_row]\n","protected":false},"excerpt":{"rendered":"<p>[vc_row type=\u00a0\u00bbin_container\u00a0\u00bb full_screen_row_position=\u00a0\u00bbmiddle\u00a0\u00bb column_margin=\u00a0\u00bbdefault\u00a0\u00bb column_direction=\u00a0\u00bbdefault\u00a0\u00bb column_direction_tablet=\u00a0\u00bbdefault\u00a0\u00bb column_direction_phone=\u00a0\u00bbdefault\u00a0\u00bb scene_position=\u00a0\u00bbcenter\u00a0\u00bb top_margin=\u00a0\u00bb3%\u00a0\u00bb bottom_margin=\u00a0\u00bb5%\u00a0\u00bb bottom_margin_tablet=\u00a0\u00bb60&Prime; text_color=\u00a0\u00bbdark\u00a0\u00bb text_align=\u00a0\u00bbleft\u00a0\u00bb row_border_radius=\u00a0\u00bbnone\u00a0\u00bb row_border_radius_applies=\u00a0\u00bbbg\u00a0\u00bb overflow=\u00a0\u00bbvisible\u00a0\u00bb overlay_strength=\u00a0\u00bb0.3&Prime; gradient_direction=\u00a0\u00bbleft_to_right\u00a0\u00bb shape_divider_position=\u00a0\u00bbbottom\u00a0\u00bb bg_image_animation=\u00a0\u00bbnone\u00a0\u00bb shape_type=\u00a0\u00bb\u00a0\u00bb gradient_type=\u00a0\u00bbdefault\u00a0\u00bb][vc_column column_padding=\u00a0\u00bbno-extra-padding\u00a0\u00bb column_padding_tablet=\u00a0\u00bbinherit\u00a0\u00bb column_padding_phone=\u00a0\u00bbinherit\u00a0\u00bb column_padding_position=\u00a0\u00bball\u00a0\u00bb top_margin=\u00a0\u00bb2%\u00a0\u00bb column_element_direction_desktop=\u00a0\u00bbdefault\u00a0\u00bb column_element_spacing=\u00a0\u00bbdefault\u00a0\u00bb desktop_text_alignment=\u00a0\u00bbdefault\u00a0\u00bb&#8230;<\/p>\n","protected":false},"author":23,"featured_media":0,"parent":0,"menu_order":0,"comment_status":"closed","ping_status":"closed","template":"","meta":{"inline_featured_image":false,"footnotes":""},"class_list":["post-16014","page","type-page","status-publish"],"yoast_head":"<!-- This site is optimized with the Yoast SEO plugin v26.9 - https:\/\/yoast.com\/product\/yoast-seo-wordpress\/ -->\n<title>Logiciel BLUE SolutionIndustries - Kellenberger<\/title>\n<meta name=\"description\" content=\"D\u00e9couvrez les industries servies par KELLENBERGER : solutions de rectification de haute pr\u00e9cision pour l\u2019a\u00e9ronautique, l\u2019automobile, le m\u00e9dical, la fabrication d\u2019outils, l\u2019ing\u00e9nierie g\u00e9n\u00e9rale et bien plus. Explorez nos technologies adapt\u00e9es aux exigences les plus \u00e9lev\u00e9es de chaque secteur.\" \/>\n<meta name=\"robots\" content=\"index, follow, max-snippet:-1, max-image-preview:large, max-video-preview:-1\" \/>\n<link rel=\"canonical\" href=\"https:\/\/kellenberger.com\/fr\/industries\/\" \/>\n<meta property=\"og:locale\" content=\"fr_FR\" \/>\n<meta property=\"og:type\" content=\"article\" \/>\n<meta property=\"og:title\" content=\"Logiciel BLUE SolutionIndustries - Kellenberger\" \/>\n<meta property=\"og:description\" content=\"D\u00e9couvrez les industries servies par KELLENBERGER : solutions de rectification de haute pr\u00e9cision pour l\u2019a\u00e9ronautique, l\u2019automobile, le m\u00e9dical, la fabrication d\u2019outils, l\u2019ing\u00e9nierie g\u00e9n\u00e9rale et bien plus. Explorez nos technologies adapt\u00e9es aux exigences les plus \u00e9lev\u00e9es de chaque secteur.\" \/>\n<meta property=\"og:url\" content=\"https:\/\/kellenberger.com\/fr\/industries\/\" \/>\n<meta property=\"og:site_name\" content=\"Kellenberger\" \/>\n<meta property=\"article:modified_time\" content=\"2026-03-02T12:09:27+00:00\" \/>\n<meta name=\"twitter:card\" content=\"summary_large_image\" \/>\n<meta name=\"twitter:label1\" content=\"Dur\u00e9e de lecture estim\u00e9e\" \/>\n\t<meta name=\"twitter:data1\" content=\"1 minute\" \/>\n<script type=\"application\/ld+json\" class=\"yoast-schema-graph\">{\"@context\":\"https:\/\/schema.org\",\"@graph\":[{\"@type\":\"WebPage\",\"@id\":\"https:\/\/kellenberger.com\/fr\/industries\/\",\"url\":\"https:\/\/kellenberger.com\/fr\/industries\/\",\"name\":\"Logiciel BLUE SolutionIndustries - Kellenberger\",\"isPartOf\":{\"@id\":\"https:\/\/kellenberger.com\/fr\/#website\"},\"datePublished\":\"2025-03-24T07:53:39+00:00\",\"dateModified\":\"2026-03-02T12:09:27+00:00\",\"description\":\"D\u00e9couvrez les industries servies par KELLENBERGER : solutions de rectification de haute pr\u00e9cision pour l\u2019a\u00e9ronautique, l\u2019automobile, le m\u00e9dical, la fabrication d\u2019outils, l\u2019ing\u00e9nierie g\u00e9n\u00e9rale et bien plus. Explorez nos technologies adapt\u00e9es aux exigences les plus \u00e9lev\u00e9es de chaque secteur.\",\"breadcrumb\":{\"@id\":\"https:\/\/kellenberger.com\/fr\/industries\/#breadcrumb\"},\"inLanguage\":\"fr-FR\",\"potentialAction\":[{\"@type\":\"ReadAction\",\"target\":[\"https:\/\/kellenberger.com\/fr\/industries\/\"]}]},{\"@type\":\"BreadcrumbList\",\"@id\":\"https:\/\/kellenberger.com\/fr\/industries\/#breadcrumb\",\"itemListElement\":[{\"@type\":\"ListItem\",\"position\":1,\"name\":\"Home\",\"item\":\"https:\/\/kellenberger.com\/fr\/\"},{\"@type\":\"ListItem\",\"position\":2,\"name\":\"Industries\"}]},{\"@type\":\"WebSite\",\"@id\":\"https:\/\/kellenberger.com\/fr\/#website\",\"url\":\"https:\/\/kellenberger.com\/fr\/\",\"name\":\"Kellenberger\",\"description\":\"Hersteller von multifunktionalen Pr\u00e4zisions-Drehmaschinen und Drehzentren.\",\"publisher\":{\"@id\":\"https:\/\/kellenberger.com\/fr\/#organization\"},\"potentialAction\":[{\"@type\":\"SearchAction\",\"target\":{\"@type\":\"EntryPoint\",\"urlTemplate\":\"https:\/\/kellenberger.com\/fr\/?s={search_term_string}\"},\"query-input\":{\"@type\":\"PropertyValueSpecification\",\"valueRequired\":true,\"valueName\":\"search_term_string\"}}],\"inLanguage\":\"fr-FR\"},{\"@type\":\"Organization\",\"@id\":\"https:\/\/kellenberger.com\/fr\/#organization\",\"name\":\"Kellenberger Machines Holdings GmbH\",\"url\":\"https:\/\/kellenberger.com\/fr\/\",\"logo\":{\"@type\":\"ImageObject\",\"inLanguage\":\"fr-FR\",\"@id\":\"https:\/\/kellenberger.com\/fr\/#\/schema\/logo\/image\/\",\"url\":\"https:\/\/kellenberger.com\/wp-content\/uploads\/2025\/03\/2024_Kellenberger_Logo_blue_rgb.svg\",\"contentUrl\":\"https:\/\/kellenberger.com\/wp-content\/uploads\/2025\/03\/2024_Kellenberger_Logo_blue_rgb.svg\",\"width\":1520,\"height\":289,\"caption\":\"Kellenberger Machines Holdings GmbH\"},\"image\":{\"@id\":\"https:\/\/kellenberger.com\/fr\/#\/schema\/logo\/image\/\"},\"sameAs\":[\"https:\/\/www.linkedin.com\/company\/hardinge-kellenberger-ag\/\",\"https:\/\/www.youtube.com\/channel\/UC72tV-V11t_SHzd7Hk3NdkQ\",\"https:\/\/www.instagram.com\/kellenberger_ag\/\"]}]}<\/script>\n<!-- \/ Yoast SEO plugin. -->","yoast_head_json":{"title":"Logiciel BLUE SolutionIndustries - Kellenberger","description":"D\u00e9couvrez les industries servies par KELLENBERGER : solutions de rectification de haute pr\u00e9cision pour l\u2019a\u00e9ronautique, l\u2019automobile, le m\u00e9dical, la fabrication d\u2019outils, l\u2019ing\u00e9nierie g\u00e9n\u00e9rale et bien plus. Explorez nos technologies adapt\u00e9es aux exigences les plus \u00e9lev\u00e9es de chaque secteur.","robots":{"index":"index","follow":"follow","max-snippet":"max-snippet:-1","max-image-preview":"max-image-preview:large","max-video-preview":"max-video-preview:-1"},"canonical":"https:\/\/kellenberger.com\/fr\/industries\/","og_locale":"fr_FR","og_type":"article","og_title":"Logiciel BLUE SolutionIndustries - Kellenberger","og_description":"D\u00e9couvrez les industries servies par KELLENBERGER : solutions de rectification de haute pr\u00e9cision pour l\u2019a\u00e9ronautique, l\u2019automobile, le m\u00e9dical, la fabrication d\u2019outils, l\u2019ing\u00e9nierie g\u00e9n\u00e9rale et bien plus. Explorez nos technologies adapt\u00e9es aux exigences les plus \u00e9lev\u00e9es de chaque secteur.","og_url":"https:\/\/kellenberger.com\/fr\/industries\/","og_site_name":"Kellenberger","article_modified_time":"2026-03-02T12:09:27+00:00","twitter_card":"summary_large_image","twitter_misc":{"Dur\u00e9e de lecture estim\u00e9e":"1 minute"},"schema":{"@context":"https:\/\/schema.org","@graph":[{"@type":"WebPage","@id":"https:\/\/kellenberger.com\/fr\/industries\/","url":"https:\/\/kellenberger.com\/fr\/industries\/","name":"Logiciel BLUE SolutionIndustries - Kellenberger","isPartOf":{"@id":"https:\/\/kellenberger.com\/fr\/#website"},"datePublished":"2025-03-24T07:53:39+00:00","dateModified":"2026-03-02T12:09:27+00:00","description":"D\u00e9couvrez les industries servies par KELLENBERGER : solutions de rectification de haute pr\u00e9cision pour l\u2019a\u00e9ronautique, l\u2019automobile, le m\u00e9dical, la fabrication d\u2019outils, l\u2019ing\u00e9nierie g\u00e9n\u00e9rale et bien plus. Explorez nos technologies adapt\u00e9es aux exigences les plus \u00e9lev\u00e9es de chaque secteur.","breadcrumb":{"@id":"https:\/\/kellenberger.com\/fr\/industries\/#breadcrumb"},"inLanguage":"fr-FR","potentialAction":[{"@type":"ReadAction","target":["https:\/\/kellenberger.com\/fr\/industries\/"]}]},{"@type":"BreadcrumbList","@id":"https:\/\/kellenberger.com\/fr\/industries\/#breadcrumb","itemListElement":[{"@type":"ListItem","position":1,"name":"Home","item":"https:\/\/kellenberger.com\/fr\/"},{"@type":"ListItem","position":2,"name":"Industries"}]},{"@type":"WebSite","@id":"https:\/\/kellenberger.com\/fr\/#website","url":"https:\/\/kellenberger.com\/fr\/","name":"Kellenberger","description":"Hersteller von multifunktionalen Pr\u00e4zisions-Drehmaschinen und Drehzentren.","publisher":{"@id":"https:\/\/kellenberger.com\/fr\/#organization"},"potentialAction":[{"@type":"SearchAction","target":{"@type":"EntryPoint","urlTemplate":"https:\/\/kellenberger.com\/fr\/?s={search_term_string}"},"query-input":{"@type":"PropertyValueSpecification","valueRequired":true,"valueName":"search_term_string"}}],"inLanguage":"fr-FR"},{"@type":"Organization","@id":"https:\/\/kellenberger.com\/fr\/#organization","name":"Kellenberger Machines Holdings GmbH","url":"https:\/\/kellenberger.com\/fr\/","logo":{"@type":"ImageObject","inLanguage":"fr-FR","@id":"https:\/\/kellenberger.com\/fr\/#\/schema\/logo\/image\/","url":"https:\/\/kellenberger.com\/wp-content\/uploads\/2025\/03\/2024_Kellenberger_Logo_blue_rgb.svg","contentUrl":"https:\/\/kellenberger.com\/wp-content\/uploads\/2025\/03\/2024_Kellenberger_Logo_blue_rgb.svg","width":1520,"height":289,"caption":"Kellenberger Machines Holdings GmbH"},"image":{"@id":"https:\/\/kellenberger.com\/fr\/#\/schema\/logo\/image\/"},"sameAs":["https:\/\/www.linkedin.com\/company\/hardinge-kellenberger-ag\/","https:\/\/www.youtube.com\/channel\/UC72tV-V11t_SHzd7Hk3NdkQ","https:\/\/www.instagram.com\/kellenberger_ag\/"]}]}},"_links":{"self":[{"href":"https:\/\/kellenberger.com\/fr\/wp-json\/wp\/v2\/pages\/16014","targetHints":{"allow":["GET"]}}],"collection":[{"href":"https:\/\/kellenberger.com\/fr\/wp-json\/wp\/v2\/pages"}],"about":[{"href":"https:\/\/kellenberger.com\/fr\/wp-json\/wp\/v2\/types\/page"}],"author":[{"embeddable":true,"href":"https:\/\/kellenberger.com\/fr\/wp-json\/wp\/v2\/users\/23"}],"replies":[{"embeddable":true,"href":"https:\/\/kellenberger.com\/fr\/wp-json\/wp\/v2\/comments?post=16014"}],"version-history":[{"count":13,"href":"https:\/\/kellenberger.com\/fr\/wp-json\/wp\/v2\/pages\/16014\/revisions"}],"predecessor-version":[{"id":25940,"href":"https:\/\/kellenberger.com\/fr\/wp-json\/wp\/v2\/pages\/16014\/revisions\/25940"}],"wp:attachment":[{"href":"https:\/\/kellenberger.com\/fr\/wp-json\/wp\/v2\/media?parent=16014"}],"curies":[{"name":"wp","href":"https:\/\/api.w.org\/{rel}","templated":true}]}}