{"id":13092,"date":"2024-12-18T11:41:45","date_gmt":"2024-12-18T10:41:45","guid":{"rendered":"https:\/\/kellenberger.com\/?page_id=13092"},"modified":"2026-01-09T09:46:07","modified_gmt":"2026-01-09T08:46:07","slug":"solution-blue-4","status":"publish","type":"page","link":"https:\/\/kellenberger.com\/fr\/solution-blue-4\/","title":{"rendered":"Solution BLANCHE"},"content":{"rendered":"[vc_row type=\u00a0\u00bbin_container\u00a0\u00bb full_screen_row_position=\u00a0\u00bbmiddle\u00a0\u00bb column_margin=\u00a0\u00bbdefault\u00a0\u00bb column_direction=\u00a0\u00bbdefault\u00a0\u00bb column_direction_tablet=\u00a0\u00bbdefault\u00a0\u00bb column_direction_phone=\u00a0\u00bbdefault\u00a0\u00bb scene_position=\u00a0\u00bbcenter\u00a0\u00bb top_margin=\u00a0\u00bb3%\u00a0\u00bb bottom_margin=\u00a0\u00bb5%\u00a0\u00bb bottom_margin_tablet=\u00a0\u00bb60&Prime; text_color=\u00a0\u00bbdark\u00a0\u00bb text_align=\u00a0\u00bbleft\u00a0\u00bb row_border_radius=\u00a0\u00bbnone\u00a0\u00bb row_border_radius_applies=\u00a0\u00bbbg\u00a0\u00bb overflow=\u00a0\u00bbvisible\u00a0\u00bb overlay_strength=\u00a0\u00bb0.3&Prime; gradient_direction=\u00a0\u00bbleft_to_right\u00a0\u00bb shape_divider_position=\u00a0\u00bbbottom\u00a0\u00bb bg_image_animation=\u00a0\u00bbnone\u00a0\u00bb shape_type=\u00a0\u00bb\u00a0\u00bb gradient_type=\u00a0\u00bbdefault\u00a0\u00bb][vc_column column_padding=\u00a0\u00bbno-extra-padding\u00a0\u00bb column_padding_tablet=\u00a0\u00bbinherit\u00a0\u00bb column_padding_phone=\u00a0\u00bbinherit\u00a0\u00bb column_padding_position=\u00a0\u00bball\u00a0\u00bb top_margin=\u00a0\u00bb2%\u00a0\u00bb column_element_direction_desktop=\u00a0\u00bbdefault\u00a0\u00bb column_element_spacing=\u00a0\u00bbdefault\u00a0\u00bb desktop_text_alignment=\u00a0\u00bbdefault\u00a0\u00bb tablet_text_alignment=\u00a0\u00bbdefault\u00a0\u00bb phone_text_alignment=\u00a0\u00bbdefault\u00a0\u00bb background_color_opacity=\u00a0\u00bb1&Prime; background_hover_color_opacity=\u00a0\u00bb1&Prime; column_backdrop_filter=\u00a0\u00bbnone\u00a0\u00bb column_shadow=\u00a0\u00bbnone\u00a0\u00bb column_border_radius=\u00a0\u00bbnone\u00a0\u00bb column_link_target=\u00a0\u00bb_self\u00a0\u00bb column_position=\u00a0\u00bbdefault\u00a0\u00bb gradient_direction=\u00a0\u00bbleft_to_right\u00a0\u00bb overlay_strength=\u00a0\u00bb0.3&Prime; width=\u00a0\u00bb1\/2&Prime; tablet_width_inherit=\u00a0\u00bbdefault\u00a0\u00bb animation_type=\u00a0\u00bbdefault\u00a0\u00bb bg_image_animation=\u00a0\u00bbnone\u00a0\u00bb border_type=\u00a0\u00bbsimple\u00a0\u00bb column_border_width=\u00a0\u00bbnone\u00a0\u00bb column_border_style=\u00a0\u00bbsolid\u00a0\u00bb][vc_custom_heading text=\u00a0\u00bbSolution BLANCHE\u00a0\u00bb font_container=\u00a0\u00bbtag:h1|text_align:left\u00a0\u00bb use_theme_fonts=\u00a0\u00bbyes\u00a0\u00bb][vc_custom_heading text=\u00a0\u00bbSimple, orient\u00e9 vers le processus, toutes les donn\u00e9es et informations n\u00e9cessaires sont accessibles en un coup d&#039;\u0153il.\u00a0\u00bb font_container=\u00a0\u00bbtag:h4|text_align:left\u00a0\u00bb use_theme_fonts=\u00a0\u00bbyes\u00a0\u00bb][vc_column_text css=\u00a0\u00bb.vc_custom_1742311071114{padding-top: 5% !important;padding-right: 2% !important;padding-bottom: 2% !important;}\u00a0\u00bb text_direction=\u00a0\u00bbdefault\u00a0\u00bb]Avec la <strong>solution WHITE<\/strong>, Kellenberger propose une interface innovante et conviviale con\u00e7ue sp\u00e9cifiquement pour la rectification par coordonn\u00e9es sur la s\u00e9rie Hauser 2000. Le logiciel fonctionne avec la derni\u00e8re technologie CNC, la puissante FANUC 30i-B, ce qui garantit une facilit\u00e9 d&rsquo;utilisation et une fiabilit\u00e9 maximale du processus. <\/p>\n<p><strong>Concentrez-vous sur la pr\u00e9cision et l&rsquo;efficacit\u00e9 :<br \/>\n<\/strong><br \/>\n La <strong>solution WHITE<\/strong> a \u00e9t\u00e9 d\u00e9velopp\u00e9e pour soutenir de mani\u00e8re optimale la production de pi\u00e8ces de haute pr\u00e9cision. Elle fournit aux op\u00e9rateurs toutes les donn\u00e9es et informations n\u00e9cessaires de mani\u00e8re claire et structur\u00e9e, ce qui permet d&rsquo;ex\u00e9cuter chaque \u00e9tape de mani\u00e8re s\u00fbre et efficace. <\/p>\n<h3>Vos avantages en un coup d&rsquo;\u0153il :<\/h3>\n<ul>\n<li><strong>Simplicit\u00e9 et clart\u00e9 :<\/strong> toutes les donn\u00e9es et informations pertinentes sont bien structur\u00e9es et facilement accessibles.<\/li>\n<li><strong>Alignement optimal de la pi\u00e8ce :<\/strong> La m\u00e9thode Bestfit garantit un positionnement optimal de la pi\u00e8ce \u00e0 usiner et r\u00e9duit le temps de pr\u00e9paration.<\/li>\n<li><strong>Des essais en toute s\u00e9curit\u00e9 :<\/strong> La fonction Dry-Run permet de tester les processus sans risque avant le d\u00e9but de l&rsquo;usinage proprement dit.<\/li>\n<li><strong>Fonctionnement intuitif :<\/strong> La fonctionnalit\u00e9 tactile et les repr\u00e9sentations pictographiques rendent le logiciel facile \u00e0 comprendre, m\u00eame pour les op\u00e9rateurs les moins exp\u00e9riment\u00e9s.<\/li>\n<li><strong>Contr\u00f4le de la temp\u00e9rature :<\/strong> Le logiciel affiche en temps r\u00e9el les temp\u00e9ratures des composants de la machine et des fluides pour garantir une qualit\u00e9 constante.<\/li>\n<li><strong>Flexibilit\u00e9 de l&rsquo;usinage :<\/strong> La solution WHITE permet aux op\u00e9rateurs d&rsquo;ajuster les donn\u00e9es d&rsquo;usinage et d&rsquo;influencer directement le processus, sans avoir \u00e0 modifier les codes ISO.<\/li>\n<\/ul>\n<p>Cette philosophie de fonctionnement centr\u00e9e sur l&rsquo;utilisateur aide les op\u00e9rateurs \u00e0 d\u00e9velopper le processus d&rsquo;usinage id\u00e9al, tandis que la technologie avanc\u00e9e garantit une pr\u00e9cision et une fiabilit\u00e9 maximales.<\/p>\n<h3>Disponibilit\u00e9 :<\/h3>\n<p>La <strong>solution WHITE<\/strong> est exclusivement disponible pour la s\u00e9rie 2000 de HAUSER, \u00e9tablissant de nouvelles r\u00e9f\u00e9rences dans le domaine de la rectification par coordonn\u00e9es.<\/p>\n<p>D\u00e9couvrez comment la simplicit\u00e9 et la technologie innovante s&rsquo;allient parfaitement &#8211; avec <strong>WHITE Solution.<\/strong>[\/vc_column_text][\/vc_column][vc_column column_padding=\u00a0\u00bbno-extra-padding\u00a0\u00bb column_padding_tablet=\u00a0\u00bbinherit\u00a0\u00bb column_padding_phone=\u00a0\u00bbinherit\u00a0\u00bb column_padding_position=\u00a0\u00bball\u00a0\u00bb column_element_direction_desktop=\u00a0\u00bbdefault\u00a0\u00bb column_element_spacing=\u00a0\u00bbdefault\u00a0\u00bb desktop_text_alignment=\u00a0\u00bbdefault\u00a0\u00bb tablet_text_alignment=\u00a0\u00bbdefault\u00a0\u00bb phone_text_alignment=\u00a0\u00bbdefault\u00a0\u00bb background_color_opacity=\u00a0\u00bb1&Prime; background_hover_color_opacity=\u00a0\u00bb1&Prime; column_backdrop_filter=\u00a0\u00bbnone\u00a0\u00bb column_shadow=\u00a0\u00bbnone\u00a0\u00bb column_border_radius=\u00a0\u00bbnone\u00a0\u00bb column_link_target=\u00a0\u00bb_self\u00a0\u00bb column_position=\u00a0\u00bbdefault\u00a0\u00bb gradient_direction=\u00a0\u00bbleft_to_right\u00a0\u00bb overlay_strength=\u00a0\u00bb0.3&Prime; width=\u00a0\u00bb1\/2&Prime; tablet_width_inherit=\u00a0\u00bbdefault\u00a0\u00bb animation_type=\u00a0\u00bbdefault\u00a0\u00bb bg_image_animation=\u00a0\u00bbnone\u00a0\u00bb border_type=\u00a0\u00bbsimple\u00a0\u00bb column_border_width=\u00a0\u00bbnone\u00a0\u00bb column_border_style=\u00a0\u00bbsolid\u00a0\u00bb][divider line_type=\u00a0\u00bbNo Line\u00a0\u00bb custom_height=\u00a0\u00bb130 px\u00a0\u00bb custom_height_tablet=\u00a0\u00bb80&Prime; custom_height_phone=\u00a0\u00bb40&Prime;][image_with_animation image_url=\u00a0\u00bb13102&Prime; image_size=\u00a0\u00bblarge\u00a0\u00bb animation_type=\u00a0\u00bbentrance\u00a0\u00bb animation=\u00a0\u00bbFade In\u00a0\u00bb animation_easing=\u00a0\u00bbdefault\u00a0\u00bb animation_movement_type=\u00a0\u00bbtransform_y\u00a0\u00bb hover_animation=\u00a0\u00bbnone\u00a0\u00bb alignment=\u00a0\u00bb\u00a0\u00bb border_radius=\u00a0\u00bbnone\u00a0\u00bb box_shadow=\u00a0\u00bbnone\u00a0\u00bb image_loading=\u00a0\u00bbdefault\u00a0\u00bb max_width=\u00a0\u00bb100%\u00a0\u00bb max_width_mobile=\u00a0\u00bbdefault\u00a0\u00bb][\/vc_column][\/vc_row][vc_row type=\u00a0\u00bbfull_width_background\u00a0\u00bb full_screen_row_position=\u00a0\u00bbmiddle\u00a0\u00bb column_margin=\u00a0\u00bbnone\u00a0\u00bb column_direction=\u00a0\u00bbdefault\u00a0\u00bb column_direction_tablet=\u00a0\u00bbdefault\u00a0\u00bb column_direction_phone=\u00a0\u00bbdefault\u00a0\u00bb bg_color=\u00a0\u00bb#e7eaf1&Prime; scene_position=\u00a0\u00bbcenter\u00a0\u00bb bottom_margin=\u00a0\u00bb0&Prime; translate_y=\u00a0\u00bb24&Prime; text_color=\u00a0\u00bbdark\u00a0\u00bb text_align=\u00a0\u00bbleft\u00a0\u00bb row_border_radius=\u00a0\u00bbnone\u00a0\u00bb row_border_radius_applies=\u00a0\u00bbbg\u00a0\u00bb overflow=\u00a0\u00bbvisible\u00a0\u00bb overlay_strength=\u00a0\u00bb0.3&Prime; gradient_direction=\u00a0\u00bbleft_to_right\u00a0\u00bb shape_divider_position=\u00a0\u00bbbottom\u00a0\u00bb bg_image_animation=\u00a0\u00bbnone\u00a0\u00bb shape_type=\u00a0\u00bb\u00a0\u00bb gradient_type=\u00a0\u00bbdefault\u00a0\u00bb][vc_column column_padding=\u00a0\u00bbno-extra-padding\u00a0\u00bb column_padding_tablet=\u00a0\u00bbinherit\u00a0\u00bb column_padding_phone=\u00a0\u00bbinherit\u00a0\u00bb column_padding_position=\u00a0\u00bball\u00a0\u00bb column_element_direction_desktop=\u00a0\u00bbdefault\u00a0\u00bb column_element_spacing=\u00a0\u00bbdefault\u00a0\u00bb desktop_text_alignment=\u00a0\u00bbdefault\u00a0\u00bb tablet_text_alignment=\u00a0\u00bbdefault\u00a0\u00bb phone_text_alignment=\u00a0\u00bbdefault\u00a0\u00bb background_color=\u00a0\u00bb#e7eaf1&Prime; background_color_opacity=\u00a0\u00bb1&Prime; background_hover_color_opacity=\u00a0\u00bb1&Prime; column_backdrop_filter=\u00a0\u00bbnone\u00a0\u00bb column_shadow=\u00a0\u00bbnone\u00a0\u00bb column_border_radius=\u00a0\u00bbnone\u00a0\u00bb column_link_target=\u00a0\u00bb_self\u00a0\u00bb column_position=\u00a0\u00bbdefault\u00a0\u00bb gradient_direction=\u00a0\u00bbleft_to_right\u00a0\u00bb overlay_strength=\u00a0\u00bb0.3&Prime; width=\u00a0\u00bb1\/1&Prime; tablet_width_inherit=\u00a0\u00bbdefault\u00a0\u00bb animation_type=\u00a0\u00bbdefault\u00a0\u00bb bg_image_animation=\u00a0\u00bbnone\u00a0\u00bb border_type=\u00a0\u00bbsimple\u00a0\u00bb column_border_width=\u00a0\u00bbnone\u00a0\u00bb column_border_style=\u00a0\u00bbsolid\u00a0\u00bb column_padding_type=\u00a0\u00bbdefault\u00a0\u00bb gradient_type=\u00a0\u00bbdefault\u00a0\u00bb][nectar_global_section id=\u00a0\u00bb2171&Prime;][\/vc_column][\/vc_row]\n","protected":false},"excerpt":{"rendered":"<p>[vc_row type=\u00a0\u00bbin_container\u00a0\u00bb full_screen_row_position=\u00a0\u00bbmiddle\u00a0\u00bb column_margin=\u00a0\u00bbdefault\u00a0\u00bb column_direction=\u00a0\u00bbdefault\u00a0\u00bb column_direction_tablet=\u00a0\u00bbdefault\u00a0\u00bb column_direction_phone=\u00a0\u00bbdefault\u00a0\u00bb scene_position=\u00a0\u00bbcenter\u00a0\u00bb top_margin=\u00a0\u00bb3%\u00a0\u00bb bottom_margin=\u00a0\u00bb5%\u00a0\u00bb bottom_margin_tablet=\u00a0\u00bb60&Prime; text_color=\u00a0\u00bbdark\u00a0\u00bb text_align=\u00a0\u00bbleft\u00a0\u00bb row_border_radius=\u00a0\u00bbnone\u00a0\u00bb row_border_radius_applies=\u00a0\u00bbbg\u00a0\u00bb overflow=\u00a0\u00bbvisible\u00a0\u00bb overlay_strength=\u00a0\u00bb0.3&Prime; gradient_direction=\u00a0\u00bbleft_to_right\u00a0\u00bb shape_divider_position=\u00a0\u00bbbottom\u00a0\u00bb bg_image_animation=\u00a0\u00bbnone\u00a0\u00bb shape_type=\u00a0\u00bb\u00a0\u00bb gradient_type=\u00a0\u00bbdefault\u00a0\u00bb][vc_column column_padding=\u00a0\u00bbno-extra-padding\u00a0\u00bb column_padding_tablet=\u00a0\u00bbinherit\u00a0\u00bb column_padding_phone=\u00a0\u00bbinherit\u00a0\u00bb column_padding_position=\u00a0\u00bball\u00a0\u00bb top_margin=\u00a0\u00bb2%\u00a0\u00bb column_element_direction_desktop=\u00a0\u00bbdefault\u00a0\u00bb column_element_spacing=\u00a0\u00bbdefault\u00a0\u00bb desktop_text_alignment=\u00a0\u00bbdefault\u00a0\u00bb&#8230;<\/p>\n","protected":false},"author":23,"featured_media":0,"parent":0,"menu_order":0,"comment_status":"closed","ping_status":"closed","template":"","meta":{"inline_featured_image":false,"footnotes":""},"class_list":["post-13092","page","type-page","status-publish"],"yoast_head":"<!-- This site is optimized with the Yoast SEO plugin v26.9 - https:\/\/yoast.com\/product\/yoast-seo-wordpress\/ -->\n<title>Logiciel BLUE SolutionSolution BLANCHE - Kellenberger<\/title>\n<meta name=\"description\" content=\"Avec le logiciel de contr\u00f4le IHM tactile BLUE Solution, Kellenberger a d\u00e9velopp\u00e9 une philosophie d&#039;utilisation sophistiqu\u00e9e et innovante pour toutes les s\u00e9ries Kellenberger et Voumard. Le syst\u00e8me de commande peut d\u00e9sormais \u00eatre utilis\u00e9 facilement et intuitivement par n&#039;importe quel op\u00e9rateur. Peu importe que le traitement soit ax\u00e9 sur le meulage int\u00e9rieur ou le meulage ext\u00e9rieur. La solution BLUE utilise une architecture logicielle enti\u00e8rement nouvelle, con\u00e7ue pour une utilisation tactile avec tous les gestes familiers.\" \/>\n<meta name=\"robots\" content=\"index, follow, max-snippet:-1, max-image-preview:large, max-video-preview:-1\" \/>\n<link rel=\"canonical\" href=\"https:\/\/kellenberger.com\/fr\/solution-blue-4\/\" \/>\n<meta property=\"og:locale\" content=\"fr_FR\" \/>\n<meta property=\"og:type\" content=\"article\" \/>\n<meta property=\"og:title\" content=\"Logiciel BLUE SolutionSolution BLANCHE - Kellenberger\" \/>\n<meta property=\"og:description\" content=\"Avec le logiciel de contr\u00f4le IHM tactile BLUE Solution, Kellenberger a d\u00e9velopp\u00e9 une philosophie d&#039;utilisation sophistiqu\u00e9e et innovante pour toutes les s\u00e9ries Kellenberger et Voumard. Le syst\u00e8me de commande peut d\u00e9sormais \u00eatre utilis\u00e9 facilement et intuitivement par n&#039;importe quel op\u00e9rateur. Peu importe que le traitement soit ax\u00e9 sur le meulage int\u00e9rieur ou le meulage ext\u00e9rieur. La solution BLUE utilise une architecture logicielle enti\u00e8rement nouvelle, con\u00e7ue pour une utilisation tactile avec tous les gestes familiers.\" \/>\n<meta property=\"og:url\" content=\"https:\/\/kellenberger.com\/fr\/solution-blue-4\/\" \/>\n<meta property=\"og:site_name\" content=\"Kellenberger\" \/>\n<meta property=\"article:modified_time\" content=\"2026-01-09T08:46:07+00:00\" \/>\n<meta name=\"twitter:card\" content=\"summary_large_image\" \/>\n<meta name=\"twitter:label1\" content=\"Dur\u00e9e de lecture estim\u00e9e\" \/>\n\t<meta name=\"twitter:data1\" content=\"5 minutes\" \/>\n<script type=\"application\/ld+json\" class=\"yoast-schema-graph\">{\"@context\":\"https:\/\/schema.org\",\"@graph\":[{\"@type\":\"WebPage\",\"@id\":\"https:\/\/kellenberger.com\/fr\/solution-blue-4\/\",\"url\":\"https:\/\/kellenberger.com\/fr\/solution-blue-4\/\",\"name\":\"Logiciel BLUE SolutionSolution BLANCHE - Kellenberger\",\"isPartOf\":{\"@id\":\"https:\/\/kellenberger.com\/fr\/#website\"},\"datePublished\":\"2024-12-18T10:41:45+00:00\",\"dateModified\":\"2026-01-09T08:46:07+00:00\",\"description\":\"Avec le logiciel de contr\u00f4le IHM tactile BLUE Solution, Kellenberger a d\u00e9velopp\u00e9 une philosophie d'utilisation sophistiqu\u00e9e et innovante pour toutes les s\u00e9ries Kellenberger et Voumard. Le syst\u00e8me de commande peut d\u00e9sormais \u00eatre utilis\u00e9 facilement et intuitivement par n'importe quel op\u00e9rateur. Peu importe que le traitement soit ax\u00e9 sur le meulage int\u00e9rieur ou le meulage ext\u00e9rieur. La solution BLUE utilise une architecture logicielle enti\u00e8rement nouvelle, con\u00e7ue pour une utilisation tactile avec tous les gestes familiers.\",\"breadcrumb\":{\"@id\":\"https:\/\/kellenberger.com\/fr\/solution-blue-4\/#breadcrumb\"},\"inLanguage\":\"fr-FR\",\"potentialAction\":[{\"@type\":\"ReadAction\",\"target\":[\"https:\/\/kellenberger.com\/fr\/solution-blue-4\/\"]}]},{\"@type\":\"BreadcrumbList\",\"@id\":\"https:\/\/kellenberger.com\/fr\/solution-blue-4\/#breadcrumb\",\"itemListElement\":[{\"@type\":\"ListItem\",\"position\":1,\"name\":\"Home\",\"item\":\"https:\/\/kellenberger.com\/fr\/\"},{\"@type\":\"ListItem\",\"position\":2,\"name\":\"Solution BLANCHE\"}]},{\"@type\":\"WebSite\",\"@id\":\"https:\/\/kellenberger.com\/fr\/#website\",\"url\":\"https:\/\/kellenberger.com\/fr\/\",\"name\":\"Kellenberger\",\"description\":\"Hersteller von multifunktionalen Pr\u00e4zisions-Drehmaschinen und Drehzentren.\",\"publisher\":{\"@id\":\"https:\/\/kellenberger.com\/fr\/#organization\"},\"potentialAction\":[{\"@type\":\"SearchAction\",\"target\":{\"@type\":\"EntryPoint\",\"urlTemplate\":\"https:\/\/kellenberger.com\/fr\/?s={search_term_string}\"},\"query-input\":{\"@type\":\"PropertyValueSpecification\",\"valueRequired\":true,\"valueName\":\"search_term_string\"}}],\"inLanguage\":\"fr-FR\"},{\"@type\":\"Organization\",\"@id\":\"https:\/\/kellenberger.com\/fr\/#organization\",\"name\":\"Kellenberger Machines Holdings GmbH\",\"url\":\"https:\/\/kellenberger.com\/fr\/\",\"logo\":{\"@type\":\"ImageObject\",\"inLanguage\":\"fr-FR\",\"@id\":\"https:\/\/kellenberger.com\/fr\/#\/schema\/logo\/image\/\",\"url\":\"https:\/\/kellenberger.com\/wp-content\/uploads\/2025\/03\/2024_Kellenberger_Logo_blue_rgb.svg\",\"contentUrl\":\"https:\/\/kellenberger.com\/wp-content\/uploads\/2025\/03\/2024_Kellenberger_Logo_blue_rgb.svg\",\"width\":1520,\"height\":289,\"caption\":\"Kellenberger Machines Holdings GmbH\"},\"image\":{\"@id\":\"https:\/\/kellenberger.com\/fr\/#\/schema\/logo\/image\/\"},\"sameAs\":[\"https:\/\/www.linkedin.com\/company\/hardinge-kellenberger-ag\/\",\"https:\/\/www.youtube.com\/channel\/UC72tV-V11t_SHzd7Hk3NdkQ\",\"https:\/\/www.instagram.com\/kellenberger_ag\/\"]}]}<\/script>\n<!-- \/ Yoast SEO plugin. -->","yoast_head_json":{"title":"Logiciel BLUE SolutionSolution BLANCHE - Kellenberger","description":"Avec le logiciel de contr\u00f4le IHM tactile BLUE Solution, Kellenberger a d\u00e9velopp\u00e9 une philosophie d'utilisation sophistiqu\u00e9e et innovante pour toutes les s\u00e9ries Kellenberger et Voumard. Le syst\u00e8me de commande peut d\u00e9sormais \u00eatre utilis\u00e9 facilement et intuitivement par n'importe quel op\u00e9rateur. Peu importe que le traitement soit ax\u00e9 sur le meulage int\u00e9rieur ou le meulage ext\u00e9rieur. La solution BLUE utilise une architecture logicielle enti\u00e8rement nouvelle, con\u00e7ue pour une utilisation tactile avec tous les gestes familiers.","robots":{"index":"index","follow":"follow","max-snippet":"max-snippet:-1","max-image-preview":"max-image-preview:large","max-video-preview":"max-video-preview:-1"},"canonical":"https:\/\/kellenberger.com\/fr\/solution-blue-4\/","og_locale":"fr_FR","og_type":"article","og_title":"Logiciel BLUE SolutionSolution BLANCHE - Kellenberger","og_description":"Avec le logiciel de contr\u00f4le IHM tactile BLUE Solution, Kellenberger a d\u00e9velopp\u00e9 une philosophie d'utilisation sophistiqu\u00e9e et innovante pour toutes les s\u00e9ries Kellenberger et Voumard. Le syst\u00e8me de commande peut d\u00e9sormais \u00eatre utilis\u00e9 facilement et intuitivement par n'importe quel op\u00e9rateur. Peu importe que le traitement soit ax\u00e9 sur le meulage int\u00e9rieur ou le meulage ext\u00e9rieur. La solution BLUE utilise une architecture logicielle enti\u00e8rement nouvelle, con\u00e7ue pour une utilisation tactile avec tous les gestes familiers.","og_url":"https:\/\/kellenberger.com\/fr\/solution-blue-4\/","og_site_name":"Kellenberger","article_modified_time":"2026-01-09T08:46:07+00:00","twitter_card":"summary_large_image","twitter_misc":{"Dur\u00e9e de lecture estim\u00e9e":"5 minutes"},"schema":{"@context":"https:\/\/schema.org","@graph":[{"@type":"WebPage","@id":"https:\/\/kellenberger.com\/fr\/solution-blue-4\/","url":"https:\/\/kellenberger.com\/fr\/solution-blue-4\/","name":"Logiciel BLUE SolutionSolution BLANCHE - Kellenberger","isPartOf":{"@id":"https:\/\/kellenberger.com\/fr\/#website"},"datePublished":"2024-12-18T10:41:45+00:00","dateModified":"2026-01-09T08:46:07+00:00","description":"Avec le logiciel de contr\u00f4le IHM tactile BLUE Solution, Kellenberger a d\u00e9velopp\u00e9 une philosophie d'utilisation sophistiqu\u00e9e et innovante pour toutes les s\u00e9ries Kellenberger et Voumard. Le syst\u00e8me de commande peut d\u00e9sormais \u00eatre utilis\u00e9 facilement et intuitivement par n'importe quel op\u00e9rateur. Peu importe que le traitement soit ax\u00e9 sur le meulage int\u00e9rieur ou le meulage ext\u00e9rieur. La solution BLUE utilise une architecture logicielle enti\u00e8rement nouvelle, con\u00e7ue pour une utilisation tactile avec tous les gestes familiers.","breadcrumb":{"@id":"https:\/\/kellenberger.com\/fr\/solution-blue-4\/#breadcrumb"},"inLanguage":"fr-FR","potentialAction":[{"@type":"ReadAction","target":["https:\/\/kellenberger.com\/fr\/solution-blue-4\/"]}]},{"@type":"BreadcrumbList","@id":"https:\/\/kellenberger.com\/fr\/solution-blue-4\/#breadcrumb","itemListElement":[{"@type":"ListItem","position":1,"name":"Home","item":"https:\/\/kellenberger.com\/fr\/"},{"@type":"ListItem","position":2,"name":"Solution BLANCHE"}]},{"@type":"WebSite","@id":"https:\/\/kellenberger.com\/fr\/#website","url":"https:\/\/kellenberger.com\/fr\/","name":"Kellenberger","description":"Hersteller von multifunktionalen Pr\u00e4zisions-Drehmaschinen und Drehzentren.","publisher":{"@id":"https:\/\/kellenberger.com\/fr\/#organization"},"potentialAction":[{"@type":"SearchAction","target":{"@type":"EntryPoint","urlTemplate":"https:\/\/kellenberger.com\/fr\/?s={search_term_string}"},"query-input":{"@type":"PropertyValueSpecification","valueRequired":true,"valueName":"search_term_string"}}],"inLanguage":"fr-FR"},{"@type":"Organization","@id":"https:\/\/kellenberger.com\/fr\/#organization","name":"Kellenberger Machines Holdings GmbH","url":"https:\/\/kellenberger.com\/fr\/","logo":{"@type":"ImageObject","inLanguage":"fr-FR","@id":"https:\/\/kellenberger.com\/fr\/#\/schema\/logo\/image\/","url":"https:\/\/kellenberger.com\/wp-content\/uploads\/2025\/03\/2024_Kellenberger_Logo_blue_rgb.svg","contentUrl":"https:\/\/kellenberger.com\/wp-content\/uploads\/2025\/03\/2024_Kellenberger_Logo_blue_rgb.svg","width":1520,"height":289,"caption":"Kellenberger Machines Holdings GmbH"},"image":{"@id":"https:\/\/kellenberger.com\/fr\/#\/schema\/logo\/image\/"},"sameAs":["https:\/\/www.linkedin.com\/company\/hardinge-kellenberger-ag\/","https:\/\/www.youtube.com\/channel\/UC72tV-V11t_SHzd7Hk3NdkQ","https:\/\/www.instagram.com\/kellenberger_ag\/"]}]}},"_links":{"self":[{"href":"https:\/\/kellenberger.com\/fr\/wp-json\/wp\/v2\/pages\/13092","targetHints":{"allow":["GET"]}}],"collection":[{"href":"https:\/\/kellenberger.com\/fr\/wp-json\/wp\/v2\/pages"}],"about":[{"href":"https:\/\/kellenberger.com\/fr\/wp-json\/wp\/v2\/types\/page"}],"author":[{"embeddable":true,"href":"https:\/\/kellenberger.com\/fr\/wp-json\/wp\/v2\/users\/23"}],"replies":[{"embeddable":true,"href":"https:\/\/kellenberger.com\/fr\/wp-json\/wp\/v2\/comments?post=13092"}],"version-history":[{"count":9,"href":"https:\/\/kellenberger.com\/fr\/wp-json\/wp\/v2\/pages\/13092\/revisions"}],"predecessor-version":[{"id":25334,"href":"https:\/\/kellenberger.com\/fr\/wp-json\/wp\/v2\/pages\/13092\/revisions\/25334"}],"wp:attachment":[{"href":"https:\/\/kellenberger.com\/fr\/wp-json\/wp\/v2\/media?parent=13092"}],"curies":[{"name":"wp","href":"https:\/\/api.w.org\/{rel}","templated":true}]}}