{"id":12360,"date":"2024-10-29T08:54:43","date_gmt":"2024-10-29T07:54:43","guid":{"rendered":"https:\/\/kellenberger.com\/?page_id=12360"},"modified":"2026-01-09T09:45:49","modified_gmt":"2026-01-09T08:45:49","slug":"conditions-generales-de-vente-2","status":"publish","type":"page","link":"https:\/\/kellenberger.com\/fr\/conditions-generales-de-vente-2\/","title":{"rendered":"Conditions g\u00e9n\u00e9rales d&rsquo;utilisation"},"content":{"rendered":"[vc_row type=\u00a0\u00bbin_container\u00a0\u00bb full_screen_row_position=\u00a0\u00bbmiddle\u00a0\u00bb column_margin=\u00a0\u00bbdefault\u00a0\u00bb column_direction=\u00a0\u00bbdefault\u00a0\u00bb column_direction_tablet=\u00a0\u00bbdefault\u00a0\u00bb column_direction_phone=\u00a0\u00bbdefault\u00a0\u00bb scene_position=\u00a0\u00bbcenter\u00a0\u00bb text_color=\u00a0\u00bbdark\u00a0\u00bb text_align=\u00a0\u00bbleft\u00a0\u00bb row_border_radius=\u00a0\u00bbnone\u00a0\u00bb row_border_radius_applies=\u00a0\u00bbbg\u00a0\u00bb overflow=\u00a0\u00bbvisible\u00a0\u00bb overlay_strength=\u00a0\u00bb0.3&Prime; gradient_direction=\u00a0\u00bbleft_to_right\u00a0\u00bb shape_divider_position=\u00a0\u00bbbottom\u00a0\u00bb bg_image_animation=\u00a0\u00bbnone\u00a0\u00bb][vc_column column_padding=\u00a0\u00bbno-extra-padding\u00a0\u00bb column_padding_tablet=\u00a0\u00bbinherit\u00a0\u00bb column_padding_phone=\u00a0\u00bbinherit\u00a0\u00bb column_padding_position=\u00a0\u00bball\u00a0\u00bb column_element_direction_desktop=\u00a0\u00bbdefault\u00a0\u00bb column_element_spacing=\u00a0\u00bbdefault\u00a0\u00bb desktop_text_alignment=\u00a0\u00bbdefault\u00a0\u00bb tablet_text_alignment=\u00a0\u00bbdefault\u00a0\u00bb phone_text_alignment=\u00a0\u00bbdefault\u00a0\u00bb background_color_opacity=\u00a0\u00bb1&Prime; background_hover_color_opacity=\u00a0\u00bb1&Prime; column_backdrop_filter=\u00a0\u00bbnone\u00a0\u00bb column_shadow=\u00a0\u00bbnone\u00a0\u00bb column_border_radius=\u00a0\u00bbnone\u00a0\u00bb column_link_target=\u00a0\u00bb_self\u00a0\u00bb column_position=\u00a0\u00bbdefault\u00a0\u00bb gradient_direction=\u00a0\u00bbleft_to_right\u00a0\u00bb overlay_strength=\u00a0\u00bb0.3&Prime; width=\u00a0\u00bb1\/1&Prime; tablet_width_inherit=\u00a0\u00bbdefault\u00a0\u00bb animation_type=\u00a0\u00bbdefault\u00a0\u00bb bg_image_animation=\u00a0\u00bbnone\u00a0\u00bb border_type=\u00a0\u00bbsimple\u00a0\u00bb column_border_width=\u00a0\u00bbnone\u00a0\u00bb column_border_style=\u00a0\u00bbsolid\u00a0\u00bb][divider line_type=\u00a0\u00bbNo Line\u00a0\u00bb custom_height=\u00a0\u00bb80&Prime;][vc_custom_heading text=\u00a0\u00bbLes accords sur la protection des donn\u00e9es et des droits d&#039;auteur Gewinnspiel Lehrlingsmesse 15. novembre 2025 \u00a0\u00bb font_container=\u00a0\u00bbtag:h1|text_align:left\u00a0\u00bb use_theme_fonts=\u00a0\u00bbyes\u00a0\u00bb][\/vc_column][\/vc_row][vc_row type=\u00a0\u00bbin_container\u00a0\u00bb full_screen_row_position=\u00a0\u00bbmiddle\u00a0\u00bb column_margin=\u00a0\u00bbdefault\u00a0\u00bb column_direction=\u00a0\u00bbdefault\u00a0\u00bb column_direction_tablet=\u00a0\u00bbdefault\u00a0\u00bb column_direction_phone=\u00a0\u00bbdefault\u00a0\u00bb scene_position=\u00a0\u00bbcenter\u00a0\u00bb text_color=\u00a0\u00bbdark\u00a0\u00bb text_align=\u00a0\u00bbleft\u00a0\u00bb row_border_radius=\u00a0\u00bbnone\u00a0\u00bb row_border_radius_applies=\u00a0\u00bbbg\u00a0\u00bb overflow=\u00a0\u00bbvisible\u00a0\u00bb overlay_strength=\u00a0\u00bb0.3&Prime; gradient_direction=\u00a0\u00bbleft_to_right\u00a0\u00bb shape_divider_position=\u00a0\u00bbbottom\u00a0\u00bb bg_image_animation=\u00a0\u00bbnone\u00a0\u00bb][vc_column column_padding=\u00a0\u00bbno-extra-padding\u00a0\u00bb column_padding_tablet=\u00a0\u00bbinherit\u00a0\u00bb column_padding_phone=\u00a0\u00bbinherit\u00a0\u00bb column_padding_position=\u00a0\u00bball\u00a0\u00bb column_element_direction_desktop=\u00a0\u00bbdefault\u00a0\u00bb column_element_spacing=\u00a0\u00bbdefault\u00a0\u00bb desktop_text_alignment=\u00a0\u00bbdefault\u00a0\u00bb tablet_text_alignment=\u00a0\u00bbdefault\u00a0\u00bb phone_text_alignment=\u00a0\u00bbdefault\u00a0\u00bb background_color_opacity=\u00a0\u00bb1&Prime; background_hover_color_opacity=\u00a0\u00bb1&Prime; column_backdrop_filter=\u00a0\u00bbnone\u00a0\u00bb column_shadow=\u00a0\u00bbnone\u00a0\u00bb column_border_radius=\u00a0\u00bbnone\u00a0\u00bb column_link_target=\u00a0\u00bb_self\u00a0\u00bb column_position=\u00a0\u00bbdefault\u00a0\u00bb gradient_direction=\u00a0\u00bbleft_to_right\u00a0\u00bb overlay_strength=\u00a0\u00bb0.3&Prime; width=\u00a0\u00bb1\/1&Prime; tablet_width_inherit=\u00a0\u00bbdefault\u00a0\u00bb animation_type=\u00a0\u00bbdefault\u00a0\u00bb bg_image_animation=\u00a0\u00bbnone\u00a0\u00bb border_type=\u00a0\u00bbsimple\u00a0\u00bb column_border_width=\u00a0\u00bbnone\u00a0\u00bb column_border_style=\u00a0\u00bbsolid\u00a0\u00bb][vc_column_text text_direction=\u00a0\u00bbdefault\u00a0\u00bb]<strong>Les subventions d&rsquo;\u00e9quipe pour le concours de recrutement<\/strong><\/p>\n<ol>\n<li><strong>Veranstalter<\/strong>: Le concours est organis\u00e9 par Kellenberger Switzerland AG, Thann\u00e4ckerstrasse 22, 9403 Goldach.<\/li>\n<li>L&rsquo;<strong>aide \u00e0 l&#8217;emploi<\/strong>: Sont concern\u00e9es toutes les personnes d&rsquo;origine naturelle \u00e2g\u00e9es de 12 ans et plus qui habitent en Suisse. Les collaborateurs de Kellenberger Switzerland AG et leurs proches sont concern\u00e9s par cette mesure. <\/li>\n<li><strong>Teilnahme<\/strong>: La participation au jumelage s&rsquo;effectue par l&rsquo;ajout et l&rsquo;insertion des formulaires d&rsquo;inscription dans la bo\u00eete de jumelage ou par l&rsquo;absence de formulaires en ligne. Chaque personne n&rsquo;a droit qu&rsquo;\u00e0 une partie du prix. <\/li>\n<li><strong>Gagnez<\/strong>: Vous pouvez gagner un billet d&rsquo;entr\u00e9e au march\u00e9 europ\u00e9en, un billet d&rsquo;entr\u00e9e au parc d&rsquo;attractions de Wertgutschein et un billet d&rsquo;entr\u00e9e au parc d&rsquo;attractions. Le gain n&rsquo;est pas garanti et ne peut pas \u00eatre utilis\u00e9 dans un bar. Il y a 3 gagnants. Chaque gagnant recevra un prix en fonction de son num\u00e9ro de t\u00e9l\u00e9phone.   <\/li>\n<li><strong>Gewinnermittlung<\/strong>: Les laur\u00e9ats sont d\u00e9sign\u00e9s par tous les partenaires apr\u00e8s l&rsquo;expiration du d\u00e9lai. L&rsquo;attribution se fera le 21.11.2025. <\/li>\n<li><strong>Remise des prix<\/strong>: Les laur\u00e9ats sont d\u00e9sign\u00e9s par courrier \u00e9lectronique\/t\u00e9l\u00e9phone. Si un laur\u00e9at n&rsquo;est pas d\u00e9sign\u00e9 dans les 168 semaines suivant la d\u00e9signation, le prix du laur\u00e9at est annul\u00e9 et un nouveau laur\u00e9at est d\u00e9sign\u00e9. <\/li>\n<li><strong>Protection des donn\u00e9es<\/strong>: Les donn\u00e9es personnelles collect\u00e9es dans le cadre des concours ne seront utilis\u00e9es que pour l&rsquo;ex\u00e9cution des concours et pour l&rsquo;envoi de nos bulletins d&rsquo;information. Vous trouverez d&rsquo;autres informations dans notre d\u00e9claration de confidentialit\u00e9. <\/li>\n<li><strong>Rechtsweg<\/strong>: Der Rechtsweg ist ausgeschlossen.<\/li>\n<\/ol>\n<p><strong>Analyse de donn\u00e9es pour le jeu de piste<\/strong><\/p>\n<ol>\n<li><strong>V\u00e9rificateurs<\/strong>: Le responsable du traitement des donn\u00e9es dans le cadre des concours est Kellenberger Switzerland AG, Thann\u00e4ckerstrasse 22, 9403 Goldach, <a href=\"mailto:marketing@kellenberger.net\">marketing@kellenberger.net<\/a>.<\/li>\n<li><strong>Traitement des donn\u00e9es<\/strong>: Dans le cadre des concours et des lettres d&rsquo;information, nous traitons les donn\u00e9es personnelles suivantes : Nom, lieu de r\u00e9sidence, adresse \u00e9lectronique, \u00e9cole, etc. Adresse des laur\u00e9ats. <\/li>\n<li><strong>Objectif du traitement des donn\u00e9es<\/strong>: Le traitement des donn\u00e9es s&rsquo;effectue notamment dans le cadre de l&rsquo;ex\u00e9cution des concours, de la recherche des gagnants et de l&rsquo;envoi de nos lettres d&rsquo;information.<\/li>\n<li><strong>Droit de propri\u00e9t\u00e9<\/strong>: Le droit applicable au traitement des donn\u00e9es est l&rsquo;obligation pour l&rsquo;utilisateur de respecter les dispositions de l&rsquo;article 6, paragraphe 1, de la directive sur l&rsquo;acc\u00e8s \u00e0 l&rsquo;information. 6 Abs. 1 lit. a DSG.  <\/li>\n<li><strong>Speicherdauer<\/strong>: Les donn\u00e9es sont conserv\u00e9es jusqu&rsquo;\u00e0 l&rsquo;acceptation du concours et la reconnaissance du laur\u00e9at, \u00e0 condition qu&rsquo;il n&rsquo;y ait pas d&rsquo;obligations l\u00e9gales en la mati\u00e8re. Les donn\u00e9es utilis\u00e9es pour la diffusion de la lettre d&rsquo;information sont conserv\u00e9es jusqu&rsquo;\u00e0 l&rsquo;expiration de la p\u00e9riode d&rsquo;inscription. <\/li>\n<li><strong>Droits des partenaires<\/strong>: Les partenaires ont le droit d&rsquo;acc\u00e9der aux donn\u00e9es trait\u00e9es, de les consulter, de les modifier, de les remplacer, ainsi que le droit \u00e0 l&rsquo;int\u00e9grit\u00e9 et \u00e0 l&rsquo;int\u00e9grit\u00e9 des donn\u00e9es.<\/li>\n<li><strong>Contact<\/strong>: Pour toute question relative au traitement des donn\u00e9es, vous pouvez vous <a href=\"mailto:marketing@kellenberger.net\">adresser \u00e0 Kellenberger Switzerland AG, Thann\u00e4ckerstrasse 22, 9403 Goldach, marketing@kellenberger.net<\/a>.<\/li>\n<\/ol>\n[\/vc_column_text][\/vc_column][\/vc_row][vc_row type=\u00a0\u00bbin_container\u00a0\u00bb full_screen_row_position=\u00a0\u00bbmiddle\u00a0\u00bb column_margin=\u00a0\u00bbdefault\u00a0\u00bb column_direction=\u00a0\u00bbdefault\u00a0\u00bb column_direction_tablet=\u00a0\u00bbdefault\u00a0\u00bb column_direction_phone=\u00a0\u00bbdefault\u00a0\u00bb scene_position=\u00a0\u00bbcenter\u00a0\u00bb text_color=\u00a0\u00bbdark\u00a0\u00bb text_align=\u00a0\u00bbleft\u00a0\u00bb row_border_radius=\u00a0\u00bbnone\u00a0\u00bb row_border_radius_applies=\u00a0\u00bbbg\u00a0\u00bb overflow=\u00a0\u00bbvisible\u00a0\u00bb overlay_strength=\u00a0\u00bb0.3&Prime; gradient_direction=\u00a0\u00bbleft_to_right\u00a0\u00bb shape_divider_position=\u00a0\u00bbbottom\u00a0\u00bb bg_image_animation=\u00a0\u00bbnone\u00a0\u00bb][vc_column column_padding=\u00a0\u00bbno-extra-padding\u00a0\u00bb column_padding_tablet=\u00a0\u00bbinherit\u00a0\u00bb column_padding_phone=\u00a0\u00bbinherit\u00a0\u00bb column_padding_position=\u00a0\u00bball\u00a0\u00bb column_element_direction_desktop=\u00a0\u00bbdefault\u00a0\u00bb column_element_spacing=\u00a0\u00bbdefault\u00a0\u00bb desktop_text_alignment=\u00a0\u00bbdefault\u00a0\u00bb tablet_text_alignment=\u00a0\u00bbdefault\u00a0\u00bb phone_text_alignment=\u00a0\u00bbdefault\u00a0\u00bb background_color_opacity=\u00a0\u00bb1&Prime; background_hover_color_opacity=\u00a0\u00bb1&Prime; column_backdrop_filter=\u00a0\u00bbnone\u00a0\u00bb column_shadow=\u00a0\u00bbnone\u00a0\u00bb column_border_radius=\u00a0\u00bbnone\u00a0\u00bb column_link_target=\u00a0\u00bb_self\u00a0\u00bb column_position=\u00a0\u00bbdefault\u00a0\u00bb gradient_direction=\u00a0\u00bbleft_to_right\u00a0\u00bb overlay_strength=\u00a0\u00bb0.3&Prime; width=\u00a0\u00bb1\/1&Prime; tablet_width_inherit=\u00a0\u00bbdefault\u00a0\u00bb animation_type=\u00a0\u00bbdefault\u00a0\u00bb bg_image_animation=\u00a0\u00bbnone\u00a0\u00bb border_type=\u00a0\u00bbsimple\u00a0\u00bb column_border_width=\u00a0\u00bbnone\u00a0\u00bb column_border_style=\u00a0\u00bbsolid\u00a0\u00bb][divider line_type=\u00a0\u00bbNo Line\u00a0\u00bb custom_height=\u00a0\u00bb80&Prime;][\/vc_column][\/vc_row]\n","protected":false},"excerpt":{"rendered":"<p>[vc_row type=\u00a0\u00bbin_container\u00a0\u00bb full_screen_row_position=\u00a0\u00bbmiddle\u00a0\u00bb column_margin=\u00a0\u00bbdefault\u00a0\u00bb column_direction=\u00a0\u00bbdefault\u00a0\u00bb column_direction_tablet=\u00a0\u00bbdefault\u00a0\u00bb column_direction_phone=\u00a0\u00bbdefault\u00a0\u00bb scene_position=\u00a0\u00bbcenter\u00a0\u00bb text_color=\u00a0\u00bbdark\u00a0\u00bb text_align=\u00a0\u00bbleft\u00a0\u00bb row_border_radius=\u00a0\u00bbnone\u00a0\u00bb row_border_radius_applies=\u00a0\u00bbbg\u00a0\u00bb overflow=\u00a0\u00bbvisible\u00a0\u00bb overlay_strength=\u00a0\u00bb0.3&Prime; gradient_direction=\u00a0\u00bbleft_to_right\u00a0\u00bb shape_divider_position=\u00a0\u00bbbottom\u00a0\u00bb bg_image_animation=\u00a0\u00bbnone\u00a0\u00bb][vc_column column_padding=\u00a0\u00bbno-extra-padding\u00a0\u00bb column_padding_tablet=\u00a0\u00bbinherit\u00a0\u00bb column_padding_phone=\u00a0\u00bbinherit\u00a0\u00bb column_padding_position=\u00a0\u00bball\u00a0\u00bb column_element_direction_desktop=\u00a0\u00bbdefault\u00a0\u00bb column_element_spacing=\u00a0\u00bbdefault\u00a0\u00bb desktop_text_alignment=\u00a0\u00bbdefault\u00a0\u00bb tablet_text_alignment=\u00a0\u00bbdefault\u00a0\u00bb phone_text_alignment=\u00a0\u00bbdefault\u00a0\u00bb background_color_opacity=\u00a0\u00bb1&Prime; background_hover_color_opacity=\u00a0\u00bb1&Prime; column_backdrop_filter=\u00a0\u00bbnone\u00a0\u00bb column_shadow=\u00a0\u00bbnone\u00a0\u00bb&#8230;<\/p>\n","protected":false},"author":23,"featured_media":0,"parent":0,"menu_order":0,"comment_status":"closed","ping_status":"closed","template":"","meta":{"inline_featured_image":false,"footnotes":""},"class_list":["post-12360","page","type-page","status-publish"],"yoast_head":"<!-- This site is optimized with the Yoast SEO plugin v26.9 - https:\/\/yoast.com\/product\/yoast-seo-wordpress\/ -->\n<title>Conditions g\u00e9n\u00e9rales d&#039;utilisation - Kellenberger<\/title>\n<meta name=\"description\" content=\"Conditions g\u00e9n\u00e9rales de vente Hardinge Kellenberger AG, Thann\u00e4ckerstrasse 22, 9403 Goldach, Suisse\" \/>\n<meta name=\"robots\" content=\"index, follow, max-snippet:-1, max-image-preview:large, max-video-preview:-1\" \/>\n<link rel=\"canonical\" href=\"https:\/\/kellenberger.com\/fr\/conditions-generales-de-vente-2\/\" \/>\n<meta property=\"og:locale\" content=\"fr_FR\" \/>\n<meta property=\"og:type\" content=\"article\" \/>\n<meta property=\"og:title\" content=\"Conditions g\u00e9n\u00e9rales d&#039;utilisation - Kellenberger\" \/>\n<meta property=\"og:description\" content=\"Conditions g\u00e9n\u00e9rales de vente Hardinge Kellenberger AG, Thann\u00e4ckerstrasse 22, 9403 Goldach, Suisse\" \/>\n<meta property=\"og:url\" content=\"https:\/\/kellenberger.com\/fr\/conditions-generales-de-vente-2\/\" \/>\n<meta property=\"og:site_name\" content=\"Kellenberger\" \/>\n<meta property=\"article:modified_time\" content=\"2026-01-09T08:45:49+00:00\" \/>\n<meta name=\"twitter:card\" content=\"summary_large_image\" \/>\n<meta name=\"twitter:label1\" content=\"Dur\u00e9e de lecture estim\u00e9e\" \/>\n\t<meta name=\"twitter:data1\" content=\"1 minute\" \/>\n<script type=\"application\/ld+json\" class=\"yoast-schema-graph\">{\"@context\":\"https:\/\/schema.org\",\"@graph\":[{\"@type\":\"WebPage\",\"@id\":\"https:\/\/kellenberger.com\/fr\/conditions-generales-de-vente-2\/\",\"url\":\"https:\/\/kellenberger.com\/fr\/conditions-generales-de-vente-2\/\",\"name\":\"Conditions g\u00e9n\u00e9rales d'utilisation - Kellenberger\",\"isPartOf\":{\"@id\":\"https:\/\/kellenberger.com\/fr\/#website\"},\"datePublished\":\"2024-10-29T07:54:43+00:00\",\"dateModified\":\"2026-01-09T08:45:49+00:00\",\"description\":\"Conditions g\u00e9n\u00e9rales de vente Hardinge Kellenberger AG, Thann\u00e4ckerstrasse 22, 9403 Goldach, Suisse\",\"breadcrumb\":{\"@id\":\"https:\/\/kellenberger.com\/fr\/conditions-generales-de-vente-2\/#breadcrumb\"},\"inLanguage\":\"fr-FR\",\"potentialAction\":[{\"@type\":\"ReadAction\",\"target\":[\"https:\/\/kellenberger.com\/fr\/conditions-generales-de-vente-2\/\"]}]},{\"@type\":\"BreadcrumbList\",\"@id\":\"https:\/\/kellenberger.com\/fr\/conditions-generales-de-vente-2\/#breadcrumb\",\"itemListElement\":[{\"@type\":\"ListItem\",\"position\":1,\"name\":\"Home\",\"item\":\"https:\/\/kellenberger.com\/fr\/\"},{\"@type\":\"ListItem\",\"position\":2,\"name\":\"Conditions g\u00e9n\u00e9rales d&rsquo;utilisation\"}]},{\"@type\":\"WebSite\",\"@id\":\"https:\/\/kellenberger.com\/fr\/#website\",\"url\":\"https:\/\/kellenberger.com\/fr\/\",\"name\":\"Kellenberger\",\"description\":\"Hersteller von multifunktionalen Pr\u00e4zisions-Drehmaschinen und Drehzentren.\",\"publisher\":{\"@id\":\"https:\/\/kellenberger.com\/fr\/#organization\"},\"potentialAction\":[{\"@type\":\"SearchAction\",\"target\":{\"@type\":\"EntryPoint\",\"urlTemplate\":\"https:\/\/kellenberger.com\/fr\/?s={search_term_string}\"},\"query-input\":{\"@type\":\"PropertyValueSpecification\",\"valueRequired\":true,\"valueName\":\"search_term_string\"}}],\"inLanguage\":\"fr-FR\"},{\"@type\":\"Organization\",\"@id\":\"https:\/\/kellenberger.com\/fr\/#organization\",\"name\":\"Kellenberger Machines Holdings GmbH\",\"url\":\"https:\/\/kellenberger.com\/fr\/\",\"logo\":{\"@type\":\"ImageObject\",\"inLanguage\":\"fr-FR\",\"@id\":\"https:\/\/kellenberger.com\/fr\/#\/schema\/logo\/image\/\",\"url\":\"https:\/\/kellenberger.com\/wp-content\/uploads\/2025\/03\/2024_Kellenberger_Logo_blue_rgb.svg\",\"contentUrl\":\"https:\/\/kellenberger.com\/wp-content\/uploads\/2025\/03\/2024_Kellenberger_Logo_blue_rgb.svg\",\"width\":1520,\"height\":289,\"caption\":\"Kellenberger Machines Holdings GmbH\"},\"image\":{\"@id\":\"https:\/\/kellenberger.com\/fr\/#\/schema\/logo\/image\/\"},\"sameAs\":[\"https:\/\/www.linkedin.com\/company\/hardinge-kellenberger-ag\/\",\"https:\/\/www.youtube.com\/channel\/UC72tV-V11t_SHzd7Hk3NdkQ\",\"https:\/\/www.instagram.com\/kellenberger_ag\/\"]}]}<\/script>\n<!-- \/ Yoast SEO plugin. -->","yoast_head_json":{"title":"Conditions g\u00e9n\u00e9rales d'utilisation - Kellenberger","description":"Conditions g\u00e9n\u00e9rales de vente Hardinge Kellenberger AG, Thann\u00e4ckerstrasse 22, 9403 Goldach, Suisse","robots":{"index":"index","follow":"follow","max-snippet":"max-snippet:-1","max-image-preview":"max-image-preview:large","max-video-preview":"max-video-preview:-1"},"canonical":"https:\/\/kellenberger.com\/fr\/conditions-generales-de-vente-2\/","og_locale":"fr_FR","og_type":"article","og_title":"Conditions g\u00e9n\u00e9rales d'utilisation - Kellenberger","og_description":"Conditions g\u00e9n\u00e9rales de vente Hardinge Kellenberger AG, Thann\u00e4ckerstrasse 22, 9403 Goldach, Suisse","og_url":"https:\/\/kellenberger.com\/fr\/conditions-generales-de-vente-2\/","og_site_name":"Kellenberger","article_modified_time":"2026-01-09T08:45:49+00:00","twitter_card":"summary_large_image","twitter_misc":{"Dur\u00e9e de lecture estim\u00e9e":"1 minute"},"schema":{"@context":"https:\/\/schema.org","@graph":[{"@type":"WebPage","@id":"https:\/\/kellenberger.com\/fr\/conditions-generales-de-vente-2\/","url":"https:\/\/kellenberger.com\/fr\/conditions-generales-de-vente-2\/","name":"Conditions g\u00e9n\u00e9rales d'utilisation - Kellenberger","isPartOf":{"@id":"https:\/\/kellenberger.com\/fr\/#website"},"datePublished":"2024-10-29T07:54:43+00:00","dateModified":"2026-01-09T08:45:49+00:00","description":"Conditions g\u00e9n\u00e9rales de vente Hardinge Kellenberger AG, Thann\u00e4ckerstrasse 22, 9403 Goldach, Suisse","breadcrumb":{"@id":"https:\/\/kellenberger.com\/fr\/conditions-generales-de-vente-2\/#breadcrumb"},"inLanguage":"fr-FR","potentialAction":[{"@type":"ReadAction","target":["https:\/\/kellenberger.com\/fr\/conditions-generales-de-vente-2\/"]}]},{"@type":"BreadcrumbList","@id":"https:\/\/kellenberger.com\/fr\/conditions-generales-de-vente-2\/#breadcrumb","itemListElement":[{"@type":"ListItem","position":1,"name":"Home","item":"https:\/\/kellenberger.com\/fr\/"},{"@type":"ListItem","position":2,"name":"Conditions g\u00e9n\u00e9rales d&rsquo;utilisation"}]},{"@type":"WebSite","@id":"https:\/\/kellenberger.com\/fr\/#website","url":"https:\/\/kellenberger.com\/fr\/","name":"Kellenberger","description":"Hersteller von multifunktionalen Pr\u00e4zisions-Drehmaschinen und Drehzentren.","publisher":{"@id":"https:\/\/kellenberger.com\/fr\/#organization"},"potentialAction":[{"@type":"SearchAction","target":{"@type":"EntryPoint","urlTemplate":"https:\/\/kellenberger.com\/fr\/?s={search_term_string}"},"query-input":{"@type":"PropertyValueSpecification","valueRequired":true,"valueName":"search_term_string"}}],"inLanguage":"fr-FR"},{"@type":"Organization","@id":"https:\/\/kellenberger.com\/fr\/#organization","name":"Kellenberger Machines Holdings GmbH","url":"https:\/\/kellenberger.com\/fr\/","logo":{"@type":"ImageObject","inLanguage":"fr-FR","@id":"https:\/\/kellenberger.com\/fr\/#\/schema\/logo\/image\/","url":"https:\/\/kellenberger.com\/wp-content\/uploads\/2025\/03\/2024_Kellenberger_Logo_blue_rgb.svg","contentUrl":"https:\/\/kellenberger.com\/wp-content\/uploads\/2025\/03\/2024_Kellenberger_Logo_blue_rgb.svg","width":1520,"height":289,"caption":"Kellenberger Machines Holdings GmbH"},"image":{"@id":"https:\/\/kellenberger.com\/fr\/#\/schema\/logo\/image\/"},"sameAs":["https:\/\/www.linkedin.com\/company\/hardinge-kellenberger-ag\/","https:\/\/www.youtube.com\/channel\/UC72tV-V11t_SHzd7Hk3NdkQ","https:\/\/www.instagram.com\/kellenberger_ag\/"]}]}},"_links":{"self":[{"href":"https:\/\/kellenberger.com\/fr\/wp-json\/wp\/v2\/pages\/12360","targetHints":{"allow":["GET"]}}],"collection":[{"href":"https:\/\/kellenberger.com\/fr\/wp-json\/wp\/v2\/pages"}],"about":[{"href":"https:\/\/kellenberger.com\/fr\/wp-json\/wp\/v2\/types\/page"}],"author":[{"embeddable":true,"href":"https:\/\/kellenberger.com\/fr\/wp-json\/wp\/v2\/users\/23"}],"replies":[{"embeddable":true,"href":"https:\/\/kellenberger.com\/fr\/wp-json\/wp\/v2\/comments?post=12360"}],"version-history":[{"count":7,"href":"https:\/\/kellenberger.com\/fr\/wp-json\/wp\/v2\/pages\/12360\/revisions"}],"predecessor-version":[{"id":25274,"href":"https:\/\/kellenberger.com\/fr\/wp-json\/wp\/v2\/pages\/12360\/revisions\/25274"}],"wp:attachment":[{"href":"https:\/\/kellenberger.com\/fr\/wp-json\/wp\/v2\/media?parent=12360"}],"curies":[{"name":"wp","href":"https:\/\/api.w.org\/{rel}","templated":true}]}}