{"id":10465,"date":"2024-04-29T15:32:57","date_gmt":"2024-04-29T13:32:57","guid":{"rendered":"https:\/\/kellenberger.com\/mentions-legales\/"},"modified":"2026-02-17T16:10:51","modified_gmt":"2026-02-17T15:10:51","slug":"fr-mentions-legales","status":"publish","type":"page","link":"https:\/\/kellenberger.com\/fr\/fr-mentions-legales\/","title":{"rendered":"Mentions l\u00e9gales"},"content":{"rendered":"[vc_row type=\u00a0\u00bbin_container\u00a0\u00bb full_screen_row_position=\u00a0\u00bbmiddle\u00a0\u00bb column_margin=\u00a0\u00bbdefault\u00a0\u00bb column_direction=\u00a0\u00bbdefault\u00a0\u00bb column_direction_tablet=\u00a0\u00bbdefault\u00a0\u00bb column_direction_phone=\u00a0\u00bbdefault\u00a0\u00bb scene_position=\u00a0\u00bbcenter\u00a0\u00bb top_margin=\u00a0\u00bb3%\u00a0\u00bb bottom_margin=\u00a0\u00bb5%\u00a0\u00bb bottom_margin_tablet=\u00a0\u00bb60&Prime; text_color=\u00a0\u00bbdark\u00a0\u00bb text_align=\u00a0\u00bbleft\u00a0\u00bb row_border_radius=\u00a0\u00bbnone\u00a0\u00bb row_border_radius_applies=\u00a0\u00bbbg\u00a0\u00bb overflow=\u00a0\u00bbvisible\u00a0\u00bb overlay_strength=\u00a0\u00bb0.3&Prime; gradient_direction=\u00a0\u00bbleft_to_right\u00a0\u00bb shape_divider_position=\u00a0\u00bbbottom\u00a0\u00bb bg_image_animation=\u00a0\u00bbnone\u00a0\u00bb shape_type=\u00a0\u00bb\u00a0\u00bb][vc_column column_padding=\u00a0\u00bbno-extra-padding\u00a0\u00bb column_padding_tablet=\u00a0\u00bbinherit\u00a0\u00bb column_padding_phone=\u00a0\u00bbinherit\u00a0\u00bb column_padding_position=\u00a0\u00bball\u00a0\u00bb top_margin=\u00a0\u00bb2%\u00a0\u00bb column_element_direction_desktop=\u00a0\u00bbdefault\u00a0\u00bb column_element_spacing=\u00a0\u00bbdefault\u00a0\u00bb desktop_text_alignment=\u00a0\u00bbdefault\u00a0\u00bb tablet_text_alignment=\u00a0\u00bbdefault\u00a0\u00bb phone_text_alignment=\u00a0\u00bbdefault\u00a0\u00bb background_color_opacity=\u00a0\u00bb1&Prime; background_hover_color_opacity=\u00a0\u00bb1&Prime; column_backdrop_filter=\u00a0\u00bbnone\u00a0\u00bb column_shadow=\u00a0\u00bbnone\u00a0\u00bb column_border_radius=\u00a0\u00bbnone\u00a0\u00bb column_link_target=\u00a0\u00bb_self\u00a0\u00bb column_position=\u00a0\u00bbdefault\u00a0\u00bb gradient_direction=\u00a0\u00bbleft_to_right\u00a0\u00bb overlay_strength=\u00a0\u00bb0.3&Prime; width=\u00a0\u00bb1\/1&Prime; tablet_width_inherit=\u00a0\u00bbdefault\u00a0\u00bb animation_type=\u00a0\u00bbdefault\u00a0\u00bb bg_image_animation=\u00a0\u00bbnone\u00a0\u00bb border_type=\u00a0\u00bbsimple\u00a0\u00bb column_border_width=\u00a0\u00bbnone\u00a0\u00bb column_border_style=\u00a0\u00bbsolid\u00a0\u00bb][vc_custom_heading text=\u00a0\u00bbMentions l\u00e9gales\u00a0\u00bb font_container=\u00a0\u00bbtag:h1|text_align:left\u00a0\u00bb use_theme_fonts=\u00a0\u00bbyes\u00a0\u00bb][vc_column_text css=\u00a0\u00bb.vc_custom_1731913948722{padding-top: 5% !important;padding-right: 2% !important;padding-bottom: 2% !important;}\u00a0\u00bb text_direction=\u00a0\u00bbdefault\u00a0\u00bb]\n<div class=\"csc-header csc-header-n1\">\n<p class=\"csc-firstHeader\"><strong>Kellenberger Switzerland AG<\/strong><br \/>\nThann\u00e4ckerstrasse 22<br \/>\n9403 Goldach<br \/>\nSuisse<\/p>\n<\/div>\n<p>T\u00e9l\u00e9phone : +41 71 242 91 11<br \/>\nT\u00e9l\u00e9fax : +41 71 242 92 22<br \/>\n<a href=\"mailto:info@kellenberger.net\">info@kellenberger.net<\/a><br \/>\n<a href=\"https:\/\/kellenberger.com\/fr\/\">www.kellenberger.com<\/a><\/p>\n<p class=\"bodytext\"><strong>Inscription au registre du commerce<\/strong><br \/>\nOffice du registre du commerce du canton de Saint-Gall (Suisse)<br \/>\nSi\u00e8ge social de la soci\u00e9t\u00e9 : Goldach (Suisse)<br \/>\nForme juridique : soci\u00e9t\u00e9 anonyme<br \/>\nUID : CHE-105.948.094<\/p>\n<p class=\"bodytext\">Num\u00e9ro de TVA :<br \/>\nKellenberger Switzerland AG : CHE-105.948.094 TVA<\/p>\n<p class=\"bodytext\"><b>Directeur g\u00e9n\u00e9ral : <\/b>Viktor Gaspar<\/p>\n<p class=\"bodytext\"><b>Personnes autoris\u00e9es \u00e0 repr\u00e9senter l&rsquo;entreprise :<\/b> Viktor Gaspar, Christian M\u00fcller<\/p>\n<p class=\"bodytext\"><b>Responsable du contenu :<\/b><br \/>\nRebecca Schuler<br \/>\n(Manager Marketing)<br \/>\nThann\u00e4ckerstrasse 22<br \/>\n9004 Goldach<br \/>\nSuisse<\/p>\n<p><b>Responsable du site web :<\/b><br \/>\nRebecca Schuler<br \/>\n(Manager Marketing)<br \/>\nThann\u00e4ckerstrasse 22<br \/>\n9004 Goldach<br \/>\nSuisse<\/p>\n<div class=\"vc_tta-panel-heading\">\n<h4 class=\"vc_tta-panel-title vc_tta-controls-icon-position-left\"><span class=\"vc_tta-title-text\">Responsabilit\u00e9 des liens<\/span><i class=\"vc_tta-controls-icon vc_tta-controls-icon-plus\"><\/i><\/h4>\n<\/div>\n<div class=\"vc_tta-panel-body\">\n<div class=\"wpb_text_column wpb_content_element\">\n<div class=\"wpb_wrapper\">\n<p>Les contenus des sites web \u00e9trangers auxquels nous renvoyons directement ou indirectement sur notre site web (par des \u00ab\u00a0hyperliens\u00a0\u00bb ou des \u00ab\u00a0liens profonds\u00a0\u00bb) ne rel\u00e8vent pas de notre responsabilit\u00e9 et nous ne les adoptons pas. Nous pouvons toutefois d\u00e9clarer qu&rsquo;au moment de l&rsquo;\u00e9tablissement des liens, aucun contenu ill\u00e9gal n&rsquo;\u00e9tait identifiable sur les sites web li\u00e9s. Nous n&rsquo;avons aucune influence sur la conception actuelle et future, le contenu ou la paternit\u00e9 des sites Web li\u00e9s. C&rsquo;est pourquoi nous nous distan\u00e7ons express\u00e9ment de tous les contenus de tous les sites Internet li\u00e9s qui ont \u00e9t\u00e9 modifi\u00e9s apr\u00e8s la cr\u00e9ation des liens. Cette constatation s&rsquo;applique \u00e0 tous les liens et renvois cr\u00e9\u00e9s sur le propre site Internet. Seul le fournisseur de la page \u00e0 laquelle il est fait r\u00e9f\u00e9rence est responsable des contenus ill\u00e9gaux, erron\u00e9s ou incomplets et, en particulier, des dommages r\u00e9sultant de l&rsquo;utilisation des informations disponibles sur les pages web auxquelles il est fait r\u00e9f\u00e9rence. Si nous prenons connaissance de contenus ill\u00e9gaux, illicites ou erron\u00e9s sur des sites Internet vers lesquels nous avons \u00e9tabli un lien, nous supprimerons ce lien.<\/p>\n<p style=\"text-align: center\">Copyright Kellenberger Switzerland AG. Tous droits r\u00e9serv\u00e9s.<br \/>\nLa structure et le contenu du site sont prot\u00e9g\u00e9s par les droits d&rsquo;auteur.<br \/>\nToute reproduction ou utilisation de textes, d&rsquo;images, de vid\u00e9os et de<br \/>\nanimations est interdite.<\/p>\n<p><strong>Contact :<\/strong><\/p>\n<p><strong>Kellenberger Switzerland AG<\/strong><\/p>\n<p>Thann\u00e4ckerstrasse 22<br \/>\n9403 Goldach<br \/>\nSuisse T\u00e9l\u00e9phone : +41 71 242 91 11<br \/>\nT\u00e9l\u00e9fax : +41 71 242 92 22<\/p>\n<p><a href=\"mailto:info@kellenberger.net\">info@kellenberger.net<\/a><\/p>\n<\/div>\n<\/div>\n<\/div>\n[\/vc_column_text][\/vc_column][\/vc_row]\n","protected":false},"excerpt":{"rendered":"<p>[vc_row type=\u00a0\u00bbin_container\u00a0\u00bb full_screen_row_position=\u00a0\u00bbmiddle\u00a0\u00bb column_margin=\u00a0\u00bbdefault\u00a0\u00bb column_direction=\u00a0\u00bbdefault\u00a0\u00bb column_direction_tablet=\u00a0\u00bbdefault\u00a0\u00bb column_direction_phone=\u00a0\u00bbdefault\u00a0\u00bb scene_position=\u00a0\u00bbcenter\u00a0\u00bb top_margin=\u00a0\u00bb3%\u00a0\u00bb bottom_margin=\u00a0\u00bb5%\u00a0\u00bb bottom_margin_tablet=\u00a0\u00bb60&Prime; text_color=\u00a0\u00bbdark\u00a0\u00bb text_align=\u00a0\u00bbleft\u00a0\u00bb row_border_radius=\u00a0\u00bbnone\u00a0\u00bb row_border_radius_applies=\u00a0\u00bbbg\u00a0\u00bb overflow=\u00a0\u00bbvisible\u00a0\u00bb overlay_strength=\u00a0\u00bb0.3&Prime; gradient_direction=\u00a0\u00bbleft_to_right\u00a0\u00bb shape_divider_position=\u00a0\u00bbbottom\u00a0\u00bb bg_image_animation=\u00a0\u00bbnone\u00a0\u00bb shape_type=\u00a0\u00bb\u00a0\u00bb][vc_column column_padding=\u00a0\u00bbno-extra-padding\u00a0\u00bb column_padding_tablet=\u00a0\u00bbinherit\u00a0\u00bb column_padding_phone=\u00a0\u00bbinherit\u00a0\u00bb column_padding_position=\u00a0\u00bball\u00a0\u00bb top_margin=\u00a0\u00bb2%\u00a0\u00bb column_element_direction_desktop=\u00a0\u00bbdefault\u00a0\u00bb column_element_spacing=\u00a0\u00bbdefault\u00a0\u00bb desktop_text_alignment=\u00a0\u00bbdefault\u00a0\u00bb tablet_text_alignment=\u00a0\u00bbdefault\u00a0\u00bb&#8230;<\/p>\n","protected":false},"author":1,"featured_media":0,"parent":0,"menu_order":0,"comment_status":"closed","ping_status":"closed","template":"","meta":{"inline_featured_image":false,"footnotes":""},"class_list":["post-10465","page","type-page","status-publish"],"yoast_head":"<!-- This site is optimized with the Yoast SEO plugin v26.9 - https:\/\/yoast.com\/product\/yoast-seo-wordpress\/ -->\n<title>Mentions l\u00e9gales - Kellenberger<\/title>\n<meta name=\"description\" content=\"Consultez les mentions l\u00e9gales de KELLENBERGER : informations officielles sur l\u2019entreprise, coordonn\u00e9es, responsabilit\u00e9s du site, droits d\u2019auteur et conditions d\u2019utilisation. Acc\u00e9dez aux donn\u00e9es essentielles concernant l\u2019\u00e9diteur et la conformit\u00e9 juridique.\" \/>\n<meta name=\"robots\" content=\"index, follow, max-snippet:-1, max-image-preview:large, max-video-preview:-1\" \/>\n<link rel=\"canonical\" href=\"https:\/\/kellenberger.com\/fr\/fr-mentions-legales\/\" \/>\n<meta property=\"og:locale\" content=\"fr_FR\" \/>\n<meta property=\"og:type\" content=\"article\" \/>\n<meta property=\"og:title\" content=\"Mentions l\u00e9gales - Kellenberger\" \/>\n<meta property=\"og:description\" content=\"Consultez les mentions l\u00e9gales de KELLENBERGER : informations officielles sur l\u2019entreprise, coordonn\u00e9es, responsabilit\u00e9s du site, droits d\u2019auteur et conditions d\u2019utilisation. Acc\u00e9dez aux donn\u00e9es essentielles concernant l\u2019\u00e9diteur et la conformit\u00e9 juridique.\" \/>\n<meta property=\"og:url\" content=\"https:\/\/kellenberger.com\/fr\/fr-mentions-legales\/\" \/>\n<meta property=\"og:site_name\" content=\"Kellenberger\" \/>\n<meta property=\"article:modified_time\" content=\"2026-02-17T15:10:51+00:00\" \/>\n<meta name=\"twitter:card\" content=\"summary_large_image\" \/>\n<meta name=\"twitter:label1\" content=\"Dur\u00e9e de lecture estim\u00e9e\" \/>\n\t<meta name=\"twitter:data1\" content=\"2 minutes\" \/>\n<script type=\"application\/ld+json\" class=\"yoast-schema-graph\">{\"@context\":\"https:\/\/schema.org\",\"@graph\":[{\"@type\":\"WebPage\",\"@id\":\"https:\/\/kellenberger.com\/fr\/fr-mentions-legales\/\",\"url\":\"https:\/\/kellenberger.com\/fr\/fr-mentions-legales\/\",\"name\":\"Mentions l\u00e9gales - Kellenberger\",\"isPartOf\":{\"@id\":\"https:\/\/kellenberger.com\/fr\/#website\"},\"datePublished\":\"2024-04-29T13:32:57+00:00\",\"dateModified\":\"2026-02-17T15:10:51+00:00\",\"description\":\"Consultez les mentions l\u00e9gales de KELLENBERGER : informations officielles sur l\u2019entreprise, coordonn\u00e9es, responsabilit\u00e9s du site, droits d\u2019auteur et conditions d\u2019utilisation. Acc\u00e9dez aux donn\u00e9es essentielles concernant l\u2019\u00e9diteur et la conformit\u00e9 juridique.\",\"breadcrumb\":{\"@id\":\"https:\/\/kellenberger.com\/fr\/fr-mentions-legales\/#breadcrumb\"},\"inLanguage\":\"fr-FR\",\"potentialAction\":[{\"@type\":\"ReadAction\",\"target\":[\"https:\/\/kellenberger.com\/fr\/fr-mentions-legales\/\"]}]},{\"@type\":\"BreadcrumbList\",\"@id\":\"https:\/\/kellenberger.com\/fr\/fr-mentions-legales\/#breadcrumb\",\"itemListElement\":[{\"@type\":\"ListItem\",\"position\":1,\"name\":\"Home\",\"item\":\"https:\/\/kellenberger.com\/fr\/\"},{\"@type\":\"ListItem\",\"position\":2,\"name\":\"Mentions l\u00e9gales\"}]},{\"@type\":\"WebSite\",\"@id\":\"https:\/\/kellenberger.com\/fr\/#website\",\"url\":\"https:\/\/kellenberger.com\/fr\/\",\"name\":\"Kellenberger\",\"description\":\"Hersteller von multifunktionalen Pr\u00e4zisions-Drehmaschinen und Drehzentren.\",\"publisher\":{\"@id\":\"https:\/\/kellenberger.com\/fr\/#organization\"},\"potentialAction\":[{\"@type\":\"SearchAction\",\"target\":{\"@type\":\"EntryPoint\",\"urlTemplate\":\"https:\/\/kellenberger.com\/fr\/?s={search_term_string}\"},\"query-input\":{\"@type\":\"PropertyValueSpecification\",\"valueRequired\":true,\"valueName\":\"search_term_string\"}}],\"inLanguage\":\"fr-FR\"},{\"@type\":\"Organization\",\"@id\":\"https:\/\/kellenberger.com\/fr\/#organization\",\"name\":\"Kellenberger Machines Holdings GmbH\",\"url\":\"https:\/\/kellenberger.com\/fr\/\",\"logo\":{\"@type\":\"ImageObject\",\"inLanguage\":\"fr-FR\",\"@id\":\"https:\/\/kellenberger.com\/fr\/#\/schema\/logo\/image\/\",\"url\":\"https:\/\/kellenberger.com\/wp-content\/uploads\/2025\/03\/2024_Kellenberger_Logo_blue_rgb.svg\",\"contentUrl\":\"https:\/\/kellenberger.com\/wp-content\/uploads\/2025\/03\/2024_Kellenberger_Logo_blue_rgb.svg\",\"width\":1520,\"height\":289,\"caption\":\"Kellenberger Machines Holdings GmbH\"},\"image\":{\"@id\":\"https:\/\/kellenberger.com\/fr\/#\/schema\/logo\/image\/\"},\"sameAs\":[\"https:\/\/www.linkedin.com\/company\/hardinge-kellenberger-ag\/\",\"https:\/\/www.youtube.com\/channel\/UC72tV-V11t_SHzd7Hk3NdkQ\",\"https:\/\/www.instagram.com\/kellenberger_ag\/\"]}]}<\/script>\n<!-- \/ Yoast SEO plugin. -->","yoast_head_json":{"title":"Mentions l\u00e9gales - Kellenberger","description":"Consultez les mentions l\u00e9gales de KELLENBERGER : informations officielles sur l\u2019entreprise, coordonn\u00e9es, responsabilit\u00e9s du site, droits d\u2019auteur et conditions d\u2019utilisation. Acc\u00e9dez aux donn\u00e9es essentielles concernant l\u2019\u00e9diteur et la conformit\u00e9 juridique.","robots":{"index":"index","follow":"follow","max-snippet":"max-snippet:-1","max-image-preview":"max-image-preview:large","max-video-preview":"max-video-preview:-1"},"canonical":"https:\/\/kellenberger.com\/fr\/fr-mentions-legales\/","og_locale":"fr_FR","og_type":"article","og_title":"Mentions l\u00e9gales - Kellenberger","og_description":"Consultez les mentions l\u00e9gales de KELLENBERGER : informations officielles sur l\u2019entreprise, coordonn\u00e9es, responsabilit\u00e9s du site, droits d\u2019auteur et conditions d\u2019utilisation. Acc\u00e9dez aux donn\u00e9es essentielles concernant l\u2019\u00e9diteur et la conformit\u00e9 juridique.","og_url":"https:\/\/kellenberger.com\/fr\/fr-mentions-legales\/","og_site_name":"Kellenberger","article_modified_time":"2026-02-17T15:10:51+00:00","twitter_card":"summary_large_image","twitter_misc":{"Dur\u00e9e de lecture estim\u00e9e":"2 minutes"},"schema":{"@context":"https:\/\/schema.org","@graph":[{"@type":"WebPage","@id":"https:\/\/kellenberger.com\/fr\/fr-mentions-legales\/","url":"https:\/\/kellenberger.com\/fr\/fr-mentions-legales\/","name":"Mentions l\u00e9gales - Kellenberger","isPartOf":{"@id":"https:\/\/kellenberger.com\/fr\/#website"},"datePublished":"2024-04-29T13:32:57+00:00","dateModified":"2026-02-17T15:10:51+00:00","description":"Consultez les mentions l\u00e9gales de KELLENBERGER : informations officielles sur l\u2019entreprise, coordonn\u00e9es, responsabilit\u00e9s du site, droits d\u2019auteur et conditions d\u2019utilisation. Acc\u00e9dez aux donn\u00e9es essentielles concernant l\u2019\u00e9diteur et la conformit\u00e9 juridique.","breadcrumb":{"@id":"https:\/\/kellenberger.com\/fr\/fr-mentions-legales\/#breadcrumb"},"inLanguage":"fr-FR","potentialAction":[{"@type":"ReadAction","target":["https:\/\/kellenberger.com\/fr\/fr-mentions-legales\/"]}]},{"@type":"BreadcrumbList","@id":"https:\/\/kellenberger.com\/fr\/fr-mentions-legales\/#breadcrumb","itemListElement":[{"@type":"ListItem","position":1,"name":"Home","item":"https:\/\/kellenberger.com\/fr\/"},{"@type":"ListItem","position":2,"name":"Mentions l\u00e9gales"}]},{"@type":"WebSite","@id":"https:\/\/kellenberger.com\/fr\/#website","url":"https:\/\/kellenberger.com\/fr\/","name":"Kellenberger","description":"Hersteller von multifunktionalen Pr\u00e4zisions-Drehmaschinen und Drehzentren.","publisher":{"@id":"https:\/\/kellenberger.com\/fr\/#organization"},"potentialAction":[{"@type":"SearchAction","target":{"@type":"EntryPoint","urlTemplate":"https:\/\/kellenberger.com\/fr\/?s={search_term_string}"},"query-input":{"@type":"PropertyValueSpecification","valueRequired":true,"valueName":"search_term_string"}}],"inLanguage":"fr-FR"},{"@type":"Organization","@id":"https:\/\/kellenberger.com\/fr\/#organization","name":"Kellenberger Machines Holdings GmbH","url":"https:\/\/kellenberger.com\/fr\/","logo":{"@type":"ImageObject","inLanguage":"fr-FR","@id":"https:\/\/kellenberger.com\/fr\/#\/schema\/logo\/image\/","url":"https:\/\/kellenberger.com\/wp-content\/uploads\/2025\/03\/2024_Kellenberger_Logo_blue_rgb.svg","contentUrl":"https:\/\/kellenberger.com\/wp-content\/uploads\/2025\/03\/2024_Kellenberger_Logo_blue_rgb.svg","width":1520,"height":289,"caption":"Kellenberger Machines Holdings GmbH"},"image":{"@id":"https:\/\/kellenberger.com\/fr\/#\/schema\/logo\/image\/"},"sameAs":["https:\/\/www.linkedin.com\/company\/hardinge-kellenberger-ag\/","https:\/\/www.youtube.com\/channel\/UC72tV-V11t_SHzd7Hk3NdkQ","https:\/\/www.instagram.com\/kellenberger_ag\/"]}]}},"_links":{"self":[{"href":"https:\/\/kellenberger.com\/fr\/wp-json\/wp\/v2\/pages\/10465","targetHints":{"allow":["GET"]}}],"collection":[{"href":"https:\/\/kellenberger.com\/fr\/wp-json\/wp\/v2\/pages"}],"about":[{"href":"https:\/\/kellenberger.com\/fr\/wp-json\/wp\/v2\/types\/page"}],"author":[{"embeddable":true,"href":"https:\/\/kellenberger.com\/fr\/wp-json\/wp\/v2\/users\/1"}],"replies":[{"embeddable":true,"href":"https:\/\/kellenberger.com\/fr\/wp-json\/wp\/v2\/comments?post=10465"}],"version-history":[{"count":6,"href":"https:\/\/kellenberger.com\/fr\/wp-json\/wp\/v2\/pages\/10465\/revisions"}],"predecessor-version":[{"id":25879,"href":"https:\/\/kellenberger.com\/fr\/wp-json\/wp\/v2\/pages\/10465\/revisions\/25879"}],"wp:attachment":[{"href":"https:\/\/kellenberger.com\/fr\/wp-json\/wp\/v2\/media?parent=10465"}],"curies":[{"name":"wp","href":"https:\/\/api.w.org\/{rel}","templated":true}]}}