{"id":22809,"date":"2025-12-04T15:48:10","date_gmt":"2025-12-04T14:48:10","guid":{"rendered":"https:\/\/kellenberger.com\/europa\/od-grinding\/"},"modified":"2026-02-18T13:13:31","modified_gmt":"2026-02-18T12:13:31","slug":"od-grinding","status":"publish","type":"page","link":"https:\/\/kellenberger.com\/europe\/fr\/od-grinding\/","title":{"rendered":"Rectification du diam\u00e8tre ext\u00e9rieur"},"content":{"rendered":"[vc_row type=\u00a0\u00bbin_container\u00a0\u00bb full_screen_row_position=\u00a0\u00bbmiddle\u00a0\u00bb column_margin=\u00a0\u00bbdefault\u00a0\u00bb column_direction=\u00a0\u00bbdefault\u00a0\u00bb column_direction_tablet=\u00a0\u00bbdefault\u00a0\u00bb column_direction_phone=\u00a0\u00bbdefault\u00a0\u00bb scene_position=\u00a0\u00bbcenter\u00a0\u00bb bottom_margin_tablet=\u00a0\u00bb60&Prime; text_color=\u00a0\u00bbdark\u00a0\u00bb text_align=\u00a0\u00bbleft\u00a0\u00bb row_border_radius=\u00a0\u00bbnone\u00a0\u00bb row_border_radius_applies=\u00a0\u00bbbg\u00a0\u00bb overflow=\u00a0\u00bbvisible\u00a0\u00bb overlay_strength=\u00a0\u00bb0.3&Prime; gradient_direction=\u00a0\u00bbleft_to_right\u00a0\u00bb shape_divider_position=\u00a0\u00bbbottom\u00a0\u00bb bg_image_animation=\u00a0\u00bbnone\u00a0\u00bb shape_type=\u00a0\u00bb\u00a0\u00bb gradient_type=\u00a0\u00bbdefault\u00a0\u00bb][vc_column column_padding=\u00a0\u00bbno-extra-padding\u00a0\u00bb column_padding_tablet=\u00a0\u00bbinherit\u00a0\u00bb column_padding_phone=\u00a0\u00bbinherit\u00a0\u00bb column_padding_position=\u00a0\u00bball\u00a0\u00bb top_margin=\u00a0\u00bb2%\u00a0\u00bb column_element_direction_desktop=\u00a0\u00bbdefault\u00a0\u00bb column_element_spacing=\u00a0\u00bbdefault\u00a0\u00bb desktop_text_alignment=\u00a0\u00bbdefault\u00a0\u00bb tablet_text_alignment=\u00a0\u00bbdefault\u00a0\u00bb phone_text_alignment=\u00a0\u00bbdefault\u00a0\u00bb background_color_opacity=\u00a0\u00bb1&Prime; background_hover_color_opacity=\u00a0\u00bb1&Prime; column_backdrop_filter=\u00a0\u00bbnone\u00a0\u00bb column_shadow=\u00a0\u00bbnone\u00a0\u00bb column_border_radius=\u00a0\u00bbnone\u00a0\u00bb column_link_target=\u00a0\u00bb_self\u00a0\u00bb column_position=\u00a0\u00bbdefault\u00a0\u00bb gradient_direction=\u00a0\u00bbleft_to_right\u00a0\u00bb overlay_strength=\u00a0\u00bb0.3&Prime; width=\u00a0\u00bb1\/2&Prime; tablet_width_inherit=\u00a0\u00bbdefault\u00a0\u00bb animation_type=\u00a0\u00bbdefault\u00a0\u00bb bg_image_animation=\u00a0\u00bbnone\u00a0\u00bb border_type=\u00a0\u00bbsimple\u00a0\u00bb column_border_width=\u00a0\u00bbnone\u00a0\u00bb column_border_style=\u00a0\u00bbsolid\u00a0\u00bb][vc_custom_heading text=\u00a0\u00bbMachines de rectification cylindrique\u00a0\u00bb font_container=\u00a0\u00bbtag:h1|text_align:left\u00a0\u00bb use_theme_fonts=\u00a0\u00bbyes\u00a0\u00bb][vc_column_text css=\u00a0\u00bb.vc_custom_1765276444494{padding-top: 5% !important;padding-right: 2% !important;}\u00a0\u00bb text_direction=\u00a0\u00bbdefault\u00a0\u00bb]\n<h4 data-pm-slice=\"1 1 []\">Rectifieuses cylindriques Kellenberger : Pr\u00e9cision et flexibilit\u00e9 red\u00e9finies<\/h4>\n<p>Les rectifieuses cylindriques Kellenberger sont synonymes dans le monde entier de pr\u00e9cision, de flexibilit\u00e9 et de la plus haute qualit\u00e9 dans la production industrielle. Nos machines sont utilis\u00e9es dans diverses industries telles que l&rsquo;automobile, l&rsquo;a\u00e9rospatiale et la fabrication d&rsquo;outils, et offrent des solutions personnalis\u00e9es pour les t\u00e2ches de rectification les plus exigeantes.<\/p>\n<h4>Une pr\u00e9cision de classe mondiale pour les applications les plus exigeantes<\/h4>\n<p>Dot\u00e9es d&rsquo;une technologie de pointe, les rectifieuses cylindriques Kellenberger garantissent des r\u00e9sultats pr\u00e9cis, une qualit\u00e9 de surface exceptionnelle et une fiabilit\u00e9 \u00e0 long terme. Qu&rsquo;il s&rsquo;agisse de petites pi\u00e8ces ou de pi\u00e8ces plus grandes, nos machines r\u00e9pondent sans probl\u00e8me \u00e0 des exigences complexes et garantissent une efficacit\u00e9 maximale de votre production.<\/p>\n<h4>Du niveau d&rsquo;entr\u00e9e au niveau avanc\u00e9 : La gamme de machines<\/h4>\n<p>Nos mod\u00e8les couvrent un large \u00e9ventail d&rsquo;applications : Le <a href=\"https:\/\/kellenberger.com\/europe\/fr\/produit\/k10\/\"><strong>KELLENBERGER K10<\/strong><\/a> offre une solution d&rsquo;entr\u00e9e de gamme rentable pour les t\u00e2ches de meulage standard, tandis que la <a href=\"https:\/\/kellenberger.com\/europe\/fr\/produit\/kellenberger-k100\/\"><strong>KELLENBERGER K100<\/strong><\/a> r\u00e9pond sans difficult\u00e9 \u00e0 des exigences plus complexes gr\u00e2ce \u00e0 sa polyvalence et \u00e0 sa conception modulaire. La <a href=\"https:\/\/kellenberger.com\/europe\/fr\/produit\/kellenberger-k1000\/\"><strong>KELLENBERGER K1000<\/strong> <\/a>se situe au sommet de la gamme et impressionne par sa technologie de pointe, sa pr\u00e9cision maximale et sa grande flexibilit\u00e9 pour les processus de production les plus exigeants.<\/p>\n<h4>Solutions de broyage personnalis\u00e9es pour les besoins de la fabrication moderne<\/h4>\n<p>Gr\u00e2ce \u00e0 leur polyvalence et aux possibilit\u00e9s de personnalisation, les rectifieuses cylindriques Kellenberger sont adapt\u00e9es de mani\u00e8re optimale aux exigences sp\u00e9cifiques des processus de fabrication modernes. Elles constituent donc le choix id\u00e9al pour les entreprises qui privil\u00e9gient la qualit\u00e9, la productivit\u00e9 et la fiabilit\u00e9.<\/p>\n<h4>Un fonctionnement intuitif pour une conception robuste<\/h4>\n<p>Un autre avantage de nos machines est leur utilisation intuitive, qui permet non seulement de gagner du temps mais aussi de minimiser les besoins de formation. Leur conception robuste garantit une longue dur\u00e9e de vie et r\u00e9duit les co\u00fbts de maintenance. Elles sont id\u00e9ales pour les entreprises qui privil\u00e9gient la production continue et la r\u00e9duction des temps d&rsquo;arr\u00eat.<\/p>\n<h4>Maximisez votre productivit\u00e9 gr\u00e2ce aux rectifieuses cylindriques Kellenberger<\/h4>\n<p>Choisissez les rectifieuses cylindriques Kellenberger et faites passer votre production \u00e0 un niveau sup\u00e9rieur. Nos machines ne sont pas seulement performantes, elles sont aussi un outil pr\u00e9cieux pour les entreprises qui souhaitent se diff\u00e9rencier sur le march\u00e9 par la pr\u00e9cision et la qualit\u00e9.<\/p>\n<h4>Pourquoi choisir Kellenberger ?<\/h4>\n<ul data-spread=\"false\">\n<li>La pr\u00e9cision au plus haut niveau<\/li>\n<li>Solutions personnalis\u00e9es pour diverses industries<\/li>\n<li>Conception durable et n\u00e9cessitant peu d&rsquo;entretien<\/li>\n<li>Fonctionnement intuitif pour une efficacit\u00e9 maximale<\/li>\n<\/ul>\n<h4>Kellenberger &#8211; Votre partenaire fiable pour la pr\u00e9cision, l&rsquo;innovation et le succ\u00e8s<\/h4>\n<p>D\u00e9couvrez d\u00e8s aujourd&rsquo;hui les avantages de nos rectifieuses cylindriques et optimisez durablement vos processus de production.[\/vc_column_text][\/vc_column][vc_column column_padding=\u00a0\u00bbno-extra-padding\u00a0\u00bb column_padding_tablet=\u00a0\u00bbinherit\u00a0\u00bb column_padding_phone=\u00a0\u00bbinherit\u00a0\u00bb column_padding_position=\u00a0\u00bball\u00a0\u00bb column_element_direction_desktop=\u00a0\u00bbdefault\u00a0\u00bb column_element_spacing=\u00a0\u00bbdefault\u00a0\u00bb desktop_text_alignment=\u00a0\u00bbdefault\u00a0\u00bb tablet_text_alignment=\u00a0\u00bbdefault\u00a0\u00bb phone_text_alignment=\u00a0\u00bbdefault\u00a0\u00bb background_color_opacity=\u00a0\u00bb1&Prime; background_hover_color_opacity=\u00a0\u00bb1&Prime; column_backdrop_filter=\u00a0\u00bbnone\u00a0\u00bb column_shadow=\u00a0\u00bbnone\u00a0\u00bb column_border_radius=\u00a0\u00bbnone\u00a0\u00bb column_link_target=\u00a0\u00bb_self\u00a0\u00bb column_position=\u00a0\u00bbdefault\u00a0\u00bb gradient_direction=\u00a0\u00bbleft_to_right\u00a0\u00bb overlay_strength=\u00a0\u00bb0.3&Prime; width=\u00a0\u00bb1\/2&Prime; tablet_width_inherit=\u00a0\u00bbdefault\u00a0\u00bb animation_type=\u00a0\u00bbdefault\u00a0\u00bb bg_image_animation=\u00a0\u00bbnone\u00a0\u00bb border_type=\u00a0\u00bbsimple\u00a0\u00bb column_border_width=\u00a0\u00bbnone\u00a0\u00bb column_border_style=\u00a0\u00bbsolid\u00a0\u00bb][image_with_animation image_url=\u00a0\u00bb16337&Prime; image_size=\u00a0\u00bbfull\u00a0\u00bb max_width=\u00a0\u00bb100%\u00a0\u00bb max_width_mobile=\u00a0\u00bbdefault\u00a0\u00bb animation_type=\u00a0\u00bbentrance\u00a0\u00bb animation=\u00a0\u00bbNone\u00a0\u00bb animation_movement_type=\u00a0\u00bbtransform_y\u00a0\u00bb hover_animation=\u00a0\u00bbnone\u00a0\u00bb alignment=\u00a0\u00bb\u00a0\u00bb border_radius=\u00a0\u00bbnone\u00a0\u00bb box_shadow=\u00a0\u00bbnone\u00a0\u00bb image_loading=\u00a0\u00bbdefault\u00a0\u00bb][\/vc_column][\/vc_row][vc_row type=\u00a0\u00bbin_container\u00a0\u00bb full_screen_row_position=\u00a0\u00bbmiddle\u00a0\u00bb column_margin=\u00a0\u00bbdefault\u00a0\u00bb column_direction=\u00a0\u00bbdefault\u00a0\u00bb column_direction_tablet=\u00a0\u00bbdefault\u00a0\u00bb column_direction_phone=\u00a0\u00bbdefault\u00a0\u00bb scene_position=\u00a0\u00bbcenter\u00a0\u00bb constrain_group_1=\u00a0\u00bbyes\u00a0\u00bb text_color=\u00a0\u00bbdark\u00a0\u00bb text_align=\u00a0\u00bbleft\u00a0\u00bb row_border_radius=\u00a0\u00bbnone\u00a0\u00bb row_border_radius_applies=\u00a0\u00bbbg\u00a0\u00bb overflow=\u00a0\u00bbvisible\u00a0\u00bb overlay_strength=\u00a0\u00bb0.3&Prime; gradient_direction=\u00a0\u00bbleft_to_right\u00a0\u00bb shape_divider_position=\u00a0\u00bbbottom\u00a0\u00bb bg_image_animation=\u00a0\u00bbnone\u00a0\u00bb gradient_type=\u00a0\u00bbdefault\u00a0\u00bb shape_type=\u00a0\u00bb\u00a0\u00bb][vc_column column_padding=\u00a0\u00bbno-extra-padding\u00a0\u00bb column_padding_tablet=\u00a0\u00bbinherit\u00a0\u00bb column_padding_phone=\u00a0\u00bbinherit\u00a0\u00bb column_padding_position=\u00a0\u00bball\u00a0\u00bb column_element_direction_desktop=\u00a0\u00bbdefault\u00a0\u00bb column_element_spacing=\u00a0\u00bbdefault\u00a0\u00bb desktop_text_alignment=\u00a0\u00bbdefault\u00a0\u00bb tablet_text_alignment=\u00a0\u00bbdefault\u00a0\u00bb phone_text_alignment=\u00a0\u00bbdefault\u00a0\u00bb background_color_opacity=\u00a0\u00bb1&Prime; background_hover_color_opacity=\u00a0\u00bb1&Prime; column_backdrop_filter=\u00a0\u00bbnone\u00a0\u00bb column_shadow=\u00a0\u00bbnone\u00a0\u00bb column_border_radius=\u00a0\u00bbnone\u00a0\u00bb column_link_target=\u00a0\u00bb_self\u00a0\u00bb column_position=\u00a0\u00bbdefault\u00a0\u00bb gradient_direction=\u00a0\u00bbleft_to_right\u00a0\u00bb overlay_strength=\u00a0\u00bb0.3&Prime; width=\u00a0\u00bb1\/1&Prime; tablet_width_inherit=\u00a0\u00bbdefault\u00a0\u00bb animation_type=\u00a0\u00bbdefault\u00a0\u00bb bg_image_animation=\u00a0\u00bbnone\u00a0\u00bb border_type=\u00a0\u00bbsimple\u00a0\u00bb column_border_width=\u00a0\u00bbnone\u00a0\u00bb column_border_style=\u00a0\u00bbsolid\u00a0\u00bb]\t\t\t\t\n\t\t\t\t\n\t\t\t\t\n\t\t\t<div class=\"portfolio-wrap \">\n\t\t\t\t\t\n\t\t\t\t\t\t\t\t\t\n\t\t\t\t<span class=\"portfolio-loading  none\">   <\/span>\n\t\t\t\t\t\n\t\t\t\t\t\t\t\t\t\n\t\t\t\t<div class=\"row portfolio-items no-masonry  \" data-rcp=\"false\" data-masonry-type=\"default\" data-ps=\"1\" data-starting-filter=\"\" data-gutter=\"default\" data-categories-to-show=\"rundschleifmaschinen\" data-bypass-cropping=\"\" data-lightbox-only=\"0\" data-col-num=\"cols-3\">\n\t\t\t\t\t\t\t\t\t\t\t\n\t\t\t\t\t\t\t\t\t\t\t\n\t\t\t\t\t<div class=\"col span_4  element poncage-du-diametre-exterieur \"  data-project-cat=\"poncage-du-diametre-exterieur \" data-default-color=\"true\" data-title-color=\"\" data-subtitle-color=\"\">\n\t\t\t\t\t\t\t\n\t\t\t\t\t\t<div class=\"inner-wrap animated\" data-animation=\"none\">\n\t\t\t\t\t\t\t\t\n\t\t\t\t\t\t\t\t\t\t\t\t\t\t\t\t\n\t\t\t\t\t\t\t\t<div class=\"work-item style-1\" data-custom-content=\"on\">\n\t\t\t\t\t\t\t\t\t\t\n\t\t\t\t\t\t\t\t\t<img decoding=\"async\" class=\"no-img\" src=\"https:\/\/kellenberger.com\/europe\/wp-content\/plugins\/salient-portfolio\/img\/no-portfolio-item-small.jpg\" alt=\"KELLENBERGER K1000\" \/>\t\t\t\t\t\t\t\t\t\t\n\t\t\t\t\t\t\t\t\t<div class=\"work-info-bg\"><\/div>\n\t\t\t\t\t\t\t\t\t<div class=\"work-info\"> \n\t\t\t\t\t\t\t\t\t\t\t\n\t\t\t\t\t\t\t\t\t\t<a href=\"https:\/\/kellenberger.com\/europe\/fr\/produit\/kellenberger-k1000\/\"><span class=\"screen-reader-text\">KELLENBERGER K1000<\/span><\/a><div class=\"vert-center\"><div class=\"custom-content\"><h3>PON\u00c7AGE DU DIAM\u00c8TRE EXT\u00c9RIEUR<\/h3>\r\n<h2>K1000<\/h2><\/div><\/div><\/div><\/div>\t\t\t\t\t\t\t\t\n\t\t\t\t\t\t\t\t\n\t\t\t\t\t\t<\/div><!--\/inner-wrap-->\n\t\t\t\t\t<\/div><!--\/col-->\n\t\t\t\t\t\t\n\t\t\t\t\t\t\t\t\t\t\n\t\t\t\t\t\t\t\t\t\t\t\n\t\t\t\t\t<div class=\"col span_4  element poncage-du-diametre-exterieur \"  data-project-cat=\"poncage-du-diametre-exterieur \" data-default-color=\"true\" data-title-color=\"\" data-subtitle-color=\"\">\n\t\t\t\t\t\t\t\n\t\t\t\t\t\t<div class=\"inner-wrap animated\" data-animation=\"none\">\n\t\t\t\t\t\t\t\t\n\t\t\t\t\t\t\t\t\t\t\t\t\t\t\t\t\n\t\t\t\t\t\t\t\t<div class=\"work-item style-1\" data-custom-content=\"on\">\n\t\t\t\t\t\t\t\t\t\t\n\t\t\t\t\t\t\t\t\t<img decoding=\"async\" class=\"size- skip-lazy\" src=\"https:\/\/kellenberger.com\/europe\/wp-content\/uploads\/2026\/01\/K100-1000x1000-1-600x403.jpg\" alt=\"\" height=\"\" width=\"\" srcset=\"https:\/\/kellenberger.com\/europe\/wp-content\/uploads\/2026\/01\/K100-1000x1000-1-600x403.jpg 600w, \" sizes=\"(min-width: 1000px) 33.3vw, (min-width: 690px) 50vw, 100vw\" \/>\t\t\t\t\t\t\t\t\t\t\n\t\t\t\t\t\t\t\t\t<div class=\"work-info-bg\"><\/div>\n\t\t\t\t\t\t\t\t\t<div class=\"work-info\"> \n\t\t\t\t\t\t\t\t\t\t\t\n\t\t\t\t\t\t\t\t\t\t<a href=\"https:\/\/kellenberger.com\/europe\/fr\/produit\/kellenberger-k100\/\"><span class=\"screen-reader-text\">KELLENBERGER K100<\/span><\/a><div class=\"vert-center\"><div class=\"custom-content\"><h3>PON\u00c7AGE DU DIAM\u00c8TRE EXT\u00c9RIEUR<\/h3>\r\n<h2>K100<\/h2><\/div><\/div><\/div><\/div>\t\t\t\t\t\t\t\t\n\t\t\t\t\t\t\t\t\n\t\t\t\t\t\t<\/div><!--\/inner-wrap-->\n\t\t\t\t\t<\/div><!--\/col-->\n\t\t\t\t\t\t\n\t\t\t\t\t\t\t\t\t\t\n\t\t\t\t\t\t\t\t\t\t\t\n\t\t\t\t\t<div class=\"col span_4  element poncage-du-diametre-exterieur \"  data-project-cat=\"poncage-du-diametre-exterieur \" data-default-color=\"true\" data-title-color=\"\" data-subtitle-color=\"\">\n\t\t\t\t\t\t\t\n\t\t\t\t\t\t<div class=\"inner-wrap animated\" data-animation=\"none\">\n\t\t\t\t\t\t\t\t\n\t\t\t\t\t\t\t\t\t\t\t\t\t\t\t\t\n\t\t\t\t\t\t\t\t<div class=\"work-item style-1\" data-custom-content=\"on\">\n\t\t\t\t\t\t\t\t\t\t\n\t\t\t\t\t\t\t\t\t<img decoding=\"async\" class=\"size- skip-lazy\" src=\"https:\/\/kellenberger.com\/europe\/wp-content\/uploads\/2025\/03\/K10-600x403.jpg\" alt=\"\" height=\"\" width=\"\" srcset=\"https:\/\/kellenberger.com\/europe\/wp-content\/uploads\/2025\/03\/K10-600x403.jpg 600w, \" sizes=\"(min-width: 1000px) 33.3vw, (min-width: 690px) 50vw, 100vw\" \/>\t\t\t\t\t\t\t\t\t\t\n\t\t\t\t\t\t\t\t\t<div class=\"work-info-bg\"><\/div>\n\t\t\t\t\t\t\t\t\t<div class=\"work-info\"> \n\t\t\t\t\t\t\t\t\t\t\t\n\t\t\t\t\t\t\t\t\t\t<a href=\"https:\/\/kellenberger.com\/europe\/fr\/produit\/k10\/\"><span class=\"screen-reader-text\">KELLENBERGER K10<\/span><\/a><div class=\"vert-center\"><div class=\"custom-content\"><h3>PON\u00c7AGE DU DIAM\u00c8TRE EXT\u00c9RIEUR<\/h3>\r\n<h2>K10<\/h2><\/div><\/div><\/div><\/div>\t\t\t\t\t\t\t\t\n\t\t\t\t\t\t\t\t\n\t\t\t\t\t\t<\/div><!--\/inner-wrap-->\n\t\t\t\t\t<\/div><!--\/col-->\n\t\t\t\t\t\t\n\t\t\t\t\t\t\t\t\t\t\n\t\t\t\t\t\t\t\t\t\t\t\n\t\t\t\t\t<div class=\"col span_4  element meulage-didentification poncage-du-diametre-exterieur \"  data-project-cat=\"meulage-didentification poncage-du-diametre-exterieur \" data-default-color=\"true\" data-title-color=\"\" data-subtitle-color=\"\">\n\t\t\t\t\t\t\t\n\t\t\t\t\t\t<div class=\"inner-wrap animated\" data-animation=\"none\">\n\t\t\t\t\t\t\t\t\n\t\t\t\t\t\t\t\t\t\t\t\t\t\t\t\t\n\t\t\t\t\t\t\t\t<div class=\"work-item style-1\" data-custom-content=\"on\">\n\t\t\t\t\t\t\t\t\t\t\n\t\t\t\t\t\t\t\t\t<img decoding=\"async\" class=\"size- skip-lazy\" src=\"https:\/\/kellenberger.com\/europe\/wp-content\/uploads\/2025\/12\/Kellenberger-ID_OD-Grinding-KELLENBERGER-U300_fr_gesch_4c-600x403.png\" alt=\"\" height=\"\" width=\"\" srcset=\"https:\/\/kellenberger.com\/europe\/wp-content\/uploads\/2025\/12\/Kellenberger-ID_OD-Grinding-KELLENBERGER-U300_fr_gesch_4c-600x403.png 600w, \" sizes=\"(min-width: 1000px) 33.3vw, (min-width: 690px) 50vw, 100vw\" \/>\t\t\t\t\t\t\t\t\t\t\n\t\t\t\t\t\t\t\t\t<div class=\"work-info-bg\"><\/div>\n\t\t\t\t\t\t\t\t\t<div class=\"work-info\"> \n\t\t\t\t\t\t\t\t\t\t\t\n\t\t\t\t\t\t\t\t\t\t<a href=\"https:\/\/kellenberger.com\/europe\/fr\/produit\/kellenberger-u300\/\"><span class=\"screen-reader-text\">KELLENBERGER U300<\/span><\/a><div class=\"vert-center\"><div class=\"custom-content\"><h3>PON\u00c7AGE DU DIAM\u00c8TRE EXT\u00c9RIEUR<\/h3>\r\n<h2>U300<\/h2><\/div><\/div><\/div><\/div>\t\t\t\t\t\t\t\t\n\t\t\t\t\t\t\t\t\n\t\t\t\t\t\t<\/div><!--\/inner-wrap-->\n\t\t\t\t\t<\/div><!--\/col-->\n\t\t\t\t\t\t\n\t\t\t\t\t\t\t\t\t\n\t\t\t<\/div><!--\/portfolio-->\n\t\t<\/div><!--\/portfolio wrap-->\n\t\t\t\n\t\t[\/vc_column][\/vc_row]\n","protected":false},"excerpt":{"rendered":"<p>[vc_row type=\u00a0\u00bbin_container\u00a0\u00bb full_screen_row_position=\u00a0\u00bbmiddle\u00a0\u00bb column_margin=\u00a0\u00bbdefault\u00a0\u00bb column_direction=\u00a0\u00bbdefault\u00a0\u00bb column_direction_tablet=\u00a0\u00bbdefault\u00a0\u00bb column_direction_phone=\u00a0\u00bbdefault\u00a0\u00bb scene_position=\u00a0\u00bbcenter\u00a0\u00bb bottom_margin_tablet=\u00a0\u00bb60&Prime; text_color=\u00a0\u00bbdark\u00a0\u00bb text_align=\u00a0\u00bbleft\u00a0\u00bb row_border_radius=\u00a0\u00bbnone\u00a0\u00bb row_border_radius_applies=\u00a0\u00bbbg\u00a0\u00bb overflow=\u00a0\u00bbvisible\u00a0\u00bb overlay_strength=\u00a0\u00bb0.3&Prime; gradient_direction=\u00a0\u00bbleft_to_right\u00a0\u00bb shape_divider_position=\u00a0\u00bbbottom\u00a0\u00bb bg_image_animation=\u00a0\u00bbnone\u00a0\u00bb shape_type=\u00a0\u00bb\u00a0\u00bb gradient_type=\u00a0\u00bbdefault\u00a0\u00bb][vc_column column_padding=\u00a0\u00bbno-extra-padding\u00a0\u00bb column_padding_tablet=\u00a0\u00bbinherit\u00a0\u00bb column_padding_phone=\u00a0\u00bbinherit\u00a0\u00bb column_padding_position=\u00a0\u00bball\u00a0\u00bb top_margin=\u00a0\u00bb2%\u00a0\u00bb column_element_direction_desktop=\u00a0\u00bbdefault\u00a0\u00bb column_element_spacing=\u00a0\u00bbdefault\u00a0\u00bb desktop_text_alignment=\u00a0\u00bbdefault\u00a0\u00bb tablet_text_alignment=\u00a0\u00bbdefault\u00a0\u00bb phone_text_alignment=\u00a0\u00bbdefault\u00a0\u00bb&#8230;<\/p>\n","protected":false},"author":1,"featured_media":0,"parent":0,"menu_order":0,"comment_status":"closed","ping_status":"closed","template":"","meta":{"inline_featured_image":false,"footnotes":""},"class_list":["post-22809","page","type-page","status-publish"],"yoast_head":"<!-- This site is optimized with the Yoast SEO plugin v26.9 - https:\/\/yoast.com\/product\/yoast-seo-wordpress\/ -->\n<title>Rectification du diam\u00e8tre ext\u00e9rieur - Kellenberger Region - Europa<\/title>\n<meta name=\"description\" content=\"D\u00e9couvrez l\u2019OD\u2011Grinding KELLENBERGER en Europe\u202f: rectification ext\u00e9rieure de haute pr\u00e9cision, stabilit\u00e9 maximale, qualit\u00e9 de surface exceptionnelle et performances optimales pour les applications industrielles les plus exigeantes.\" \/>\n<meta name=\"robots\" content=\"index, follow, max-snippet:-1, max-image-preview:large, max-video-preview:-1\" \/>\n<link rel=\"canonical\" href=\"https:\/\/kellenberger.com\/europe\/fr\/od-grinding\/\" \/>\n<meta property=\"og:locale\" content=\"fr_FR\" \/>\n<meta property=\"og:type\" content=\"article\" \/>\n<meta property=\"og:title\" content=\"Rectification du diam\u00e8tre ext\u00e9rieur - Kellenberger Region - Europa\" \/>\n<meta property=\"og:description\" content=\"D\u00e9couvrez l\u2019OD\u2011Grinding KELLENBERGER en Europe\u202f: rectification ext\u00e9rieure de haute pr\u00e9cision, stabilit\u00e9 maximale, qualit\u00e9 de surface exceptionnelle et performances optimales pour les applications industrielles les plus exigeantes.\" \/>\n<meta property=\"og:url\" content=\"https:\/\/kellenberger.com\/europe\/fr\/od-grinding\/\" \/>\n<meta property=\"og:site_name\" content=\"Kellenberger Region - Europa\" \/>\n<meta property=\"article:modified_time\" content=\"2026-02-18T12:13:31+00:00\" \/>\n<meta name=\"twitter:card\" content=\"summary_large_image\" \/>\n<meta name=\"twitter:label1\" content=\"Dur\u00e9e de lecture estim\u00e9e\" \/>\n\t<meta name=\"twitter:data1\" content=\"3 minutes\" \/>\n<script type=\"application\/ld+json\" class=\"yoast-schema-graph\">{\"@context\":\"https:\/\/schema.org\",\"@graph\":[{\"@type\":\"WebPage\",\"@id\":\"https:\/\/kellenberger.com\/europe\/fr\/od-grinding\/\",\"url\":\"https:\/\/kellenberger.com\/europe\/fr\/od-grinding\/\",\"name\":\"Rectification du diam\u00e8tre ext\u00e9rieur - Kellenberger Region - Europa\",\"isPartOf\":{\"@id\":\"https:\/\/kellenberger.com\/europe\/fr\/#website\"},\"datePublished\":\"2025-12-04T14:48:10+00:00\",\"dateModified\":\"2026-02-18T12:13:31+00:00\",\"description\":\"D\u00e9couvrez l\u2019OD\u2011Grinding KELLENBERGER en Europe\u202f: rectification ext\u00e9rieure de haute pr\u00e9cision, stabilit\u00e9 maximale, qualit\u00e9 de surface exceptionnelle et performances optimales pour les applications industrielles les plus exigeantes.\",\"breadcrumb\":{\"@id\":\"https:\/\/kellenberger.com\/europe\/fr\/od-grinding\/#breadcrumb\"},\"inLanguage\":\"fr-FR\",\"potentialAction\":[{\"@type\":\"ReadAction\",\"target\":[\"https:\/\/kellenberger.com\/europe\/fr\/od-grinding\/\"]}]},{\"@type\":\"BreadcrumbList\",\"@id\":\"https:\/\/kellenberger.com\/europe\/fr\/od-grinding\/#breadcrumb\",\"itemListElement\":[{\"@type\":\"ListItem\",\"position\":1,\"name\":\"Home\",\"item\":\"https:\/\/kellenberger.com\/europe\/fr\/\"},{\"@type\":\"ListItem\",\"position\":2,\"name\":\"Rectification du diam\u00e8tre ext\u00e9rieur\"}]},{\"@type\":\"WebSite\",\"@id\":\"https:\/\/kellenberger.com\/europe\/fr\/#website\",\"url\":\"https:\/\/kellenberger.com\/europe\/fr\/\",\"name\":\"Kellenberger Region - Europa\",\"description\":\"\",\"potentialAction\":[{\"@type\":\"SearchAction\",\"target\":{\"@type\":\"EntryPoint\",\"urlTemplate\":\"https:\/\/kellenberger.com\/europe\/fr\/?s={search_term_string}\"},\"query-input\":{\"@type\":\"PropertyValueSpecification\",\"valueRequired\":true,\"valueName\":\"search_term_string\"}}],\"inLanguage\":\"fr-FR\"}]}<\/script>\n<!-- \/ Yoast SEO plugin. -->","yoast_head_json":{"title":"Rectification du diam\u00e8tre ext\u00e9rieur - Kellenberger Region - Europa","description":"D\u00e9couvrez l\u2019OD\u2011Grinding KELLENBERGER en Europe\u202f: rectification ext\u00e9rieure de haute pr\u00e9cision, stabilit\u00e9 maximale, qualit\u00e9 de surface exceptionnelle et performances optimales pour les applications industrielles les plus exigeantes.","robots":{"index":"index","follow":"follow","max-snippet":"max-snippet:-1","max-image-preview":"max-image-preview:large","max-video-preview":"max-video-preview:-1"},"canonical":"https:\/\/kellenberger.com\/europe\/fr\/od-grinding\/","og_locale":"fr_FR","og_type":"article","og_title":"Rectification du diam\u00e8tre ext\u00e9rieur - Kellenberger Region - Europa","og_description":"D\u00e9couvrez l\u2019OD\u2011Grinding KELLENBERGER en Europe\u202f: rectification ext\u00e9rieure de haute pr\u00e9cision, stabilit\u00e9 maximale, qualit\u00e9 de surface exceptionnelle et performances optimales pour les applications industrielles les plus exigeantes.","og_url":"https:\/\/kellenberger.com\/europe\/fr\/od-grinding\/","og_site_name":"Kellenberger Region - Europa","article_modified_time":"2026-02-18T12:13:31+00:00","twitter_card":"summary_large_image","twitter_misc":{"Dur\u00e9e de lecture estim\u00e9e":"3 minutes"},"schema":{"@context":"https:\/\/schema.org","@graph":[{"@type":"WebPage","@id":"https:\/\/kellenberger.com\/europe\/fr\/od-grinding\/","url":"https:\/\/kellenberger.com\/europe\/fr\/od-grinding\/","name":"Rectification du diam\u00e8tre ext\u00e9rieur - Kellenberger Region - Europa","isPartOf":{"@id":"https:\/\/kellenberger.com\/europe\/fr\/#website"},"datePublished":"2025-12-04T14:48:10+00:00","dateModified":"2026-02-18T12:13:31+00:00","description":"D\u00e9couvrez l\u2019OD\u2011Grinding KELLENBERGER en Europe\u202f: rectification ext\u00e9rieure de haute pr\u00e9cision, stabilit\u00e9 maximale, qualit\u00e9 de surface exceptionnelle et performances optimales pour les applications industrielles les plus exigeantes.","breadcrumb":{"@id":"https:\/\/kellenberger.com\/europe\/fr\/od-grinding\/#breadcrumb"},"inLanguage":"fr-FR","potentialAction":[{"@type":"ReadAction","target":["https:\/\/kellenberger.com\/europe\/fr\/od-grinding\/"]}]},{"@type":"BreadcrumbList","@id":"https:\/\/kellenberger.com\/europe\/fr\/od-grinding\/#breadcrumb","itemListElement":[{"@type":"ListItem","position":1,"name":"Home","item":"https:\/\/kellenberger.com\/europe\/fr\/"},{"@type":"ListItem","position":2,"name":"Rectification du diam\u00e8tre ext\u00e9rieur"}]},{"@type":"WebSite","@id":"https:\/\/kellenberger.com\/europe\/fr\/#website","url":"https:\/\/kellenberger.com\/europe\/fr\/","name":"Kellenberger Region - Europa","description":"","potentialAction":[{"@type":"SearchAction","target":{"@type":"EntryPoint","urlTemplate":"https:\/\/kellenberger.com\/europe\/fr\/?s={search_term_string}"},"query-input":{"@type":"PropertyValueSpecification","valueRequired":true,"valueName":"search_term_string"}}],"inLanguage":"fr-FR"}]}},"_links":{"self":[{"href":"https:\/\/kellenberger.com\/europe\/fr\/wp-json\/wp\/v2\/pages\/22809","targetHints":{"allow":["GET"]}}],"collection":[{"href":"https:\/\/kellenberger.com\/europe\/fr\/wp-json\/wp\/v2\/pages"}],"about":[{"href":"https:\/\/kellenberger.com\/europe\/fr\/wp-json\/wp\/v2\/types\/page"}],"author":[{"embeddable":true,"href":"https:\/\/kellenberger.com\/europe\/fr\/wp-json\/wp\/v2\/users\/1"}],"replies":[{"embeddable":true,"href":"https:\/\/kellenberger.com\/europe\/fr\/wp-json\/wp\/v2\/comments?post=22809"}],"version-history":[{"count":2,"href":"https:\/\/kellenberger.com\/europe\/fr\/wp-json\/wp\/v2\/pages\/22809\/revisions"}],"predecessor-version":[{"id":22970,"href":"https:\/\/kellenberger.com\/europe\/fr\/wp-json\/wp\/v2\/pages\/22809\/revisions\/22970"}],"wp:attachment":[{"href":"https:\/\/kellenberger.com\/europe\/fr\/wp-json\/wp\/v2\/media?parent=22809"}],"curies":[{"name":"wp","href":"https:\/\/api.w.org\/{rel}","templated":true}]}}