{"id":22803,"date":"2025-12-04T15:47:12","date_gmt":"2025-12-04T14:47:12","guid":{"rendered":"https:\/\/kellenberger.com\/europa\/id-grinding\/"},"modified":"2026-02-18T13:10:27","modified_gmt":"2026-02-18T12:10:27","slug":"id-grinding","status":"publish","type":"page","link":"https:\/\/kellenberger.com\/europe\/fr\/id-grinding\/","title":{"rendered":"Broyage de l&rsquo;ID"},"content":{"rendered":"[vc_row type=\u00a0\u00bbin_container\u00a0\u00bb full_screen_row_position=\u00a0\u00bbmiddle\u00a0\u00bb column_margin=\u00a0\u00bbdefault\u00a0\u00bb column_direction=\u00a0\u00bbdefault\u00a0\u00bb column_direction_tablet=\u00a0\u00bbdefault\u00a0\u00bb column_direction_phone=\u00a0\u00bbdefault\u00a0\u00bb scene_position=\u00a0\u00bbcenter\u00a0\u00bb bottom_margin_tablet=\u00a0\u00bb60&Prime; text_color=\u00a0\u00bbdark\u00a0\u00bb text_align=\u00a0\u00bbleft\u00a0\u00bb row_border_radius=\u00a0\u00bbnone\u00a0\u00bb row_border_radius_applies=\u00a0\u00bbbg\u00a0\u00bb overflow=\u00a0\u00bbvisible\u00a0\u00bb overlay_strength=\u00a0\u00bb0.3&Prime; gradient_direction=\u00a0\u00bbleft_to_right\u00a0\u00bb shape_divider_position=\u00a0\u00bbbottom\u00a0\u00bb bg_image_animation=\u00a0\u00bbnone\u00a0\u00bb shape_type=\u00a0\u00bb\u00a0\u00bb gradient_type=\u00a0\u00bbdefault\u00a0\u00bb][vc_column column_padding=\u00a0\u00bbno-extra-padding\u00a0\u00bb column_padding_tablet=\u00a0\u00bbinherit\u00a0\u00bb column_padding_phone=\u00a0\u00bbinherit\u00a0\u00bb column_padding_position=\u00a0\u00bball\u00a0\u00bb top_margin=\u00a0\u00bb2%\u00a0\u00bb column_element_direction_desktop=\u00a0\u00bbdefault\u00a0\u00bb column_element_spacing=\u00a0\u00bbdefault\u00a0\u00bb desktop_text_alignment=\u00a0\u00bbdefault\u00a0\u00bb tablet_text_alignment=\u00a0\u00bbdefault\u00a0\u00bb phone_text_alignment=\u00a0\u00bbdefault\u00a0\u00bb background_color_opacity=\u00a0\u00bb1&Prime; background_hover_color_opacity=\u00a0\u00bb1&Prime; column_backdrop_filter=\u00a0\u00bbnone\u00a0\u00bb column_shadow=\u00a0\u00bbnone\u00a0\u00bb column_border_radius=\u00a0\u00bbnone\u00a0\u00bb column_link_target=\u00a0\u00bb_self\u00a0\u00bb column_position=\u00a0\u00bbdefault\u00a0\u00bb gradient_direction=\u00a0\u00bbleft_to_right\u00a0\u00bb overlay_strength=\u00a0\u00bb0.3&Prime; width=\u00a0\u00bb1\/2&Prime; tablet_width_inherit=\u00a0\u00bbdefault\u00a0\u00bb animation_type=\u00a0\u00bbdefault\u00a0\u00bb bg_image_animation=\u00a0\u00bbnone\u00a0\u00bb border_type=\u00a0\u00bbsimple\u00a0\u00bb column_border_width=\u00a0\u00bbnone\u00a0\u00bb column_border_style=\u00a0\u00bbsolid\u00a0\u00bb][vc_custom_heading text=\u00a0\u00bbMachines de rectification int\u00e9rieure\u00a0\u00bb font_container=\u00a0\u00bbtag:h1|text_align:left\u00a0\u00bb use_theme_fonts=\u00a0\u00bbyes\u00a0\u00bb][vc_column_text css=\u00a0\u00bb.vc_custom_1765276342859{padding-top: 5% !important;padding-right: 2% !important;}\u00a0\u00bb text_direction=\u00a0\u00bbdefault\u00a0\u00bb]Les rectifieuses internes Kellenberger repr\u00e9sentent une <strong>pr\u00e9cision<\/strong> exceptionnelle <strong>, une flexibilit\u00e9 maximale<\/strong> et une <strong>qualit\u00e9 sans compromis<\/strong> dans la fabrication industrielle. Dot\u00e9es d&rsquo;une technologie de pointe et d&rsquo;une ing\u00e9nierie avanc\u00e9e, elles fournissent des <em>solutions sur mesure<\/em> pour un large \u00e9ventail d&rsquo;applications exigeantes &#8211; de l&rsquo;industrie automobile \u00e0 l&rsquo;a\u00e9rospatiale en passant par le secteur m\u00e9dical.<\/p>\n<p>Gr\u00e2ce \u00e0 une technologie innovante, ces machines garantissent non seulement une <strong>fiabilit\u00e9<\/strong> et une <strong>durabilit\u00e9<\/strong> maximales, mais aussi des surfaces internes impeccables et des r\u00e9sultats pr\u00e9cis qui d\u00e9passent m\u00eame les normes les plus strictes. Leurs configurations polyvalentes et l&rsquo;accent mis sur la convivialit\u00e9 en font le choix id\u00e9al pour les entreprises les plus exigeantes en termes d&rsquo;efficacit\u00e9 et de qualit\u00e9.<\/p>\n<p>Faites confiance \u00e0 la tradition et \u00e0 l&rsquo;innovation des rectifieuses internes Kellenberger pour optimiser vos processus de fabrication, r\u00e9duire les temps de production et \u00e9lever vos produits \u00e0 des niveaux de pr\u00e9cision in\u00e9gal\u00e9s. Nos machines sont plus que de simples outils &#8211; elles sont un facteur critique de votre succ\u00e8s sur un march\u00e9 hautement comp\u00e9titif.[\/vc_column_text][\/vc_column][vc_column column_padding=\u00a0\u00bbno-extra-padding\u00a0\u00bb column_padding_tablet=\u00a0\u00bbinherit\u00a0\u00bb column_padding_phone=\u00a0\u00bbinherit\u00a0\u00bb column_padding_position=\u00a0\u00bball\u00a0\u00bb column_element_direction_desktop=\u00a0\u00bbdefault\u00a0\u00bb column_element_spacing=\u00a0\u00bbdefault\u00a0\u00bb desktop_text_alignment=\u00a0\u00bbdefault\u00a0\u00bb tablet_text_alignment=\u00a0\u00bbdefault\u00a0\u00bb phone_text_alignment=\u00a0\u00bbdefault\u00a0\u00bb background_color_opacity=\u00a0\u00bb1&Prime; background_hover_color_opacity=\u00a0\u00bb1&Prime; column_backdrop_filter=\u00a0\u00bbnone\u00a0\u00bb column_shadow=\u00a0\u00bbnone\u00a0\u00bb column_border_radius=\u00a0\u00bbnone\u00a0\u00bb column_link_target=\u00a0\u00bb_self\u00a0\u00bb column_position=\u00a0\u00bbdefault\u00a0\u00bb gradient_direction=\u00a0\u00bbleft_to_right\u00a0\u00bb overlay_strength=\u00a0\u00bb0.3&Prime; width=\u00a0\u00bb1\/2&Prime; tablet_width_inherit=\u00a0\u00bbdefault\u00a0\u00bb animation_type=\u00a0\u00bbdefault\u00a0\u00bb bg_image_animation=\u00a0\u00bbnone\u00a0\u00bb border_type=\u00a0\u00bbsimple\u00a0\u00bb column_border_width=\u00a0\u00bbnone\u00a0\u00bb column_border_style=\u00a0\u00bbsolid\u00a0\u00bb][image_with_animation image_url=\u00a0\u00bb16489&Prime; image_size=\u00a0\u00bbfull\u00a0\u00bb max_width=\u00a0\u00bb100%\u00a0\u00bb max_width_mobile=\u00a0\u00bbdefault\u00a0\u00bb animation_type=\u00a0\u00bbentrance\u00a0\u00bb animation=\u00a0\u00bbNone\u00a0\u00bb animation_movement_type=\u00a0\u00bbtransform_y\u00a0\u00bb hover_animation=\u00a0\u00bbnone\u00a0\u00bb alignment=\u00a0\u00bb\u00a0\u00bb border_radius=\u00a0\u00bbnone\u00a0\u00bb box_shadow=\u00a0\u00bbnone\u00a0\u00bb image_loading=\u00a0\u00bbdefault\u00a0\u00bb][\/vc_column][\/vc_row][vc_row type=\u00a0\u00bbin_container\u00a0\u00bb full_screen_row_position=\u00a0\u00bbmiddle\u00a0\u00bb column_margin=\u00a0\u00bbdefault\u00a0\u00bb column_direction=\u00a0\u00bbdefault\u00a0\u00bb column_direction_tablet=\u00a0\u00bbdefault\u00a0\u00bb column_direction_phone=\u00a0\u00bbdefault\u00a0\u00bb scene_position=\u00a0\u00bbcenter\u00a0\u00bb constrain_group_1=\u00a0\u00bbyes\u00a0\u00bb text_color=\u00a0\u00bbdark\u00a0\u00bb text_align=\u00a0\u00bbleft\u00a0\u00bb row_border_radius=\u00a0\u00bbnone\u00a0\u00bb row_border_radius_applies=\u00a0\u00bbbg\u00a0\u00bb overflow=\u00a0\u00bbvisible\u00a0\u00bb overlay_strength=\u00a0\u00bb0.3&Prime; gradient_direction=\u00a0\u00bbleft_to_right\u00a0\u00bb shape_divider_position=\u00a0\u00bbbottom\u00a0\u00bb bg_image_animation=\u00a0\u00bbnone\u00a0\u00bb gradient_type=\u00a0\u00bbdefault\u00a0\u00bb shape_type=\u00a0\u00bb\u00a0\u00bb][vc_column column_padding=\u00a0\u00bbno-extra-padding\u00a0\u00bb column_padding_tablet=\u00a0\u00bbinherit\u00a0\u00bb column_padding_phone=\u00a0\u00bbinherit\u00a0\u00bb column_padding_position=\u00a0\u00bball\u00a0\u00bb column_element_direction_desktop=\u00a0\u00bbdefault\u00a0\u00bb column_element_spacing=\u00a0\u00bbdefault\u00a0\u00bb desktop_text_alignment=\u00a0\u00bbdefault\u00a0\u00bb tablet_text_alignment=\u00a0\u00bbdefault\u00a0\u00bb phone_text_alignment=\u00a0\u00bbdefault\u00a0\u00bb background_color_opacity=\u00a0\u00bb1&Prime; background_hover_color_opacity=\u00a0\u00bb1&Prime; column_backdrop_filter=\u00a0\u00bbnone\u00a0\u00bb column_shadow=\u00a0\u00bbnone\u00a0\u00bb column_border_radius=\u00a0\u00bbnone\u00a0\u00bb column_link_target=\u00a0\u00bb_self\u00a0\u00bb column_position=\u00a0\u00bbdefault\u00a0\u00bb gradient_direction=\u00a0\u00bbleft_to_right\u00a0\u00bb overlay_strength=\u00a0\u00bb0.3&Prime; width=\u00a0\u00bb1\/1&Prime; tablet_width_inherit=\u00a0\u00bbdefault\u00a0\u00bb animation_type=\u00a0\u00bbdefault\u00a0\u00bb bg_image_animation=\u00a0\u00bbnone\u00a0\u00bb border_type=\u00a0\u00bbsimple\u00a0\u00bb column_border_width=\u00a0\u00bbnone\u00a0\u00bb column_border_style=\u00a0\u00bbsolid\u00a0\u00bb]\t\t\t\t\n\t\t\t\t\n\t\t\t\t\n\t\t\t<div class=\"portfolio-wrap \">\n\t\t\t\t\t\n\t\t\t\t\t\t\t\t\t\n\t\t\t\t<span class=\"portfolio-loading  none\">   <\/span>\n\t\t\t\t\t\n\t\t\t\t\t\t\t\t\t\n\t\t\t\t<div class=\"row portfolio-items masonry-items  fullwidth-constrained  \" data-rcp=\"false\" data-masonry-type=\"default\" data-ps=\"8\" data-starting-filter=\"\" data-gutter=\"10px\" data-categories-to-show=\"id-grinding\" data-bypass-cropping=\"\" data-lightbox-only=\"0\" data-col-num=\"elastic\">\n\t\t\t\t\t\t\t\t\t\t\t\n\t\t\t\t\t\t\t\t\t\t\t\n\t\t\t\t\t<div class=\"col elastic-portfolio-item wide_tall element meulage-didentification \"  data-project-cat=\"meulage-didentification \" data-default-color=\"true\" data-title-color=\"\" data-subtitle-color=\"\">\n\t\t\t\t\t\t\t\n\t\t\t\t\t\t<div class=\"inner-wrap animated\" data-animation=\"none\">\n\t\t\t\t\t\t\t\t\n\t\t\t\t\t\t\t\t\t\t\t\t\t\t\t\t\n\t\t\t\t\t\t\t\t<div class=\"work-item style-2\" data-custom-content=\"on\">\n\t\t\t\t\t\t\t\t\t\t\n\t\t\t\t\t\t\t\t\t<img loading=\"lazy\" decoding=\"async\" class=\"size-wide_tall skip-lazy\" src=\"https:\/\/kellenberger.com\/europe\/wp-content\/uploads\/2024\/06\/Gruppe-592-1-1000x1000.jpg\" alt=\"KELLENBERGER VM1000\" height=\"1000\" width=\"1000\" srcset=\"https:\/\/kellenberger.com\/europe\/wp-content\/uploads\/2024\/06\/Gruppe-592-1-1000x1000.jpg 1000w, https:\/\/kellenberger.com\/europe\/wp-content\/uploads\/2024\/06\/Gruppe-592-1-500x500.jpg 500w\" sizes=\"auto, (min-width: 1600px) 40vw, (min-width: 1300px) 50vw, (min-width: 1000px) 66.6vw, (min-width: 690px) 100vw, 100vw\" \/>\t\t\t\t\t\t\t\t\t\t\n\t\t\t\t\t\t\t\t\t<div class=\"work-info-bg\"><\/div>\n\t\t\t\t\t\t\t\t\t<div class=\"work-info\">\n\t\t\t\t\t\t\t\t\t\t\t\n\t\t\t\t\t\t\t\t\t\t<a href=\"https:\/\/kellenberger.com\/europe\/fr\/produit\/kellenberger-vm1000\/\"><span class=\"screen-reader-text\">KELLENBERGER VM1000<\/span><\/a>\t\t\t\t\t\t\t\t\t\t\t\n\t\t\t\t\t\t\t\t\t\t\t\n\t\t\t\t\t\t\t\t\t\t<div class=\"vert-center\">\n\t\t\t\t\t\t\t\t\t\t\t<div class=\"custom-content\"><h3>MEULAGE D'IDENTIFICATION<\/h3>\r\n<h2>VM1000<\/h2><\/div>\t\t\t\t\t\t\t\t\t\t<\/div><!--\/vert-center-->\n\t\t\t\t\t\t\t\t\t\t\t\n\t\t\t\t\t\t\t\t\t<\/div>\n\t\t\t\t\t\t\t\t<\/div><!--work-item-->\n\t\t\t\t\t\t\t\t\t\n\t\t\t\t\t\t\t\t\t\t\t\t\t\t\t\n\t\t\t\t\t\t\t\t\n\t\t\t\t\t\t<\/div><!--\/inner-wrap-->\n\t\t\t\t\t<\/div><!--\/col-->\n\t\t\t\t\t\t\n\t\t\t\t\t\t\t\t\t\t\n\t\t\t\t\t\t\t\t\t\t\t\n\t\t\t\t\t<div class=\"col elastic-portfolio-item tall element meulage-didentification \"  data-project-cat=\"meulage-didentification \" data-default-color=\"true\" data-title-color=\"\" data-subtitle-color=\"\">\n\t\t\t\t\t\t\t\n\t\t\t\t\t\t<div class=\"inner-wrap animated\" data-animation=\"none\">\n\t\t\t\t\t\t\t\t\n\t\t\t\t\t\t\t\t\t\t\t\t\t\t\t\t\n\t\t\t\t\t\t\t\t<div class=\"work-item style-2\" data-custom-content=\"on\">\n\t\t\t\t\t\t\t\t\t\t\n\t\t\t\t\t\t\t\t\t<img loading=\"lazy\" decoding=\"async\" class=\"size-tall skip-lazy\" src=\"https:\/\/kellenberger.com\/europe\/wp-content\/uploads\/2024\/06\/VM30-500x1000.jpg\" alt=\"ID Grinding KELLENBERGER VM30\" height=\"1000\" width=\"500\" srcset=\"https:\/\/kellenberger.com\/europe\/wp-content\/uploads\/2024\/06\/VM30-500x1000.jpg 500w, https:\/\/kellenberger.com\/europe\/wp-content\/uploads\/2024\/06\/VM30-500x1000.jpg 350w\" sizes=\"auto, (min-width: 1600px) 20vw, (min-width: 1300px) 25vw, (min-width: 1000px) 33.3vw, (min-width: 690px) 50vw, 100vw\" \/>\t\t\t\t\t\t\t\t\t\t\n\t\t\t\t\t\t\t\t\t<div class=\"work-info-bg\"><\/div>\n\t\t\t\t\t\t\t\t\t<div class=\"work-info\">\n\t\t\t\t\t\t\t\t\t\t\t\n\t\t\t\t\t\t\t\t\t\t<a href=\"https:\/\/kellenberger.com\/europe\/fr\/produit\/kellenberger-vm30\/\"><span class=\"screen-reader-text\">KELLENBERGER VM30<\/span><\/a>\t\t\t\t\t\t\t\t\t\t\t\n\t\t\t\t\t\t\t\t\t\t\t\n\t\t\t\t\t\t\t\t\t\t<div class=\"vert-center\">\n\t\t\t\t\t\t\t\t\t\t\t<div class=\"custom-content\"><h3>MEULAGE D'IDENTIFICATION<\/h3>\r\n<h2>VM30<\/h2><\/div>\t\t\t\t\t\t\t\t\t\t<\/div><!--\/vert-center-->\n\t\t\t\t\t\t\t\t\t\t\t\n\t\t\t\t\t\t\t\t\t<\/div>\n\t\t\t\t\t\t\t\t<\/div><!--work-item-->\n\t\t\t\t\t\t\t\t\t\n\t\t\t\t\t\t\t\t\t\t\t\t\t\t\t\n\t\t\t\t\t\t\t\t\n\t\t\t\t\t\t<\/div><!--\/inner-wrap-->\n\t\t\t\t\t<\/div><!--\/col-->\n\t\t\t\t\t\t\n\t\t\t\t\t\t\t\t\t\t\n\t\t\t\t\t\t\t\t\t\t\t\n\t\t\t\t\t<div class=\"col elastic-portfolio-item wide_tall element meulage-didentification poncage-du-diametre-exterieur \"  data-project-cat=\"meulage-didentification poncage-du-diametre-exterieur \" data-default-color=\"true\" data-title-color=\"\" data-subtitle-color=\"\">\n\t\t\t\t\t\t\t\n\t\t\t\t\t\t<div class=\"inner-wrap animated\" data-animation=\"none\">\n\t\t\t\t\t\t\t\t\n\t\t\t\t\t\t\t\t\t\t\t\t\t\t\t\t\n\t\t\t\t\t\t\t\t<div class=\"work-item style-2\" data-custom-content=\"on\">\n\t\t\t\t\t\t\t\t\t\t\n\t\t\t\t\t\t\t\t\t<img decoding=\"async\" class=\"size-wide_tall skip-lazy\" src=\"https:\/\/kellenberger.com\/europe\/wp-content\/uploads\/2025\/12\/Kellenberger-ID_OD-Grinding-KELLENBERGER-U300_fr_gesch_4c-1000x1000.png\" alt=\"\" height=\"\" width=\"\" srcset=\"https:\/\/kellenberger.com\/europe\/wp-content\/uploads\/2025\/12\/Kellenberger-ID_OD-Grinding-KELLENBERGER-U300_fr_gesch_4c-1000x1000.png 1000w\" sizes=\"(min-width: 1600px) 40vw, (min-width: 1300px) 50vw, (min-width: 1000px) 66.6vw, (min-width: 690px) 100vw, 100vw\" \/>\t\t\t\t\t\t\t\t\t\t\n\t\t\t\t\t\t\t\t\t<div class=\"work-info-bg\"><\/div>\n\t\t\t\t\t\t\t\t\t<div class=\"work-info\">\n\t\t\t\t\t\t\t\t\t\t\t\n\t\t\t\t\t\t\t\t\t\t<a href=\"https:\/\/kellenberger.com\/europe\/fr\/produit\/kellenberger-u300\/\"><span class=\"screen-reader-text\">KELLENBERGER U300<\/span><\/a>\t\t\t\t\t\t\t\t\t\t\t\n\t\t\t\t\t\t\t\t\t\t\t\n\t\t\t\t\t\t\t\t\t\t<div class=\"vert-center\">\n\t\t\t\t\t\t\t\t\t\t\t<div class=\"custom-content\"><h3>PON\u00c7AGE DU DIAM\u00c8TRE EXT\u00c9RIEUR<\/h3>\r\n<h2>U300<\/h2><\/div>\t\t\t\t\t\t\t\t\t\t<\/div><!--\/vert-center-->\n\t\t\t\t\t\t\t\t\t\t\t\n\t\t\t\t\t\t\t\t\t<\/div>\n\t\t\t\t\t\t\t\t<\/div><!--work-item-->\n\t\t\t\t\t\t\t\t\t\n\t\t\t\t\t\t\t\t\t\t\t\t\t\t\t\n\t\t\t\t\t\t\t\t\n\t\t\t\t\t\t<\/div><!--\/inner-wrap-->\n\t\t\t\t\t<\/div><!--\/col-->\n\t\t\t\t\t\t\n\t\t\t\t\t\t\t\t\t\n\t\t\t<\/div><!--\/portfolio-->\n\t\t<\/div><!--\/portfolio wrap-->\n\t\t\t\n\t\t[\/vc_column][\/vc_row]\n","protected":false},"excerpt":{"rendered":"<p>[vc_row type=\u00a0\u00bbin_container\u00a0\u00bb full_screen_row_position=\u00a0\u00bbmiddle\u00a0\u00bb column_margin=\u00a0\u00bbdefault\u00a0\u00bb column_direction=\u00a0\u00bbdefault\u00a0\u00bb column_direction_tablet=\u00a0\u00bbdefault\u00a0\u00bb column_direction_phone=\u00a0\u00bbdefault\u00a0\u00bb scene_position=\u00a0\u00bbcenter\u00a0\u00bb bottom_margin_tablet=\u00a0\u00bb60&Prime; text_color=\u00a0\u00bbdark\u00a0\u00bb text_align=\u00a0\u00bbleft\u00a0\u00bb row_border_radius=\u00a0\u00bbnone\u00a0\u00bb row_border_radius_applies=\u00a0\u00bbbg\u00a0\u00bb overflow=\u00a0\u00bbvisible\u00a0\u00bb overlay_strength=\u00a0\u00bb0.3&Prime; gradient_direction=\u00a0\u00bbleft_to_right\u00a0\u00bb shape_divider_position=\u00a0\u00bbbottom\u00a0\u00bb bg_image_animation=\u00a0\u00bbnone\u00a0\u00bb shape_type=\u00a0\u00bb\u00a0\u00bb gradient_type=\u00a0\u00bbdefault\u00a0\u00bb][vc_column column_padding=\u00a0\u00bbno-extra-padding\u00a0\u00bb column_padding_tablet=\u00a0\u00bbinherit\u00a0\u00bb column_padding_phone=\u00a0\u00bbinherit\u00a0\u00bb column_padding_position=\u00a0\u00bball\u00a0\u00bb top_margin=\u00a0\u00bb2%\u00a0\u00bb column_element_direction_desktop=\u00a0\u00bbdefault\u00a0\u00bb column_element_spacing=\u00a0\u00bbdefault\u00a0\u00bb desktop_text_alignment=\u00a0\u00bbdefault\u00a0\u00bb tablet_text_alignment=\u00a0\u00bbdefault\u00a0\u00bb phone_text_alignment=\u00a0\u00bbdefault\u00a0\u00bb&#8230;<\/p>\n","protected":false},"author":1,"featured_media":0,"parent":0,"menu_order":0,"comment_status":"closed","ping_status":"closed","template":"","meta":{"inline_featured_image":false,"footnotes":""},"class_list":["post-22803","page","type-page","status-publish"],"yoast_head":"<!-- This site is optimized with the Yoast SEO plugin v26.9 - https:\/\/yoast.com\/product\/yoast-seo-wordpress\/ -->\n<title>Broyage de l&#039;ID - Kellenberger Region - Europa<\/title>\n<meta name=\"description\" content=\"D\u00e9couvrez l\u2019ID\u2011Grinding KELLENBERGER en Europe\u202f: rectification int\u00e9rieure de haute pr\u00e9cision pour g\u00e9om\u00e9tries complexes, excellente concentricit\u00e9 et performances optimales dans l\u2019usinage de pi\u00e8ces exigeantes.\" \/>\n<meta name=\"robots\" content=\"index, follow, max-snippet:-1, max-image-preview:large, max-video-preview:-1\" \/>\n<link rel=\"canonical\" href=\"https:\/\/kellenberger.com\/europe\/fr\/id-grinding\/\" \/>\n<meta property=\"og:locale\" content=\"fr_FR\" \/>\n<meta property=\"og:type\" content=\"article\" \/>\n<meta property=\"og:title\" content=\"Broyage de l&#039;ID - Kellenberger Region - Europa\" \/>\n<meta property=\"og:description\" content=\"D\u00e9couvrez l\u2019ID\u2011Grinding KELLENBERGER en Europe\u202f: rectification int\u00e9rieure de haute pr\u00e9cision pour g\u00e9om\u00e9tries complexes, excellente concentricit\u00e9 et performances optimales dans l\u2019usinage de pi\u00e8ces exigeantes.\" \/>\n<meta property=\"og:url\" content=\"https:\/\/kellenberger.com\/europe\/fr\/id-grinding\/\" \/>\n<meta property=\"og:site_name\" content=\"Kellenberger Region - Europa\" \/>\n<meta property=\"article:modified_time\" content=\"2026-02-18T12:10:27+00:00\" \/>\n<meta name=\"twitter:card\" content=\"summary_large_image\" \/>\n<meta name=\"twitter:label1\" content=\"Dur\u00e9e de lecture estim\u00e9e\" \/>\n\t<meta name=\"twitter:data1\" content=\"1 minute\" \/>\n<script type=\"application\/ld+json\" class=\"yoast-schema-graph\">{\"@context\":\"https:\/\/schema.org\",\"@graph\":[{\"@type\":\"WebPage\",\"@id\":\"https:\/\/kellenberger.com\/europe\/fr\/id-grinding\/\",\"url\":\"https:\/\/kellenberger.com\/europe\/fr\/id-grinding\/\",\"name\":\"Broyage de l'ID - Kellenberger Region - Europa\",\"isPartOf\":{\"@id\":\"https:\/\/kellenberger.com\/europe\/fr\/#website\"},\"datePublished\":\"2025-12-04T14:47:12+00:00\",\"dateModified\":\"2026-02-18T12:10:27+00:00\",\"description\":\"D\u00e9couvrez l\u2019ID\u2011Grinding KELLENBERGER en Europe\u202f: rectification int\u00e9rieure de haute pr\u00e9cision pour g\u00e9om\u00e9tries complexes, excellente concentricit\u00e9 et performances optimales dans l\u2019usinage de pi\u00e8ces exigeantes.\",\"breadcrumb\":{\"@id\":\"https:\/\/kellenberger.com\/europe\/fr\/id-grinding\/#breadcrumb\"},\"inLanguage\":\"fr-FR\",\"potentialAction\":[{\"@type\":\"ReadAction\",\"target\":[\"https:\/\/kellenberger.com\/europe\/fr\/id-grinding\/\"]}]},{\"@type\":\"BreadcrumbList\",\"@id\":\"https:\/\/kellenberger.com\/europe\/fr\/id-grinding\/#breadcrumb\",\"itemListElement\":[{\"@type\":\"ListItem\",\"position\":1,\"name\":\"Home\",\"item\":\"https:\/\/kellenberger.com\/europe\/fr\/\"},{\"@type\":\"ListItem\",\"position\":2,\"name\":\"Broyage de l&#8217;ID\"}]},{\"@type\":\"WebSite\",\"@id\":\"https:\/\/kellenberger.com\/europe\/fr\/#website\",\"url\":\"https:\/\/kellenberger.com\/europe\/fr\/\",\"name\":\"Kellenberger Region - Europa\",\"description\":\"\",\"potentialAction\":[{\"@type\":\"SearchAction\",\"target\":{\"@type\":\"EntryPoint\",\"urlTemplate\":\"https:\/\/kellenberger.com\/europe\/fr\/?s={search_term_string}\"},\"query-input\":{\"@type\":\"PropertyValueSpecification\",\"valueRequired\":true,\"valueName\":\"search_term_string\"}}],\"inLanguage\":\"fr-FR\"}]}<\/script>\n<!-- \/ Yoast SEO plugin. -->","yoast_head_json":{"title":"Broyage de l'ID - Kellenberger Region - Europa","description":"D\u00e9couvrez l\u2019ID\u2011Grinding KELLENBERGER en Europe\u202f: rectification int\u00e9rieure de haute pr\u00e9cision pour g\u00e9om\u00e9tries complexes, excellente concentricit\u00e9 et performances optimales dans l\u2019usinage de pi\u00e8ces exigeantes.","robots":{"index":"index","follow":"follow","max-snippet":"max-snippet:-1","max-image-preview":"max-image-preview:large","max-video-preview":"max-video-preview:-1"},"canonical":"https:\/\/kellenberger.com\/europe\/fr\/id-grinding\/","og_locale":"fr_FR","og_type":"article","og_title":"Broyage de l'ID - Kellenberger Region - Europa","og_description":"D\u00e9couvrez l\u2019ID\u2011Grinding KELLENBERGER en Europe\u202f: rectification int\u00e9rieure de haute pr\u00e9cision pour g\u00e9om\u00e9tries complexes, excellente concentricit\u00e9 et performances optimales dans l\u2019usinage de pi\u00e8ces exigeantes.","og_url":"https:\/\/kellenberger.com\/europe\/fr\/id-grinding\/","og_site_name":"Kellenberger Region - Europa","article_modified_time":"2026-02-18T12:10:27+00:00","twitter_card":"summary_large_image","twitter_misc":{"Dur\u00e9e de lecture estim\u00e9e":"1 minute"},"schema":{"@context":"https:\/\/schema.org","@graph":[{"@type":"WebPage","@id":"https:\/\/kellenberger.com\/europe\/fr\/id-grinding\/","url":"https:\/\/kellenberger.com\/europe\/fr\/id-grinding\/","name":"Broyage de l'ID - Kellenberger Region - Europa","isPartOf":{"@id":"https:\/\/kellenberger.com\/europe\/fr\/#website"},"datePublished":"2025-12-04T14:47:12+00:00","dateModified":"2026-02-18T12:10:27+00:00","description":"D\u00e9couvrez l\u2019ID\u2011Grinding KELLENBERGER en Europe\u202f: rectification int\u00e9rieure de haute pr\u00e9cision pour g\u00e9om\u00e9tries complexes, excellente concentricit\u00e9 et performances optimales dans l\u2019usinage de pi\u00e8ces exigeantes.","breadcrumb":{"@id":"https:\/\/kellenberger.com\/europe\/fr\/id-grinding\/#breadcrumb"},"inLanguage":"fr-FR","potentialAction":[{"@type":"ReadAction","target":["https:\/\/kellenberger.com\/europe\/fr\/id-grinding\/"]}]},{"@type":"BreadcrumbList","@id":"https:\/\/kellenberger.com\/europe\/fr\/id-grinding\/#breadcrumb","itemListElement":[{"@type":"ListItem","position":1,"name":"Home","item":"https:\/\/kellenberger.com\/europe\/fr\/"},{"@type":"ListItem","position":2,"name":"Broyage de l&#8217;ID"}]},{"@type":"WebSite","@id":"https:\/\/kellenberger.com\/europe\/fr\/#website","url":"https:\/\/kellenberger.com\/europe\/fr\/","name":"Kellenberger Region - Europa","description":"","potentialAction":[{"@type":"SearchAction","target":{"@type":"EntryPoint","urlTemplate":"https:\/\/kellenberger.com\/europe\/fr\/?s={search_term_string}"},"query-input":{"@type":"PropertyValueSpecification","valueRequired":true,"valueName":"search_term_string"}}],"inLanguage":"fr-FR"}]}},"_links":{"self":[{"href":"https:\/\/kellenberger.com\/europe\/fr\/wp-json\/wp\/v2\/pages\/22803","targetHints":{"allow":["GET"]}}],"collection":[{"href":"https:\/\/kellenberger.com\/europe\/fr\/wp-json\/wp\/v2\/pages"}],"about":[{"href":"https:\/\/kellenberger.com\/europe\/fr\/wp-json\/wp\/v2\/types\/page"}],"author":[{"embeddable":true,"href":"https:\/\/kellenberger.com\/europe\/fr\/wp-json\/wp\/v2\/users\/1"}],"replies":[{"embeddable":true,"href":"https:\/\/kellenberger.com\/europe\/fr\/wp-json\/wp\/v2\/comments?post=22803"}],"version-history":[{"count":2,"href":"https:\/\/kellenberger.com\/europe\/fr\/wp-json\/wp\/v2\/pages\/22803\/revisions"}],"predecessor-version":[{"id":22969,"href":"https:\/\/kellenberger.com\/europe\/fr\/wp-json\/wp\/v2\/pages\/22803\/revisions\/22969"}],"wp:attachment":[{"href":"https:\/\/kellenberger.com\/europe\/fr\/wp-json\/wp\/v2\/media?parent=22803"}],"curies":[{"name":"wp","href":"https:\/\/api.w.org\/{rel}","templated":true}]}}