{"id":22666,"date":"2025-12-04T15:48:50","date_gmt":"2025-12-04T14:48:50","guid":{"rendered":"https:\/\/kellenberger.com\/europa\/jig-grinding\/"},"modified":"2026-02-18T13:15:30","modified_gmt":"2026-02-18T12:15:30","slug":"jig-grinding","status":"publish","type":"page","link":"https:\/\/kellenberger.com\/europe\/fr\/jig-grinding\/","title":{"rendered":"Machines de meulage \u00e0 gabarit"},"content":{"rendered":"[vc_row type=\u00a0\u00bbin_container\u00a0\u00bb full_screen_row_position=\u00a0\u00bbmiddle\u00a0\u00bb column_margin=\u00a0\u00bbdefault\u00a0\u00bb column_direction=\u00a0\u00bbdefault\u00a0\u00bb column_direction_tablet=\u00a0\u00bbdefault\u00a0\u00bb column_direction_phone=\u00a0\u00bbdefault\u00a0\u00bb scene_position=\u00a0\u00bbcenter\u00a0\u00bb bottom_padding=\u00a0\u00bb3%\u00a0\u00bb top_margin=\u00a0\u00bb3%\u00a0\u00bb bottom_margin=\u00a0\u00bb2%\u00a0\u00bb bottom_margin_tablet=\u00a0\u00bb60&Prime; text_color=\u00a0\u00bbdark\u00a0\u00bb text_align=\u00a0\u00bbleft\u00a0\u00bb row_border_radius=\u00a0\u00bbnone\u00a0\u00bb row_border_radius_applies=\u00a0\u00bbbg\u00a0\u00bb overflow=\u00a0\u00bbvisible\u00a0\u00bb overlay_strength=\u00a0\u00bb0.3&Prime; gradient_direction=\u00a0\u00bbleft_to_right\u00a0\u00bb shape_divider_position=\u00a0\u00bbbottom\u00a0\u00bb bg_image_animation=\u00a0\u00bbnone\u00a0\u00bb shape_type=\u00a0\u00bb\u00a0\u00bb gradient_type=\u00a0\u00bbdefault\u00a0\u00bb][vc_column column_padding=\u00a0\u00bbno-extra-padding\u00a0\u00bb column_padding_tablet=\u00a0\u00bbinherit\u00a0\u00bb column_padding_phone=\u00a0\u00bbinherit\u00a0\u00bb column_padding_position=\u00a0\u00bball\u00a0\u00bb top_margin=\u00a0\u00bb2%\u00a0\u00bb column_element_direction_desktop=\u00a0\u00bbdefault\u00a0\u00bb column_element_spacing=\u00a0\u00bbdefault\u00a0\u00bb desktop_text_alignment=\u00a0\u00bbdefault\u00a0\u00bb tablet_text_alignment=\u00a0\u00bbdefault\u00a0\u00bb phone_text_alignment=\u00a0\u00bbdefault\u00a0\u00bb background_color_opacity=\u00a0\u00bb1&Prime; background_hover_color_opacity=\u00a0\u00bb1&Prime; column_backdrop_filter=\u00a0\u00bbnone\u00a0\u00bb column_shadow=\u00a0\u00bbnone\u00a0\u00bb column_border_radius=\u00a0\u00bbnone\u00a0\u00bb column_link_target=\u00a0\u00bb_self\u00a0\u00bb column_position=\u00a0\u00bbdefault\u00a0\u00bb gradient_direction=\u00a0\u00bbleft_to_right\u00a0\u00bb overlay_strength=\u00a0\u00bb0.3&Prime; width=\u00a0\u00bb1\/2&Prime; tablet_width_inherit=\u00a0\u00bbdefault\u00a0\u00bb animation_type=\u00a0\u00bbdefault\u00a0\u00bb bg_image_animation=\u00a0\u00bbnone\u00a0\u00bb border_type=\u00a0\u00bbsimple\u00a0\u00bb column_border_width=\u00a0\u00bbnone\u00a0\u00bb column_border_style=\u00a0\u00bbsolid\u00a0\u00bb][vc_custom_heading text=\u00a0\u00bbMachines de meulage \u00e0 gabarit\u00a0\u00bb font_container=\u00a0\u00bbtag:h1|text_align:left\u00a0\u00bb use_theme_fonts=\u00a0\u00bbyes\u00a0\u00bb][vc_column_text css=\u00a0\u00bb.vc_custom_1765276550626{padding-top: 5% !important;padding-right: 2% !important;}\u00a0\u00bb text_direction=\u00a0\u00bbdefault\u00a0\u00bb]Les rectifieuses en coordonn\u00e9es de Kellenberger sont synonymes de pr\u00e9cision et de flexibilit\u00e9 dans la fabrication industrielle. \u00c9quip\u00e9es d&rsquo;une technologie de pointe, elles offrent des solutions pour les t\u00e2ches d&rsquo;usinage complexes dans diverses industries, notamment l&rsquo;automobile, l&rsquo;outillage, la technologie m\u00e9dicale et l&rsquo;a\u00e9rospatiale.<\/p>\n<p>Nos mod\u00e8les :<\/p>\n<ul>\n<li><a href=\"https:\/\/kellenberger.com\/europe\/fr\/produit\/kellenberger-h4000\/\"><strong>KELLENBERGER H4000<\/strong><\/a>: Con\u00e7ue pour r\u00e9pondre aux exigences les plus \u00e9lev\u00e9es, cette machine ponce et fraise des trous, des contours et des guides dans des mat\u00e9riaux tels que l&rsquo;acier, la c\u00e9ramique et les m\u00e9taux durs. Gr\u00e2ce \u00e0 sa construction robuste et \u00e0 sa t\u00eate de meulage innovante, la Kellenberger H4000 offre des performances fiables et maintient la pr\u00e9cision m\u00eame dans des conditions extr\u00eames.<\/li>\n<li><a href=\"https:\/\/kellenberger.com\/europe\/fr\/produit\/kellenberger-h2000\/\"><strong>KELLENBERGER H2000<\/strong>:<\/a> Cette rectifieuse universelle \u00e0 gabarit combine le meulage et le fraisage dur en un seul syst\u00e8me. Sa construction \u00e0 double ch\u00e2ssis garantit une plus grande rigidit\u00e9 et une plus grande pr\u00e9cision, ce qui la rend id\u00e9ale pour les applications exigeantes. Elle offre \u00e9galement des capacit\u00e9s polyvalentes et une automatisation int\u00e9gr\u00e9e, ce qui en fait le choix id\u00e9al pour les entreprises d\u00e9sireuses d&rsquo;am\u00e9liorer la qualit\u00e9 et l&rsquo;efficacit\u00e9.<\/li>\n<\/ul>\n<p>Les machines Kellenberger garantissent des r\u00e9sultats pr\u00e9cis, des surfaces impeccables et une grande efficacit\u00e9. Elles s&rsquo;int\u00e8grent parfaitement aux processus de production existants, am\u00e9liorant la productivit\u00e9 et garantissant une qualit\u00e9 constante.<\/p>\n<p>Des technologies avanc\u00e9es, telles que des syst\u00e8mes de mesure \u00e0 haute r\u00e9solution, des commandes optimis\u00e9es et des interfaces utilisateur intuitives, rendent ces machines exceptionnellement conviviales. Elles garantissent non seulement la s\u00e9curit\u00e9 des processus, mais sont \u00e9galement pr\u00eates \u00e0 relever les d\u00e9fis futurs de l&rsquo;industrie.<\/p>\n<p>Faites confiance \u00e0 la qualit\u00e9 et \u00e0 l&rsquo;innovation de Kellenberger pour \u00e9lever votre production au niveau sup\u00e9rieur. Obtenez un succ\u00e8s \u00e0 long terme sur un march\u00e9 concurrentiel gr\u00e2ce \u00e0 des solutions fiables et \u00e0 la pointe de la technologie.[\/vc_column_text][\/vc_column][vc_column column_padding=\u00a0\u00bbno-extra-padding\u00a0\u00bb column_padding_tablet=\u00a0\u00bbinherit\u00a0\u00bb column_padding_phone=\u00a0\u00bbinherit\u00a0\u00bb column_padding_position=\u00a0\u00bball\u00a0\u00bb column_element_direction_desktop=\u00a0\u00bbdefault\u00a0\u00bb column_element_spacing=\u00a0\u00bbdefault\u00a0\u00bb desktop_text_alignment=\u00a0\u00bbdefault\u00a0\u00bb tablet_text_alignment=\u00a0\u00bbdefault\u00a0\u00bb phone_text_alignment=\u00a0\u00bbdefault\u00a0\u00bb background_color_opacity=\u00a0\u00bb1&Prime; background_hover_color_opacity=\u00a0\u00bb1&Prime; column_backdrop_filter=\u00a0\u00bbnone\u00a0\u00bb column_shadow=\u00a0\u00bbnone\u00a0\u00bb column_border_radius=\u00a0\u00bbnone\u00a0\u00bb column_link_target=\u00a0\u00bb_self\u00a0\u00bb column_position=\u00a0\u00bbdefault\u00a0\u00bb gradient_direction=\u00a0\u00bbleft_to_right\u00a0\u00bb overlay_strength=\u00a0\u00bb0.3&Prime; width=\u00a0\u00bb1\/2&Prime; tablet_width_inherit=\u00a0\u00bbdefault\u00a0\u00bb animation_type=\u00a0\u00bbdefault\u00a0\u00bb bg_image_animation=\u00a0\u00bbnone\u00a0\u00bb border_type=\u00a0\u00bbsimple\u00a0\u00bb column_border_width=\u00a0\u00bbnone\u00a0\u00bb column_border_style=\u00a0\u00bbsolid\u00a0\u00bb][image_with_animation image_url=\u00a0\u00bb16357&Prime; image_size=\u00a0\u00bbfull\u00a0\u00bb max_width=\u00a0\u00bb100%\u00a0\u00bb max_width_mobile=\u00a0\u00bbdefault\u00a0\u00bb animation_type=\u00a0\u00bbentrance\u00a0\u00bb animation=\u00a0\u00bbNone\u00a0\u00bb animation_movement_type=\u00a0\u00bbtransform_y\u00a0\u00bb hover_animation=\u00a0\u00bbnone\u00a0\u00bb alignment=\u00a0\u00bb\u00a0\u00bb border_radius=\u00a0\u00bbnone\u00a0\u00bb box_shadow=\u00a0\u00bbnone\u00a0\u00bb image_loading=\u00a0\u00bbdefault\u00a0\u00bb][\/vc_column][\/vc_row][vc_row type=\u00a0\u00bbin_container\u00a0\u00bb full_screen_row_position=\u00a0\u00bbmiddle\u00a0\u00bb column_margin=\u00a0\u00bbdefault\u00a0\u00bb column_direction=\u00a0\u00bbdefault\u00a0\u00bb column_direction_tablet=\u00a0\u00bbdefault\u00a0\u00bb column_direction_phone=\u00a0\u00bbdefault\u00a0\u00bb scene_position=\u00a0\u00bbcenter\u00a0\u00bb top_padding=\u00a0\u00bb5%\u00a0\u00bb constrain_group_1=\u00a0\u00bbyes\u00a0\u00bb bottom_padding=\u00a0\u00bb5%\u00a0\u00bb text_color=\u00a0\u00bbdark\u00a0\u00bb text_align=\u00a0\u00bbleft\u00a0\u00bb row_border_radius=\u00a0\u00bbnone\u00a0\u00bb row_border_radius_applies=\u00a0\u00bbbg\u00a0\u00bb overflow=\u00a0\u00bbvisible\u00a0\u00bb overlay_strength=\u00a0\u00bb0.3&Prime; gradient_direction=\u00a0\u00bbleft_to_right\u00a0\u00bb shape_divider_position=\u00a0\u00bbbottom\u00a0\u00bb bg_image_animation=\u00a0\u00bbnone\u00a0\u00bb gradient_type=\u00a0\u00bbdefault\u00a0\u00bb shape_type=\u00a0\u00bb\u00a0\u00bb][vc_column column_padding=\u00a0\u00bbno-extra-padding\u00a0\u00bb column_padding_tablet=\u00a0\u00bbinherit\u00a0\u00bb column_padding_phone=\u00a0\u00bbinherit\u00a0\u00bb column_padding_position=\u00a0\u00bball\u00a0\u00bb column_element_direction_desktop=\u00a0\u00bbdefault\u00a0\u00bb column_element_spacing=\u00a0\u00bbdefault\u00a0\u00bb desktop_text_alignment=\u00a0\u00bbdefault\u00a0\u00bb tablet_text_alignment=\u00a0\u00bbdefault\u00a0\u00bb phone_text_alignment=\u00a0\u00bbdefault\u00a0\u00bb background_color_opacity=\u00a0\u00bb1&Prime; background_hover_color_opacity=\u00a0\u00bb1&Prime; column_backdrop_filter=\u00a0\u00bbnone\u00a0\u00bb column_shadow=\u00a0\u00bbnone\u00a0\u00bb column_border_radius=\u00a0\u00bbnone\u00a0\u00bb column_link_target=\u00a0\u00bb_self\u00a0\u00bb column_position=\u00a0\u00bbdefault\u00a0\u00bb gradient_direction=\u00a0\u00bbleft_to_right\u00a0\u00bb overlay_strength=\u00a0\u00bb0.3&Prime; width=\u00a0\u00bb1\/1&Prime; tablet_width_inherit=\u00a0\u00bbdefault\u00a0\u00bb animation_type=\u00a0\u00bbdefault\u00a0\u00bb bg_image_animation=\u00a0\u00bbnone\u00a0\u00bb border_type=\u00a0\u00bbsimple\u00a0\u00bb column_border_width=\u00a0\u00bbnone\u00a0\u00bb column_border_style=\u00a0\u00bbsolid\u00a0\u00bb]\t\t\t\t\n\t\t\t\t\n\t\t\t\t\n\t\t\t<div class=\"portfolio-wrap \">\n\t\t\t\t\t\n\t\t\t\t\t\t\t\t\t\n\t\t\t\t<span class=\"portfolio-loading  none\">   <\/span>\n\t\t\t\t\t\n\t\t\t\t\t\t\t\t\t\n\t\t\t\t<div class=\"row portfolio-items masonry-items  fullwidth-constrained  \" data-rcp=\"false\" data-masonry-type=\"default\" data-ps=\"8\" data-starting-filter=\"\" data-gutter=\"10px\" data-categories-to-show=\"jig-grinding\" data-bypass-cropping=\"\" data-lightbox-only=\"0\" data-col-num=\"elastic\">\n\t\t\t\t\t\t\t\t\t\t\t\n\t\t\t\t\t\t\t\t\t\t\t\n\t\t\t\t\t<div class=\"col elastic-portfolio-item wide_tall element jig-grinding \"  data-project-cat=\"jig-grinding \" data-default-color=\"true\" data-title-color=\"\" data-subtitle-color=\"\">\n\t\t\t\t\t\t\t\n\t\t\t\t\t\t<div class=\"inner-wrap animated\" data-animation=\"fade_in\">\n\t\t\t\t\t\t\t\t\n\t\t\t\t\t\t\t\t\t\t\t\t\t\t\t\t\n\t\t\t\t\t\t\t\t<div class=\"work-item style-2\" data-custom-content=\"on\">\n\t\t\t\t\t\t\t\t\t\t\n\t\t\t\t\t\t\t\t\t<img decoding=\"async\" class=\"size-wide_tall skip-lazy\" src=\"https:\/\/kellenberger.com\/europe\/wp-content\/uploads\/2024\/06\/H2000-1000x1000.jpg\" alt=\"\" height=\"\" width=\"\" srcset=\"https:\/\/kellenberger.com\/europe\/wp-content\/uploads\/2024\/06\/H2000-1000x1000.jpg 1000w\" sizes=\"(min-width: 1600px) 40vw, (min-width: 1300px) 50vw, (min-width: 1000px) 66.6vw, (min-width: 690px) 100vw, 100vw\" \/>\t\t\t\t\t\t\t\t\t\t\n\t\t\t\t\t\t\t\t\t<div class=\"work-info-bg\"><\/div>\n\t\t\t\t\t\t\t\t\t<div class=\"work-info\">\n\t\t\t\t\t\t\t\t\t\t\t\n\t\t\t\t\t\t\t\t\t\t<a href=\"https:\/\/kellenberger.com\/europe\/fr\/produit\/kellenberger-h2000\/\"><span class=\"screen-reader-text\">KELLENBERGER H2000<\/span><\/a>\t\t\t\t\t\t\t\t\t\t\t\n\t\t\t\t\t\t\t\t\t\t\t\n\t\t\t\t\t\t\t\t\t\t<div class=\"vert-center\">\n\t\t\t\t\t\t\t\t\t\t\t<div class=\"custom-content\"><h3>JIG GRINDING<\/h3>\r\n<h2>H2000<\/h2><\/div>\t\t\t\t\t\t\t\t\t\t<\/div><!--\/vert-center-->\n\t\t\t\t\t\t\t\t\t\t\t\n\t\t\t\t\t\t\t\t\t<\/div>\n\t\t\t\t\t\t\t\t<\/div><!--work-item-->\n\t\t\t\t\t\t\t\t\t\n\t\t\t\t\t\t\t\t\t\t\t\t\t\t\t\n\t\t\t\t\t\t\t\t\n\t\t\t\t\t\t<\/div><!--\/inner-wrap-->\n\t\t\t\t\t<\/div><!--\/col-->\n\t\t\t\t\t\t\n\t\t\t\t\t\t\t\t\t\t\n\t\t\t\t\t\t\t\t\t\t\t\n\t\t\t\t\t<div class=\"col elastic-portfolio-item wide element jig-grinding \"  data-project-cat=\"jig-grinding \" data-default-color=\"true\" data-title-color=\"\" data-subtitle-color=\"\">\n\t\t\t\t\t\t\t\n\t\t\t\t\t\t<div class=\"inner-wrap animated\" data-animation=\"fade_in\">\n\t\t\t\t\t\t\t\t\n\t\t\t\t\t\t\t\t\t\t\t\t\t\t\t\t\n\t\t\t\t\t\t\t\t<div class=\"work-item style-2\" data-custom-content=\"on\">\n\t\t\t\t\t\t\t\t\t\t\n\t\t\t\t\t\t\t\t\t<img decoding=\"async\" class=\"size-wide skip-lazy\" src=\"https:\/\/kellenberger.com\/europe\/wp-content\/uploads\/2025\/12\/Kellenberger-Jig-Grinding-KELLENBERGER-H4000_gesch_re_4c-1-1000x500.png\" alt=\"\" height=\"\" width=\"\" srcset=\"https:\/\/kellenberger.com\/europe\/wp-content\/uploads\/2025\/12\/Kellenberger-Jig-Grinding-KELLENBERGER-H4000_gesch_re_4c-1-1000x500.png 1000w\" sizes=\"(min-width: 1600px) 40vw, (min-width: 1300px) 50vw, (min-width: 1000px) 66.6vw, (min-width: 690px) 100vw, 100vw\" \/>\t\t\t\t\t\t\t\t\t\t\n\t\t\t\t\t\t\t\t\t<div class=\"work-info-bg\"><\/div>\n\t\t\t\t\t\t\t\t\t<div class=\"work-info\">\n\t\t\t\t\t\t\t\t\t\t\t\n\t\t\t\t\t\t\t\t\t\t<a href=\"https:\/\/kellenberger.com\/europe\/fr\/produit\/kellenberger-h4000\/\"><span class=\"screen-reader-text\">KELLENBERGER H4000<\/span><\/a>\t\t\t\t\t\t\t\t\t\t\t\n\t\t\t\t\t\t\t\t\t\t\t\n\t\t\t\t\t\t\t\t\t\t<div class=\"vert-center\">\n\t\t\t\t\t\t\t\t\t\t\t<div class=\"custom-content\"><h3>JIG GRINDING<\/h3>\r\n<h2>H4000<\/h2><\/div>\t\t\t\t\t\t\t\t\t\t<\/div><!--\/vert-center-->\n\t\t\t\t\t\t\t\t\t\t\t\n\t\t\t\t\t\t\t\t\t<\/div>\n\t\t\t\t\t\t\t\t<\/div><!--work-item-->\n\t\t\t\t\t\t\t\t\t\n\t\t\t\t\t\t\t\t\t\t\t\t\t\t\t\n\t\t\t\t\t\t\t\t\n\t\t\t\t\t\t<\/div><!--\/inner-wrap-->\n\t\t\t\t\t<\/div><!--\/col-->\n\t\t\t\t\t\t\n\t\t\t\t\t\t\t\t\t\n\t\t\t<\/div><!--\/portfolio-->\n\t\t<\/div><!--\/portfolio wrap-->\n\t\t\t\n\t\t[\/vc_column][\/vc_row]\n","protected":false},"excerpt":{"rendered":"<p>[vc_row type=\u00a0\u00bbin_container\u00a0\u00bb full_screen_row_position=\u00a0\u00bbmiddle\u00a0\u00bb column_margin=\u00a0\u00bbdefault\u00a0\u00bb column_direction=\u00a0\u00bbdefault\u00a0\u00bb column_direction_tablet=\u00a0\u00bbdefault\u00a0\u00bb column_direction_phone=\u00a0\u00bbdefault\u00a0\u00bb scene_position=\u00a0\u00bbcenter\u00a0\u00bb bottom_padding=\u00a0\u00bb3%\u00a0\u00bb top_margin=\u00a0\u00bb3%\u00a0\u00bb bottom_margin=\u00a0\u00bb2%\u00a0\u00bb bottom_margin_tablet=\u00a0\u00bb60&Prime; text_color=\u00a0\u00bbdark\u00a0\u00bb text_align=\u00a0\u00bbleft\u00a0\u00bb row_border_radius=\u00a0\u00bbnone\u00a0\u00bb row_border_radius_applies=\u00a0\u00bbbg\u00a0\u00bb overflow=\u00a0\u00bbvisible\u00a0\u00bb overlay_strength=\u00a0\u00bb0.3&Prime; gradient_direction=\u00a0\u00bbleft_to_right\u00a0\u00bb shape_divider_position=\u00a0\u00bbbottom\u00a0\u00bb bg_image_animation=\u00a0\u00bbnone\u00a0\u00bb shape_type=\u00a0\u00bb\u00a0\u00bb gradient_type=\u00a0\u00bbdefault\u00a0\u00bb][vc_column column_padding=\u00a0\u00bbno-extra-padding\u00a0\u00bb column_padding_tablet=\u00a0\u00bbinherit\u00a0\u00bb column_padding_phone=\u00a0\u00bbinherit\u00a0\u00bb column_padding_position=\u00a0\u00bball\u00a0\u00bb top_margin=\u00a0\u00bb2%\u00a0\u00bb column_element_direction_desktop=\u00a0\u00bbdefault\u00a0\u00bb column_element_spacing=\u00a0\u00bbdefault\u00a0\u00bb&#8230;<\/p>\n","protected":false},"author":1,"featured_media":0,"parent":0,"menu_order":0,"comment_status":"closed","ping_status":"closed","template":"","meta":{"inline_featured_image":false,"footnotes":""},"class_list":["post-22666","page","type-page","status-publish"],"yoast_head":"<!-- This site is optimized with the Yoast SEO plugin v26.9 - https:\/\/yoast.com\/product\/yoast-seo-wordpress\/ -->\n<title>Machines de meulage \u00e0 gabarit - Kellenberger Region - Europa<\/title>\n<meta name=\"description\" content=\"D\u00e9couvrez la rectification par coordonn\u00e9es KELLENBERGER en Europe\u202f: Jig Grinding de haute pr\u00e9cision pour g\u00e9om\u00e9tries complexes, tol\u00e9rances serr\u00e9es et performances maximales dans les applications industrielles les plus exigeantes.\" \/>\n<meta name=\"robots\" content=\"index, follow, max-snippet:-1, max-image-preview:large, max-video-preview:-1\" \/>\n<link rel=\"canonical\" href=\"https:\/\/kellenberger.com\/europe\/fr\/jig-grinding\/\" \/>\n<meta property=\"og:locale\" content=\"fr_FR\" \/>\n<meta property=\"og:type\" content=\"article\" \/>\n<meta property=\"og:title\" content=\"Machines de meulage \u00e0 gabarit - Kellenberger Region - Europa\" \/>\n<meta property=\"og:description\" content=\"D\u00e9couvrez la rectification par coordonn\u00e9es KELLENBERGER en Europe\u202f: Jig Grinding de haute pr\u00e9cision pour g\u00e9om\u00e9tries complexes, tol\u00e9rances serr\u00e9es et performances maximales dans les applications industrielles les plus exigeantes.\" \/>\n<meta property=\"og:url\" content=\"https:\/\/kellenberger.com\/europe\/fr\/jig-grinding\/\" \/>\n<meta property=\"og:site_name\" content=\"Kellenberger Region - Europa\" \/>\n<meta property=\"article:modified_time\" content=\"2026-02-18T12:15:30+00:00\" \/>\n<meta name=\"twitter:card\" content=\"summary_large_image\" \/>\n<meta name=\"twitter:label1\" content=\"Dur\u00e9e de lecture estim\u00e9e\" \/>\n\t<meta name=\"twitter:data1\" content=\"2 minutes\" \/>\n<script type=\"application\/ld+json\" class=\"yoast-schema-graph\">{\"@context\":\"https:\/\/schema.org\",\"@graph\":[{\"@type\":\"WebPage\",\"@id\":\"https:\/\/kellenberger.com\/europe\/fr\/jig-grinding\/\",\"url\":\"https:\/\/kellenberger.com\/europe\/fr\/jig-grinding\/\",\"name\":\"Machines de meulage \u00e0 gabarit - Kellenberger Region - Europa\",\"isPartOf\":{\"@id\":\"https:\/\/kellenberger.com\/europe\/fr\/#website\"},\"datePublished\":\"2025-12-04T14:48:50+00:00\",\"dateModified\":\"2026-02-18T12:15:30+00:00\",\"description\":\"D\u00e9couvrez la rectification par coordonn\u00e9es KELLENBERGER en Europe\u202f: Jig Grinding de haute pr\u00e9cision pour g\u00e9om\u00e9tries complexes, tol\u00e9rances serr\u00e9es et performances maximales dans les applications industrielles les plus exigeantes.\",\"breadcrumb\":{\"@id\":\"https:\/\/kellenberger.com\/europe\/fr\/jig-grinding\/#breadcrumb\"},\"inLanguage\":\"fr-FR\",\"potentialAction\":[{\"@type\":\"ReadAction\",\"target\":[\"https:\/\/kellenberger.com\/europe\/fr\/jig-grinding\/\"]}]},{\"@type\":\"BreadcrumbList\",\"@id\":\"https:\/\/kellenberger.com\/europe\/fr\/jig-grinding\/#breadcrumb\",\"itemListElement\":[{\"@type\":\"ListItem\",\"position\":1,\"name\":\"Home\",\"item\":\"https:\/\/kellenberger.com\/europe\/fr\/\"},{\"@type\":\"ListItem\",\"position\":2,\"name\":\"Machines de meulage \u00e0 gabarit\"}]},{\"@type\":\"WebSite\",\"@id\":\"https:\/\/kellenberger.com\/europe\/fr\/#website\",\"url\":\"https:\/\/kellenberger.com\/europe\/fr\/\",\"name\":\"Kellenberger Region - Europa\",\"description\":\"\",\"potentialAction\":[{\"@type\":\"SearchAction\",\"target\":{\"@type\":\"EntryPoint\",\"urlTemplate\":\"https:\/\/kellenberger.com\/europe\/fr\/?s={search_term_string}\"},\"query-input\":{\"@type\":\"PropertyValueSpecification\",\"valueRequired\":true,\"valueName\":\"search_term_string\"}}],\"inLanguage\":\"fr-FR\"}]}<\/script>\n<!-- \/ Yoast SEO plugin. -->","yoast_head_json":{"title":"Machines de meulage \u00e0 gabarit - Kellenberger Region - Europa","description":"D\u00e9couvrez la rectification par coordonn\u00e9es KELLENBERGER en Europe\u202f: Jig Grinding de haute pr\u00e9cision pour g\u00e9om\u00e9tries complexes, tol\u00e9rances serr\u00e9es et performances maximales dans les applications industrielles les plus exigeantes.","robots":{"index":"index","follow":"follow","max-snippet":"max-snippet:-1","max-image-preview":"max-image-preview:large","max-video-preview":"max-video-preview:-1"},"canonical":"https:\/\/kellenberger.com\/europe\/fr\/jig-grinding\/","og_locale":"fr_FR","og_type":"article","og_title":"Machines de meulage \u00e0 gabarit - Kellenberger Region - Europa","og_description":"D\u00e9couvrez la rectification par coordonn\u00e9es KELLENBERGER en Europe\u202f: Jig Grinding de haute pr\u00e9cision pour g\u00e9om\u00e9tries complexes, tol\u00e9rances serr\u00e9es et performances maximales dans les applications industrielles les plus exigeantes.","og_url":"https:\/\/kellenberger.com\/europe\/fr\/jig-grinding\/","og_site_name":"Kellenberger Region - Europa","article_modified_time":"2026-02-18T12:15:30+00:00","twitter_card":"summary_large_image","twitter_misc":{"Dur\u00e9e de lecture estim\u00e9e":"2 minutes"},"schema":{"@context":"https:\/\/schema.org","@graph":[{"@type":"WebPage","@id":"https:\/\/kellenberger.com\/europe\/fr\/jig-grinding\/","url":"https:\/\/kellenberger.com\/europe\/fr\/jig-grinding\/","name":"Machines de meulage \u00e0 gabarit - Kellenberger Region - Europa","isPartOf":{"@id":"https:\/\/kellenberger.com\/europe\/fr\/#website"},"datePublished":"2025-12-04T14:48:50+00:00","dateModified":"2026-02-18T12:15:30+00:00","description":"D\u00e9couvrez la rectification par coordonn\u00e9es KELLENBERGER en Europe\u202f: Jig Grinding de haute pr\u00e9cision pour g\u00e9om\u00e9tries complexes, tol\u00e9rances serr\u00e9es et performances maximales dans les applications industrielles les plus exigeantes.","breadcrumb":{"@id":"https:\/\/kellenberger.com\/europe\/fr\/jig-grinding\/#breadcrumb"},"inLanguage":"fr-FR","potentialAction":[{"@type":"ReadAction","target":["https:\/\/kellenberger.com\/europe\/fr\/jig-grinding\/"]}]},{"@type":"BreadcrumbList","@id":"https:\/\/kellenberger.com\/europe\/fr\/jig-grinding\/#breadcrumb","itemListElement":[{"@type":"ListItem","position":1,"name":"Home","item":"https:\/\/kellenberger.com\/europe\/fr\/"},{"@type":"ListItem","position":2,"name":"Machines de meulage \u00e0 gabarit"}]},{"@type":"WebSite","@id":"https:\/\/kellenberger.com\/europe\/fr\/#website","url":"https:\/\/kellenberger.com\/europe\/fr\/","name":"Kellenberger Region - Europa","description":"","potentialAction":[{"@type":"SearchAction","target":{"@type":"EntryPoint","urlTemplate":"https:\/\/kellenberger.com\/europe\/fr\/?s={search_term_string}"},"query-input":{"@type":"PropertyValueSpecification","valueRequired":true,"valueName":"search_term_string"}}],"inLanguage":"fr-FR"}]}},"_links":{"self":[{"href":"https:\/\/kellenberger.com\/europe\/fr\/wp-json\/wp\/v2\/pages\/22666","targetHints":{"allow":["GET"]}}],"collection":[{"href":"https:\/\/kellenberger.com\/europe\/fr\/wp-json\/wp\/v2\/pages"}],"about":[{"href":"https:\/\/kellenberger.com\/europe\/fr\/wp-json\/wp\/v2\/types\/page"}],"author":[{"embeddable":true,"href":"https:\/\/kellenberger.com\/europe\/fr\/wp-json\/wp\/v2\/users\/1"}],"replies":[{"embeddable":true,"href":"https:\/\/kellenberger.com\/europe\/fr\/wp-json\/wp\/v2\/comments?post=22666"}],"version-history":[{"count":4,"href":"https:\/\/kellenberger.com\/europe\/fr\/wp-json\/wp\/v2\/pages\/22666\/revisions"}],"predecessor-version":[{"id":22971,"href":"https:\/\/kellenberger.com\/europe\/fr\/wp-json\/wp\/v2\/pages\/22666\/revisions\/22971"}],"wp:attachment":[{"href":"https:\/\/kellenberger.com\/europe\/fr\/wp-json\/wp\/v2\/media?parent=22666"}],"curies":[{"name":"wp","href":"https:\/\/api.w.org\/{rel}","templated":true}]}}