{"id":22536,"date":"2025-12-17T10:38:39","date_gmt":"2025-12-17T09:38:39","guid":{"rendered":"https:\/\/kellenberger.com\/europa\/?page_id=22536"},"modified":"2026-02-18T12:07:31","modified_gmt":"2026-02-18T11:07:31","slug":"turning-milling-mill-turn","status":"publish","type":"page","link":"https:\/\/kellenberger.com\/europe\/de\/turning-milling-mill-turn\/","title":{"rendered":"Turning \/ Milling \/ Mill-Turn"},"content":{"rendered":"[vc_row type=&#8220;in_container&#8220; full_screen_row_position=&#8220;middle&#8220; column_margin=&#8220;default&#8220; column_direction=&#8220;default&#8220; column_direction_tablet=&#8220;default&#8220; column_direction_phone=&#8220;default&#8220; scene_position=&#8220;center&#8220; bottom_margin_tablet=&#8220;60&#8243; text_color=&#8220;dark&#8220; text_align=&#8220;left&#8220; row_border_radius=&#8220;none&#8220; row_border_radius_applies=&#8220;bg&#8220; overflow=&#8220;visible&#8220; overlay_strength=&#8220;0.3&#8243; gradient_direction=&#8220;left_to_right&#8220; shape_divider_position=&#8220;bottom&#8220; bg_image_animation=&#8220;none&#8220; shape_type=&#8220;&#8220; gradient_type=&#8220;default&#8220;][vc_column column_padding=&#8220;no-extra-padding&#8220; column_padding_tablet=&#8220;inherit&#8220; column_padding_phone=&#8220;inherit&#8220; column_padding_position=&#8220;all&#8220; top_margin=&#8220;2%&#8220; column_element_direction_desktop=&#8220;default&#8220; column_element_spacing=&#8220;default&#8220; desktop_text_alignment=&#8220;default&#8220; tablet_text_alignment=&#8220;default&#8220; phone_text_alignment=&#8220;default&#8220; background_color_opacity=&#8220;1&#8243; background_hover_color_opacity=&#8220;1&#8243; column_backdrop_filter=&#8220;none&#8220; column_shadow=&#8220;none&#8220; column_border_radius=&#8220;none&#8220; column_link_target=&#8220;_self&#8220; column_position=&#8220;default&#8220; gradient_direction=&#8220;left_to_right&#8220; overlay_strength=&#8220;0.3&#8243; width=&#8220;1\/2&#8243; tablet_width_inherit=&#8220;default&#8220; animation_type=&#8220;default&#8220; bg_image_animation=&#8220;none&#8220; border_type=&#8220;simple&#8220; column_border_width=&#8220;none&#8220; column_border_style=&#8220;solid&#8220;][vc_custom_heading text=&#8220;Dreh-\/Fr\u00e4s-\/Mill-Turn-Bearbeitungsl\u00f6sungen&#8220; font_container=&#8220;tag:h1|text_align:left&#8220; use_theme_fonts=&#8220;yes&#8220; css=&#8220;&#8220;][vc_column_text css=&#8220;.vc_custom_1765978043860{padding-top: 5% !important;padding-right: 2% !important;}&#8220; text_direction=&#8220;default&#8220;]\n<h4>Maximale Flexibilit\u00e4t f\u00fcr komplexe Werkst\u00fccke<\/h4>\n<p>Unsere Dreh-\/Fr\u00e4s-\/Mill-Turn-Zentren vereinen die Vorteile des Drehens und Fr\u00e4sens in einer einzigen Maschine. Sie erm\u00f6glichen die Komplettbearbeitung in nur einer Aufspannung \u2013 f\u00fcr h\u00f6chste Pr\u00e4zision, k\u00fcrzere Bearbeitungszeiten und reduzierte R\u00fcstkosten.<\/p>\n<h4>Wichtige Merkmale &amp; Vorteile<\/h4>\n<p>Multifunktionalit\u00e4t: Drehen, Fr\u00e4sen und Bohren in einer Maschine<\/p>\n<p>Komplettbearbeitung: Weniger Umspannungen, h\u00f6here Genauigkeit<\/p>\n<p>Produktivit\u00e4t: K\u00fcrzere Zykluszeiten durch integrierte Prozesse<\/p>\n<p>Flexibilit\u00e4t: Von einfachen Teilen bis hin zu hochkomplexen Geometrien<\/p>\n<p>Automatisierung: Optionen f\u00fcr Werkst\u00fcck- und Werkzeughandling<\/p>\n<h4>Anwendungsbereiche<\/h4>\n<p>Ideal f\u00fcr Branchen wie:<\/p>\n<ul>\n<li>Luft- und Raumfahrt<\/li>\n<li>Medizintechnik<\/li>\n<li>Automobilindustrie<\/li>\n<li>Maschinenbau<\/li>\n<li>Pr\u00e4zisionskomponentenfertigung<\/li>\n<\/ul>\n<h4>Ihre Vorteile auf einen Blick<\/h4>\n<ul>\n<li>Niedrigere Produktionskosten<\/li>\n<li>H\u00f6chste Pr\u00e4zision und Wiederholgenauigkeit<\/li>\n<li>Zukunftssichere Technologie f\u00fcr wachsende Anforderungen<\/li>\n<\/ul>\n[\/vc_column_text][\/vc_column][vc_column column_padding=&#8220;no-extra-padding&#8220; column_padding_tablet=&#8220;inherit&#8220; column_padding_phone=&#8220;inherit&#8220; column_padding_position=&#8220;all&#8220; column_element_direction_desktop=&#8220;default&#8220; column_element_spacing=&#8220;default&#8220; desktop_text_alignment=&#8220;default&#8220; tablet_text_alignment=&#8220;default&#8220; phone_text_alignment=&#8220;default&#8220; background_color_opacity=&#8220;1&#8243; background_hover_color_opacity=&#8220;1&#8243; column_backdrop_filter=&#8220;none&#8220; column_shadow=&#8220;none&#8220; column_border_radius=&#8220;none&#8220; column_link_target=&#8220;_self&#8220; column_position=&#8220;default&#8220; gradient_direction=&#8220;left_to_right&#8220; overlay_strength=&#8220;0.3&#8243; width=&#8220;1\/2&#8243; tablet_width_inherit=&#8220;default&#8220; animation_type=&#8220;default&#8220; bg_image_animation=&#8220;none&#8220; border_type=&#8220;simple&#8220; column_border_width=&#8220;none&#8220; column_border_style=&#8220;solid&#8220;][image_with_animation image_url=&#8220;22364&#8243; image_size=&#8220;full&#8220; max_width=&#8220;100%&#8220; max_width_mobile=&#8220;default&#8220; animation_type=&#8220;entrance&#8220; animation=&#8220;None&#8220; animation_movement_type=&#8220;transform_y&#8220; hover_animation=&#8220;none&#8220; alignment=&#8220;&#8220; border_radius=&#8220;none&#8220; box_shadow=&#8220;none&#8220; image_loading=&#8220;default&#8220;][\/vc_column][\/vc_row][vc_row type=&#8220;in_container&#8220; full_screen_row_position=&#8220;middle&#8220; column_margin=&#8220;default&#8220; column_direction=&#8220;default&#8220; column_direction_tablet=&#8220;default&#8220; column_direction_phone=&#8220;default&#8220; scene_position=&#8220;center&#8220; constrain_group_1=&#8220;yes&#8220; text_color=&#8220;dark&#8220; text_align=&#8220;left&#8220; row_border_radius=&#8220;none&#8220; row_border_radius_applies=&#8220;bg&#8220; overflow=&#8220;visible&#8220; overlay_strength=&#8220;0.3&#8243; gradient_direction=&#8220;left_to_right&#8220; shape_divider_position=&#8220;bottom&#8220; bg_image_animation=&#8220;none&#8220; gradient_type=&#8220;default&#8220; shape_type=&#8220;&#8220;][vc_column column_padding=&#8220;no-extra-padding&#8220; column_padding_tablet=&#8220;inherit&#8220; column_padding_phone=&#8220;inherit&#8220; column_padding_position=&#8220;all&#8220; column_element_direction_desktop=&#8220;default&#8220; column_element_spacing=&#8220;default&#8220; desktop_text_alignment=&#8220;default&#8220; tablet_text_alignment=&#8220;default&#8220; phone_text_alignment=&#8220;default&#8220; background_color_opacity=&#8220;1&#8243; background_hover_color_opacity=&#8220;1&#8243; column_backdrop_filter=&#8220;none&#8220; column_shadow=&#8220;none&#8220; column_border_radius=&#8220;none&#8220; column_link_target=&#8220;_self&#8220; column_position=&#8220;default&#8220; gradient_direction=&#8220;left_to_right&#8220; overlay_strength=&#8220;0.3&#8243; width=&#8220;1\/1&#8243; tablet_width_inherit=&#8220;default&#8220; animation_type=&#8220;default&#8220; bg_image_animation=&#8220;none&#8220; border_type=&#8220;simple&#8220; column_border_width=&#8220;none&#8220; column_border_style=&#8220;solid&#8220;]\t\t\t\t\n\t\t\t\t\n\t\t\t\t\n\t\t\t<div class=\"portfolio-wrap \">\n\t\t\t\t\t\n\t\t\t\t\t\t\t\t\t\n\t\t\t\t<span class=\"portfolio-loading  none\">   <\/span>\n\t\t\t\t\t\n\t\t\t\t\t\t\t\t\t\n\t\t\t\t<div class=\"row portfolio-items no-masonry  \" data-rcp=\"false\" data-masonry-type=\"default\" data-ps=\"1\" data-starting-filter=\"\" data-gutter=\"default\" data-categories-to-show=\"turning-milling-mill-turn-de\" data-bypass-cropping=\"\" data-lightbox-only=\"0\" data-col-num=\"cols-3\">\n\t\t\t\t\t\t\t\t\t\t\t\n\t\t\t\t\t\t\t\t\t\t\t\n\t\t\t\t\t<div class=\"col span_4  element turning-milling-mill-turn-de \"  data-project-cat=\"turning-milling-mill-turn-de \" data-default-color=\"true\" data-title-color=\"\" data-subtitle-color=\"\">\n\t\t\t\t\t\t\t\n\t\t\t\t\t\t<div class=\"inner-wrap animated\" data-animation=\"none\">\n\t\t\t\t\t\t\t\t\n\t\t\t\t\t\t\t\t\t\t\t\t\t\t\t\t\n\t\t\t\t\t\t\t\t<div class=\"work-item style-1\" data-custom-content=\"on\">\n\t\t\t\t\t\t\t\t\t\t\n\t\t\t\t\t\t\t\t\t<img decoding=\"async\" class=\"size- skip-lazy\" src=\"https:\/\/kellenberger.com\/europe\/wp-content\/uploads\/2025\/12\/TM300S_front_off_4c-2-600x403.png\" alt=\"\" height=\"\" width=\"\" srcset=\"https:\/\/kellenberger.com\/europe\/wp-content\/uploads\/2025\/12\/TM300S_front_off_4c-2-600x403.png 600w, \" sizes=\"(min-width: 1000px) 33.3vw, (min-width: 690px) 50vw, 100vw\" \/>\t\t\t\t\t\t\t\t\t\t\n\t\t\t\t\t\t\t\t\t<div class=\"work-info-bg\"><\/div>\n\t\t\t\t\t\t\t\t\t<div class=\"work-info\"> \n\t\t\t\t\t\t\t\t\t\t\t\n\t\t\t\t\t\t\t\t\t\t<a href=\"https:\/\/kellenberger.com\/europe\/de\/produkt\/kellenberger-tm300\/\"><span class=\"screen-reader-text\">KELLENBERGER TM300<\/span><\/a><div class=\"vert-center\"><div class=\"custom-content\"><h3>TURNING \/ MILLING \/ MILL-TURN<\/h3>\r\n<h2>TM300<\/h2><\/div><\/div><\/div><\/div>\t\t\t\t\t\t\t\t\n\t\t\t\t\t\t\t\t\n\t\t\t\t\t\t<\/div><!--\/inner-wrap-->\n\t\t\t\t\t<\/div><!--\/col-->\n\t\t\t\t\t\t\n\t\t\t\t\t\t\t\t\t\n\t\t\t<\/div><!--\/portfolio-->\n\t\t<\/div><!--\/portfolio wrap-->\n\t\t\t\n\t\t[\/vc_column][\/vc_row]\n","protected":false},"excerpt":{"rendered":"<p>[vc_row type=&#8220;in_container&#8220; full_screen_row_position=&#8220;middle&#8220; column_margin=&#8220;default&#8220; column_direction=&#8220;default&#8220; column_direction_tablet=&#8220;default&#8220; column_direction_phone=&#8220;default&#8220; scene_position=&#8220;center&#8220; bottom_margin_tablet=&#8220;60&#8243; text_color=&#8220;dark&#8220; text_align=&#8220;left&#8220; row_border_radius=&#8220;none&#8220; row_border_radius_applies=&#8220;bg&#8220; overflow=&#8220;visible&#8220; overlay_strength=&#8220;0.3&#8243; gradient_direction=&#8220;left_to_right&#8220; shape_divider_position=&#8220;bottom&#8220; bg_image_animation=&#8220;none&#8220; shape_type=&#8220;&#8220; gradient_type=&#8220;default&#8220;][vc_column column_padding=&#8220;no-extra-padding&#8220; column_padding_tablet=&#8220;inherit&#8220; column_padding_phone=&#8220;inherit&#8220; column_padding_position=&#8220;all&#8220; top_margin=&#8220;2%&#8220; column_element_direction_desktop=&#8220;default&#8220; column_element_spacing=&#8220;default&#8220; desktop_text_alignment=&#8220;default&#8220; tablet_text_alignment=&#8220;default&#8220; phone_text_alignment=&#8220;default&#8220;&#8230;<\/p>\n","protected":false},"author":13,"featured_media":0,"parent":0,"menu_order":0,"comment_status":"closed","ping_status":"closed","template":"","meta":{"inline_featured_image":false,"footnotes":""},"class_list":["post-22536","page","type-page","status-publish"],"yoast_head":"<!-- This site is optimized with the Yoast SEO plugin v26.9 - https:\/\/yoast.com\/product\/yoast-seo-wordpress\/ -->\n<title>Turning \/ Milling \/ Mill-Turn - Kellenberger Region - Europa<\/title>\n<meta name=\"description\" content=\"Entdecken Sie KELLENBERGER Turning, Milling und Mill\u2011Turn Technologien in Europa: pr\u00e4zise Dreh\u2011 und Fr\u00e4sbearbeitung, effiziente Komplettbearbeitung und leistungsstarke L\u00f6sungen f\u00fcr anspruchsvolle industrielle Fertigungsprozesse.\" \/>\n<meta name=\"robots\" content=\"index, follow, max-snippet:-1, max-image-preview:large, max-video-preview:-1\" \/>\n<link rel=\"canonical\" href=\"https:\/\/kellenberger.com\/europe\/de\/turning-milling-mill-turn\/\" \/>\n<meta property=\"og:locale\" content=\"de_DE\" \/>\n<meta property=\"og:type\" content=\"article\" \/>\n<meta property=\"og:title\" content=\"Turning \/ Milling \/ Mill-Turn - Kellenberger Region - Europa\" \/>\n<meta property=\"og:description\" content=\"Entdecken Sie KELLENBERGER Turning, Milling und Mill\u2011Turn Technologien in Europa: pr\u00e4zise Dreh\u2011 und Fr\u00e4sbearbeitung, effiziente Komplettbearbeitung und leistungsstarke L\u00f6sungen f\u00fcr anspruchsvolle industrielle Fertigungsprozesse.\" \/>\n<meta property=\"og:url\" content=\"https:\/\/kellenberger.com\/europe\/de\/turning-milling-mill-turn\/\" \/>\n<meta property=\"og:site_name\" content=\"Kellenberger Region - Europa\" \/>\n<meta property=\"article:modified_time\" content=\"2026-02-18T11:07:31+00:00\" \/>\n<meta name=\"twitter:card\" content=\"summary_large_image\" \/>\n<meta name=\"twitter:label1\" content=\"Gesch\u00e4tzte Lesezeit\" \/>\n\t<meta name=\"twitter:data1\" content=\"1\u00a0Minute\" \/>\n<script type=\"application\/ld+json\" class=\"yoast-schema-graph\">{\"@context\":\"https:\/\/schema.org\",\"@graph\":[{\"@type\":\"WebPage\",\"@id\":\"https:\/\/kellenberger.com\/europe\/de\/turning-milling-mill-turn\/\",\"url\":\"https:\/\/kellenberger.com\/europe\/de\/turning-milling-mill-turn\/\",\"name\":\"Turning \/ Milling \/ Mill-Turn - Kellenberger Region - Europa\",\"isPartOf\":{\"@id\":\"https:\/\/kellenberger.com\/europe\/de\/#website\"},\"datePublished\":\"2025-12-17T09:38:39+00:00\",\"dateModified\":\"2026-02-18T11:07:31+00:00\",\"description\":\"Entdecken Sie KELLENBERGER Turning, Milling und Mill\u2011Turn Technologien in Europa: pr\u00e4zise Dreh\u2011 und Fr\u00e4sbearbeitung, effiziente Komplettbearbeitung und leistungsstarke L\u00f6sungen f\u00fcr anspruchsvolle industrielle Fertigungsprozesse.\",\"breadcrumb\":{\"@id\":\"https:\/\/kellenberger.com\/europe\/de\/turning-milling-mill-turn\/#breadcrumb\"},\"inLanguage\":\"de\",\"potentialAction\":[{\"@type\":\"ReadAction\",\"target\":[\"https:\/\/kellenberger.com\/europe\/de\/turning-milling-mill-turn\/\"]}]},{\"@type\":\"BreadcrumbList\",\"@id\":\"https:\/\/kellenberger.com\/europe\/de\/turning-milling-mill-turn\/#breadcrumb\",\"itemListElement\":[{\"@type\":\"ListItem\",\"position\":1,\"name\":\"Home\",\"item\":\"https:\/\/kellenberger.com\/europe\/de\/\"},{\"@type\":\"ListItem\",\"position\":2,\"name\":\"Turning \/ Milling \/ Mill-Turn\"}]},{\"@type\":\"WebSite\",\"@id\":\"https:\/\/kellenberger.com\/europe\/de\/#website\",\"url\":\"https:\/\/kellenberger.com\/europe\/de\/\",\"name\":\"Kellenberger Region - Europa\",\"description\":\"\",\"potentialAction\":[{\"@type\":\"SearchAction\",\"target\":{\"@type\":\"EntryPoint\",\"urlTemplate\":\"https:\/\/kellenberger.com\/europe\/de\/?s={search_term_string}\"},\"query-input\":{\"@type\":\"PropertyValueSpecification\",\"valueRequired\":true,\"valueName\":\"search_term_string\"}}],\"inLanguage\":\"de\"}]}<\/script>\n<!-- \/ Yoast SEO plugin. -->","yoast_head_json":{"title":"Turning \/ Milling \/ Mill-Turn - Kellenberger Region - Europa","description":"Entdecken Sie KELLENBERGER Turning, Milling und Mill\u2011Turn Technologien in Europa: pr\u00e4zise Dreh\u2011 und Fr\u00e4sbearbeitung, effiziente Komplettbearbeitung und leistungsstarke L\u00f6sungen f\u00fcr anspruchsvolle industrielle Fertigungsprozesse.","robots":{"index":"index","follow":"follow","max-snippet":"max-snippet:-1","max-image-preview":"max-image-preview:large","max-video-preview":"max-video-preview:-1"},"canonical":"https:\/\/kellenberger.com\/europe\/de\/turning-milling-mill-turn\/","og_locale":"de_DE","og_type":"article","og_title":"Turning \/ Milling \/ Mill-Turn - Kellenberger Region - Europa","og_description":"Entdecken Sie KELLENBERGER Turning, Milling und Mill\u2011Turn Technologien in Europa: pr\u00e4zise Dreh\u2011 und Fr\u00e4sbearbeitung, effiziente Komplettbearbeitung und leistungsstarke L\u00f6sungen f\u00fcr anspruchsvolle industrielle Fertigungsprozesse.","og_url":"https:\/\/kellenberger.com\/europe\/de\/turning-milling-mill-turn\/","og_site_name":"Kellenberger Region - Europa","article_modified_time":"2026-02-18T11:07:31+00:00","twitter_card":"summary_large_image","twitter_misc":{"Gesch\u00e4tzte Lesezeit":"1\u00a0Minute"},"schema":{"@context":"https:\/\/schema.org","@graph":[{"@type":"WebPage","@id":"https:\/\/kellenberger.com\/europe\/de\/turning-milling-mill-turn\/","url":"https:\/\/kellenberger.com\/europe\/de\/turning-milling-mill-turn\/","name":"Turning \/ Milling \/ Mill-Turn - Kellenberger Region - Europa","isPartOf":{"@id":"https:\/\/kellenberger.com\/europe\/de\/#website"},"datePublished":"2025-12-17T09:38:39+00:00","dateModified":"2026-02-18T11:07:31+00:00","description":"Entdecken Sie KELLENBERGER Turning, Milling und Mill\u2011Turn Technologien in Europa: pr\u00e4zise Dreh\u2011 und Fr\u00e4sbearbeitung, effiziente Komplettbearbeitung und leistungsstarke L\u00f6sungen f\u00fcr anspruchsvolle industrielle Fertigungsprozesse.","breadcrumb":{"@id":"https:\/\/kellenberger.com\/europe\/de\/turning-milling-mill-turn\/#breadcrumb"},"inLanguage":"de","potentialAction":[{"@type":"ReadAction","target":["https:\/\/kellenberger.com\/europe\/de\/turning-milling-mill-turn\/"]}]},{"@type":"BreadcrumbList","@id":"https:\/\/kellenberger.com\/europe\/de\/turning-milling-mill-turn\/#breadcrumb","itemListElement":[{"@type":"ListItem","position":1,"name":"Home","item":"https:\/\/kellenberger.com\/europe\/de\/"},{"@type":"ListItem","position":2,"name":"Turning \/ Milling \/ Mill-Turn"}]},{"@type":"WebSite","@id":"https:\/\/kellenberger.com\/europe\/de\/#website","url":"https:\/\/kellenberger.com\/europe\/de\/","name":"Kellenberger Region - Europa","description":"","potentialAction":[{"@type":"SearchAction","target":{"@type":"EntryPoint","urlTemplate":"https:\/\/kellenberger.com\/europe\/de\/?s={search_term_string}"},"query-input":{"@type":"PropertyValueSpecification","valueRequired":true,"valueName":"search_term_string"}}],"inLanguage":"de"}]}},"_links":{"self":[{"href":"https:\/\/kellenberger.com\/europe\/de\/wp-json\/wp\/v2\/pages\/22536","targetHints":{"allow":["GET"]}}],"collection":[{"href":"https:\/\/kellenberger.com\/europe\/de\/wp-json\/wp\/v2\/pages"}],"about":[{"href":"https:\/\/kellenberger.com\/europe\/de\/wp-json\/wp\/v2\/types\/page"}],"author":[{"embeddable":true,"href":"https:\/\/kellenberger.com\/europe\/de\/wp-json\/wp\/v2\/users\/13"}],"replies":[{"embeddable":true,"href":"https:\/\/kellenberger.com\/europe\/de\/wp-json\/wp\/v2\/comments?post=22536"}],"version-history":[{"count":5,"href":"https:\/\/kellenberger.com\/europe\/de\/wp-json\/wp\/v2\/pages\/22536\/revisions"}],"predecessor-version":[{"id":22548,"href":"https:\/\/kellenberger.com\/europe\/de\/wp-json\/wp\/v2\/pages\/22536\/revisions\/22548"}],"wp:attachment":[{"href":"https:\/\/kellenberger.com\/europe\/de\/wp-json\/wp\/v2\/media?parent=22536"}],"curies":[{"name":"wp","href":"https:\/\/api.w.org\/{rel}","templated":true}]}}