{"id":22014,"date":"2025-12-04T15:48:10","date_gmt":"2025-12-04T14:48:10","guid":{"rendered":"https:\/\/kellenberger.com\/europa\/?page_id=22014"},"modified":"2026-02-18T13:12:52","modified_gmt":"2026-02-18T12:12:52","slug":"rundschleifmaschinen","status":"publish","type":"page","link":"https:\/\/kellenberger.com\/europe\/de\/rundschleifmaschinen\/","title":{"rendered":"Rundschleifmaschinen"},"content":{"rendered":"[vc_row type=&#8220;in_container&#8220; full_screen_row_position=&#8220;middle&#8220; column_margin=&#8220;default&#8220; column_direction=&#8220;default&#8220; column_direction_tablet=&#8220;default&#8220; column_direction_phone=&#8220;default&#8220; scene_position=&#8220;center&#8220; bottom_margin_tablet=&#8220;60&#8243; text_color=&#8220;dark&#8220; text_align=&#8220;left&#8220; row_border_radius=&#8220;none&#8220; row_border_radius_applies=&#8220;bg&#8220; overflow=&#8220;visible&#8220; overlay_strength=&#8220;0.3&#8243; gradient_direction=&#8220;left_to_right&#8220; shape_divider_position=&#8220;bottom&#8220; bg_image_animation=&#8220;none&#8220; shape_type=&#8220;&#8220; gradient_type=&#8220;default&#8220;][vc_column column_padding=&#8220;no-extra-padding&#8220; column_padding_tablet=&#8220;inherit&#8220; column_padding_phone=&#8220;inherit&#8220; column_padding_position=&#8220;all&#8220; top_margin=&#8220;2%&#8220; column_element_direction_desktop=&#8220;default&#8220; column_element_spacing=&#8220;default&#8220; desktop_text_alignment=&#8220;default&#8220; tablet_text_alignment=&#8220;default&#8220; phone_text_alignment=&#8220;default&#8220; background_color_opacity=&#8220;1&#8243; background_hover_color_opacity=&#8220;1&#8243; column_backdrop_filter=&#8220;none&#8220; column_shadow=&#8220;none&#8220; column_border_radius=&#8220;none&#8220; column_link_target=&#8220;_self&#8220; column_position=&#8220;default&#8220; gradient_direction=&#8220;left_to_right&#8220; overlay_strength=&#8220;0.3&#8243; width=&#8220;1\/2&#8243; tablet_width_inherit=&#8220;default&#8220; animation_type=&#8220;default&#8220; bg_image_animation=&#8220;none&#8220; border_type=&#8220;simple&#8220; column_border_width=&#8220;none&#8220; column_border_style=&#8220;solid&#8220;][vc_custom_heading text=&#8220;Rundschleifmaschinen&#8220; font_container=&#8220;tag:h1|text_align:left&#8220; use_theme_fonts=&#8220;yes&#8220;][vc_column_text css=&#8220;.vc_custom_1765278216125{padding-top: 5% !important;padding-right: 2% !important;}&#8220; text_direction=&#8220;default&#8220;]\n<div>\n<h3 data-pm-slice=\"1 1 []\"><strong>Kellenberger Rundschleifmaschinen: Pr\u00e4zision und Flexibilit\u00e4t neu definiert<\/strong><\/h3>\n<p>Kellenberger Rundschleifmaschinen stehen weltweit f\u00fcr Pr\u00e4zision, Flexibilit\u00e4t und h\u00f6chste Qualit\u00e4t in der industriellen Produktion. Unsere Maschinen werden in verschiedenen Branchen wie der Automobil-, Luftfahrt- und Werkzeugherstellung eingesetzt und bieten massgeschneiderte L\u00f6sungen f\u00fcr die anspruchsvollsten Schleifaufgaben.<\/p>\n<h4>Weltklasse-Pr\u00e4zision f\u00fcr die h\u00f6chsten Anspr\u00fcche<\/h4>\n<p>Ausgestattet mit modernster Technologie garantieren Kellenberger Rundschleifmaschinen pr\u00e4zise Ergebnisse, herausragende Oberfl\u00e4chenqualit\u00e4t und langfristige Zuverl\u00e4ssigkeit. Ob kleine Komponenten oder gr\u00f6ssere Werkst\u00fccke, unsere Maschinen bew\u00e4ltigen komplexe Anforderungen mit Leichtigkeit und sorgen f\u00fcr maximale Effizienz in Ihrer Produktion.<\/p>\n<h4>Von Einsteigerl\u00f6sungen bis High-End: Die KELLENBERGER-Maschinenreihe<\/h4>\n<p>Unsere Modelle decken ein breites Anwendungsspektrum ab: Die <a href=\"https:\/\/kellenberger.com\/europe\/de\/produkt\/univeralrundschleifmaschine-kellenberger-k10\/\"><strong>KELLENBERGER K10<\/strong><\/a> bietet eine kosteng\u00fcnstige Einstiegsoption f\u00fcr Standardschleifaufgaben, w\u00e4hrend die <a href=\"https:\/\/kellenberger.com\/europe\/de\/produkt\/od-grinding-k100\/\"><strong>KELLENBERGER K100<\/strong><\/a> mit ihrer Vielseitigkeit und ihrem modularen Design m\u00fchelos komplexere Anforderungen erf\u00fcllt. Die <a href=\"https:\/\/kellenberger.com\/europe\/de\/produkt\/od-grinding-k1000\/\"><strong>KELLENBERGER K1000<\/strong><\/a> bildet die Spitze des Portfolios und beeindruckt mit modernster Technologie, maximaler Pr\u00e4zision und hoher Flexibilit\u00e4t f\u00fcr die anspruchsvollsten Produktionsprozesse.<\/p>\n<h4>Massgeschneiderte Schleifl\u00f6sungen f\u00fcr moderne Fertigungsanforderungen<\/h4>\n<p>Dank ihrer Vielseitigkeit und der M\u00f6glichkeit zur Anpassung sind Kellenberger Rundschleifmaschinen optimal auf die spezifischen Anforderungen moderner Fertigungsprozesse abgestimmt. Dies macht sie zur idealen Wahl f\u00fcr Unternehmen, die Qualit\u00e4t, Produktivit\u00e4t und Zuverl\u00e4ssigkeit priorisieren.<\/p>\n<h4>Intuitive Bedienung trifft robustes Design<\/h4>\n<p>Ein weiterer Vorteil unserer Maschinen ist ihre intuitive Bedienung, die nicht nur Zeit spart, sondern auch den Schulungsaufwand minimiert. Das robuste Design sorgt f\u00fcr eine lange Lebensdauer und reduziert Wartungskosten \u2013 perfekt f\u00fcr Unternehmen, die auf kontinuierliche Produktion und minimale Ausfallzeiten setzen.<\/p>\n<h4>Maximieren Sie Ihre Produktivit\u00e4t mit Kellenberger Rundschleifmaschinen<\/h4>\n<p>Entscheiden Sie sich f\u00fcr Kellenberger Rundschleifmaschinen und heben Sie Ihre Produktion auf ein neues Niveau. Unsere Maschinen sind nicht nur leistungsstark, sondern auch ein wertvolles Werkzeug f\u00fcr Unternehmen, die sich durch Pr\u00e4zision und Qualit\u00e4t am Markt differenzieren m\u00f6chten.<\/p>\n<h4>Warum Kellenberger?<\/h4>\n<ul data-spread=\"false\">\n<li>Pr\u00e4zision auf h\u00f6chstem Niveau<\/li>\n<li>Massgeschneiderte L\u00f6sungen f\u00fcr verschiedene Branchen<\/li>\n<li>Langlebiges und wartungsarmes Design<\/li>\n<li>Intuitive Bedienung f\u00fcr maximale Effizienz<\/li>\n<\/ul>\n<h4>Kellenberger \u2013 Ihr zuverl\u00e4ssiger Partner f\u00fcr Pr\u00e4zision, Innovation und Erfolg<\/h4>\n<p>Entdecken Sie noch heute die Vorteile unserer Rundschleifmaschinen und optimieren Sie Ihre Fertigungsprozesse nachhaltig.<\/p>\n<p>&nbsp;<\/p>\n<\/div>\n<div>\n<div>\n<div>\n<div dir=\"auto\" data-message-author-role=\"assistant\" data-message-id=\"eb21e3ae-fa1f-456e-adaf-dd74f35aa35e\" data-message-model-slug=\"gpt-4o\">\n<div>\n<div>\n<div>\n<div dir=\"auto\" data-message-author-role=\"assistant\" data-message-id=\"f783a2fa-edf9-490b-b767-87b6614aa7da\" data-message-model-slug=\"gpt-4o\"><\/div>\n<\/div>\n<\/div>\n<\/div>\n<\/div>\n<\/div>\n<\/div>\n<\/div>\n[\/vc_column_text][\/vc_column][vc_column column_padding=&#8220;no-extra-padding&#8220; column_padding_tablet=&#8220;inherit&#8220; column_padding_phone=&#8220;inherit&#8220; column_padding_position=&#8220;all&#8220; column_element_direction_desktop=&#8220;default&#8220; column_element_spacing=&#8220;default&#8220; desktop_text_alignment=&#8220;default&#8220; tablet_text_alignment=&#8220;default&#8220; phone_text_alignment=&#8220;default&#8220; background_color_opacity=&#8220;1&#8243; background_hover_color_opacity=&#8220;1&#8243; column_backdrop_filter=&#8220;none&#8220; column_shadow=&#8220;none&#8220; column_border_radius=&#8220;none&#8220; column_link_target=&#8220;_self&#8220; column_position=&#8220;default&#8220; gradient_direction=&#8220;left_to_right&#8220; overlay_strength=&#8220;0.3&#8243; width=&#8220;1\/2&#8243; tablet_width_inherit=&#8220;default&#8220; animation_type=&#8220;default&#8220; bg_image_animation=&#8220;none&#8220; border_type=&#8220;simple&#8220; column_border_width=&#8220;none&#8220; column_border_style=&#8220;solid&#8220;][image_with_animation image_url=&#8220;16340&#8243; image_size=&#8220;full&#8220; max_width=&#8220;100%&#8220; max_width_mobile=&#8220;default&#8220; animation_type=&#8220;entrance&#8220; animation=&#8220;None&#8220; animation_movement_type=&#8220;transform_y&#8220; hover_animation=&#8220;none&#8220; alignment=&#8220;&#8220; border_radius=&#8220;none&#8220; box_shadow=&#8220;none&#8220; image_loading=&#8220;default&#8220;][\/vc_column][\/vc_row][vc_row type=&#8220;in_container&#8220; full_screen_row_position=&#8220;middle&#8220; column_margin=&#8220;default&#8220; column_direction=&#8220;default&#8220; column_direction_tablet=&#8220;default&#8220; column_direction_phone=&#8220;default&#8220; scene_position=&#8220;center&#8220; constrain_group_1=&#8220;yes&#8220; text_color=&#8220;dark&#8220; text_align=&#8220;left&#8220; row_border_radius=&#8220;none&#8220; row_border_radius_applies=&#8220;bg&#8220; overflow=&#8220;visible&#8220; overlay_strength=&#8220;0.3&#8243; gradient_direction=&#8220;left_to_right&#8220; shape_divider_position=&#8220;bottom&#8220; bg_image_animation=&#8220;none&#8220; gradient_type=&#8220;default&#8220; shape_type=&#8220;&#8220;][vc_column column_padding=&#8220;no-extra-padding&#8220; column_padding_tablet=&#8220;inherit&#8220; column_padding_phone=&#8220;inherit&#8220; column_padding_position=&#8220;all&#8220; column_element_direction_desktop=&#8220;default&#8220; column_element_spacing=&#8220;default&#8220; desktop_text_alignment=&#8220;default&#8220; tablet_text_alignment=&#8220;default&#8220; phone_text_alignment=&#8220;default&#8220; background_color_opacity=&#8220;1&#8243; background_hover_color_opacity=&#8220;1&#8243; column_backdrop_filter=&#8220;none&#8220; column_shadow=&#8220;none&#8220; column_border_radius=&#8220;none&#8220; column_link_target=&#8220;_self&#8220; column_position=&#8220;default&#8220; gradient_direction=&#8220;left_to_right&#8220; overlay_strength=&#8220;0.3&#8243; width=&#8220;1\/1&#8243; tablet_width_inherit=&#8220;default&#8220; animation_type=&#8220;default&#8220; bg_image_animation=&#8220;none&#8220; border_type=&#8220;simple&#8220; column_border_width=&#8220;none&#8220; column_border_style=&#8220;solid&#8220;]\t\t\t\t\n\t\t\t\t\n\t\t\t\t\n\t\t\t<div class=\"portfolio-wrap \">\n\t\t\t\t\t\n\t\t\t\t\t\t\t\t\t\n\t\t\t\t<span class=\"portfolio-loading  none\">   <\/span>\n\t\t\t\t\t\n\t\t\t\t\t\t\t\t\t\n\t\t\t\t<div class=\"row portfolio-items no-masonry  \" data-rcp=\"false\" data-masonry-type=\"default\" data-ps=\"1\" data-starting-filter=\"\" data-gutter=\"default\" data-categories-to-show=\"rundschleifmaschinen\" data-bypass-cropping=\"\" data-lightbox-only=\"0\" data-col-num=\"cols-3\">\n\t\t\t\t\t\t\t\t\t\t\t\n\t\t\t\t\t\t\t\t\t\t\t\n\t\t\t\t\t<div class=\"col span_4  element rundschleifmaschinen \"  data-project-cat=\"rundschleifmaschinen \" data-default-color=\"true\" data-title-color=\"\" data-subtitle-color=\"\">\n\t\t\t\t\t\t\t\n\t\t\t\t\t\t<div class=\"inner-wrap animated\" data-animation=\"none\">\n\t\t\t\t\t\t\t\t\n\t\t\t\t\t\t\t\t\t\t\t\t\t\t\t\t\n\t\t\t\t\t\t\t\t<div class=\"work-item style-1\" data-custom-content=\"on\">\n\t\t\t\t\t\t\t\t\t\t\n\t\t\t\t\t\t\t\t\t<img decoding=\"async\" class=\"no-img\" src=\"https:\/\/kellenberger.com\/europe\/wp-content\/plugins\/salient-portfolio\/img\/no-portfolio-item-small.jpg\" alt=\"KELLENBERGER K1000\" \/>\t\t\t\t\t\t\t\t\t\t\n\t\t\t\t\t\t\t\t\t<div class=\"work-info-bg\"><\/div>\n\t\t\t\t\t\t\t\t\t<div class=\"work-info\"> \n\t\t\t\t\t\t\t\t\t\t\t\n\t\t\t\t\t\t\t\t\t\t<a href=\"https:\/\/kellenberger.com\/europe\/de\/produkt\/od-grinding-k1000\/\"><span class=\"screen-reader-text\">KELLENBERGER K1000<\/span><\/a><div class=\"vert-center\"><div class=\"custom-content\"><h3>OD GRINDING<\/h3>\r\n<h2>K1000<\/h2><\/div><\/div><\/div><\/div>\t\t\t\t\t\t\t\t\n\t\t\t\t\t\t\t\t\n\t\t\t\t\t\t<\/div><!--\/inner-wrap-->\n\t\t\t\t\t<\/div><!--\/col-->\n\t\t\t\t\t\t\n\t\t\t\t\t\t\t\t\t\t\n\t\t\t\t\t\t\t\t\t\t\t\n\t\t\t\t\t<div class=\"col span_4  element rundschleifmaschinen \"  data-project-cat=\"rundschleifmaschinen \" data-default-color=\"true\" data-title-color=\"\" data-subtitle-color=\"\">\n\t\t\t\t\t\t\t\n\t\t\t\t\t\t<div class=\"inner-wrap animated\" data-animation=\"none\">\n\t\t\t\t\t\t\t\t\n\t\t\t\t\t\t\t\t\t\t\t\t\t\t\t\t\n\t\t\t\t\t\t\t\t<div class=\"work-item style-1\" data-custom-content=\"on\">\n\t\t\t\t\t\t\t\t\t\t\n\t\t\t\t\t\t\t\t\t<img decoding=\"async\" class=\"no-img\" src=\"https:\/\/kellenberger.com\/europe\/wp-content\/plugins\/salient-portfolio\/img\/no-portfolio-item-small.jpg\" alt=\"KELLENBERGER K100\" \/>\t\t\t\t\t\t\t\t\t\t\n\t\t\t\t\t\t\t\t\t<div class=\"work-info-bg\"><\/div>\n\t\t\t\t\t\t\t\t\t<div class=\"work-info\"> \n\t\t\t\t\t\t\t\t\t\t\t\n\t\t\t\t\t\t\t\t\t\t<a href=\"https:\/\/kellenberger.com\/europe\/de\/produkt\/od-grinding-k100\/\"><span class=\"screen-reader-text\">KELLENBERGER K100<\/span><\/a><div class=\"vert-center\"><div class=\"custom-content\"><h3>OD GRINDING<\/h3>\r\n<h2>K100<\/h2><\/div><\/div><\/div><\/div>\t\t\t\t\t\t\t\t\n\t\t\t\t\t\t\t\t\n\t\t\t\t\t\t<\/div><!--\/inner-wrap-->\n\t\t\t\t\t<\/div><!--\/col-->\n\t\t\t\t\t\t\n\t\t\t\t\t\t\t\t\t\t\n\t\t\t\t\t\t\t\t\t\t\t\n\t\t\t\t\t<div class=\"col span_4  element rundschleifmaschinen \"  data-project-cat=\"rundschleifmaschinen \" data-default-color=\"true\" data-title-color=\"\" data-subtitle-color=\"\">\n\t\t\t\t\t\t\t\n\t\t\t\t\t\t<div class=\"inner-wrap animated\" data-animation=\"none\">\n\t\t\t\t\t\t\t\t\n\t\t\t\t\t\t\t\t\t\t\t\t\t\t\t\t\n\t\t\t\t\t\t\t\t<div class=\"work-item style-1\" data-custom-content=\"on\">\n\t\t\t\t\t\t\t\t\t\t\n\t\t\t\t\t\t\t\t\t<img decoding=\"async\" class=\"no-img\" src=\"https:\/\/kellenberger.com\/europe\/wp-content\/plugins\/salient-portfolio\/img\/no-portfolio-item-small.jpg\" alt=\"KELLENBERGER K10\" \/>\t\t\t\t\t\t\t\t\t\t\n\t\t\t\t\t\t\t\t\t<div class=\"work-info-bg\"><\/div>\n\t\t\t\t\t\t\t\t\t<div class=\"work-info\"> \n\t\t\t\t\t\t\t\t\t\t\t\n\t\t\t\t\t\t\t\t\t\t<a href=\"https:\/\/kellenberger.com\/europe\/de\/produkt\/univeralrundschleifmaschine-kellenberger-k10\/\"><span class=\"screen-reader-text\">KELLENBERGER K10<\/span><\/a><div class=\"vert-center\"><div class=\"custom-content\"><h3>OD GRINDING<\/h3>\r\n<h2>K10<\/h2><\/div><\/div><\/div><\/div>\t\t\t\t\t\t\t\t\n\t\t\t\t\t\t\t\t\n\t\t\t\t\t\t<\/div><!--\/inner-wrap-->\n\t\t\t\t\t<\/div><!--\/col-->\n\t\t\t\t\t\t\n\t\t\t\t\t\t\t\t\t\t\n\t\t\t\t\t\t\t\t\t\t\t\n\t\t\t\t\t<div class=\"col span_4  element innenschleifmaschinen rundschleifmaschinen \"  data-project-cat=\"innenschleifmaschinen rundschleifmaschinen \" data-default-color=\"true\" data-title-color=\"\" data-subtitle-color=\"\">\n\t\t\t\t\t\t\t\n\t\t\t\t\t\t<div class=\"inner-wrap animated\" data-animation=\"none\">\n\t\t\t\t\t\t\t\t\n\t\t\t\t\t\t\t\t\t\t\t\t\t\t\t\t\n\t\t\t\t\t\t\t\t<div class=\"work-item style-1\" data-custom-content=\"on\">\n\t\t\t\t\t\t\t\t\t\t\n\t\t\t\t\t\t\t\t\t<img decoding=\"async\" class=\"size- skip-lazy\" src=\"https:\/\/kellenberger.com\/europe\/wp-content\/uploads\/2025\/12\/Kellenberger-ID_OD-Grinding-KELLENBERGER-U300_fr_gesch_4c-600x403.png\" alt=\"\" height=\"\" width=\"\" srcset=\"https:\/\/kellenberger.com\/europe\/wp-content\/uploads\/2025\/12\/Kellenberger-ID_OD-Grinding-KELLENBERGER-U300_fr_gesch_4c-600x403.png 600w, \" sizes=\"(min-width: 1000px) 33.3vw, (min-width: 690px) 50vw, 100vw\" \/>\t\t\t\t\t\t\t\t\t\t\n\t\t\t\t\t\t\t\t\t<div class=\"work-info-bg\"><\/div>\n\t\t\t\t\t\t\t\t\t<div class=\"work-info\"> \n\t\t\t\t\t\t\t\t\t\t\t\n\t\t\t\t\t\t\t\t\t\t<a href=\"https:\/\/kellenberger.com\/europe\/de\/produkt\/id-od-grinding-kellenberger-u300\/\"><span class=\"screen-reader-text\">KELLENBERGER U300<\/span><\/a><div class=\"vert-center\"><div class=\"custom-content\"><h3>ID \/ OD GRINDING<\/h3>\r\n<h2>U300<\/h2><\/div><\/div><\/div><\/div>\t\t\t\t\t\t\t\t\n\t\t\t\t\t\t\t\t\n\t\t\t\t\t\t<\/div><!--\/inner-wrap-->\n\t\t\t\t\t<\/div><!--\/col-->\n\t\t\t\t\t\t\n\t\t\t\t\t\t\t\t\t\n\t\t\t<\/div><!--\/portfolio-->\n\t\t<\/div><!--\/portfolio wrap-->\n\t\t\t\n\t\t[\/vc_column][\/vc_row]\n","protected":false},"excerpt":{"rendered":"<p>[vc_row type=&#8220;in_container&#8220; full_screen_row_position=&#8220;middle&#8220; column_margin=&#8220;default&#8220; column_direction=&#8220;default&#8220; column_direction_tablet=&#8220;default&#8220; column_direction_phone=&#8220;default&#8220; scene_position=&#8220;center&#8220; bottom_margin_tablet=&#8220;60&#8243; text_color=&#8220;dark&#8220; text_align=&#8220;left&#8220; row_border_radius=&#8220;none&#8220; row_border_radius_applies=&#8220;bg&#8220; overflow=&#8220;visible&#8220; overlay_strength=&#8220;0.3&#8243; gradient_direction=&#8220;left_to_right&#8220; shape_divider_position=&#8220;bottom&#8220; bg_image_animation=&#8220;none&#8220; shape_type=&#8220;&#8220; gradient_type=&#8220;default&#8220;][vc_column column_padding=&#8220;no-extra-padding&#8220; column_padding_tablet=&#8220;inherit&#8220; column_padding_phone=&#8220;inherit&#8220; column_padding_position=&#8220;all&#8220; top_margin=&#8220;2%&#8220; column_element_direction_desktop=&#8220;default&#8220; column_element_spacing=&#8220;default&#8220; desktop_text_alignment=&#8220;default&#8220; tablet_text_alignment=&#8220;default&#8220; phone_text_alignment=&#8220;default&#8220;&#8230;<\/p>\n","protected":false},"author":1,"featured_media":0,"parent":0,"menu_order":0,"comment_status":"closed","ping_status":"closed","template":"","meta":{"inline_featured_image":false,"footnotes":""},"class_list":["post-22014","page","type-page","status-publish"],"yoast_head":"<!-- This site is optimized with the Yoast SEO plugin v26.9 - https:\/\/yoast.com\/product\/yoast-seo-wordpress\/ -->\n<title>Rundschleifmaschinen - Kellenberger Region - Europa<\/title>\n<meta name=\"description\" content=\"Entdecken Sie die KELLENBERGER Rundschleifmaschinen in Europa: hochpr\u00e4zise Au\u00dfen\u2011 und Innenrundschleifl\u00f6sungen, maximale Steifigkeit, modernste Steuerungstechnik und optimale Produktivit\u00e4t f\u00fcr anspruchsvollste Fertigungsanforderungen.\" \/>\n<meta name=\"robots\" content=\"index, follow, max-snippet:-1, max-image-preview:large, max-video-preview:-1\" \/>\n<link rel=\"canonical\" href=\"https:\/\/kellenberger.com\/europe\/de\/rundschleifmaschinen\/\" \/>\n<meta property=\"og:locale\" content=\"de_DE\" \/>\n<meta property=\"og:type\" content=\"article\" \/>\n<meta property=\"og:title\" content=\"Rundschleifmaschinen - Kellenberger Region - Europa\" \/>\n<meta property=\"og:description\" content=\"Entdecken Sie die KELLENBERGER Rundschleifmaschinen in Europa: hochpr\u00e4zise Au\u00dfen\u2011 und Innenrundschleifl\u00f6sungen, maximale Steifigkeit, modernste Steuerungstechnik und optimale Produktivit\u00e4t f\u00fcr anspruchsvollste Fertigungsanforderungen.\" \/>\n<meta property=\"og:url\" content=\"https:\/\/kellenberger.com\/europe\/de\/rundschleifmaschinen\/\" \/>\n<meta property=\"og:site_name\" content=\"Kellenberger Region - Europa\" \/>\n<meta property=\"article:modified_time\" content=\"2026-02-18T12:12:52+00:00\" \/>\n<meta name=\"twitter:card\" content=\"summary_large_image\" \/>\n<meta name=\"twitter:label1\" content=\"Gesch\u00e4tzte Lesezeit\" \/>\n\t<meta name=\"twitter:data1\" content=\"2\u00a0Minuten\" \/>\n<script type=\"application\/ld+json\" class=\"yoast-schema-graph\">{\"@context\":\"https:\/\/schema.org\",\"@graph\":[{\"@type\":\"WebPage\",\"@id\":\"https:\/\/kellenberger.com\/europe\/de\/rundschleifmaschinen\/\",\"url\":\"https:\/\/kellenberger.com\/europe\/de\/rundschleifmaschinen\/\",\"name\":\"Rundschleifmaschinen - Kellenberger Region - Europa\",\"isPartOf\":{\"@id\":\"https:\/\/kellenberger.com\/europe\/de\/#website\"},\"datePublished\":\"2025-12-04T14:48:10+00:00\",\"dateModified\":\"2026-02-18T12:12:52+00:00\",\"description\":\"Entdecken Sie die KELLENBERGER Rundschleifmaschinen in Europa: hochpr\u00e4zise Au\u00dfen\u2011 und Innenrundschleifl\u00f6sungen, maximale Steifigkeit, modernste Steuerungstechnik und optimale Produktivit\u00e4t f\u00fcr anspruchsvollste Fertigungsanforderungen.\",\"breadcrumb\":{\"@id\":\"https:\/\/kellenberger.com\/europe\/de\/rundschleifmaschinen\/#breadcrumb\"},\"inLanguage\":\"de\",\"potentialAction\":[{\"@type\":\"ReadAction\",\"target\":[\"https:\/\/kellenberger.com\/europe\/de\/rundschleifmaschinen\/\"]}]},{\"@type\":\"BreadcrumbList\",\"@id\":\"https:\/\/kellenberger.com\/europe\/de\/rundschleifmaschinen\/#breadcrumb\",\"itemListElement\":[{\"@type\":\"ListItem\",\"position\":1,\"name\":\"Home\",\"item\":\"https:\/\/kellenberger.com\/europe\/de\/\"},{\"@type\":\"ListItem\",\"position\":2,\"name\":\"Rundschleifmaschinen\"}]},{\"@type\":\"WebSite\",\"@id\":\"https:\/\/kellenberger.com\/europe\/de\/#website\",\"url\":\"https:\/\/kellenberger.com\/europe\/de\/\",\"name\":\"Kellenberger Region - Europa\",\"description\":\"\",\"potentialAction\":[{\"@type\":\"SearchAction\",\"target\":{\"@type\":\"EntryPoint\",\"urlTemplate\":\"https:\/\/kellenberger.com\/europe\/de\/?s={search_term_string}\"},\"query-input\":{\"@type\":\"PropertyValueSpecification\",\"valueRequired\":true,\"valueName\":\"search_term_string\"}}],\"inLanguage\":\"de\"}]}<\/script>\n<!-- \/ Yoast SEO plugin. -->","yoast_head_json":{"title":"Rundschleifmaschinen - Kellenberger Region - Europa","description":"Entdecken Sie die KELLENBERGER Rundschleifmaschinen in Europa: hochpr\u00e4zise Au\u00dfen\u2011 und Innenrundschleifl\u00f6sungen, maximale Steifigkeit, modernste Steuerungstechnik und optimale Produktivit\u00e4t f\u00fcr anspruchsvollste Fertigungsanforderungen.","robots":{"index":"index","follow":"follow","max-snippet":"max-snippet:-1","max-image-preview":"max-image-preview:large","max-video-preview":"max-video-preview:-1"},"canonical":"https:\/\/kellenberger.com\/europe\/de\/rundschleifmaschinen\/","og_locale":"de_DE","og_type":"article","og_title":"Rundschleifmaschinen - Kellenberger Region - Europa","og_description":"Entdecken Sie die KELLENBERGER Rundschleifmaschinen in Europa: hochpr\u00e4zise Au\u00dfen\u2011 und Innenrundschleifl\u00f6sungen, maximale Steifigkeit, modernste Steuerungstechnik und optimale Produktivit\u00e4t f\u00fcr anspruchsvollste Fertigungsanforderungen.","og_url":"https:\/\/kellenberger.com\/europe\/de\/rundschleifmaschinen\/","og_site_name":"Kellenberger Region - Europa","article_modified_time":"2026-02-18T12:12:52+00:00","twitter_card":"summary_large_image","twitter_misc":{"Gesch\u00e4tzte Lesezeit":"2\u00a0Minuten"},"schema":{"@context":"https:\/\/schema.org","@graph":[{"@type":"WebPage","@id":"https:\/\/kellenberger.com\/europe\/de\/rundschleifmaschinen\/","url":"https:\/\/kellenberger.com\/europe\/de\/rundschleifmaschinen\/","name":"Rundschleifmaschinen - Kellenberger Region - Europa","isPartOf":{"@id":"https:\/\/kellenberger.com\/europe\/de\/#website"},"datePublished":"2025-12-04T14:48:10+00:00","dateModified":"2026-02-18T12:12:52+00:00","description":"Entdecken Sie die KELLENBERGER Rundschleifmaschinen in Europa: hochpr\u00e4zise Au\u00dfen\u2011 und Innenrundschleifl\u00f6sungen, maximale Steifigkeit, modernste Steuerungstechnik und optimale Produktivit\u00e4t f\u00fcr anspruchsvollste Fertigungsanforderungen.","breadcrumb":{"@id":"https:\/\/kellenberger.com\/europe\/de\/rundschleifmaschinen\/#breadcrumb"},"inLanguage":"de","potentialAction":[{"@type":"ReadAction","target":["https:\/\/kellenberger.com\/europe\/de\/rundschleifmaschinen\/"]}]},{"@type":"BreadcrumbList","@id":"https:\/\/kellenberger.com\/europe\/de\/rundschleifmaschinen\/#breadcrumb","itemListElement":[{"@type":"ListItem","position":1,"name":"Home","item":"https:\/\/kellenberger.com\/europe\/de\/"},{"@type":"ListItem","position":2,"name":"Rundschleifmaschinen"}]},{"@type":"WebSite","@id":"https:\/\/kellenberger.com\/europe\/de\/#website","url":"https:\/\/kellenberger.com\/europe\/de\/","name":"Kellenberger Region - Europa","description":"","potentialAction":[{"@type":"SearchAction","target":{"@type":"EntryPoint","urlTemplate":"https:\/\/kellenberger.com\/europe\/de\/?s={search_term_string}"},"query-input":{"@type":"PropertyValueSpecification","valueRequired":true,"valueName":"search_term_string"}}],"inLanguage":"de"}]}},"_links":{"self":[{"href":"https:\/\/kellenberger.com\/europe\/de\/wp-json\/wp\/v2\/pages\/22014","targetHints":{"allow":["GET"]}}],"collection":[{"href":"https:\/\/kellenberger.com\/europe\/de\/wp-json\/wp\/v2\/pages"}],"about":[{"href":"https:\/\/kellenberger.com\/europe\/de\/wp-json\/wp\/v2\/types\/page"}],"author":[{"embeddable":true,"href":"https:\/\/kellenberger.com\/europe\/de\/wp-json\/wp\/v2\/users\/1"}],"replies":[{"embeddable":true,"href":"https:\/\/kellenberger.com\/europe\/de\/wp-json\/wp\/v2\/comments?post=22014"}],"version-history":[{"count":3,"href":"https:\/\/kellenberger.com\/europe\/de\/wp-json\/wp\/v2\/pages\/22014\/revisions"}],"predecessor-version":[{"id":22321,"href":"https:\/\/kellenberger.com\/europe\/de\/wp-json\/wp\/v2\/pages\/22014\/revisions\/22321"}],"wp:attachment":[{"href":"https:\/\/kellenberger.com\/europe\/de\/wp-json\/wp\/v2\/media?parent=22014"}],"curies":[{"name":"wp","href":"https:\/\/api.w.org\/{rel}","templated":true}]}}