{"id":22006,"date":"2025-12-04T15:46:24","date_gmt":"2025-12-04T14:46:24","guid":{"rendered":"https:\/\/kellenberger.com\/europa\/?page_id=22006"},"modified":"2026-02-18T13:07:03","modified_gmt":"2026-02-18T12:07:03","slug":"multifunction","status":"publish","type":"page","link":"https:\/\/kellenberger.com\/europe\/de\/multifunction\/","title":{"rendered":"Multifunction"},"content":{"rendered":"[vc_row type=&#8220;in_container&#8220; full_screen_row_position=&#8220;middle&#8220; column_margin=&#8220;default&#8220; column_direction=&#8220;default&#8220; column_direction_tablet=&#8220;default&#8220; column_direction_phone=&#8220;default&#8220; scene_position=&#8220;center&#8220; bottom_margin_tablet=&#8220;60&#8243; text_color=&#8220;dark&#8220; text_align=&#8220;left&#8220; row_border_radius=&#8220;none&#8220; row_border_radius_applies=&#8220;bg&#8220; overflow=&#8220;visible&#8220; overlay_strength=&#8220;0.3&#8243; gradient_direction=&#8220;left_to_right&#8220; shape_divider_position=&#8220;bottom&#8220; bg_image_animation=&#8220;none&#8220; shape_type=&#8220;&#8220; gradient_type=&#8220;default&#8220;][vc_column column_padding=&#8220;no-extra-padding&#8220; column_padding_tablet=&#8220;inherit&#8220; column_padding_phone=&#8220;inherit&#8220; column_padding_position=&#8220;all&#8220; top_margin=&#8220;2%&#8220; column_element_direction_desktop=&#8220;default&#8220; column_element_spacing=&#8220;default&#8220; desktop_text_alignment=&#8220;default&#8220; tablet_text_alignment=&#8220;default&#8220; phone_text_alignment=&#8220;default&#8220; background_color_opacity=&#8220;1&#8243; background_hover_color_opacity=&#8220;1&#8243; column_backdrop_filter=&#8220;none&#8220; column_shadow=&#8220;none&#8220; column_border_radius=&#8220;none&#8220; column_link_target=&#8220;_self&#8220; column_position=&#8220;default&#8220; gradient_direction=&#8220;left_to_right&#8220; overlay_strength=&#8220;0.3&#8243; width=&#8220;1\/2&#8243; tablet_width_inherit=&#8220;default&#8220; animation_type=&#8220;default&#8220; bg_image_animation=&#8220;none&#8220; border_type=&#8220;simple&#8220; column_border_width=&#8220;none&#8220; column_border_style=&#8220;solid&#8220;][vc_custom_heading text=&#8220;Multifunktionsmaschinen&#8220; font_container=&#8220;tag:h1|text_align:left&#8220; use_theme_fonts=&#8220;yes&#8220; css=&#8220;&#8220;][vc_column_text css=&#8220;.vc_custom_1765963858609{padding-top: 5% !important;padding-right: 2% !important;}&#8220; text_direction=&#8220;default&#8220;]Kellenberger steht f\u00fcr innovative Systeml\u00f6sungen, die h\u00f6chste Pr\u00e4zision und maximale Flexibilit\u00e4t in der industriellen Fertigung bieten. Unsere Technologien sind darauf ausgelegt, auch die anspruchsvollsten Fertigungsanforderungen zu erf\u00fcllen \u2013 von der Automobil- \u00fcber die Medizintechnik- bis hin zur Luftfahrtindustrie.<\/p>\n<p>Mit modernster Technologie und individuell anpassbaren Konzepten bieten wir ein umfangreiches Portfolio an High-End-Maschinen:<\/p>\n<p>Die <a href=\"https:\/\/kellenberger.com\/europe\/de\/produkt\/multifunction-kellenberger-t1000\/\"><strong>KELLENBERGER T1000<\/strong><\/a> setzt neue Standards im Rundschleifen durch ihre kompakte Bauweise und aussergew\u00f6hnliche Leistungsf\u00e4higkeit.<\/p>\n<p>Unsere Maschinen und Systeme \u00fcberzeugen durch zuverl\u00e4ssige Performance, nahtlose Integration in bestehende Produktionsumgebungen und Ergebnisse, die selbst strengste Qualit\u00e4ts- und Sicherheitsstandards \u00fcbertreffen.<\/p>\n<p>Dar\u00fcber hinaus legen wir grossen Wert auf Nachhaltigkeit und Effizienz, um Ihnen nicht nur erstklassige Produkte, sondern auch langfristigen wirtschaftlichen Nutzen zu bieten.<\/p>\n<p>Vertrauen Sie auf die Kompetenz und Erfahrung von Kellenberger, um Ihre Fertigungsprozesse effizienter, pr\u00e4ziser und zukunftssicher zu gestalten \u2013 heute und in der Zukunft.[\/vc_column_text][\/vc_column][vc_column column_padding=&#8220;no-extra-padding&#8220; column_padding_tablet=&#8220;inherit&#8220; column_padding_phone=&#8220;inherit&#8220; column_padding_position=&#8220;all&#8220; column_element_direction_desktop=&#8220;default&#8220; column_element_spacing=&#8220;default&#8220; desktop_text_alignment=&#8220;default&#8220; tablet_text_alignment=&#8220;default&#8220; phone_text_alignment=&#8220;default&#8220; background_color_opacity=&#8220;1&#8243; background_hover_color_opacity=&#8220;1&#8243; column_backdrop_filter=&#8220;none&#8220; column_shadow=&#8220;none&#8220; column_border_radius=&#8220;none&#8220; column_link_target=&#8220;_self&#8220; column_position=&#8220;default&#8220; gradient_direction=&#8220;left_to_right&#8220; overlay_strength=&#8220;0.3&#8243; width=&#8220;1\/2&#8243; tablet_width_inherit=&#8220;default&#8220; animation_type=&#8220;default&#8220; bg_image_animation=&#8220;none&#8220; border_type=&#8220;simple&#8220; column_border_width=&#8220;none&#8220; column_border_style=&#8220;solid&#8220;][image_with_animation image_url=&#8220;16478&#8243; image_size=&#8220;full&#8220; max_width=&#8220;100%&#8220; max_width_mobile=&#8220;default&#8220; animation_type=&#8220;entrance&#8220; animation=&#8220;None&#8220; animation_movement_type=&#8220;transform_y&#8220; hover_animation=&#8220;none&#8220; alignment=&#8220;&#8220; border_radius=&#8220;none&#8220; box_shadow=&#8220;none&#8220; image_loading=&#8220;default&#8220;][\/vc_column][\/vc_row][vc_row type=&#8220;in_container&#8220; full_screen_row_position=&#8220;middle&#8220; column_margin=&#8220;default&#8220; column_direction=&#8220;default&#8220; column_direction_tablet=&#8220;default&#8220; column_direction_phone=&#8220;default&#8220; scene_position=&#8220;center&#8220; constrain_group_1=&#8220;yes&#8220; text_color=&#8220;dark&#8220; text_align=&#8220;left&#8220; row_border_radius=&#8220;none&#8220; row_border_radius_applies=&#8220;bg&#8220; overflow=&#8220;visible&#8220; overlay_strength=&#8220;0.3&#8243; gradient_direction=&#8220;left_to_right&#8220; shape_divider_position=&#8220;bottom&#8220; bg_image_animation=&#8220;none&#8220; gradient_type=&#8220;default&#8220; shape_type=&#8220;&#8220;][vc_column column_padding=&#8220;no-extra-padding&#8220; column_padding_tablet=&#8220;inherit&#8220; column_padding_phone=&#8220;inherit&#8220; column_padding_position=&#8220;all&#8220; column_element_direction_desktop=&#8220;default&#8220; column_element_spacing=&#8220;default&#8220; desktop_text_alignment=&#8220;default&#8220; tablet_text_alignment=&#8220;default&#8220; phone_text_alignment=&#8220;default&#8220; background_color_opacity=&#8220;1&#8243; background_hover_color_opacity=&#8220;1&#8243; column_backdrop_filter=&#8220;none&#8220; column_shadow=&#8220;none&#8220; column_border_radius=&#8220;none&#8220; column_link_target=&#8220;_self&#8220; column_position=&#8220;default&#8220; gradient_direction=&#8220;left_to_right&#8220; overlay_strength=&#8220;0.3&#8243; width=&#8220;1\/1&#8243; tablet_width_inherit=&#8220;default&#8220; animation_type=&#8220;default&#8220; bg_image_animation=&#8220;none&#8220; border_type=&#8220;simple&#8220; column_border_width=&#8220;none&#8220; column_border_style=&#8220;solid&#8220;]\t\t\t\t\n\t\t\t\t\n\t\t\t\t\n\t\t\t<div class=\"portfolio-wrap \">\n\t\t\t\t\t\n\t\t\t\t\t\t\t\t\t\n\t\t\t\t<span class=\"portfolio-loading  none\">   <\/span>\n\t\t\t\t\t\n\t\t\t\t\t\t\t\t\t\n\t\t\t\t<div class=\"row portfolio-items no-masonry  \" data-rcp=\"false\" data-masonry-type=\"default\" data-ps=\"1\" data-starting-filter=\"\" data-gutter=\"default\" data-categories-to-show=\"systemloesungen\" data-bypass-cropping=\"\" data-lightbox-only=\"0\" data-col-num=\"cols-3\">\n\t\t\t\t\t\t\t\t\t\t\t\n\t\t\t\t\t\t\t\t\t\t\t\n\t\t\t\t\t<div class=\"col span_4  element systemloesungen \"  data-project-cat=\"systemloesungen \" data-default-color=\"true\" data-title-color=\"\" data-subtitle-color=\"\">\n\t\t\t\t\t\t\t\n\t\t\t\t\t\t<div class=\"inner-wrap animated\" data-animation=\"none\">\n\t\t\t\t\t\t\t\t\n\t\t\t\t\t\t\t\t\t\t\t\t\t\t\t\t\n\t\t\t\t\t\t\t\t<div class=\"work-item style-1\" data-custom-content=\"on\">\n\t\t\t\t\t\t\t\t\t\t\n\t\t\t\t\t\t\t\t\t<img decoding=\"async\" class=\"size- skip-lazy\" src=\"https:\/\/kellenberger.com\/europe\/wp-content\/uploads\/2025\/12\/T1000_re_gesch_4c-2-600x403.png\" alt=\"\" height=\"\" width=\"\" srcset=\"https:\/\/kellenberger.com\/europe\/wp-content\/uploads\/2025\/12\/T1000_re_gesch_4c-2-600x403.png 600w, \" sizes=\"(min-width: 1000px) 33.3vw, (min-width: 690px) 50vw, 100vw\" \/>\t\t\t\t\t\t\t\t\t\t\n\t\t\t\t\t\t\t\t\t<div class=\"work-info-bg\"><\/div>\n\t\t\t\t\t\t\t\t\t<div class=\"work-info\"> \n\t\t\t\t\t\t\t\t\t\t\t\n\t\t\t\t\t\t\t\t\t\t<a href=\"https:\/\/kellenberger.com\/europe\/de\/produkt\/multifunction-kellenberger-t1000\/\"><span class=\"screen-reader-text\">KELLENBERGER T1000<\/span><\/a><div class=\"vert-center\"><div class=\"custom-content\"><h3>MULTIFUNCTION<\/h3>\r\n<h2>T1000<\/h2><\/div><\/div><\/div><\/div>\t\t\t\t\t\t\t\t\n\t\t\t\t\t\t\t\t\n\t\t\t\t\t\t<\/div><!--\/inner-wrap-->\n\t\t\t\t\t<\/div><!--\/col-->\n\t\t\t\t\t\t\n\t\t\t\t\t\t\t\t\t\n\t\t\t<\/div><!--\/portfolio-->\n\t\t<\/div><!--\/portfolio wrap-->\n\t\t\t\n\t\t[\/vc_column][\/vc_row]\n","protected":false},"excerpt":{"rendered":"<p>[vc_row type=&#8220;in_container&#8220; full_screen_row_position=&#8220;middle&#8220; column_margin=&#8220;default&#8220; column_direction=&#8220;default&#8220; column_direction_tablet=&#8220;default&#8220; column_direction_phone=&#8220;default&#8220; scene_position=&#8220;center&#8220; bottom_margin_tablet=&#8220;60&#8243; text_color=&#8220;dark&#8220; text_align=&#8220;left&#8220; row_border_radius=&#8220;none&#8220; row_border_radius_applies=&#8220;bg&#8220; overflow=&#8220;visible&#8220; overlay_strength=&#8220;0.3&#8243; gradient_direction=&#8220;left_to_right&#8220; shape_divider_position=&#8220;bottom&#8220; bg_image_animation=&#8220;none&#8220; shape_type=&#8220;&#8220; gradient_type=&#8220;default&#8220;][vc_column column_padding=&#8220;no-extra-padding&#8220; column_padding_tablet=&#8220;inherit&#8220; column_padding_phone=&#8220;inherit&#8220; column_padding_position=&#8220;all&#8220; top_margin=&#8220;2%&#8220; column_element_direction_desktop=&#8220;default&#8220; column_element_spacing=&#8220;default&#8220; desktop_text_alignment=&#8220;default&#8220; tablet_text_alignment=&#8220;default&#8220; phone_text_alignment=&#8220;default&#8220;&#8230;<\/p>\n","protected":false},"author":1,"featured_media":0,"parent":0,"menu_order":0,"comment_status":"closed","ping_status":"closed","template":"","meta":{"inline_featured_image":false,"footnotes":""},"class_list":["post-22006","page","type-page","status-publish"],"yoast_head":"<!-- This site is optimized with the Yoast SEO plugin v26.9 - https:\/\/yoast.com\/product\/yoast-seo-wordpress\/ -->\n<title>Multifunction - Kellenberger Region - Europa<\/title>\n<meta name=\"description\" content=\"Entdecken Sie die KELLENBERGER Multifunktionsbearbeitung in Europa: flexible Maschinenkonzepte, kombinierte Schleif\u2011, Dreh\u2011 und Fr\u00e4sprozesse sowie effiziente Komplettbearbeitung f\u00fcr h\u00f6chste Pr\u00e4zision und Produktivit\u00e4t.\" \/>\n<meta name=\"robots\" content=\"index, follow, max-snippet:-1, max-image-preview:large, max-video-preview:-1\" \/>\n<link rel=\"canonical\" href=\"https:\/\/kellenberger.com\/europe\/de\/multifunction\/\" \/>\n<meta property=\"og:locale\" content=\"de_DE\" \/>\n<meta property=\"og:type\" content=\"article\" \/>\n<meta property=\"og:title\" content=\"Multifunction - Kellenberger Region - Europa\" \/>\n<meta property=\"og:description\" content=\"Entdecken Sie die KELLENBERGER Multifunktionsbearbeitung in Europa: flexible Maschinenkonzepte, kombinierte Schleif\u2011, Dreh\u2011 und Fr\u00e4sprozesse sowie effiziente Komplettbearbeitung f\u00fcr h\u00f6chste Pr\u00e4zision und Produktivit\u00e4t.\" \/>\n<meta property=\"og:url\" content=\"https:\/\/kellenberger.com\/europe\/de\/multifunction\/\" \/>\n<meta property=\"og:site_name\" content=\"Kellenberger Region - Europa\" \/>\n<meta property=\"article:modified_time\" content=\"2026-02-18T12:07:03+00:00\" \/>\n<meta name=\"twitter:card\" content=\"summary_large_image\" \/>\n<meta name=\"twitter:label1\" content=\"Gesch\u00e4tzte Lesezeit\" \/>\n\t<meta name=\"twitter:data1\" content=\"1\u00a0Minute\" \/>\n<script type=\"application\/ld+json\" class=\"yoast-schema-graph\">{\"@context\":\"https:\/\/schema.org\",\"@graph\":[{\"@type\":\"WebPage\",\"@id\":\"https:\/\/kellenberger.com\/europe\/de\/multifunction\/\",\"url\":\"https:\/\/kellenberger.com\/europe\/de\/multifunction\/\",\"name\":\"Multifunction - Kellenberger Region - Europa\",\"isPartOf\":{\"@id\":\"https:\/\/kellenberger.com\/europe\/de\/#website\"},\"datePublished\":\"2025-12-04T14:46:24+00:00\",\"dateModified\":\"2026-02-18T12:07:03+00:00\",\"description\":\"Entdecken Sie die KELLENBERGER Multifunktionsbearbeitung in Europa: flexible Maschinenkonzepte, kombinierte Schleif\u2011, Dreh\u2011 und Fr\u00e4sprozesse sowie effiziente Komplettbearbeitung f\u00fcr h\u00f6chste Pr\u00e4zision und Produktivit\u00e4t.\",\"breadcrumb\":{\"@id\":\"https:\/\/kellenberger.com\/europe\/de\/multifunction\/#breadcrumb\"},\"inLanguage\":\"de\",\"potentialAction\":[{\"@type\":\"ReadAction\",\"target\":[\"https:\/\/kellenberger.com\/europe\/de\/multifunction\/\"]}]},{\"@type\":\"BreadcrumbList\",\"@id\":\"https:\/\/kellenberger.com\/europe\/de\/multifunction\/#breadcrumb\",\"itemListElement\":[{\"@type\":\"ListItem\",\"position\":1,\"name\":\"Home\",\"item\":\"https:\/\/kellenberger.com\/europe\/de\/\"},{\"@type\":\"ListItem\",\"position\":2,\"name\":\"Multifunction\"}]},{\"@type\":\"WebSite\",\"@id\":\"https:\/\/kellenberger.com\/europe\/de\/#website\",\"url\":\"https:\/\/kellenberger.com\/europe\/de\/\",\"name\":\"Kellenberger Region - Europa\",\"description\":\"\",\"potentialAction\":[{\"@type\":\"SearchAction\",\"target\":{\"@type\":\"EntryPoint\",\"urlTemplate\":\"https:\/\/kellenberger.com\/europe\/de\/?s={search_term_string}\"},\"query-input\":{\"@type\":\"PropertyValueSpecification\",\"valueRequired\":true,\"valueName\":\"search_term_string\"}}],\"inLanguage\":\"de\"}]}<\/script>\n<!-- \/ Yoast SEO plugin. -->","yoast_head_json":{"title":"Multifunction - Kellenberger Region - Europa","description":"Entdecken Sie die KELLENBERGER Multifunktionsbearbeitung in Europa: flexible Maschinenkonzepte, kombinierte Schleif\u2011, Dreh\u2011 und Fr\u00e4sprozesse sowie effiziente Komplettbearbeitung f\u00fcr h\u00f6chste Pr\u00e4zision und Produktivit\u00e4t.","robots":{"index":"index","follow":"follow","max-snippet":"max-snippet:-1","max-image-preview":"max-image-preview:large","max-video-preview":"max-video-preview:-1"},"canonical":"https:\/\/kellenberger.com\/europe\/de\/multifunction\/","og_locale":"de_DE","og_type":"article","og_title":"Multifunction - Kellenberger Region - Europa","og_description":"Entdecken Sie die KELLENBERGER Multifunktionsbearbeitung in Europa: flexible Maschinenkonzepte, kombinierte Schleif\u2011, Dreh\u2011 und Fr\u00e4sprozesse sowie effiziente Komplettbearbeitung f\u00fcr h\u00f6chste Pr\u00e4zision und Produktivit\u00e4t.","og_url":"https:\/\/kellenberger.com\/europe\/de\/multifunction\/","og_site_name":"Kellenberger Region - Europa","article_modified_time":"2026-02-18T12:07:03+00:00","twitter_card":"summary_large_image","twitter_misc":{"Gesch\u00e4tzte Lesezeit":"1\u00a0Minute"},"schema":{"@context":"https:\/\/schema.org","@graph":[{"@type":"WebPage","@id":"https:\/\/kellenberger.com\/europe\/de\/multifunction\/","url":"https:\/\/kellenberger.com\/europe\/de\/multifunction\/","name":"Multifunction - Kellenberger Region - Europa","isPartOf":{"@id":"https:\/\/kellenberger.com\/europe\/de\/#website"},"datePublished":"2025-12-04T14:46:24+00:00","dateModified":"2026-02-18T12:07:03+00:00","description":"Entdecken Sie die KELLENBERGER Multifunktionsbearbeitung in Europa: flexible Maschinenkonzepte, kombinierte Schleif\u2011, Dreh\u2011 und Fr\u00e4sprozesse sowie effiziente Komplettbearbeitung f\u00fcr h\u00f6chste Pr\u00e4zision und Produktivit\u00e4t.","breadcrumb":{"@id":"https:\/\/kellenberger.com\/europe\/de\/multifunction\/#breadcrumb"},"inLanguage":"de","potentialAction":[{"@type":"ReadAction","target":["https:\/\/kellenberger.com\/europe\/de\/multifunction\/"]}]},{"@type":"BreadcrumbList","@id":"https:\/\/kellenberger.com\/europe\/de\/multifunction\/#breadcrumb","itemListElement":[{"@type":"ListItem","position":1,"name":"Home","item":"https:\/\/kellenberger.com\/europe\/de\/"},{"@type":"ListItem","position":2,"name":"Multifunction"}]},{"@type":"WebSite","@id":"https:\/\/kellenberger.com\/europe\/de\/#website","url":"https:\/\/kellenberger.com\/europe\/de\/","name":"Kellenberger Region - Europa","description":"","potentialAction":[{"@type":"SearchAction","target":{"@type":"EntryPoint","urlTemplate":"https:\/\/kellenberger.com\/europe\/de\/?s={search_term_string}"},"query-input":{"@type":"PropertyValueSpecification","valueRequired":true,"valueName":"search_term_string"}}],"inLanguage":"de"}]}},"_links":{"self":[{"href":"https:\/\/kellenberger.com\/europe\/de\/wp-json\/wp\/v2\/pages\/22006","targetHints":{"allow":["GET"]}}],"collection":[{"href":"https:\/\/kellenberger.com\/europe\/de\/wp-json\/wp\/v2\/pages"}],"about":[{"href":"https:\/\/kellenberger.com\/europe\/de\/wp-json\/wp\/v2\/types\/page"}],"author":[{"embeddable":true,"href":"https:\/\/kellenberger.com\/europe\/de\/wp-json\/wp\/v2\/users\/1"}],"replies":[{"embeddable":true,"href":"https:\/\/kellenberger.com\/europe\/de\/wp-json\/wp\/v2\/comments?post=22006"}],"version-history":[{"count":4,"href":"https:\/\/kellenberger.com\/europe\/de\/wp-json\/wp\/v2\/pages\/22006\/revisions"}],"predecessor-version":[{"id":22551,"href":"https:\/\/kellenberger.com\/europe\/de\/wp-json\/wp\/v2\/pages\/22006\/revisions\/22551"}],"wp:attachment":[{"href":"https:\/\/kellenberger.com\/europe\/de\/wp-json\/wp\/v2\/media?parent=22006"}],"curies":[{"name":"wp","href":"https:\/\/api.w.org\/{rel}","templated":true}]}}