{"id":22002,"date":"2025-12-04T15:45:24","date_gmt":"2025-12-04T14:45:24","guid":{"rendered":"https:\/\/kellenberger.com\/europa\/?page_id=22002"},"modified":"2026-02-18T12:05:03","modified_gmt":"2026-02-18T11:05:03","slug":"kellenberger-hard-turning","status":"publish","type":"page","link":"https:\/\/kellenberger.com\/europe\/de\/kellenberger-hard-turning\/","title":{"rendered":"Hard Turning"},"content":{"rendered":"[vc_row type=&#8220;in_container&#8220; full_screen_row_position=&#8220;middle&#8220; column_margin=&#8220;default&#8220; column_direction=&#8220;default&#8220; column_direction_tablet=&#8220;default&#8220; column_direction_phone=&#8220;default&#8220; scene_position=&#8220;center&#8220; bottom_margin_tablet=&#8220;60&#8243; text_color=&#8220;dark&#8220; text_align=&#8220;left&#8220; row_border_radius=&#8220;none&#8220; row_border_radius_applies=&#8220;bg&#8220; overflow=&#8220;visible&#8220; overlay_strength=&#8220;0.3&#8243; gradient_direction=&#8220;left_to_right&#8220; shape_divider_position=&#8220;bottom&#8220; bg_image_animation=&#8220;none&#8220; shape_type=&#8220;&#8220; gradient_type=&#8220;default&#8220;][vc_column column_padding=&#8220;no-extra-padding&#8220; column_padding_tablet=&#8220;inherit&#8220; column_padding_phone=&#8220;inherit&#8220; column_padding_position=&#8220;all&#8220; top_margin=&#8220;2%&#8220; column_element_direction_desktop=&#8220;default&#8220; column_element_spacing=&#8220;default&#8220; desktop_text_alignment=&#8220;default&#8220; tablet_text_alignment=&#8220;default&#8220; phone_text_alignment=&#8220;default&#8220; background_color_opacity=&#8220;1&#8243; background_hover_color_opacity=&#8220;1&#8243; column_backdrop_filter=&#8220;none&#8220; column_shadow=&#8220;none&#8220; column_border_radius=&#8220;none&#8220; column_link_target=&#8220;_self&#8220; column_position=&#8220;default&#8220; gradient_direction=&#8220;left_to_right&#8220; overlay_strength=&#8220;0.3&#8243; width=&#8220;1\/2&#8243; tablet_width_inherit=&#8220;default&#8220; animation_type=&#8220;default&#8220; bg_image_animation=&#8220;none&#8220; border_type=&#8220;simple&#8220; column_border_width=&#8220;none&#8220; column_border_style=&#8220;solid&#8220;][vc_custom_heading text=&#8220;Hard turning&#8220; font_container=&#8220;tag:h1|text_align:left&#8220; use_theme_fonts=&#8220;yes&#8220;][vc_column_text css=&#8220;.vc_custom_1737109326998{padding-top: 5% !important;padding-right: 2% !important;}&#8220; text_direction=&#8220;default&#8220;]Die Hartdrehmaschinen von Kellenberger stehen f\u00fcr eine perfekte Symbiose aus h\u00f6chster Pr\u00e4zision und beeindruckender Flexibilit\u00e4t \u2013 ideal zugeschnitten auf die anspruchsvollsten industriellen Anwendungen. Ausgestattet mit modernster Technologie setzen sie neue Standards in der Bearbeitung harter Werkstoffe und finden ihren Einsatz in Schl\u00fcsselbranchen wie der Automobil- und Luftfahrtindustrie.<\/p>\n<p>Mit aussergew\u00f6hnlicher Zuverl\u00e4ssigkeit, \u00fcberragender Oberfl\u00e4cheng\u00fcte und h\u00f6chster Massgenauigkeit erf\u00fcllen unsere Maschinen selbst strengste Qualit\u00e4tsanforderungen. Jede Maschine ist ein Beweis f\u00fcr unser Engagement, Ihnen L\u00f6sungen zu bieten, die nicht nur Ihre Erwartungen \u00fcbertreffen, sondern auch Ihre Fertigungsprozesse auf ein neues Niveau heben.<\/p>\n<p>Vertrauen Sie auf die wegweisende Qualit\u00e4t und Innovationskraft von Kellenberger Hartdrehmaschinen und erleben Sie, wie Ihre Produktion Effizienz und Perfektion in einer v\u00f6llig neuen Dimension erreicht.[\/vc_column_text][\/vc_column][vc_column column_padding=&#8220;no-extra-padding&#8220; column_padding_tablet=&#8220;inherit&#8220; column_padding_phone=&#8220;inherit&#8220; column_padding_position=&#8220;all&#8220; column_element_direction_desktop=&#8220;default&#8220; column_element_spacing=&#8220;default&#8220; desktop_text_alignment=&#8220;default&#8220; tablet_text_alignment=&#8220;default&#8220; phone_text_alignment=&#8220;default&#8220; background_color_opacity=&#8220;1&#8243; background_hover_color_opacity=&#8220;1&#8243; column_backdrop_filter=&#8220;none&#8220; column_shadow=&#8220;none&#8220; column_border_radius=&#8220;none&#8220; column_link_target=&#8220;_self&#8220; column_position=&#8220;default&#8220; gradient_direction=&#8220;left_to_right&#8220; overlay_strength=&#8220;0.3&#8243; width=&#8220;1\/2&#8243; tablet_width_inherit=&#8220;default&#8220; animation_type=&#8220;default&#8220; bg_image_animation=&#8220;none&#8220; border_type=&#8220;simple&#8220; column_border_width=&#8220;none&#8220; column_border_style=&#8220;solid&#8220;][carousel script=&#8220;flickity&#8220; flickity_formatting=&#8220;default&#8220; desktop_cols_flickity=&#8220;1&#8243; desktop_small_cols_flickity=&#8220;1&#8243; tablet_cols_flickity=&#8220;1&#8243; phone_cols_flickity=&#8220;1&#8243; flickity_controls=&#8220;default&#8220; color=&#8220;default&#8220; flickity_overflow=&#8220;hidden&#8220; flickity_wrap_around=&#8220;wrap&#8220; pagination_alignment_flickity=&#8220;default&#8220; flickity_spacing=&#8220;default&#8220; flickity_column_vertical_alignment=&#8220;default&#8220; column_padding=&#8220;0&#8243; flickity_element_spacing=&#8220;default&#8220; border_radius=&#8220;none&#8220;][item simple_slider_bg_image_position=&#8220;default&#8220; simple_slider_overlay_strength=&#8220;0.3&#8243; simple_slider_bg_image_loading=&#8220;default&#8220; id=&#8220;1765277901694-3&#8243; tab_id=&#8220;1765277901695-7&#8243; title=&#8220;Anzahl&#8220;][image_with_animation image_url=&#8220;16674&#8243; image_size=&#8220;full&#8220; max_width=&#8220;100%&#8220; max_width_mobile=&#8220;default&#8220; animation_type=&#8220;entrance&#8220; animation=&#8220;None&#8220; animation_movement_type=&#8220;transform_y&#8220; hover_animation=&#8220;none&#8220; alignment=&#8220;&#8220; border_radius=&#8220;none&#8220; box_shadow=&#8220;none&#8220; image_loading=&#8220;default&#8220;][\/item][item simple_slider_bg_image_position=&#8220;default&#8220; simple_slider_overlay_strength=&#8220;0.3&#8243; simple_slider_bg_image_loading=&#8220;default&#8220; id=&#8220;1765277901717-9&#8243; tab_id=&#8220;1765277901718-6&#8243; title=&#8220;Anzahl&#8220;][image_with_animation image_url=&#8220;16678&#8243; image_size=&#8220;full&#8220; max_width=&#8220;100%&#8220; max_width_mobile=&#8220;default&#8220; animation_type=&#8220;entrance&#8220; animation=&#8220;None&#8220; animation_movement_type=&#8220;transform_y&#8220; hover_animation=&#8220;none&#8220; alignment=&#8220;&#8220; border_radius=&#8220;none&#8220; box_shadow=&#8220;none&#8220; image_loading=&#8220;default&#8220;][\/item][item simple_slider_bg_image_position=&#8220;default&#8220; simple_slider_overlay_strength=&#8220;0.3&#8243; simple_slider_bg_image_loading=&#8220;default&#8220; id=&#8220;1765277901735-7&#8243; tab_id=&#8220;1765277901735-2&#8243; title=&#8220;Anzahl&#8220;][image_with_animation image_url=&#8220;16670&#8243; image_size=&#8220;full&#8220; max_width=&#8220;100%&#8220; max_width_mobile=&#8220;default&#8220; animation_type=&#8220;entrance&#8220; animation=&#8220;None&#8220; animation_movement_type=&#8220;transform_y&#8220; hover_animation=&#8220;none&#8220; alignment=&#8220;&#8220; border_radius=&#8220;none&#8220; box_shadow=&#8220;none&#8220; image_loading=&#8220;default&#8220;][\/item][\/carousel][\/vc_column][\/vc_row][vc_row type=&#8220;in_container&#8220; full_screen_row_position=&#8220;middle&#8220; column_margin=&#8220;default&#8220; column_direction=&#8220;default&#8220; column_direction_tablet=&#8220;default&#8220; column_direction_phone=&#8220;default&#8220; scene_position=&#8220;center&#8220; constrain_group_1=&#8220;yes&#8220; text_color=&#8220;dark&#8220; text_align=&#8220;left&#8220; row_border_radius=&#8220;none&#8220; row_border_radius_applies=&#8220;bg&#8220; overflow=&#8220;visible&#8220; overlay_strength=&#8220;0.3&#8243; gradient_direction=&#8220;left_to_right&#8220; shape_divider_position=&#8220;bottom&#8220; bg_image_animation=&#8220;none&#8220; gradient_type=&#8220;default&#8220; shape_type=&#8220;&#8220;][vc_column column_padding=&#8220;no-extra-padding&#8220; column_padding_tablet=&#8220;inherit&#8220; column_padding_phone=&#8220;inherit&#8220; column_padding_position=&#8220;all&#8220; column_element_direction_desktop=&#8220;default&#8220; column_element_spacing=&#8220;default&#8220; desktop_text_alignment=&#8220;default&#8220; tablet_text_alignment=&#8220;default&#8220; phone_text_alignment=&#8220;default&#8220; background_color_opacity=&#8220;1&#8243; background_hover_color_opacity=&#8220;1&#8243; column_backdrop_filter=&#8220;none&#8220; column_shadow=&#8220;none&#8220; column_border_radius=&#8220;none&#8220; column_link_target=&#8220;_self&#8220; column_position=&#8220;default&#8220; gradient_direction=&#8220;left_to_right&#8220; overlay_strength=&#8220;0.3&#8243; width=&#8220;1\/1&#8243; tablet_width_inherit=&#8220;default&#8220; animation_type=&#8220;default&#8220; bg_image_animation=&#8220;none&#8220; border_type=&#8220;simple&#8220; column_border_width=&#8220;none&#8220; column_border_style=&#8220;solid&#8220;]\t\t\t\t\n\t\t\t\t\n\t\t\t\t\n\t\t\t<div class=\"portfolio-wrap \">\n\t\t\t\t\t\n\t\t\t\t\t\t\t\t\t\n\t\t\t\t<span class=\"portfolio-loading  none\">   <\/span>\n\t\t\t\t\t\n\t\t\t\t\t\t\t\t\t\n\t\t\t\t<div class=\"row portfolio-items no-masonry  \" data-rcp=\"false\" data-masonry-type=\"default\" data-ps=\"1\" data-starting-filter=\"\" data-gutter=\"default\" data-categories-to-show=\"hartdrehmaschinen\" data-bypass-cropping=\"\" data-lightbox-only=\"0\" data-col-num=\"cols-3\">\n\t\t\t\t\t\t\t\t\t\t\t\n\t\t\t\t\t\t\t\t\t\t\t\n\t\t\t\t\t<div class=\"col span_4  element hartdrehmaschinen \"  data-project-cat=\"hartdrehmaschinen \" data-default-color=\"true\" data-title-color=\"\" data-subtitle-color=\"\">\n\t\t\t\t\t\t\t\n\t\t\t\t\t\t<div class=\"inner-wrap animated\" data-animation=\"none\">\n\t\t\t\t\t\t\t\t\n\t\t\t\t\t\t\t\t\t\t\t\t\t\t\t\t\n\t\t\t\t\t\t\t\t<div class=\"work-item style-1\" data-custom-content=\"off\">\n\t\t\t\t\t\t\t\t\t\t\n\t\t\t\t\t\t\t\t\t<img decoding=\"async\" class=\"size- skip-lazy\" src=\"https:\/\/kellenberger.com\/europe\/wp-content\/uploads\/2025\/04\/Gruppe-591-600x403.jpg\" alt=\"\" height=\"\" width=\"\" srcset=\"https:\/\/kellenberger.com\/europe\/wp-content\/uploads\/2025\/04\/Gruppe-591-600x403.jpg 600w, \" sizes=\"(min-width: 1000px) 33.3vw, (min-width: 690px) 50vw, 100vw\" \/>\t\t\t\t\t\t\t\t\t\t\n\t\t\t\t\t\t\t\t\t<div class=\"work-info-bg\"><\/div>\n\t\t\t\t\t\t\t\t\t<div class=\"work-info\"> \n\t\t\t\t\t\t\t\t\t\t\t\n\t\t\t\t\t\t\t\t\t\t\t\t\t\t\t\t\t\t\t\t\t\t\n\t\t\t\t\t\t\t\t\t\t\t<div class=\"vert-center\">\n\t\t\t\t\t\t\t\t\t\t\t\t<a href=\"https:\/\/kellenberger.com\/europe\/wp-content\/uploads\/2025\/04\/Gruppe-591.jpg\" class=\"pretty_photo default-link\">View Larger<\/a> <a class=\"default-link\" href=\"https:\/\/kellenberger.com\/europe\/de\/produkt\/kellenberger-hard-turning\/\">More Details<\/a>\t\t\t\t\t\t\t\t\t\t\t\t\t\n\t\t\t\t\t\t\t\t\t\t\t<\/div><!--\/vert-center-->\n\t\t\t\t\t\t\t\t\t\t<\/div>\n\t\t\t\t\t\t\t\t\t<\/div><!--\/work-item-->\n\t\t\t\t\t\t\t\t\t\t\n\t\t\t\t\t\t\t\t\t<div class=\"work-meta\">\n\t\t\t\t\t\t\t\t\t\t<h4 class=\"title\">KELLENBERGER Hard turning<\/h4>\n\t\t\t\t\t\t\t\t\t\t\t\n\t\t\t\t\t\t\t\t\t\t\t\t\t\t\t\t\t\t\t\t\t\n\t\t\t\t\t\t\t\t\t<\/div>\n\t\t\t\t\t\t\t\t\t<div class=\"nectar-love-wrap\">\n\t\t\t\t\t\t\t\t\t\t<a href=\"#\" class=\"nectar-love\" id=\"nectar-love-21743\" title=\"Love this\"> <i class=\"icon-salient-heart-2\"><\/i><span class=\"love-text\">Love<\/span><span class=\"total_loves\"><span class=\"nectar-love-count\">0<\/span><\/span><\/a>\t\t\t\t\t\t\t\t\t<\/div><!--\/nectar-love-wrap-->\t\n\t\t\t\t\t\t\t\t\t\t\n\t\t\t\t\t\t\t\t\t\t\t\t\t\t\t\t\n\t\t\t\t\t\t\t\t\n\t\t\t\t\t\t<\/div><!--\/inner-wrap-->\n\t\t\t\t\t<\/div><!--\/col-->\n\t\t\t\t\t\t\n\t\t\t\t\t\t\t\t\t\n\t\t\t<\/div><!--\/portfolio-->\n\t\t<\/div><!--\/portfolio wrap-->\n\t\t\t\n\t\t[\/vc_column][\/vc_row]\n","protected":false},"excerpt":{"rendered":"<p>[vc_row type=&#8220;in_container&#8220; full_screen_row_position=&#8220;middle&#8220; column_margin=&#8220;default&#8220; column_direction=&#8220;default&#8220; column_direction_tablet=&#8220;default&#8220; column_direction_phone=&#8220;default&#8220; scene_position=&#8220;center&#8220; bottom_margin_tablet=&#8220;60&#8243; text_color=&#8220;dark&#8220; text_align=&#8220;left&#8220; row_border_radius=&#8220;none&#8220; row_border_radius_applies=&#8220;bg&#8220; overflow=&#8220;visible&#8220; overlay_strength=&#8220;0.3&#8243; gradient_direction=&#8220;left_to_right&#8220; shape_divider_position=&#8220;bottom&#8220; bg_image_animation=&#8220;none&#8220; shape_type=&#8220;&#8220; gradient_type=&#8220;default&#8220;][vc_column column_padding=&#8220;no-extra-padding&#8220; column_padding_tablet=&#8220;inherit&#8220; column_padding_phone=&#8220;inherit&#8220; column_padding_position=&#8220;all&#8220; top_margin=&#8220;2%&#8220; column_element_direction_desktop=&#8220;default&#8220; column_element_spacing=&#8220;default&#8220; desktop_text_alignment=&#8220;default&#8220; tablet_text_alignment=&#8220;default&#8220; phone_text_alignment=&#8220;default&#8220;&#8230;<\/p>\n","protected":false},"author":1,"featured_media":0,"parent":0,"menu_order":0,"comment_status":"closed","ping_status":"closed","template":"","meta":{"inline_featured_image":false,"footnotes":""},"class_list":["post-22002","page","type-page","status-publish"],"yoast_head":"<!-- This site is optimized with the Yoast SEO plugin v26.9 - https:\/\/yoast.com\/product\/yoast-seo-wordpress\/ -->\n<title>Hard Turning - Kellenberger Region - Europa<\/title>\n<meta name=\"description\" content=\"Entdecken Sie KELLENBERGER Hard Turning in Europa: pr\u00e4zises Hartdrehen f\u00fcr maximale Effizienz, hohe Oberfl\u00e4chenqualit\u00e4t und wirtschaftliche Bearbeitung harter Werkstoffe als Erg\u00e4nzung oder Alternative zum Schleifen.\" \/>\n<meta name=\"robots\" content=\"index, follow, max-snippet:-1, max-image-preview:large, max-video-preview:-1\" \/>\n<link rel=\"canonical\" href=\"https:\/\/kellenberger.com\/europe\/de\/kellenberger-hard-turning\/\" \/>\n<meta property=\"og:locale\" content=\"de_DE\" \/>\n<meta property=\"og:type\" content=\"article\" \/>\n<meta property=\"og:title\" content=\"Hard Turning - Kellenberger Region - Europa\" \/>\n<meta property=\"og:description\" content=\"Entdecken Sie KELLENBERGER Hard Turning in Europa: pr\u00e4zises Hartdrehen f\u00fcr maximale Effizienz, hohe Oberfl\u00e4chenqualit\u00e4t und wirtschaftliche Bearbeitung harter Werkstoffe als Erg\u00e4nzung oder Alternative zum Schleifen.\" \/>\n<meta property=\"og:url\" content=\"https:\/\/kellenberger.com\/europe\/de\/kellenberger-hard-turning\/\" \/>\n<meta property=\"og:site_name\" content=\"Kellenberger Region - Europa\" \/>\n<meta property=\"article:modified_time\" content=\"2026-02-18T11:05:03+00:00\" \/>\n<meta name=\"twitter:card\" content=\"summary_large_image\" \/>\n<meta name=\"twitter:label1\" content=\"Gesch\u00e4tzte Lesezeit\" \/>\n\t<meta name=\"twitter:data1\" content=\"2\u00a0Minuten\" \/>\n<script type=\"application\/ld+json\" class=\"yoast-schema-graph\">{\"@context\":\"https:\/\/schema.org\",\"@graph\":[{\"@type\":\"WebPage\",\"@id\":\"https:\/\/kellenberger.com\/europe\/de\/kellenberger-hard-turning\/\",\"url\":\"https:\/\/kellenberger.com\/europe\/de\/kellenberger-hard-turning\/\",\"name\":\"Hard Turning - Kellenberger Region - Europa\",\"isPartOf\":{\"@id\":\"https:\/\/kellenberger.com\/europe\/de\/#website\"},\"datePublished\":\"2025-12-04T14:45:24+00:00\",\"dateModified\":\"2026-02-18T11:05:03+00:00\",\"description\":\"Entdecken Sie KELLENBERGER Hard Turning in Europa: pr\u00e4zises Hartdrehen f\u00fcr maximale Effizienz, hohe Oberfl\u00e4chenqualit\u00e4t und wirtschaftliche Bearbeitung harter Werkstoffe als Erg\u00e4nzung oder Alternative zum Schleifen.\",\"breadcrumb\":{\"@id\":\"https:\/\/kellenberger.com\/europe\/de\/kellenberger-hard-turning\/#breadcrumb\"},\"inLanguage\":\"de\",\"potentialAction\":[{\"@type\":\"ReadAction\",\"target\":[\"https:\/\/kellenberger.com\/europe\/de\/kellenberger-hard-turning\/\"]}]},{\"@type\":\"BreadcrumbList\",\"@id\":\"https:\/\/kellenberger.com\/europe\/de\/kellenberger-hard-turning\/#breadcrumb\",\"itemListElement\":[{\"@type\":\"ListItem\",\"position\":1,\"name\":\"Home\",\"item\":\"https:\/\/kellenberger.com\/europe\/de\/\"},{\"@type\":\"ListItem\",\"position\":2,\"name\":\"Hard Turning\"}]},{\"@type\":\"WebSite\",\"@id\":\"https:\/\/kellenberger.com\/europe\/de\/#website\",\"url\":\"https:\/\/kellenberger.com\/europe\/de\/\",\"name\":\"Kellenberger Region - Europa\",\"description\":\"\",\"potentialAction\":[{\"@type\":\"SearchAction\",\"target\":{\"@type\":\"EntryPoint\",\"urlTemplate\":\"https:\/\/kellenberger.com\/europe\/de\/?s={search_term_string}\"},\"query-input\":{\"@type\":\"PropertyValueSpecification\",\"valueRequired\":true,\"valueName\":\"search_term_string\"}}],\"inLanguage\":\"de\"}]}<\/script>\n<!-- \/ Yoast SEO plugin. -->","yoast_head_json":{"title":"Hard Turning - Kellenberger Region - Europa","description":"Entdecken Sie KELLENBERGER Hard Turning in Europa: pr\u00e4zises Hartdrehen f\u00fcr maximale Effizienz, hohe Oberfl\u00e4chenqualit\u00e4t und wirtschaftliche Bearbeitung harter Werkstoffe als Erg\u00e4nzung oder Alternative zum Schleifen.","robots":{"index":"index","follow":"follow","max-snippet":"max-snippet:-1","max-image-preview":"max-image-preview:large","max-video-preview":"max-video-preview:-1"},"canonical":"https:\/\/kellenberger.com\/europe\/de\/kellenberger-hard-turning\/","og_locale":"de_DE","og_type":"article","og_title":"Hard Turning - Kellenberger Region - Europa","og_description":"Entdecken Sie KELLENBERGER Hard Turning in Europa: pr\u00e4zises Hartdrehen f\u00fcr maximale Effizienz, hohe Oberfl\u00e4chenqualit\u00e4t und wirtschaftliche Bearbeitung harter Werkstoffe als Erg\u00e4nzung oder Alternative zum Schleifen.","og_url":"https:\/\/kellenberger.com\/europe\/de\/kellenberger-hard-turning\/","og_site_name":"Kellenberger Region - Europa","article_modified_time":"2026-02-18T11:05:03+00:00","twitter_card":"summary_large_image","twitter_misc":{"Gesch\u00e4tzte Lesezeit":"2\u00a0Minuten"},"schema":{"@context":"https:\/\/schema.org","@graph":[{"@type":"WebPage","@id":"https:\/\/kellenberger.com\/europe\/de\/kellenberger-hard-turning\/","url":"https:\/\/kellenberger.com\/europe\/de\/kellenberger-hard-turning\/","name":"Hard Turning - Kellenberger Region - Europa","isPartOf":{"@id":"https:\/\/kellenberger.com\/europe\/de\/#website"},"datePublished":"2025-12-04T14:45:24+00:00","dateModified":"2026-02-18T11:05:03+00:00","description":"Entdecken Sie KELLENBERGER Hard Turning in Europa: pr\u00e4zises Hartdrehen f\u00fcr maximale Effizienz, hohe Oberfl\u00e4chenqualit\u00e4t und wirtschaftliche Bearbeitung harter Werkstoffe als Erg\u00e4nzung oder Alternative zum Schleifen.","breadcrumb":{"@id":"https:\/\/kellenberger.com\/europe\/de\/kellenberger-hard-turning\/#breadcrumb"},"inLanguage":"de","potentialAction":[{"@type":"ReadAction","target":["https:\/\/kellenberger.com\/europe\/de\/kellenberger-hard-turning\/"]}]},{"@type":"BreadcrumbList","@id":"https:\/\/kellenberger.com\/europe\/de\/kellenberger-hard-turning\/#breadcrumb","itemListElement":[{"@type":"ListItem","position":1,"name":"Home","item":"https:\/\/kellenberger.com\/europe\/de\/"},{"@type":"ListItem","position":2,"name":"Hard Turning"}]},{"@type":"WebSite","@id":"https:\/\/kellenberger.com\/europe\/de\/#website","url":"https:\/\/kellenberger.com\/europe\/de\/","name":"Kellenberger Region - Europa","description":"","potentialAction":[{"@type":"SearchAction","target":{"@type":"EntryPoint","urlTemplate":"https:\/\/kellenberger.com\/europe\/de\/?s={search_term_string}"},"query-input":{"@type":"PropertyValueSpecification","valueRequired":true,"valueName":"search_term_string"}}],"inLanguage":"de"}]}},"_links":{"self":[{"href":"https:\/\/kellenberger.com\/europe\/de\/wp-json\/wp\/v2\/pages\/22002","targetHints":{"allow":["GET"]}}],"collection":[{"href":"https:\/\/kellenberger.com\/europe\/de\/wp-json\/wp\/v2\/pages"}],"about":[{"href":"https:\/\/kellenberger.com\/europe\/de\/wp-json\/wp\/v2\/types\/page"}],"author":[{"embeddable":true,"href":"https:\/\/kellenberger.com\/europe\/de\/wp-json\/wp\/v2\/users\/1"}],"replies":[{"embeddable":true,"href":"https:\/\/kellenberger.com\/europe\/de\/wp-json\/wp\/v2\/comments?post=22002"}],"version-history":[{"count":2,"href":"https:\/\/kellenberger.com\/europe\/de\/wp-json\/wp\/v2\/pages\/22002\/revisions"}],"predecessor-version":[{"id":22317,"href":"https:\/\/kellenberger.com\/europe\/de\/wp-json\/wp\/v2\/pages\/22002\/revisions\/22317"}],"wp:attachment":[{"href":"https:\/\/kellenberger.com\/europe\/de\/wp-json\/wp\/v2\/media?parent=22002"}],"curies":[{"name":"wp","href":"https:\/\/api.w.org\/{rel}","templated":true}]}}