{"id":8589,"date":"2024-04-11T14:22:30","date_gmt":"2024-04-11T12:22:30","guid":{"rendered":"https:\/\/kellenberger.com\/?page_id=8589"},"modified":"2024-04-26T15:09:07","modified_gmt":"2024-04-26T13:09:07","slug":"hardinge-gruppe","status":"publish","type":"page","link":"https:\/\/kellenberger.com\/de\/hardinge-gruppe\/","title":{"rendered":"Hardinge Gruppe"},"content":{"rendered":"[vc_row type=&#8220;in_container&#8220; full_screen_row_position=&#8220;middle&#8220; column_margin=&#8220;default&#8220; column_direction=&#8220;default&#8220; column_direction_tablet=&#8220;default&#8220; column_direction_phone=&#8220;default&#8220; scene_position=&#8220;center&#8220; top_margin=&#8220;5%&#8220; bottom_margin=&#8220;3%&#8220; text_color=&#8220;dark&#8220; text_align=&#8220;left&#8220; row_border_radius=&#8220;none&#8220; row_border_radius_applies=&#8220;bg&#8220; overflow=&#8220;visible&#8220; overlay_strength=&#8220;0.3&#8243; gradient_direction=&#8220;left_to_right&#8220; shape_divider_position=&#8220;bottom&#8220; bg_image_animation=&#8220;none&#8220; shape_type=&#8220;&#8220;][vc_column column_padding=&#8220;no-extra-padding&#8220; column_padding_tablet=&#8220;inherit&#8220; column_padding_phone=&#8220;inherit&#8220; column_padding_position=&#8220;all&#8220; column_element_direction_desktop=&#8220;default&#8220; column_element_spacing=&#8220;default&#8220; desktop_text_alignment=&#8220;default&#8220; tablet_text_alignment=&#8220;default&#8220; phone_text_alignment=&#8220;default&#8220; background_color_opacity=&#8220;1&#8243; background_hover_color_opacity=&#8220;1&#8243; column_backdrop_filter=&#8220;none&#8220; column_shadow=&#8220;none&#8220; column_border_radius=&#8220;none&#8220; column_link_target=&#8220;_self&#8220; column_position=&#8220;default&#8220; gradient_direction=&#8220;left_to_right&#8220; overlay_strength=&#8220;0.3&#8243; width=&#8220;1\/1&#8243; tablet_width_inherit=&#8220;default&#8220; animation_type=&#8220;default&#8220; bg_image_animation=&#8220;none&#8220; border_type=&#8220;simple&#8220; column_border_width=&#8220;none&#8220; column_border_style=&#8220;solid&#8220;][vc_custom_heading text=&#8220;Hardinge Gruppe&#8220; font_container=&#8220;tag:h1|text_align:left&#8220; use_theme_fonts=&#8220;yes&#8220; css=&#8220;.vc_custom_1713875560402{margin-bottom: 4% !important;}&#8220;][vc_row_inner equal_height=&#8220;yes&#8220; column_margin=&#8220;60px&#8220; column_direction=&#8220;default&#8220; column_direction_tablet=&#8220;default&#8220; column_direction_phone=&#8220;default&#8220; text_align=&#8220;left&#8220; row_position=&#8220;default&#8220; row_position_tablet=&#8220;inherit&#8220; row_position_phone=&#8220;inherit&#8220; overflow=&#8220;visible&#8220; pointer_events=&#8220;all&#8220; css=&#8220;.vc_custom_1714123227869{padding-bottom: 3% !important;}&#8220;][vc_column_inner column_padding=&#8220;no-extra-padding&#8220; column_padding_tablet=&#8220;inherit&#8220; column_padding_phone=&#8220;inherit&#8220; column_padding_position=&#8220;all&#8220; column_element_direction_desktop=&#8220;default&#8220; column_element_spacing=&#8220;default&#8220; desktop_text_alignment=&#8220;default&#8220; tablet_text_alignment=&#8220;default&#8220; phone_text_alignment=&#8220;default&#8220; background_color_opacity=&#8220;1&#8243; background_hover_color_opacity=&#8220;1&#8243; column_backdrop_filter=&#8220;none&#8220; column_shadow=&#8220;none&#8220; column_border_radius=&#8220;none&#8220; column_link_target=&#8220;_self&#8220; overflow=&#8220;visible&#8220; gradient_direction=&#8220;left_to_right&#8220; overlay_strength=&#8220;0.3&#8243; width=&#8220;1\/2&#8243; tablet_width_inherit=&#8220;default&#8220; animation_type=&#8220;default&#8220; bg_image_animation=&#8220;none&#8220; border_type=&#8220;simple&#8220; column_border_width=&#8220;none&#8220; column_border_style=&#8220;solid&#8220;][vc_column_text text_direction=&#8220;default&#8220;]Die HARDINGE-Gruppe vereint international renommierte Hersteller von Dreh-, Fr\u00e4s- und Schleifmaschinen sowie f\u00fcr Spannl\u00f6sungen. In der Gruppe vereinen sich alle Technologien, die zu einem erfolgreichen Zerspanungsprozess geh\u00f6ren. Vom Drehen und Hartdrehen \u00fcber das Drehfr\u00e4sen und Fr\u00e4sen bis hin zum Innen-, Aussen- und Koordinatenschleifen sowie dem Spannen bilden sie die gesamte Prozesskette ab.<\/p>\n<p>Im Fokus der HARDINGE-Gruppe stehen Innovation, Qualit\u00e4t und Langlebigkeit der Produkte sowie die konsequente Orientierung auf die Anforderungen der Kunden. Diese finden sich in den Branchen Automotive, Luft- und Raumfahrt, Energie, Werkzeug- und Maschinenbau. Ein weltweites Vertriebs- und Servicenetz garantiert in jedem Bedarfsfall die Kundenn\u00e4he.[\/vc_column_text][vc_column_text text_direction=&#8220;default&#8220;]<a href=\"https:\/\/www.hardinge.eu\/\" target=\"_blank\" rel=\"noopener\">Zur Hardinge-Webseite<\/a>[\/vc_column_text][\/vc_column_inner][vc_column_inner column_padding=&#8220;no-extra-padding&#8220; column_padding_tablet=&#8220;inherit&#8220; column_padding_phone=&#8220;inherit&#8220; column_padding_position=&#8220;all&#8220; column_element_direction_desktop=&#8220;default&#8220; column_element_spacing=&#8220;default&#8220; desktop_text_alignment=&#8220;default&#8220; tablet_text_alignment=&#8220;default&#8220; phone_text_alignment=&#8220;default&#8220; background_color_opacity=&#8220;1&#8243; background_hover_color_opacity=&#8220;1&#8243; column_backdrop_filter=&#8220;none&#8220; column_shadow=&#8220;none&#8220; column_border_radius=&#8220;none&#8220; column_link_target=&#8220;_self&#8220; overflow=&#8220;visible&#8220; gradient_direction=&#8220;left_to_right&#8220; overlay_strength=&#8220;0.3&#8243; width=&#8220;1\/2&#8243; tablet_width_inherit=&#8220;default&#8220; animation_type=&#8220;default&#8220; bg_image_animation=&#8220;none&#8220; border_type=&#8220;simple&#8220; column_border_width=&#8220;none&#8220; column_border_style=&#8220;solid&#8220;][nectar_video_lightbox link_style=&#8220;play_button_2&#8243; nectar_play_button_color=&#8220;Default-Accent-Color&#8220; image_url=&#8220;10167&#8243; hover_effect=&#8220;defaut&#8220; box_shadow=&#8220;none&#8220; border_radius=&#8220;none&#8220; play_button_size=&#8220;default&#8220; video_url=&#8220;https:\/\/www.youtube.com\/watch?v=e2nLwi2Y2HQ&#8220;][\/vc_column_inner][\/vc_row_inner][\/vc_column][\/vc_row]\n","protected":false},"excerpt":{"rendered":"<p>[vc_row type=&#8220;in_container&#8220; full_screen_row_position=&#8220;middle&#8220; column_margin=&#8220;default&#8220; column_direction=&#8220;default&#8220; column_direction_tablet=&#8220;default&#8220; column_direction_phone=&#8220;default&#8220; scene_position=&#8220;center&#8220; top_margin=&#8220;5%&#8220; bottom_margin=&#8220;3%&#8220; text_color=&#8220;dark&#8220; text_align=&#8220;left&#8220; row_border_radius=&#8220;none&#8220; row_border_radius_applies=&#8220;bg&#8220; overflow=&#8220;visible&#8220; overlay_strength=&#8220;0.3&#8243; gradient_direction=&#8220;left_to_right&#8220; shape_divider_position=&#8220;bottom&#8220; bg_image_animation=&#8220;none&#8220; shape_type=&#8220;&#8220;][vc_column column_padding=&#8220;no-extra-padding&#8220; column_padding_tablet=&#8220;inherit&#8220; column_padding_phone=&#8220;inherit&#8220; column_padding_position=&#8220;all&#8220; column_element_direction_desktop=&#8220;default&#8220; column_element_spacing=&#8220;default&#8220; desktop_text_alignment=&#8220;default&#8220; tablet_text_alignment=&#8220;default&#8220; phone_text_alignment=&#8220;default&#8220; background_color_opacity=&#8220;1&#8243;&#8230;<\/p>\n","protected":false},"author":23,"featured_media":0,"parent":0,"menu_order":0,"comment_status":"closed","ping_status":"closed","template":"","meta":{"inline_featured_image":false,"footnotes":""},"class_list":["post-8589","page","type-page","status-publish"],"yoast_head":"<!-- This site is optimized with the Yoast SEO plugin v26.9 - https:\/\/yoast.com\/product\/yoast-seo-wordpress\/ -->\n<title>Hardinge Gruppe - Kellenberger<\/title>\n<meta name=\"description\" content=\".Die HARDINGE-Gruppe vereint international renommierte Hersteller von Dreh-, Fr\u00e4s- und Schleifmaschinen sowie f\u00fcr Spannl\u00f6sungen. In der Gruppe vereinen sich alle Technologien, die zu einem erfolgreichen Zerspanungsprozess geh\u00f6ren. Vom Drehen und Hartdrehen \u00fcber das Drehfr\u00e4sen und Fr\u00e4sen bis hin zum Innen-, Aussen- und Koordinatenschleifen sowie dem Spannen bilden sie die gesamte Prozesskette ab.\" \/>\n<meta name=\"robots\" content=\"index, follow, max-snippet:-1, max-image-preview:large, max-video-preview:-1\" \/>\n<link rel=\"canonical\" href=\"https:\/\/kellenberger.com\/de\/hardinge-gruppe\/\" \/>\n<meta property=\"og:locale\" content=\"de_DE\" \/>\n<meta property=\"og:type\" content=\"article\" \/>\n<meta property=\"og:title\" content=\"Hardinge Gruppe - Kellenberger\" \/>\n<meta property=\"og:description\" content=\".Die HARDINGE-Gruppe vereint international renommierte Hersteller von Dreh-, Fr\u00e4s- und Schleifmaschinen sowie f\u00fcr Spannl\u00f6sungen. In der Gruppe vereinen sich alle Technologien, die zu einem erfolgreichen Zerspanungsprozess geh\u00f6ren. Vom Drehen und Hartdrehen \u00fcber das Drehfr\u00e4sen und Fr\u00e4sen bis hin zum Innen-, Aussen- und Koordinatenschleifen sowie dem Spannen bilden sie die gesamte Prozesskette ab.\" \/>\n<meta property=\"og:url\" content=\"https:\/\/kellenberger.com\/de\/hardinge-gruppe\/\" \/>\n<meta property=\"og:site_name\" content=\"Kellenberger\" \/>\n<meta property=\"article:modified_time\" content=\"2024-04-26T13:09:07+00:00\" \/>\n<meta name=\"twitter:card\" content=\"summary_large_image\" \/>\n<meta name=\"twitter:label1\" content=\"Gesch\u00e4tzte Lesezeit\" \/>\n\t<meta name=\"twitter:data1\" content=\"2\u00a0Minuten\" \/>\n<script type=\"application\/ld+json\" class=\"yoast-schema-graph\">{\"@context\":\"https:\/\/schema.org\",\"@graph\":[{\"@type\":\"WebPage\",\"@id\":\"https:\/\/kellenberger.com\/de\/hardinge-gruppe\/\",\"url\":\"https:\/\/kellenberger.com\/de\/hardinge-gruppe\/\",\"name\":\"Hardinge Gruppe - Kellenberger\",\"isPartOf\":{\"@id\":\"https:\/\/kellenberger.com\/de\/#website\"},\"datePublished\":\"2024-04-11T12:22:30+00:00\",\"dateModified\":\"2024-04-26T13:09:07+00:00\",\"description\":\".Die HARDINGE-Gruppe vereint international renommierte Hersteller von Dreh-, Fr\u00e4s- und Schleifmaschinen sowie f\u00fcr Spannl\u00f6sungen. In der Gruppe vereinen sich alle Technologien, die zu einem erfolgreichen Zerspanungsprozess geh\u00f6ren. Vom Drehen und Hartdrehen \u00fcber das Drehfr\u00e4sen und Fr\u00e4sen bis hin zum Innen-, Aussen- und Koordinatenschleifen sowie dem Spannen bilden sie die gesamte Prozesskette ab.\",\"breadcrumb\":{\"@id\":\"https:\/\/kellenberger.com\/de\/hardinge-gruppe\/#breadcrumb\"},\"inLanguage\":\"de\",\"potentialAction\":[{\"@type\":\"ReadAction\",\"target\":[\"https:\/\/kellenberger.com\/de\/hardinge-gruppe\/\"]}]},{\"@type\":\"BreadcrumbList\",\"@id\":\"https:\/\/kellenberger.com\/de\/hardinge-gruppe\/#breadcrumb\",\"itemListElement\":[{\"@type\":\"ListItem\",\"position\":1,\"name\":\"Home\",\"item\":\"https:\/\/kellenberger.com\/de\/\"},{\"@type\":\"ListItem\",\"position\":2,\"name\":\"Hardinge Gruppe\"}]},{\"@type\":\"WebSite\",\"@id\":\"https:\/\/kellenberger.com\/de\/#website\",\"url\":\"https:\/\/kellenberger.com\/de\/\",\"name\":\"Kellenberger\",\"description\":\"Hersteller von multifunktionalen Pr\u00e4zisions-Drehmaschinen und Drehzentren.\",\"publisher\":{\"@id\":\"https:\/\/kellenberger.com\/de\/#organization\"},\"potentialAction\":[{\"@type\":\"SearchAction\",\"target\":{\"@type\":\"EntryPoint\",\"urlTemplate\":\"https:\/\/kellenberger.com\/de\/?s={search_term_string}\"},\"query-input\":{\"@type\":\"PropertyValueSpecification\",\"valueRequired\":true,\"valueName\":\"search_term_string\"}}],\"inLanguage\":\"de\"},{\"@type\":\"Organization\",\"@id\":\"https:\/\/kellenberger.com\/de\/#organization\",\"name\":\"Kellenberger Machines Holdings GmbH\",\"url\":\"https:\/\/kellenberger.com\/de\/\",\"logo\":{\"@type\":\"ImageObject\",\"inLanguage\":\"de\",\"@id\":\"https:\/\/kellenberger.com\/de\/#\/schema\/logo\/image\/\",\"url\":\"https:\/\/kellenberger.com\/wp-content\/uploads\/2025\/03\/2024_Kellenberger_Logo_blue_rgb.svg\",\"contentUrl\":\"https:\/\/kellenberger.com\/wp-content\/uploads\/2025\/03\/2024_Kellenberger_Logo_blue_rgb.svg\",\"width\":1520,\"height\":289,\"caption\":\"Kellenberger Machines Holdings GmbH\"},\"image\":{\"@id\":\"https:\/\/kellenberger.com\/de\/#\/schema\/logo\/image\/\"},\"sameAs\":[\"https:\/\/www.linkedin.com\/company\/hardinge-kellenberger-ag\/\",\"https:\/\/www.youtube.com\/channel\/UC72tV-V11t_SHzd7Hk3NdkQ\",\"https:\/\/www.instagram.com\/kellenberger_ag\/\"]}]}<\/script>\n<!-- \/ Yoast SEO plugin. -->","yoast_head_json":{"title":"Hardinge Gruppe - Kellenberger","description":".Die HARDINGE-Gruppe vereint international renommierte Hersteller von Dreh-, Fr\u00e4s- und Schleifmaschinen sowie f\u00fcr Spannl\u00f6sungen. In der Gruppe vereinen sich alle Technologien, die zu einem erfolgreichen Zerspanungsprozess geh\u00f6ren. Vom Drehen und Hartdrehen \u00fcber das Drehfr\u00e4sen und Fr\u00e4sen bis hin zum Innen-, Aussen- und Koordinatenschleifen sowie dem Spannen bilden sie die gesamte Prozesskette ab.","robots":{"index":"index","follow":"follow","max-snippet":"max-snippet:-1","max-image-preview":"max-image-preview:large","max-video-preview":"max-video-preview:-1"},"canonical":"https:\/\/kellenberger.com\/de\/hardinge-gruppe\/","og_locale":"de_DE","og_type":"article","og_title":"Hardinge Gruppe - Kellenberger","og_description":".Die HARDINGE-Gruppe vereint international renommierte Hersteller von Dreh-, Fr\u00e4s- und Schleifmaschinen sowie f\u00fcr Spannl\u00f6sungen. In der Gruppe vereinen sich alle Technologien, die zu einem erfolgreichen Zerspanungsprozess geh\u00f6ren. Vom Drehen und Hartdrehen \u00fcber das Drehfr\u00e4sen und Fr\u00e4sen bis hin zum Innen-, Aussen- und Koordinatenschleifen sowie dem Spannen bilden sie die gesamte Prozesskette ab.","og_url":"https:\/\/kellenberger.com\/de\/hardinge-gruppe\/","og_site_name":"Kellenberger","article_modified_time":"2024-04-26T13:09:07+00:00","twitter_card":"summary_large_image","twitter_misc":{"Gesch\u00e4tzte Lesezeit":"2\u00a0Minuten"},"schema":{"@context":"https:\/\/schema.org","@graph":[{"@type":"WebPage","@id":"https:\/\/kellenberger.com\/de\/hardinge-gruppe\/","url":"https:\/\/kellenberger.com\/de\/hardinge-gruppe\/","name":"Hardinge Gruppe - Kellenberger","isPartOf":{"@id":"https:\/\/kellenberger.com\/de\/#website"},"datePublished":"2024-04-11T12:22:30+00:00","dateModified":"2024-04-26T13:09:07+00:00","description":".Die HARDINGE-Gruppe vereint international renommierte Hersteller von Dreh-, Fr\u00e4s- und Schleifmaschinen sowie f\u00fcr Spannl\u00f6sungen. In der Gruppe vereinen sich alle Technologien, die zu einem erfolgreichen Zerspanungsprozess geh\u00f6ren. Vom Drehen und Hartdrehen \u00fcber das Drehfr\u00e4sen und Fr\u00e4sen bis hin zum Innen-, Aussen- und Koordinatenschleifen sowie dem Spannen bilden sie die gesamte Prozesskette ab.","breadcrumb":{"@id":"https:\/\/kellenberger.com\/de\/hardinge-gruppe\/#breadcrumb"},"inLanguage":"de","potentialAction":[{"@type":"ReadAction","target":["https:\/\/kellenberger.com\/de\/hardinge-gruppe\/"]}]},{"@type":"BreadcrumbList","@id":"https:\/\/kellenberger.com\/de\/hardinge-gruppe\/#breadcrumb","itemListElement":[{"@type":"ListItem","position":1,"name":"Home","item":"https:\/\/kellenberger.com\/de\/"},{"@type":"ListItem","position":2,"name":"Hardinge Gruppe"}]},{"@type":"WebSite","@id":"https:\/\/kellenberger.com\/de\/#website","url":"https:\/\/kellenberger.com\/de\/","name":"Kellenberger","description":"Hersteller von multifunktionalen Pr\u00e4zisions-Drehmaschinen und Drehzentren.","publisher":{"@id":"https:\/\/kellenberger.com\/de\/#organization"},"potentialAction":[{"@type":"SearchAction","target":{"@type":"EntryPoint","urlTemplate":"https:\/\/kellenberger.com\/de\/?s={search_term_string}"},"query-input":{"@type":"PropertyValueSpecification","valueRequired":true,"valueName":"search_term_string"}}],"inLanguage":"de"},{"@type":"Organization","@id":"https:\/\/kellenberger.com\/de\/#organization","name":"Kellenberger Machines Holdings GmbH","url":"https:\/\/kellenberger.com\/de\/","logo":{"@type":"ImageObject","inLanguage":"de","@id":"https:\/\/kellenberger.com\/de\/#\/schema\/logo\/image\/","url":"https:\/\/kellenberger.com\/wp-content\/uploads\/2025\/03\/2024_Kellenberger_Logo_blue_rgb.svg","contentUrl":"https:\/\/kellenberger.com\/wp-content\/uploads\/2025\/03\/2024_Kellenberger_Logo_blue_rgb.svg","width":1520,"height":289,"caption":"Kellenberger Machines Holdings GmbH"},"image":{"@id":"https:\/\/kellenberger.com\/de\/#\/schema\/logo\/image\/"},"sameAs":["https:\/\/www.linkedin.com\/company\/hardinge-kellenberger-ag\/","https:\/\/www.youtube.com\/channel\/UC72tV-V11t_SHzd7Hk3NdkQ","https:\/\/www.instagram.com\/kellenberger_ag\/"]}]}},"_links":{"self":[{"href":"https:\/\/kellenberger.com\/de\/wp-json\/wp\/v2\/pages\/8589","targetHints":{"allow":["GET"]}}],"collection":[{"href":"https:\/\/kellenberger.com\/de\/wp-json\/wp\/v2\/pages"}],"about":[{"href":"https:\/\/kellenberger.com\/de\/wp-json\/wp\/v2\/types\/page"}],"author":[{"embeddable":true,"href":"https:\/\/kellenberger.com\/de\/wp-json\/wp\/v2\/users\/23"}],"replies":[{"embeddable":true,"href":"https:\/\/kellenberger.com\/de\/wp-json\/wp\/v2\/comments?post=8589"}],"version-history":[{"count":12,"href":"https:\/\/kellenberger.com\/de\/wp-json\/wp\/v2\/pages\/8589\/revisions"}],"predecessor-version":[{"id":10171,"href":"https:\/\/kellenberger.com\/de\/wp-json\/wp\/v2\/pages\/8589\/revisions\/10171"}],"wp:attachment":[{"href":"https:\/\/kellenberger.com\/de\/wp-json\/wp\/v2\/media?parent=8589"}],"curies":[{"name":"wp","href":"https:\/\/api.w.org\/{rel}","templated":true}]}}