{"id":400,"date":"2021-07-23T15:02:28","date_gmt":"2021-07-23T15:02:28","guid":{"rendered":"https:\/\/kellenberger.com\/?page_id=400"},"modified":"2026-02-17T13:11:24","modified_gmt":"2026-02-17T12:11:24","slug":"impressum","status":"publish","type":"page","link":"https:\/\/kellenberger.com\/de\/impressum\/","title":{"rendered":"Impressum"},"content":{"rendered":"[vc_row type=&#8220;in_container&#8220; full_screen_row_position=&#8220;middle&#8220; column_margin=&#8220;default&#8220; column_direction=&#8220;default&#8220; column_direction_tablet=&#8220;default&#8220; column_direction_phone=&#8220;default&#8220; scene_position=&#8220;center&#8220; top_margin=&#8220;3%&#8220; bottom_margin=&#8220;5%&#8220; bottom_margin_tablet=&#8220;60&#8243; text_color=&#8220;dark&#8220; text_align=&#8220;left&#8220; row_border_radius=&#8220;none&#8220; row_border_radius_applies=&#8220;bg&#8220; overflow=&#8220;visible&#8220; overlay_strength=&#8220;0.3&#8243; gradient_direction=&#8220;left_to_right&#8220; shape_divider_position=&#8220;bottom&#8220; bg_image_animation=&#8220;none&#8220; shape_type=&#8220;&#8220;][vc_column column_padding=&#8220;no-extra-padding&#8220; column_padding_tablet=&#8220;inherit&#8220; column_padding_phone=&#8220;inherit&#8220; column_padding_position=&#8220;all&#8220; top_margin=&#8220;2%&#8220; column_element_direction_desktop=&#8220;default&#8220; column_element_spacing=&#8220;default&#8220; desktop_text_alignment=&#8220;default&#8220; tablet_text_alignment=&#8220;default&#8220; phone_text_alignment=&#8220;default&#8220; background_color_opacity=&#8220;1&#8243; background_hover_color_opacity=&#8220;1&#8243; column_backdrop_filter=&#8220;none&#8220; column_shadow=&#8220;none&#8220; column_border_radius=&#8220;none&#8220; column_link_target=&#8220;_self&#8220; column_position=&#8220;default&#8220; gradient_direction=&#8220;left_to_right&#8220; overlay_strength=&#8220;0.3&#8243; width=&#8220;1\/1&#8243; tablet_width_inherit=&#8220;default&#8220; animation_type=&#8220;default&#8220; bg_image_animation=&#8220;none&#8220; border_type=&#8220;simple&#8220; column_border_width=&#8220;none&#8220; column_border_style=&#8220;solid&#8220;][vc_custom_heading text=&#8220;Impressum&#8220; font_container=&#8220;tag:h1|text_align:left&#8220; use_theme_fonts=&#8220;yes&#8220;][vc_column_text css=&#8220;.vc_custom_1765295880116{padding-top: 5% !important;padding-right: 2% !important;padding-bottom: 2% !important;}&#8220; text_direction=&#8220;default&#8220;]\n<div class=\"csc-header csc-header-n1\">\n<p class=\"csc-firstHeader\"><strong>Kellenberger Machines Holdings GmbH<\/strong><br \/>\nThann\u00e4ckerstrasse 22<br \/>\n9403 Goldach<br \/>\nSchweiz<\/p>\n<\/div>\n<p>Telefon: +41 71 242 91 11<br \/>\nTelefax: +41 71 242 92 22<br \/>\n<a href=\"mailto:info@kellenberger.net\">info@kellenberger.net<\/a><br \/>\n<a href=\"https:\/\/kellenberger.com\">www.kellenberger.com<\/a><\/p>\n<p class=\"bodytext\"><strong>Handelsregistereintrag<\/strong><br \/>\nHandelsregisteramt des Kantons St. Gallen (Schweiz)<br \/>\nRechtssitz der Firma: Goldach (Schweiz)<br \/>\nRechtsform: Aktiengesellschaft<br \/>\nUID: <span data-teams=\"true\">CHE-114.310.080<\/span><\/p>\n<p class=\"bodytext\">Mehrwertsteuernummer:<br \/>\nKellenberger Machines Holdings GmbH: CHE-114.310.080<\/p>\n<p class=\"bodytext\"><b>CEO: <\/b>Carsten Liske<br \/>\n<b>Vertretungsberechtigte Personen:<\/b> Carsten Liske (CEO), Norbert Finger (CFO) und J\u00f6rg Schmauder (CSO)<br \/>\n<b>Verantwortlich f\u00fcr den Inhalt:<\/b><br \/>\nRebecca Schuler (Director Marketing &amp; Communication)<br \/>\nThann\u00e4ckerstrasse 22<br \/>\n9004 Goldach<br \/>\nSchweiz<\/p>\n<p><b>Verantwortlich f\u00fcr die Webseite:<\/b><br \/>\nRebecca Schuler (Director Marketing &amp; Communication)<br \/>\nThann\u00e4ckerstrasse 22<br \/>\n9004 Goldach<br \/>\nSchweiz<\/p>\n<div class=\"vc_tta-panel-heading\">\n<p class=\"vc_tta-panel-title vc_tta-controls-icon-position-left\"><span class=\"vc_tta-title-text\"><strong>Haftung f\u00fcr Links<\/strong><br \/>\nInhalte fremder Webseiten, auf die wir in unserem Webauftritt direkt oder indirekt verweisen (durch \u201cHyperlinks\u201d oder \u201cDeeplinks\u201d), liegen ausserhalb unseres Verantwortungsbereichs und machen wir uns nicht zu eigen. Wir k\u00f6nnen jedoch erkl\u00e4ren, dass zum Zeitpunkt der Linksetzung keine illegalen Inhalte auf den verlinkten Webseiten erkennbar waren. Auf die aktuelle und zuk\u00fcnftige Gestaltung, die Inhalte oder die Urheberschaft der verlinkten Webseiten haben wir keinerlei Einfluss. Deshalb distanzieren wir uns ausdr\u00fccklich von allen Inhalten aller verlinkten Webseiten, die nach der Linksetzung ver\u00e4ndert wurden. Diese Feststellung gilt f\u00fcr alle innerhalb des eigenen Webauftritts gesetzten Links und Verweise. F\u00fcr illegale, fehlerhafte oder unvollst\u00e4ndige Inhalte und insbesondere f\u00fcr Sch\u00e4den, die aus der Nutzung der in den verlinkten Webseiten aufrufbaren Informationen entstehen, haftet allein der Anbieter der Seite, auf welche verwiesen wurde. Erhalten wir von illegalen, rechtswidrigen oder fehlerhaften Inhalten auf Webseiten, auf die wir verlinken, Kenntnis, werden wir die Verlinkung aufheben.<\/span><\/p>\n<\/div>\n<div class=\"vc_tta-panel-body\">\n<div class=\"wpb_text_column wpb_content_element\">\n<div class=\"wpb_wrapper\">\n<p style=\"text-align: center\">Copyright Kellenberger Machines Holdings GmbH. Alle Rechte vorbehalten.<br \/>\nStruktur und Inhalte der Website sind urheberrechtlich gesch\u00fctzt.<br \/>\nEine Vervielf\u00e4ltigung oder Verwendung von Texten, Bildern, Videos und<br \/>\nAnimationen ist nicht gestattet.<\/p>\n<p><strong>Kontakt:<br \/>\n<\/strong><strong>Kellenberger Machines Holdings GmbH<br \/>\n<\/strong>Thann\u00e4ckerstrasse 22<br \/>\n9403 Goldach<br \/>\nSchweiz<\/p>\n<p>Telefon: +41 71 242 91 11<br \/>\nTelefax: +41 71 242 92 22<br \/>\n<a href=\"mailto:info@kellenberger.net\">info@kellenberger.net<\/a><\/p>\n<\/div>\n<\/div>\n<\/div>\n[\/vc_column_text][\/vc_column][\/vc_row][vc_row type=&#8220;in_container&#8220; full_screen_row_position=&#8220;middle&#8220; column_margin=&#8220;default&#8220; column_direction=&#8220;default&#8220; column_direction_tablet=&#8220;default&#8220; column_direction_phone=&#8220;default&#8220; scene_position=&#8220;center&#8220; text_color=&#8220;dark&#8220; text_align=&#8220;left&#8220; row_border_radius=&#8220;none&#8220; row_border_radius_applies=&#8220;bg&#8220; overflow=&#8220;visible&#8220; overlay_strength=&#8220;0.3&#8243; gradient_direction=&#8220;left_to_right&#8220; shape_divider_position=&#8220;bottom&#8220; bg_image_animation=&#8220;none&#8220;][vc_column column_padding=&#8220;no-extra-padding&#8220; column_padding_tablet=&#8220;inherit&#8220; column_padding_phone=&#8220;inherit&#8220; column_padding_position=&#8220;all&#8220; column_element_direction_desktop=&#8220;default&#8220; column_element_spacing=&#8220;default&#8220; desktop_text_alignment=&#8220;default&#8220; tablet_text_alignment=&#8220;default&#8220; phone_text_alignment=&#8220;default&#8220; background_color_opacity=&#8220;1&#8243; background_hover_color_opacity=&#8220;1&#8243; column_backdrop_filter=&#8220;none&#8220; column_shadow=&#8220;none&#8220; column_border_radius=&#8220;none&#8220; column_link_target=&#8220;_self&#8220; column_position=&#8220;default&#8220; gradient_direction=&#8220;left_to_right&#8220; overlay_strength=&#8220;0.3&#8243; width=&#8220;1\/1&#8243; tablet_width_inherit=&#8220;default&#8220; animation_type=&#8220;default&#8220; bg_image_animation=&#8220;none&#8220; border_type=&#8220;simple&#8220; column_border_width=&#8220;none&#8220; column_border_style=&#8220;solid&#8220;][divider line_type=&#8220;No Line&#8220;][\/vc_column][\/vc_row]\n","protected":false},"excerpt":{"rendered":"<p>[vc_row type=&#8220;in_container&#8220; full_screen_row_position=&#8220;middle&#8220; column_margin=&#8220;default&#8220; column_direction=&#8220;default&#8220; column_direction_tablet=&#8220;default&#8220; column_direction_phone=&#8220;default&#8220; scene_position=&#8220;center&#8220; top_margin=&#8220;3%&#8220; bottom_margin=&#8220;5%&#8220; bottom_margin_tablet=&#8220;60&#8243; text_color=&#8220;dark&#8220; text_align=&#8220;left&#8220; row_border_radius=&#8220;none&#8220; row_border_radius_applies=&#8220;bg&#8220; overflow=&#8220;visible&#8220; overlay_strength=&#8220;0.3&#8243; gradient_direction=&#8220;left_to_right&#8220; shape_divider_position=&#8220;bottom&#8220; bg_image_animation=&#8220;none&#8220; shape_type=&#8220;&#8220;][vc_column column_padding=&#8220;no-extra-padding&#8220; column_padding_tablet=&#8220;inherit&#8220; column_padding_phone=&#8220;inherit&#8220; column_padding_position=&#8220;all&#8220; top_margin=&#8220;2%&#8220; column_element_direction_desktop=&#8220;default&#8220; column_element_spacing=&#8220;default&#8220; desktop_text_alignment=&#8220;default&#8220; tablet_text_alignment=&#8220;default&#8220;&#8230;<\/p>\n","protected":false},"author":1,"featured_media":0,"parent":0,"menu_order":0,"comment_status":"closed","ping_status":"closed","template":"","meta":{"inline_featured_image":false,"footnotes":""},"class_list":["post-400","page","type-page","status-publish"],"yoast_head":"<!-- This site is optimized with the Yoast SEO plugin v26.9 - https:\/\/yoast.com\/product\/yoast-seo-wordpress\/ -->\n<title>Impressum - Kellenberger<\/title>\n<meta name=\"description\" content=\"Impressum der KELLENBERGER Gruppe mit Angaben zu Unternehmen, Kontakt, Verantwortlichkeiten und rechtlichen Hinweisen gem\u00e4\u00df geltenden gesetzlichen Anforderungen.\" \/>\n<meta name=\"robots\" content=\"index, follow, max-snippet:-1, max-image-preview:large, max-video-preview:-1\" \/>\n<link rel=\"canonical\" href=\"https:\/\/kellenberger.com\/de\/impressum\/\" \/>\n<meta property=\"og:locale\" content=\"de_DE\" \/>\n<meta property=\"og:type\" content=\"article\" \/>\n<meta property=\"og:title\" content=\"Impressum - Kellenberger\" \/>\n<meta property=\"og:description\" content=\"Impressum der KELLENBERGER Gruppe mit Angaben zu Unternehmen, Kontakt, Verantwortlichkeiten und rechtlichen Hinweisen gem\u00e4\u00df geltenden gesetzlichen Anforderungen.\" \/>\n<meta property=\"og:url\" content=\"https:\/\/kellenberger.com\/de\/impressum\/\" \/>\n<meta property=\"og:site_name\" content=\"Kellenberger\" \/>\n<meta property=\"article:modified_time\" content=\"2026-02-17T12:11:24+00:00\" \/>\n<meta name=\"twitter:card\" content=\"summary_large_image\" \/>\n<meta name=\"twitter:label1\" content=\"Gesch\u00e4tzte Lesezeit\" \/>\n\t<meta name=\"twitter:data1\" content=\"2\u00a0Minuten\" \/>\n<script type=\"application\/ld+json\" class=\"yoast-schema-graph\">{\"@context\":\"https:\/\/schema.org\",\"@graph\":[{\"@type\":\"WebPage\",\"@id\":\"https:\/\/kellenberger.com\/de\/impressum\/\",\"url\":\"https:\/\/kellenberger.com\/de\/impressum\/\",\"name\":\"Impressum - Kellenberger\",\"isPartOf\":{\"@id\":\"https:\/\/kellenberger.com\/de\/#website\"},\"datePublished\":\"2021-07-23T15:02:28+00:00\",\"dateModified\":\"2026-02-17T12:11:24+00:00\",\"description\":\"Impressum der KELLENBERGER Gruppe mit Angaben zu Unternehmen, Kontakt, Verantwortlichkeiten und rechtlichen Hinweisen gem\u00e4\u00df geltenden gesetzlichen Anforderungen.\",\"breadcrumb\":{\"@id\":\"https:\/\/kellenberger.com\/de\/impressum\/#breadcrumb\"},\"inLanguage\":\"de\",\"potentialAction\":[{\"@type\":\"ReadAction\",\"target\":[\"https:\/\/kellenberger.com\/de\/impressum\/\"]}]},{\"@type\":\"BreadcrumbList\",\"@id\":\"https:\/\/kellenberger.com\/de\/impressum\/#breadcrumb\",\"itemListElement\":[{\"@type\":\"ListItem\",\"position\":1,\"name\":\"Home\",\"item\":\"https:\/\/kellenberger.com\/de\/\"},{\"@type\":\"ListItem\",\"position\":2,\"name\":\"Impressum\"}]},{\"@type\":\"WebSite\",\"@id\":\"https:\/\/kellenberger.com\/de\/#website\",\"url\":\"https:\/\/kellenberger.com\/de\/\",\"name\":\"Kellenberger\",\"description\":\"Hersteller von multifunktionalen Pr\u00e4zisions-Drehmaschinen und Drehzentren.\",\"publisher\":{\"@id\":\"https:\/\/kellenberger.com\/de\/#organization\"},\"potentialAction\":[{\"@type\":\"SearchAction\",\"target\":{\"@type\":\"EntryPoint\",\"urlTemplate\":\"https:\/\/kellenberger.com\/de\/?s={search_term_string}\"},\"query-input\":{\"@type\":\"PropertyValueSpecification\",\"valueRequired\":true,\"valueName\":\"search_term_string\"}}],\"inLanguage\":\"de\"},{\"@type\":\"Organization\",\"@id\":\"https:\/\/kellenberger.com\/de\/#organization\",\"name\":\"Kellenberger Machines Holdings GmbH\",\"url\":\"https:\/\/kellenberger.com\/de\/\",\"logo\":{\"@type\":\"ImageObject\",\"inLanguage\":\"de\",\"@id\":\"https:\/\/kellenberger.com\/de\/#\/schema\/logo\/image\/\",\"url\":\"https:\/\/kellenberger.com\/wp-content\/uploads\/2025\/03\/2024_Kellenberger_Logo_blue_rgb.svg\",\"contentUrl\":\"https:\/\/kellenberger.com\/wp-content\/uploads\/2025\/03\/2024_Kellenberger_Logo_blue_rgb.svg\",\"width\":1520,\"height\":289,\"caption\":\"Kellenberger Machines Holdings GmbH\"},\"image\":{\"@id\":\"https:\/\/kellenberger.com\/de\/#\/schema\/logo\/image\/\"},\"sameAs\":[\"https:\/\/www.linkedin.com\/company\/hardinge-kellenberger-ag\/\",\"https:\/\/www.youtube.com\/channel\/UC72tV-V11t_SHzd7Hk3NdkQ\",\"https:\/\/www.instagram.com\/kellenberger_ag\/\"]}]}<\/script>\n<!-- \/ Yoast SEO plugin. -->","yoast_head_json":{"title":"Impressum - Kellenberger","description":"Impressum der KELLENBERGER Gruppe mit Angaben zu Unternehmen, Kontakt, Verantwortlichkeiten und rechtlichen Hinweisen gem\u00e4\u00df geltenden gesetzlichen Anforderungen.","robots":{"index":"index","follow":"follow","max-snippet":"max-snippet:-1","max-image-preview":"max-image-preview:large","max-video-preview":"max-video-preview:-1"},"canonical":"https:\/\/kellenberger.com\/de\/impressum\/","og_locale":"de_DE","og_type":"article","og_title":"Impressum - Kellenberger","og_description":"Impressum der KELLENBERGER Gruppe mit Angaben zu Unternehmen, Kontakt, Verantwortlichkeiten und rechtlichen Hinweisen gem\u00e4\u00df geltenden gesetzlichen Anforderungen.","og_url":"https:\/\/kellenberger.com\/de\/impressum\/","og_site_name":"Kellenberger","article_modified_time":"2026-02-17T12:11:24+00:00","twitter_card":"summary_large_image","twitter_misc":{"Gesch\u00e4tzte Lesezeit":"2\u00a0Minuten"},"schema":{"@context":"https:\/\/schema.org","@graph":[{"@type":"WebPage","@id":"https:\/\/kellenberger.com\/de\/impressum\/","url":"https:\/\/kellenberger.com\/de\/impressum\/","name":"Impressum - Kellenberger","isPartOf":{"@id":"https:\/\/kellenberger.com\/de\/#website"},"datePublished":"2021-07-23T15:02:28+00:00","dateModified":"2026-02-17T12:11:24+00:00","description":"Impressum der KELLENBERGER Gruppe mit Angaben zu Unternehmen, Kontakt, Verantwortlichkeiten und rechtlichen Hinweisen gem\u00e4\u00df geltenden gesetzlichen Anforderungen.","breadcrumb":{"@id":"https:\/\/kellenberger.com\/de\/impressum\/#breadcrumb"},"inLanguage":"de","potentialAction":[{"@type":"ReadAction","target":["https:\/\/kellenberger.com\/de\/impressum\/"]}]},{"@type":"BreadcrumbList","@id":"https:\/\/kellenberger.com\/de\/impressum\/#breadcrumb","itemListElement":[{"@type":"ListItem","position":1,"name":"Home","item":"https:\/\/kellenberger.com\/de\/"},{"@type":"ListItem","position":2,"name":"Impressum"}]},{"@type":"WebSite","@id":"https:\/\/kellenberger.com\/de\/#website","url":"https:\/\/kellenberger.com\/de\/","name":"Kellenberger","description":"Hersteller von multifunktionalen Pr\u00e4zisions-Drehmaschinen und Drehzentren.","publisher":{"@id":"https:\/\/kellenberger.com\/de\/#organization"},"potentialAction":[{"@type":"SearchAction","target":{"@type":"EntryPoint","urlTemplate":"https:\/\/kellenberger.com\/de\/?s={search_term_string}"},"query-input":{"@type":"PropertyValueSpecification","valueRequired":true,"valueName":"search_term_string"}}],"inLanguage":"de"},{"@type":"Organization","@id":"https:\/\/kellenberger.com\/de\/#organization","name":"Kellenberger Machines Holdings GmbH","url":"https:\/\/kellenberger.com\/de\/","logo":{"@type":"ImageObject","inLanguage":"de","@id":"https:\/\/kellenberger.com\/de\/#\/schema\/logo\/image\/","url":"https:\/\/kellenberger.com\/wp-content\/uploads\/2025\/03\/2024_Kellenberger_Logo_blue_rgb.svg","contentUrl":"https:\/\/kellenberger.com\/wp-content\/uploads\/2025\/03\/2024_Kellenberger_Logo_blue_rgb.svg","width":1520,"height":289,"caption":"Kellenberger Machines Holdings GmbH"},"image":{"@id":"https:\/\/kellenberger.com\/de\/#\/schema\/logo\/image\/"},"sameAs":["https:\/\/www.linkedin.com\/company\/hardinge-kellenberger-ag\/","https:\/\/www.youtube.com\/channel\/UC72tV-V11t_SHzd7Hk3NdkQ","https:\/\/www.instagram.com\/kellenberger_ag\/"]}]}},"_links":{"self":[{"href":"https:\/\/kellenberger.com\/de\/wp-json\/wp\/v2\/pages\/400","targetHints":{"allow":["GET"]}}],"collection":[{"href":"https:\/\/kellenberger.com\/de\/wp-json\/wp\/v2\/pages"}],"about":[{"href":"https:\/\/kellenberger.com\/de\/wp-json\/wp\/v2\/types\/page"}],"author":[{"embeddable":true,"href":"https:\/\/kellenberger.com\/de\/wp-json\/wp\/v2\/users\/1"}],"replies":[{"embeddable":true,"href":"https:\/\/kellenberger.com\/de\/wp-json\/wp\/v2\/comments?post=400"}],"version-history":[{"count":37,"href":"https:\/\/kellenberger.com\/de\/wp-json\/wp\/v2\/pages\/400\/revisions"}],"predecessor-version":[{"id":22385,"href":"https:\/\/kellenberger.com\/de\/wp-json\/wp\/v2\/pages\/400\/revisions\/22385"}],"wp:attachment":[{"href":"https:\/\/kellenberger.com\/de\/wp-json\/wp\/v2\/media?parent=400"}],"curies":[{"name":"wp","href":"https:\/\/api.w.org\/{rel}","templated":true}]}}