{"id":21709,"date":"2025-12-02T13:40:27","date_gmt":"2025-12-02T12:40:27","guid":{"rendered":"https:\/\/kellenberger.com\/?page_id=21709"},"modified":"2026-03-02T11:44:48","modified_gmt":"2026-03-02T10:44:48","slug":"werkzeugschleifen","status":"publish","type":"page","link":"https:\/\/kellenberger.com\/de\/industrien\/werkzeugschleifen\/","title":{"rendered":"Werkzeugschleifen"},"content":{"rendered":"[vc_row type=&#8220;in_container&#8220; full_screen_row_position=&#8220;middle&#8220; column_margin=&#8220;default&#8220; column_direction=&#8220;default&#8220; column_direction_tablet=&#8220;default&#8220; column_direction_phone=&#8220;default&#8220; scene_position=&#8220;center&#8220; top_margin=&#8220;3%&#8220; bottom_margin=&#8220;5%&#8220; bottom_margin_tablet=&#8220;60&#8243; text_color=&#8220;dark&#8220; text_align=&#8220;left&#8220; row_border_radius=&#8220;none&#8220; row_border_radius_applies=&#8220;bg&#8220; overflow=&#8220;visible&#8220; overlay_strength=&#8220;0.3&#8243; gradient_direction=&#8220;left_to_right&#8220; shape_divider_position=&#8220;bottom&#8220; bg_image_animation=&#8220;none&#8220; shape_type=&#8220;&#8220; gradient_type=&#8220;default&#8220;][vc_column column_padding=&#8220;no-extra-padding&#8220; column_padding_tablet=&#8220;inherit&#8220; column_padding_phone=&#8220;inherit&#8220; column_padding_position=&#8220;all&#8220; top_margin=&#8220;2%&#8220; column_element_direction_desktop=&#8220;default&#8220; column_element_spacing=&#8220;default&#8220; desktop_text_alignment=&#8220;default&#8220; tablet_text_alignment=&#8220;default&#8220; phone_text_alignment=&#8220;default&#8220; background_color_opacity=&#8220;1&#8243; background_hover_color_opacity=&#8220;1&#8243; column_backdrop_filter=&#8220;none&#8220; column_shadow=&#8220;none&#8220; column_border_radius=&#8220;none&#8220; column_link_target=&#8220;_self&#8220; column_position=&#8220;default&#8220; gradient_direction=&#8220;left_to_right&#8220; overlay_strength=&#8220;0.3&#8243; width=&#8220;1\/2&#8243; tablet_width_inherit=&#8220;default&#8220; animation_type=&#8220;default&#8220; bg_image_animation=&#8220;none&#8220; border_type=&#8220;simple&#8220; column_border_width=&#8220;none&#8220; column_border_style=&#8220;solid&#8220;][vc_custom_heading text=&#8220;Werkzeugschleifen&#8220; font_container=&#8220;tag:h1|text_align:left&#8220; use_theme_fonts=&#8220;yes&#8220; css=&#8220;&#8220;][vc_column_text css=&#8220;.vc_custom_1771399770864{padding-top: 5% !important;padding-right: 2% !important;padding-bottom: 2% !important;}&#8220; text_direction=&#8220;default&#8220;]Das Kellenberger Maschinenprogramm bietet eine Vielzahl an herausragenden L\u00f6sungen im Schleifen, Drehen und Fr\u00e4sen f\u00fcr alle Branchen, in denen H\u00f6chste Pr\u00e4zision und Flexibilit\u00e4t eine Rolle spielen. Unsere Baureihen reichen von Universal-Schleifmaschinen f\u00fcr komplexe Bearbeitungen bis zu spezialisierten Sonderapplikationen. Damit bieten wir f\u00fcr alle, auch die anspruchsvollsten Industriebranchen die richtigen L\u00f6sungen.<\/p>\n<p>Vielf\u00e4ltigste Konfigurationsm\u00f6glichkeiten f\u00fcr die unterschiedlichsten Schleifoperationen in allen Branchen zeichnen die KELLENBERGER K-Baureihe aus. Die<strong> <a href=\"#\" class=\"mtm-product-popup-link\" data-machine-id=\"K100\">KELLENBERGER K100<\/a><\/strong> und <strong><a href=\"#\" class=\"mtm-product-popup-link\" data-machine-id=\"K1000\">KELLENBERGER K1000<\/a><\/strong> wurden f\u00fcr die hohen Anforderungen der Pr\u00e4zisionsfertigung von Prototypen sowie Klein- und Mittelserien, z.B. im Maschinenbau, im Werkzeug- und Formenbau, der Elektroindustrie und der Flugzeugindustrie entwickelt.[\/vc_column_text][\/vc_column][vc_column column_padding=&#8220;no-extra-padding&#8220; column_padding_tablet=&#8220;inherit&#8220; column_padding_phone=&#8220;inherit&#8220; column_padding_position=&#8220;all&#8220; column_element_direction_desktop=&#8220;default&#8220; column_element_spacing=&#8220;default&#8220; desktop_text_alignment=&#8220;default&#8220; tablet_text_alignment=&#8220;default&#8220; phone_text_alignment=&#8220;default&#8220; background_color_opacity=&#8220;1&#8243; background_hover_color_opacity=&#8220;1&#8243; column_backdrop_filter=&#8220;none&#8220; column_shadow=&#8220;none&#8220; column_border_radius=&#8220;none&#8220; column_link_target=&#8220;_self&#8220; column_position=&#8220;default&#8220; gradient_direction=&#8220;left_to_right&#8220; overlay_strength=&#8220;0.3&#8243; width=&#8220;1\/2&#8243; tablet_width_inherit=&#8220;default&#8220; animation_type=&#8220;default&#8220; bg_image_animation=&#8220;none&#8220; border_type=&#8220;simple&#8220; column_border_width=&#8220;none&#8220; column_border_style=&#8220;solid&#8220;][carousel script=&#8220;flickity&#8220; flickity_formatting=&#8220;default&#8220; desktop_cols_flickity=&#8220;1&#8243; desktop_small_cols_flickity=&#8220;1&#8243; tablet_cols_flickity=&#8220;1&#8243; phone_cols_flickity=&#8220;1&#8243; flickity_controls=&#8220;default&#8220; color=&#8220;default&#8220; flickity_overflow=&#8220;hidden&#8220; flickity_wrap_around=&#8220;wrap&#8220; pagination_alignment_flickity=&#8220;default&#8220; flickity_spacing=&#8220;default&#8220; flickity_column_vertical_alignment=&#8220;default&#8220; column_padding=&#8220;0&#8243; flickity_element_spacing=&#8220;default&#8220; border_radius=&#8220;none&#8220;][item simple_slider_bg_image_position=&#8220;default&#8220; simple_slider_overlay_strength=&#8220;0.3&#8243; simple_slider_bg_image_loading=&#8220;default&#8220; id=&#8220;1771399752250-9&#8243; tab_id=&#8220;1771399752250-9&#8243; title=&#8220;Anzahl&#8220;][image_with_animation image_url=&#8220;21834&#8243; image_size=&#8220;full&#8220; max_width=&#8220;100%&#8220; max_width_mobile=&#8220;default&#8220; animation_type=&#8220;entrance&#8220; animation=&#8220;None&#8220; animation_movement_type=&#8220;transform_y&#8220; hover_animation=&#8220;none&#8220; alignment=&#8220;&#8220; border_radius=&#8220;none&#8220; box_shadow=&#8220;none&#8220; image_loading=&#8220;default&#8220;][vc_column_text] [\/vc_column_text][\/item][item simple_slider_bg_image_position=&#8220;default&#8220; simple_slider_overlay_strength=&#8220;0.3&#8243; simple_slider_bg_image_loading=&#8220;default&#8220; id=&#8220;1771399752287-0&#8243; tab_id=&#8220;1771399752287-3&#8243; title=&#8220;Anzahl&#8220;][image_with_animation image_url=&#8220;21838&#8243; image_size=&#8220;full&#8220; max_width=&#8220;100%&#8220; max_width_mobile=&#8220;default&#8220; animation_type=&#8220;entrance&#8220; animation=&#8220;None&#8220; animation_movement_type=&#8220;transform_y&#8220; hover_animation=&#8220;none&#8220; alignment=&#8220;&#8220; border_radius=&#8220;none&#8220; box_shadow=&#8220;none&#8220; image_loading=&#8220;default&#8220;][vc_column_text] [\/vc_column_text][\/item][item simple_slider_bg_image_position=&#8220;default&#8220; simple_slider_overlay_strength=&#8220;0.3&#8243; simple_slider_bg_image_loading=&#8220;default&#8220; id=&#8220;1771399752304-0&#8243; tab_id=&#8220;1771399752305-1&#8243; title=&#8220;Anzahl&#8220;][image_with_animation image_url=&#8220;21842&#8243; image_size=&#8220;full&#8220; max_width=&#8220;100%&#8220; max_width_mobile=&#8220;default&#8220; animation_type=&#8220;entrance&#8220; animation=&#8220;None&#8220; animation_movement_type=&#8220;transform_y&#8220; hover_animation=&#8220;none&#8220; alignment=&#8220;&#8220; border_radius=&#8220;none&#8220; box_shadow=&#8220;none&#8220; image_loading=&#8220;default&#8220;][vc_column_text] [\/vc_column_text][\/item][\/carousel][\/vc_column][\/vc_row][vc_row type=&#8220;in_container&#8220; full_screen_row_position=&#8220;middle&#8220; column_margin=&#8220;default&#8220; column_direction=&#8220;default&#8220; column_direction_tablet=&#8220;default&#8220; column_direction_phone=&#8220;default&#8220; scene_position=&#8220;center&#8220; text_color=&#8220;dark&#8220; text_align=&#8220;left&#8220; row_border_radius=&#8220;none&#8220; row_border_radius_applies=&#8220;bg&#8220; overflow=&#8220;visible&#8220; overlay_strength=&#8220;0.3&#8243; gradient_direction=&#8220;left_to_right&#8220; shape_divider_position=&#8220;bottom&#8220; bg_image_animation=&#8220;none&#8220;][vc_column column_padding=&#8220;no-extra-padding&#8220; column_padding_tablet=&#8220;inherit&#8220; column_padding_phone=&#8220;inherit&#8220; column_padding_position=&#8220;all&#8220; column_element_direction_desktop=&#8220;default&#8220; column_element_spacing=&#8220;default&#8220; desktop_text_alignment=&#8220;default&#8220; tablet_text_alignment=&#8220;default&#8220; phone_text_alignment=&#8220;default&#8220; background_color_opacity=&#8220;1&#8243; background_hover_color_opacity=&#8220;1&#8243; column_backdrop_filter=&#8220;none&#8220; column_shadow=&#8220;none&#8220; column_border_radius=&#8220;none&#8220; column_link_target=&#8220;_self&#8220; column_position=&#8220;default&#8220; gradient_direction=&#8220;left_to_right&#8220; overlay_strength=&#8220;0.3&#8243; width=&#8220;1\/1&#8243; tablet_width_inherit=&#8220;default&#8220; animation_type=&#8220;default&#8220; bg_image_animation=&#8220;none&#8220; border_type=&#8220;simple&#8220; column_border_width=&#8220;none&#8220; column_border_style=&#8220;solid&#8220;][divider line_type=&#8220;No Line&#8220;][\/vc_column][\/vc_row]\n","protected":false},"excerpt":{"rendered":"<p>[vc_row type=&#8220;in_container&#8220; full_screen_row_position=&#8220;middle&#8220; column_margin=&#8220;default&#8220; column_direction=&#8220;default&#8220; column_direction_tablet=&#8220;default&#8220; column_direction_phone=&#8220;default&#8220; scene_position=&#8220;center&#8220; top_margin=&#8220;3%&#8220; bottom_margin=&#8220;5%&#8220; bottom_margin_tablet=&#8220;60&#8243; text_color=&#8220;dark&#8220; text_align=&#8220;left&#8220; row_border_radius=&#8220;none&#8220; row_border_radius_applies=&#8220;bg&#8220; overflow=&#8220;visible&#8220; overlay_strength=&#8220;0.3&#8243; gradient_direction=&#8220;left_to_right&#8220; shape_divider_position=&#8220;bottom&#8220; bg_image_animation=&#8220;none&#8220; shape_type=&#8220;&#8220; gradient_type=&#8220;default&#8220;][vc_column column_padding=&#8220;no-extra-padding&#8220; column_padding_tablet=&#8220;inherit&#8220; column_padding_phone=&#8220;inherit&#8220; column_padding_position=&#8220;all&#8220; top_margin=&#8220;2%&#8220; column_element_direction_desktop=&#8220;default&#8220; column_element_spacing=&#8220;default&#8220; desktop_text_alignment=&#8220;default&#8220;&#8230;<\/p>\n","protected":false},"author":13,"featured_media":0,"parent":16131,"menu_order":0,"comment_status":"closed","ping_status":"closed","template":"","meta":{"inline_featured_image":false,"footnotes":""},"class_list":["post-21709","page","type-page","status-publish"],"yoast_head":"<!-- This site is optimized with the Yoast SEO plugin v26.9 - https:\/\/yoast.com\/product\/yoast-seo-wordpress\/ -->\n<title>Werkzeugschleifen - Kellenberger<\/title>\n<meta name=\"description\" content=\"KELLENBERGER bietet hochpr\u00e4zise Schleifl\u00f6sungen f\u00fcr das Werkzeugschleifen \u2013 ideal f\u00fcr komplexe Werkzeuggeometrien, hohe Formgenauigkeit und maximale Wiederholpr\u00e4zision. Entdecke Anwendungen und Technologien.\" \/>\n<meta name=\"robots\" content=\"index, follow, max-snippet:-1, max-image-preview:large, max-video-preview:-1\" \/>\n<link rel=\"canonical\" href=\"https:\/\/kellenberger.com\/de\/industrien\/werkzeugschleifen\/\" \/>\n<meta property=\"og:locale\" content=\"de_DE\" \/>\n<meta property=\"og:type\" content=\"article\" \/>\n<meta property=\"og:title\" content=\"Werkzeugschleifen - Kellenberger\" \/>\n<meta property=\"og:description\" content=\"KELLENBERGER bietet hochpr\u00e4zise Schleifl\u00f6sungen f\u00fcr das Werkzeugschleifen \u2013 ideal f\u00fcr komplexe Werkzeuggeometrien, hohe Formgenauigkeit und maximale Wiederholpr\u00e4zision. Entdecke Anwendungen und Technologien.\" \/>\n<meta property=\"og:url\" content=\"https:\/\/kellenberger.com\/de\/industrien\/werkzeugschleifen\/\" \/>\n<meta property=\"og:site_name\" content=\"Kellenberger\" \/>\n<meta property=\"article:modified_time\" content=\"2026-03-02T10:44:48+00:00\" \/>\n<meta name=\"twitter:card\" content=\"summary_large_image\" \/>\n<meta name=\"twitter:label1\" content=\"Gesch\u00e4tzte Lesezeit\" \/>\n\t<meta name=\"twitter:data1\" content=\"2\u00a0Minuten\" \/>\n<script type=\"application\/ld+json\" class=\"yoast-schema-graph\">{\"@context\":\"https:\/\/schema.org\",\"@graph\":[{\"@type\":\"WebPage\",\"@id\":\"https:\/\/kellenberger.com\/de\/industrien\/werkzeugschleifen\/\",\"url\":\"https:\/\/kellenberger.com\/de\/industrien\/werkzeugschleifen\/\",\"name\":\"Werkzeugschleifen - Kellenberger\",\"isPartOf\":{\"@id\":\"https:\/\/kellenberger.com\/de\/#website\"},\"datePublished\":\"2025-12-02T12:40:27+00:00\",\"dateModified\":\"2026-03-02T10:44:48+00:00\",\"description\":\"KELLENBERGER bietet hochpr\u00e4zise Schleifl\u00f6sungen f\u00fcr das Werkzeugschleifen \u2013 ideal f\u00fcr komplexe Werkzeuggeometrien, hohe Formgenauigkeit und maximale Wiederholpr\u00e4zision. Entdecke Anwendungen und Technologien.\",\"breadcrumb\":{\"@id\":\"https:\/\/kellenberger.com\/de\/industrien\/werkzeugschleifen\/#breadcrumb\"},\"inLanguage\":\"de\",\"potentialAction\":[{\"@type\":\"ReadAction\",\"target\":[\"https:\/\/kellenberger.com\/de\/industrien\/werkzeugschleifen\/\"]}]},{\"@type\":\"BreadcrumbList\",\"@id\":\"https:\/\/kellenberger.com\/de\/industrien\/werkzeugschleifen\/#breadcrumb\",\"itemListElement\":[{\"@type\":\"ListItem\",\"position\":1,\"name\":\"Home\",\"item\":\"https:\/\/kellenberger.com\/de\/\"},{\"@type\":\"ListItem\",\"position\":2,\"name\":\"Industrien\",\"item\":\"https:\/\/kellenberger.com\/de\/industrien\/\"},{\"@type\":\"ListItem\",\"position\":3,\"name\":\"Werkzeugschleifen\"}]},{\"@type\":\"WebSite\",\"@id\":\"https:\/\/kellenberger.com\/de\/#website\",\"url\":\"https:\/\/kellenberger.com\/de\/\",\"name\":\"Kellenberger\",\"description\":\"Hersteller von multifunktionalen Pr\u00e4zisions-Drehmaschinen und Drehzentren.\",\"publisher\":{\"@id\":\"https:\/\/kellenberger.com\/de\/#organization\"},\"potentialAction\":[{\"@type\":\"SearchAction\",\"target\":{\"@type\":\"EntryPoint\",\"urlTemplate\":\"https:\/\/kellenberger.com\/de\/?s={search_term_string}\"},\"query-input\":{\"@type\":\"PropertyValueSpecification\",\"valueRequired\":true,\"valueName\":\"search_term_string\"}}],\"inLanguage\":\"de\"},{\"@type\":\"Organization\",\"@id\":\"https:\/\/kellenberger.com\/de\/#organization\",\"name\":\"Kellenberger Machines Holdings GmbH\",\"url\":\"https:\/\/kellenberger.com\/de\/\",\"logo\":{\"@type\":\"ImageObject\",\"inLanguage\":\"de\",\"@id\":\"https:\/\/kellenberger.com\/de\/#\/schema\/logo\/image\/\",\"url\":\"https:\/\/kellenberger.com\/wp-content\/uploads\/2025\/03\/2024_Kellenberger_Logo_blue_rgb.svg\",\"contentUrl\":\"https:\/\/kellenberger.com\/wp-content\/uploads\/2025\/03\/2024_Kellenberger_Logo_blue_rgb.svg\",\"width\":1520,\"height\":289,\"caption\":\"Kellenberger Machines Holdings GmbH\"},\"image\":{\"@id\":\"https:\/\/kellenberger.com\/de\/#\/schema\/logo\/image\/\"},\"sameAs\":[\"https:\/\/www.linkedin.com\/company\/hardinge-kellenberger-ag\/\",\"https:\/\/www.youtube.com\/channel\/UC72tV-V11t_SHzd7Hk3NdkQ\",\"https:\/\/www.instagram.com\/kellenberger_ag\/\"]}]}<\/script>\n<!-- \/ Yoast SEO plugin. -->","yoast_head_json":{"title":"Werkzeugschleifen - Kellenberger","description":"KELLENBERGER bietet hochpr\u00e4zise Schleifl\u00f6sungen f\u00fcr das Werkzeugschleifen \u2013 ideal f\u00fcr komplexe Werkzeuggeometrien, hohe Formgenauigkeit und maximale Wiederholpr\u00e4zision. Entdecke Anwendungen und Technologien.","robots":{"index":"index","follow":"follow","max-snippet":"max-snippet:-1","max-image-preview":"max-image-preview:large","max-video-preview":"max-video-preview:-1"},"canonical":"https:\/\/kellenberger.com\/de\/industrien\/werkzeugschleifen\/","og_locale":"de_DE","og_type":"article","og_title":"Werkzeugschleifen - Kellenberger","og_description":"KELLENBERGER bietet hochpr\u00e4zise Schleifl\u00f6sungen f\u00fcr das Werkzeugschleifen \u2013 ideal f\u00fcr komplexe Werkzeuggeometrien, hohe Formgenauigkeit und maximale Wiederholpr\u00e4zision. Entdecke Anwendungen und Technologien.","og_url":"https:\/\/kellenberger.com\/de\/industrien\/werkzeugschleifen\/","og_site_name":"Kellenberger","article_modified_time":"2026-03-02T10:44:48+00:00","twitter_card":"summary_large_image","twitter_misc":{"Gesch\u00e4tzte Lesezeit":"2\u00a0Minuten"},"schema":{"@context":"https:\/\/schema.org","@graph":[{"@type":"WebPage","@id":"https:\/\/kellenberger.com\/de\/industrien\/werkzeugschleifen\/","url":"https:\/\/kellenberger.com\/de\/industrien\/werkzeugschleifen\/","name":"Werkzeugschleifen - Kellenberger","isPartOf":{"@id":"https:\/\/kellenberger.com\/de\/#website"},"datePublished":"2025-12-02T12:40:27+00:00","dateModified":"2026-03-02T10:44:48+00:00","description":"KELLENBERGER bietet hochpr\u00e4zise Schleifl\u00f6sungen f\u00fcr das Werkzeugschleifen \u2013 ideal f\u00fcr komplexe Werkzeuggeometrien, hohe Formgenauigkeit und maximale Wiederholpr\u00e4zision. Entdecke Anwendungen und Technologien.","breadcrumb":{"@id":"https:\/\/kellenberger.com\/de\/industrien\/werkzeugschleifen\/#breadcrumb"},"inLanguage":"de","potentialAction":[{"@type":"ReadAction","target":["https:\/\/kellenberger.com\/de\/industrien\/werkzeugschleifen\/"]}]},{"@type":"BreadcrumbList","@id":"https:\/\/kellenberger.com\/de\/industrien\/werkzeugschleifen\/#breadcrumb","itemListElement":[{"@type":"ListItem","position":1,"name":"Home","item":"https:\/\/kellenberger.com\/de\/"},{"@type":"ListItem","position":2,"name":"Industrien","item":"https:\/\/kellenberger.com\/de\/industrien\/"},{"@type":"ListItem","position":3,"name":"Werkzeugschleifen"}]},{"@type":"WebSite","@id":"https:\/\/kellenberger.com\/de\/#website","url":"https:\/\/kellenberger.com\/de\/","name":"Kellenberger","description":"Hersteller von multifunktionalen Pr\u00e4zisions-Drehmaschinen und Drehzentren.","publisher":{"@id":"https:\/\/kellenberger.com\/de\/#organization"},"potentialAction":[{"@type":"SearchAction","target":{"@type":"EntryPoint","urlTemplate":"https:\/\/kellenberger.com\/de\/?s={search_term_string}"},"query-input":{"@type":"PropertyValueSpecification","valueRequired":true,"valueName":"search_term_string"}}],"inLanguage":"de"},{"@type":"Organization","@id":"https:\/\/kellenberger.com\/de\/#organization","name":"Kellenberger Machines Holdings GmbH","url":"https:\/\/kellenberger.com\/de\/","logo":{"@type":"ImageObject","inLanguage":"de","@id":"https:\/\/kellenberger.com\/de\/#\/schema\/logo\/image\/","url":"https:\/\/kellenberger.com\/wp-content\/uploads\/2025\/03\/2024_Kellenberger_Logo_blue_rgb.svg","contentUrl":"https:\/\/kellenberger.com\/wp-content\/uploads\/2025\/03\/2024_Kellenberger_Logo_blue_rgb.svg","width":1520,"height":289,"caption":"Kellenberger Machines Holdings GmbH"},"image":{"@id":"https:\/\/kellenberger.com\/de\/#\/schema\/logo\/image\/"},"sameAs":["https:\/\/www.linkedin.com\/company\/hardinge-kellenberger-ag\/","https:\/\/www.youtube.com\/channel\/UC72tV-V11t_SHzd7Hk3NdkQ","https:\/\/www.instagram.com\/kellenberger_ag\/"]}]}},"_links":{"self":[{"href":"https:\/\/kellenberger.com\/de\/wp-json\/wp\/v2\/pages\/21709","targetHints":{"allow":["GET"]}}],"collection":[{"href":"https:\/\/kellenberger.com\/de\/wp-json\/wp\/v2\/pages"}],"about":[{"href":"https:\/\/kellenberger.com\/de\/wp-json\/wp\/v2\/types\/page"}],"author":[{"embeddable":true,"href":"https:\/\/kellenberger.com\/de\/wp-json\/wp\/v2\/users\/13"}],"replies":[{"embeddable":true,"href":"https:\/\/kellenberger.com\/de\/wp-json\/wp\/v2\/comments?post=21709"}],"version-history":[{"count":6,"href":"https:\/\/kellenberger.com\/de\/wp-json\/wp\/v2\/pages\/21709\/revisions"}],"predecessor-version":[{"id":25964,"href":"https:\/\/kellenberger.com\/de\/wp-json\/wp\/v2\/pages\/21709\/revisions\/25964"}],"up":[{"embeddable":true,"href":"https:\/\/kellenberger.com\/de\/wp-json\/wp\/v2\/pages\/16131"}],"wp:attachment":[{"href":"https:\/\/kellenberger.com\/de\/wp-json\/wp\/v2\/media?parent=21709"}],"curies":[{"name":"wp","href":"https:\/\/api.w.org\/{rel}","templated":true}]}}