{"id":13583,"date":"2025-01-14T10:00:50","date_gmt":"2025-01-14T09:00:50","guid":{"rendered":"https:\/\/kellenberger.com\/?page_id=13583"},"modified":"2025-07-14T13:54:19","modified_gmt":"2025-07-14T11:54:19","slug":"id-od-software","status":"publish","type":"page","link":"https:\/\/kellenberger.com\/de\/id-od-software\/","title":{"rendered":"ID\/OD Software-Komponenten"},"content":{"rendered":"[vc_row type=&#8220;in_container&#8220; full_screen_row_position=&#8220;middle&#8220; column_margin=&#8220;default&#8220; column_direction=&#8220;default&#8220; column_direction_tablet=&#8220;default&#8220; column_direction_phone=&#8220;default&#8220; scene_position=&#8220;center&#8220; top_margin=&#8220;3%&#8220; bottom_margin=&#8220;5%&#8220; bottom_margin_tablet=&#8220;60&#8243; text_color=&#8220;dark&#8220; text_align=&#8220;left&#8220; row_border_radius=&#8220;none&#8220; row_border_radius_applies=&#8220;bg&#8220; overflow=&#8220;visible&#8220; overlay_strength=&#8220;0.3&#8243; gradient_direction=&#8220;left_to_right&#8220; shape_divider_position=&#8220;bottom&#8220; bg_image_animation=&#8220;none&#8220; shape_type=&#8220;&#8220; gradient_type=&#8220;default&#8220;][vc_column column_padding=&#8220;no-extra-padding&#8220; column_padding_tablet=&#8220;inherit&#8220; column_padding_phone=&#8220;inherit&#8220; column_padding_position=&#8220;all&#8220; top_margin=&#8220;2%&#8220; column_element_direction_desktop=&#8220;default&#8220; column_element_spacing=&#8220;default&#8220; desktop_text_alignment=&#8220;default&#8220; tablet_text_alignment=&#8220;default&#8220; phone_text_alignment=&#8220;default&#8220; background_color_opacity=&#8220;1&#8243; background_hover_color_opacity=&#8220;1&#8243; column_backdrop_filter=&#8220;none&#8220; column_shadow=&#8220;none&#8220; column_border_radius=&#8220;none&#8220; column_link_target=&#8220;_self&#8220; column_position=&#8220;default&#8220; gradient_direction=&#8220;left_to_right&#8220; overlay_strength=&#8220;0.3&#8243; width=&#8220;1\/2&#8243; tablet_width_inherit=&#8220;default&#8220; animation_type=&#8220;default&#8220; bg_image_animation=&#8220;none&#8220; border_type=&#8220;simple&#8220; column_border_width=&#8220;none&#8220; column_border_style=&#8220;solid&#8220;][vc_custom_heading text=&#8220;KELLENBERGER U300 ID\/OD Software Komponenten&#8220; font_container=&#8220;tag:h1|text_align:left&#8220; use_theme_fonts=&#8220;yes&#8220;][vc_custom_heading text=&#8220;Fortschrittliche CNC-Steuerung f\u00fcr pr\u00e4zise Leistung&#8220; font_container=&#8220;tag:h4|text_align:left&#8220; use_theme_fonts=&#8220;yes&#8220;][vc_column_text css=&#8220;.vc_custom_1743595067019{padding-top: 5% !important;padding-right: 2% !important;padding-bottom: 2% !important;}&#8220; text_direction=&#8220;default&#8220;]\n<h4>CNC-Steuerung<\/h4>\n<p>Siemens SINUMERIK ONE CNC-Steuerung mit Servoantrieben und Motoren mit offenen Systembibliotheken und Hochgeschwindigkeitskommunikation. Die Bedienung erfolgt \u00fcber das KELLENBERGER U300 Open Architecture System, das aus einem Industrie-PC (IPC) und einem chemikalienbest\u00e4ndigen 19&#8243; Aktivmatrix-Touchscreen-Farbdisplay besteht. Zu den Schnittstellen des PCs geh\u00f6ren mehrere USB-Anschl\u00fcsse und eine Ethernet-Verbindung zur Anbindung der Maschinensteuerung an ein Fabriknetzwerk.  <\/p>\n<h4>ID\/OD System mit offener Architektur<\/h4>\n<p>Das KELLENBERGER U300 Open Architecture System ist eine vollst\u00e4ndig integrierte, kundenspezifisch entwickelte Maschinenbedienungs- und Programmierumgebung, die einen einfachen und intuitiven Zugriff auf Standard-CNC-Anzeige- und Informationsbildschirme sowie ein benutzerfreundliches, verbessertes grafisches Dialogprogrammiersystem f\u00fcr Teile bietet. Das System umfasst ein vom Benutzer anpassbares Software-Bedienfeld, ein Online-Hilfesystem und Fehleranzeigebildschirme, die das Wartungspersonal bei der Lokalisierung von Maschinenproblemen unterst\u00fctzen. Das System erstellt Teileprogrammzyklen durch einen optimierten Compiler, so dass der Programmierer nicht mehr im ISO-Code arbeiten muss. Die Speicherung von Schleifscheiben und Werkzeugen erfolgt auf der Festplatte, so dass eine praktisch unbegrenzte Anzahl von Werkzeugkombinationen gespeichert und leicht abgerufen werden kann. Das System ist sowohl f\u00fcr die Produktion als auch f\u00fcr den schnellen Teilewechsel ideal.    <\/p>\n<h4>Operation<\/h4>\n<p>Das KELLENBERGER U300 System mit offener Architektur ist so konzipiert, dass es mit einem Touchscreen, einer Maus, einer Tastatur oder einer Kombination aus allen dreien verwendet werden kann. Die Bildschirme sind so konzipiert, dass Sie gleichzeitig das Bedienfeld, die Anzeige der Achsenposition und die Ausf\u00fchrung des Teileprogramms sehen k\u00f6nnen. F\u00fcr die Einrichtung wird ein separates Handger\u00e4t mit Jog-Tasten und Handrad geliefert.  <\/p>\n<h4>Programmierung<\/h4>\n<p>Die Teileprogrammierung erfolgt in einer symbolbasierten Drag &amp; Drop-Ausf\u00fchrung, die es dem Programmierer erm\u00f6glicht, Programmelemente in der gew\u00fcnschten Reihenfolge zu ziehen und dann die einzelnen Abschnitte f\u00fcr die Parametereingabe zu erweitern. Teileprogramm- und Werkzeugnamen k\u00f6nnen mit bis zu 64 Zeichen L\u00e4nge frei vergeben werden. Sowohl Werkzeuge als auch Teileprogramme lassen sich einfach \u00fcber eine Dropdown-Auswahlbox ausw\u00e4hlen. Verschiedene Arten von Teileprogrammzyklen k\u00f6nnen nacheinander in ein und demselben Teileprogramm programmiert werden. Zu den Standardtypen von Teileprogrammzyklen geh\u00f6ren:    <\/p>\n<ul>\n<li>Traversenschleifen\n<ul>\n<li>Mit oszillierender oder pickender Zuf\u00fchrung<\/li>\n<\/ul>\n<\/li>\n<\/ul>\n<ul>\n<li>Einstechschleifen\n<ul>\n<li>Mit oder ohne Oszillation<\/li>\n<\/ul>\n<\/li>\n<\/ul>\n<ul>\n<li>Rechten und linken Gesicht oder Schulter schleifen\n<ul>\n<li>Mit oder ohne Oszillation<\/li>\n<\/ul>\n<\/li>\n<\/ul>\n<ul>\n<li>Vektorisiertes Einstechschleifen\n<ul>\n<li>Mit m\u00f6glicher radialer oder axialer Linearf\u00fchrung<\/li>\n<\/ul>\n<\/li>\n<\/ul>\n<ul>\n<li>Integrierte Radabrichtung<\/li>\n<\/ul>\n<p>Alle Zyklen k\u00f6nnen eine Spaltbeseitigung f\u00fcr optimierte Zykluszeiten beinhalten. Abrichtzyklen k\u00f6nnen in bestimmten Teilen des Schleifprogramms platziert oder in Abh\u00e4ngigkeit von der Menge des abgetragenen Materials definiert werden. <\/p>\n<h4>Zus\u00e4tzliche Merkmale<\/h4>\n<ul>\n<li>Schritt f\u00fcr Schritt Anleitung zur Einrichtung und Kalibrierung.<\/li>\n<li>Eine interaktive Bedienungsanleitung befindet sich auf dem Ger\u00e4t.<\/li>\n<li>Fehlermeldungen und Grafiken zur Unterst\u00fctzung bei der Problemdiagnose.<\/li>\n<li>Teilprogramm und Werkzeugdatenimport und -export f\u00fcr die Datensicherung.<\/li>\n<li>F\u00e4higkeit zur Ferndiagnose.<\/li>\n<li>BoulePro spezifische Anwendungszyklen.<\/li>\n<\/ul>\n[\/vc_column_text][\/vc_column][vc_column column_padding=&#8220;no-extra-padding&#8220; column_padding_tablet=&#8220;inherit&#8220; column_padding_phone=&#8220;inherit&#8220; column_padding_position=&#8220;all&#8220; column_element_direction_desktop=&#8220;default&#8220; column_element_spacing=&#8220;default&#8220; desktop_text_alignment=&#8220;default&#8220; tablet_text_alignment=&#8220;default&#8220; phone_text_alignment=&#8220;default&#8220; background_color_opacity=&#8220;1&#8243; background_hover_color_opacity=&#8220;1&#8243; column_backdrop_filter=&#8220;none&#8220; column_shadow=&#8220;none&#8220; column_border_radius=&#8220;none&#8220; column_link_target=&#8220;_self&#8220; column_position=&#8220;default&#8220; gradient_direction=&#8220;left_to_right&#8220; overlay_strength=&#8220;0.3&#8243; width=&#8220;1\/2&#8243; tablet_width_inherit=&#8220;default&#8220; animation_type=&#8220;default&#8220; bg_image_animation=&#8220;none&#8220; border_type=&#8220;simple&#8220; column_border_width=&#8220;none&#8220; column_border_style=&#8220;solid&#8220;][carousel script=&#8220;simple_slider&#8220; simple_slider_sizing=&#8220;aspect_ratio&#8220; simple_slider_aspect_ratio=&#8220;1-1&#8243; simple_slider_arrow_controls=&#8220;true&#8220; simple_slider_arrow_positioning=&#8220;inside&#8220; simple_slider_arrow_button_color=&#8220;#5c81aa&#8220; simple_slider_arrow_color=&#8220;#ffffff&#8220; simple_slider_transition_type=&#8220;slide&#8220;][item simple_slider_bg_image_position=&#8220;default&#8220; simple_slider_overlay_strength=&#8220;0.3&#8243; simple_slider_bg_image_loading=&#8220;default&#8220; id=&#8220;1744706728006-9&#8243; tab_id=&#8220;1744706728007-2&#8243; title=&#8220;Anzahl&#8220;][image_with_animation image_url=&#8220;16646&#8243; image_size=&#8220;full&#8220; animation_type=&#8220;entrance&#8220; animation=&#8220;None&#8220; animation_movement_type=&#8220;transform_y&#8220; hover_animation=&#8220;none&#8220; alignment=&#8220;&#8220; border_radius=&#8220;none&#8220; box_shadow=&#8220;none&#8220; image_loading=&#8220;default&#8220; max_width=&#8220;100%&#8220; max_width_mobile=&#8220;default&#8220;][vc_column_text] [\/vc_column_text][\/item][\/carousel][\/vc_column][\/vc_row][vc_row type=&#8220;full_width_background&#8220; full_screen_row_position=&#8220;middle&#8220; column_margin=&#8220;none&#8220; column_direction=&#8220;default&#8220; column_direction_tablet=&#8220;default&#8220; column_direction_phone=&#8220;default&#8220; bg_color=&#8220;#e7eaf1&#8243; scene_position=&#8220;center&#8220; bottom_margin=&#8220;0&#8243; translate_y=&#8220;24&#8243; text_color=&#8220;dark&#8220; text_align=&#8220;left&#8220; row_border_radius=&#8220;none&#8220; row_border_radius_applies=&#8220;bg&#8220; overflow=&#8220;visible&#8220; overlay_strength=&#8220;0.3&#8243; gradient_direction=&#8220;left_to_right&#8220; shape_divider_position=&#8220;bottom&#8220; bg_image_animation=&#8220;none&#8220; shape_type=&#8220;&#8220; gradient_type=&#8220;default&#8220;][vc_column column_padding=&#8220;no-extra-padding&#8220; column_padding_tablet=&#8220;inherit&#8220; column_padding_phone=&#8220;inherit&#8220; column_padding_position=&#8220;all&#8220; column_element_direction_desktop=&#8220;default&#8220; column_element_spacing=&#8220;default&#8220; desktop_text_alignment=&#8220;default&#8220; tablet_text_alignment=&#8220;default&#8220; phone_text_alignment=&#8220;default&#8220; background_color=&#8220;#e7eaf1&#8243; background_color_opacity=&#8220;1&#8243; background_hover_color_opacity=&#8220;1&#8243; column_backdrop_filter=&#8220;none&#8220; column_shadow=&#8220;none&#8220; column_border_radius=&#8220;none&#8220; column_link_target=&#8220;_self&#8220; column_position=&#8220;default&#8220; gradient_direction=&#8220;left_to_right&#8220; overlay_strength=&#8220;0.3&#8243; width=&#8220;1\/1&#8243; tablet_width_inherit=&#8220;default&#8220; animation_type=&#8220;default&#8220; bg_image_animation=&#8220;none&#8220; border_type=&#8220;simple&#8220; column_border_width=&#8220;none&#8220; column_border_style=&#8220;solid&#8220; column_padding_type=&#8220;default&#8220; gradient_type=&#8220;default&#8220;][nectar_global_section id=&#8220;2171&#8243;][\/vc_column][\/vc_row]\n","protected":false},"excerpt":{"rendered":"<p>[vc_row type=&#8220;in_container&#8220; full_screen_row_position=&#8220;middle&#8220; column_margin=&#8220;default&#8220; column_direction=&#8220;default&#8220; column_direction_tablet=&#8220;default&#8220; column_direction_phone=&#8220;default&#8220; scene_position=&#8220;center&#8220; top_margin=&#8220;3%&#8220; bottom_margin=&#8220;5%&#8220; bottom_margin_tablet=&#8220;60&#8243; text_color=&#8220;dark&#8220; text_align=&#8220;left&#8220; row_border_radius=&#8220;none&#8220; row_border_radius_applies=&#8220;bg&#8220; overflow=&#8220;visible&#8220; overlay_strength=&#8220;0.3&#8243; gradient_direction=&#8220;left_to_right&#8220; shape_divider_position=&#8220;bottom&#8220; bg_image_animation=&#8220;none&#8220; shape_type=&#8220;&#8220; gradient_type=&#8220;default&#8220;][vc_column column_padding=&#8220;no-extra-padding&#8220; column_padding_tablet=&#8220;inherit&#8220; column_padding_phone=&#8220;inherit&#8220; column_padding_position=&#8220;all&#8220; top_margin=&#8220;2%&#8220; column_element_direction_desktop=&#8220;default&#8220; column_element_spacing=&#8220;default&#8220; desktop_text_alignment=&#8220;default&#8220;&#8230;<\/p>\n","protected":false},"author":23,"featured_media":0,"parent":0,"menu_order":0,"comment_status":"closed","ping_status":"closed","template":"","meta":{"inline_featured_image":false,"footnotes":""},"class_list":["post-13583","page","type-page","status-publish"],"yoast_head":"<!-- This site is optimized with the Yoast SEO plugin v26.9 - https:\/\/yoast.com\/product\/yoast-seo-wordpress\/ -->\n<title>Software BLUE SolutionID\/OD Software-Komponenten - Kellenberger<\/title>\n<meta name=\"description\" content=\"Kellenberger bietet mit der BLUE Solution Touch-HMI eine innovative Steuerung f\u00fcr alle KELLENBERGER- und VOUMARD-Baureihen.\" \/>\n<meta name=\"robots\" content=\"index, follow, max-snippet:-1, max-image-preview:large, max-video-preview:-1\" \/>\n<link rel=\"canonical\" href=\"https:\/\/kellenberger.com\/de\/id-od-software\/\" \/>\n<meta property=\"og:locale\" content=\"de_DE\" \/>\n<meta property=\"og:type\" content=\"article\" \/>\n<meta property=\"og:title\" content=\"Software BLUE SolutionID\/OD Software-Komponenten - Kellenberger\" \/>\n<meta property=\"og:description\" content=\"Kellenberger bietet mit der BLUE Solution Touch-HMI eine innovative Steuerung f\u00fcr alle KELLENBERGER- und VOUMARD-Baureihen.\" \/>\n<meta property=\"og:url\" content=\"https:\/\/kellenberger.com\/de\/id-od-software\/\" \/>\n<meta property=\"og:site_name\" content=\"Kellenberger\" \/>\n<meta property=\"article:modified_time\" content=\"2025-07-14T11:54:19+00:00\" \/>\n<meta name=\"twitter:card\" content=\"summary_large_image\" \/>\n<meta name=\"twitter:label1\" content=\"Gesch\u00e4tzte Lesezeit\" \/>\n\t<meta name=\"twitter:data1\" content=\"3\u00a0Minuten\" \/>\n<script type=\"application\/ld+json\" class=\"yoast-schema-graph\">{\"@context\":\"https:\/\/schema.org\",\"@graph\":[{\"@type\":\"WebPage\",\"@id\":\"https:\/\/kellenberger.com\/de\/id-od-software\/\",\"url\":\"https:\/\/kellenberger.com\/de\/id-od-software\/\",\"name\":\"Software BLUE SolutionID\/OD Software-Komponenten - Kellenberger\",\"isPartOf\":{\"@id\":\"https:\/\/kellenberger.com\/de\/#website\"},\"datePublished\":\"2025-01-14T09:00:50+00:00\",\"dateModified\":\"2025-07-14T11:54:19+00:00\",\"description\":\"Kellenberger bietet mit der BLUE Solution Touch-HMI eine innovative Steuerung f\u00fcr alle KELLENBERGER- und VOUMARD-Baureihen.\",\"breadcrumb\":{\"@id\":\"https:\/\/kellenberger.com\/de\/id-od-software\/#breadcrumb\"},\"inLanguage\":\"de\",\"potentialAction\":[{\"@type\":\"ReadAction\",\"target\":[\"https:\/\/kellenberger.com\/de\/id-od-software\/\"]}]},{\"@type\":\"BreadcrumbList\",\"@id\":\"https:\/\/kellenberger.com\/de\/id-od-software\/#breadcrumb\",\"itemListElement\":[{\"@type\":\"ListItem\",\"position\":1,\"name\":\"Home\",\"item\":\"https:\/\/kellenberger.com\/de\/\"},{\"@type\":\"ListItem\",\"position\":2,\"name\":\"ID\/OD Software-Komponenten\"}]},{\"@type\":\"WebSite\",\"@id\":\"https:\/\/kellenberger.com\/de\/#website\",\"url\":\"https:\/\/kellenberger.com\/de\/\",\"name\":\"Kellenberger\",\"description\":\"Hersteller von multifunktionalen Pr\u00e4zisions-Drehmaschinen und Drehzentren.\",\"publisher\":{\"@id\":\"https:\/\/kellenberger.com\/de\/#organization\"},\"potentialAction\":[{\"@type\":\"SearchAction\",\"target\":{\"@type\":\"EntryPoint\",\"urlTemplate\":\"https:\/\/kellenberger.com\/de\/?s={search_term_string}\"},\"query-input\":{\"@type\":\"PropertyValueSpecification\",\"valueRequired\":true,\"valueName\":\"search_term_string\"}}],\"inLanguage\":\"de\"},{\"@type\":\"Organization\",\"@id\":\"https:\/\/kellenberger.com\/de\/#organization\",\"name\":\"Kellenberger Machines Holdings GmbH\",\"url\":\"https:\/\/kellenberger.com\/de\/\",\"logo\":{\"@type\":\"ImageObject\",\"inLanguage\":\"de\",\"@id\":\"https:\/\/kellenberger.com\/de\/#\/schema\/logo\/image\/\",\"url\":\"https:\/\/kellenberger.com\/wp-content\/uploads\/2025\/03\/2024_Kellenberger_Logo_blue_rgb.svg\",\"contentUrl\":\"https:\/\/kellenberger.com\/wp-content\/uploads\/2025\/03\/2024_Kellenberger_Logo_blue_rgb.svg\",\"width\":1520,\"height\":289,\"caption\":\"Kellenberger Machines Holdings GmbH\"},\"image\":{\"@id\":\"https:\/\/kellenberger.com\/de\/#\/schema\/logo\/image\/\"},\"sameAs\":[\"https:\/\/www.linkedin.com\/company\/hardinge-kellenberger-ag\/\",\"https:\/\/www.youtube.com\/channel\/UC72tV-V11t_SHzd7Hk3NdkQ\",\"https:\/\/www.instagram.com\/kellenberger_ag\/\"]}]}<\/script>\n<!-- \/ Yoast SEO plugin. -->","yoast_head_json":{"title":"Software BLUE SolutionID\/OD Software-Komponenten - Kellenberger","description":"Kellenberger bietet mit der BLUE Solution Touch-HMI eine innovative Steuerung f\u00fcr alle KELLENBERGER- und VOUMARD-Baureihen.","robots":{"index":"index","follow":"follow","max-snippet":"max-snippet:-1","max-image-preview":"max-image-preview:large","max-video-preview":"max-video-preview:-1"},"canonical":"https:\/\/kellenberger.com\/de\/id-od-software\/","og_locale":"de_DE","og_type":"article","og_title":"Software BLUE SolutionID\/OD Software-Komponenten - Kellenberger","og_description":"Kellenberger bietet mit der BLUE Solution Touch-HMI eine innovative Steuerung f\u00fcr alle KELLENBERGER- und VOUMARD-Baureihen.","og_url":"https:\/\/kellenberger.com\/de\/id-od-software\/","og_site_name":"Kellenberger","article_modified_time":"2025-07-14T11:54:19+00:00","twitter_card":"summary_large_image","twitter_misc":{"Gesch\u00e4tzte Lesezeit":"3\u00a0Minuten"},"schema":{"@context":"https:\/\/schema.org","@graph":[{"@type":"WebPage","@id":"https:\/\/kellenberger.com\/de\/id-od-software\/","url":"https:\/\/kellenberger.com\/de\/id-od-software\/","name":"Software BLUE SolutionID\/OD Software-Komponenten - Kellenberger","isPartOf":{"@id":"https:\/\/kellenberger.com\/de\/#website"},"datePublished":"2025-01-14T09:00:50+00:00","dateModified":"2025-07-14T11:54:19+00:00","description":"Kellenberger bietet mit der BLUE Solution Touch-HMI eine innovative Steuerung f\u00fcr alle KELLENBERGER- und VOUMARD-Baureihen.","breadcrumb":{"@id":"https:\/\/kellenberger.com\/de\/id-od-software\/#breadcrumb"},"inLanguage":"de","potentialAction":[{"@type":"ReadAction","target":["https:\/\/kellenberger.com\/de\/id-od-software\/"]}]},{"@type":"BreadcrumbList","@id":"https:\/\/kellenberger.com\/de\/id-od-software\/#breadcrumb","itemListElement":[{"@type":"ListItem","position":1,"name":"Home","item":"https:\/\/kellenberger.com\/de\/"},{"@type":"ListItem","position":2,"name":"ID\/OD Software-Komponenten"}]},{"@type":"WebSite","@id":"https:\/\/kellenberger.com\/de\/#website","url":"https:\/\/kellenberger.com\/de\/","name":"Kellenberger","description":"Hersteller von multifunktionalen Pr\u00e4zisions-Drehmaschinen und Drehzentren.","publisher":{"@id":"https:\/\/kellenberger.com\/de\/#organization"},"potentialAction":[{"@type":"SearchAction","target":{"@type":"EntryPoint","urlTemplate":"https:\/\/kellenberger.com\/de\/?s={search_term_string}"},"query-input":{"@type":"PropertyValueSpecification","valueRequired":true,"valueName":"search_term_string"}}],"inLanguage":"de"},{"@type":"Organization","@id":"https:\/\/kellenberger.com\/de\/#organization","name":"Kellenberger Machines Holdings GmbH","url":"https:\/\/kellenberger.com\/de\/","logo":{"@type":"ImageObject","inLanguage":"de","@id":"https:\/\/kellenberger.com\/de\/#\/schema\/logo\/image\/","url":"https:\/\/kellenberger.com\/wp-content\/uploads\/2025\/03\/2024_Kellenberger_Logo_blue_rgb.svg","contentUrl":"https:\/\/kellenberger.com\/wp-content\/uploads\/2025\/03\/2024_Kellenberger_Logo_blue_rgb.svg","width":1520,"height":289,"caption":"Kellenberger Machines Holdings GmbH"},"image":{"@id":"https:\/\/kellenberger.com\/de\/#\/schema\/logo\/image\/"},"sameAs":["https:\/\/www.linkedin.com\/company\/hardinge-kellenberger-ag\/","https:\/\/www.youtube.com\/channel\/UC72tV-V11t_SHzd7Hk3NdkQ","https:\/\/www.instagram.com\/kellenberger_ag\/"]}]}},"_links":{"self":[{"href":"https:\/\/kellenberger.com\/de\/wp-json\/wp\/v2\/pages\/13583","targetHints":{"allow":["GET"]}}],"collection":[{"href":"https:\/\/kellenberger.com\/de\/wp-json\/wp\/v2\/pages"}],"about":[{"href":"https:\/\/kellenberger.com\/de\/wp-json\/wp\/v2\/types\/page"}],"author":[{"embeddable":true,"href":"https:\/\/kellenberger.com\/de\/wp-json\/wp\/v2\/users\/23"}],"replies":[{"embeddable":true,"href":"https:\/\/kellenberger.com\/de\/wp-json\/wp\/v2\/comments?post=13583"}],"version-history":[{"count":12,"href":"https:\/\/kellenberger.com\/de\/wp-json\/wp\/v2\/pages\/13583\/revisions"}],"predecessor-version":[{"id":20407,"href":"https:\/\/kellenberger.com\/de\/wp-json\/wp\/v2\/pages\/13583\/revisions\/20407"}],"wp:attachment":[{"href":"https:\/\/kellenberger.com\/de\/wp-json\/wp\/v2\/media?parent=13583"}],"curies":[{"name":"wp","href":"https:\/\/api.w.org\/{rel}","templated":true}]}}