{"id":13090,"date":"2024-12-18T11:41:43","date_gmt":"2024-12-18T10:41:43","guid":{"rendered":"https:\/\/kellenberger.com\/?page_id=13090"},"modified":"2025-02-17T10:02:18","modified_gmt":"2025-02-17T09:02:18","slug":"white-solution-de","status":"publish","type":"page","link":"https:\/\/kellenberger.com\/de\/white-solution-de\/","title":{"rendered":"WHITE Solution"},"content":{"rendered":"[vc_row type=&#8220;in_container&#8220; full_screen_row_position=&#8220;middle&#8220; column_margin=&#8220;default&#8220; column_direction=&#8220;default&#8220; column_direction_tablet=&#8220;default&#8220; column_direction_phone=&#8220;default&#8220; scene_position=&#8220;center&#8220; top_margin=&#8220;3%&#8220; bottom_margin=&#8220;5%&#8220; bottom_margin_tablet=&#8220;60&#8243; text_color=&#8220;dark&#8220; text_align=&#8220;left&#8220; row_border_radius=&#8220;none&#8220; row_border_radius_applies=&#8220;bg&#8220; overflow=&#8220;visible&#8220; overlay_strength=&#8220;0.3&#8243; gradient_direction=&#8220;left_to_right&#8220; shape_divider_position=&#8220;bottom&#8220; bg_image_animation=&#8220;none&#8220; shape_type=&#8220;&#8220; gradient_type=&#8220;default&#8220;][vc_column column_padding=&#8220;no-extra-padding&#8220; column_padding_tablet=&#8220;inherit&#8220; column_padding_phone=&#8220;inherit&#8220; column_padding_position=&#8220;all&#8220; top_margin=&#8220;2%&#8220; column_element_direction_desktop=&#8220;default&#8220; column_element_spacing=&#8220;default&#8220; desktop_text_alignment=&#8220;default&#8220; tablet_text_alignment=&#8220;default&#8220; phone_text_alignment=&#8220;default&#8220; background_color_opacity=&#8220;1&#8243; background_hover_color_opacity=&#8220;1&#8243; column_backdrop_filter=&#8220;none&#8220; column_shadow=&#8220;none&#8220; column_border_radius=&#8220;none&#8220; column_link_target=&#8220;_self&#8220; column_position=&#8220;default&#8220; gradient_direction=&#8220;left_to_right&#8220; overlay_strength=&#8220;0.3&#8243; width=&#8220;1\/2&#8243; tablet_width_inherit=&#8220;default&#8220; animation_type=&#8220;default&#8220; bg_image_animation=&#8220;none&#8220; border_type=&#8220;simple&#8220; column_border_width=&#8220;none&#8220; column_border_style=&#8220;solid&#8220;][vc_custom_heading text=&#8220;WHITE Solution&#8220; font_container=&#8220;tag:h1|text_align:left&#8220; use_theme_fonts=&#8220;yes&#8220;][vc_custom_heading text=&#8220;einfach, prozessorientiert, alle n\u00f6tigen Eingaben und Informationen auf einen Blick&#8220; use_theme_fonts=&#8220;yes&#8220;][vc_column_text css=&#8220;.vc_custom_1739782935906{padding-top: 5% !important;padding-right: 2% !important;padding-bottom: 2% !important;}&#8220; text_direction=&#8220;default&#8220;]Mit der <strong>WHITE Solution<\/strong> bietet Kellenberger eine innovative und benutzerfreundliche Bedienoberfl\u00e4che speziell f\u00fcr das Koordinatenschleifen der Hauser 2000-Baureihe. Die Software agiert mit der neuesten CNC-Technologie, der leistungsstarken FANUC 30i-B, und erm\u00f6glicht eine einfache Bedienung sowie maximale Prozesssicherheit.<\/p>\n<h3>Fokus auf Pr\u00e4zision und Effizienz:<\/h3>\n<p>Die <strong>WHITE Solution<\/strong> wurde entwickelt, um die hochpr\u00e4zise Herstellung von Werkst\u00fccken optimal zu unterst\u00fctzen. Sie stellt dem Bediener alle notwendigen Eingaben und Informationen \u00fcbersichtlich und klar strukturiert zur Verf\u00fcgung, sodass jeder Arbeitsschritt sicher und effizient durchgef\u00fchrt werden kann.<\/p>\n<h3>Ihre Vorteile auf einen Blick:<\/h3>\n<ul>\n<li>Einfach &amp; \u00fcbersichtlich: Alle relevanten Eingaben und Informationen sind klar strukturiert und direkt zug\u00e4nglich.<\/li>\n<li>Optimale Werkst\u00fcckausrichtung: Die Bestfit-Methode sorgt f\u00fcr eine optimale Positionierung des Werkst\u00fccks und minimiert die Einrichtzeit.<\/li>\n<li>Sicheres Einfahren: Mit dem Dry-Run-Verfahren lassen sich Prozesse risikolos testen, bevor die eigentliche Bearbeitung beginnt.<\/li>\n<li>Intuitive Bedienung: Touch-Funktionalit\u00e4t und piktografische Darstellungen machen die Software leicht verst\u00e4ndlich, auch f\u00fcr weniger erfahrene Bediener.<\/li>\n<li>Temperatur\u00fcberwachung: Die Software zeigt die Temperaturen von Maschinenkomponenten und Fluiden \u00fcbersichtlich in Echtzeit an, um eine gleichbleibende Qualit\u00e4t sicherzustellen.<\/li>\n<li>Flexibilit\u00e4t bei der Bearbeitung: Die WHITE Solution erm\u00f6glicht es dem Bediener, Bearbeitungsdaten anzupassen und den Prozess direkt zu beeinflussen \u2013 ganz ohne ISO-Code-Bearbeitung.<\/li>\n<\/ul>\n<p>Die benutzerorientierte Bedienphilosophie unterst\u00fctzt den Bediener bei der Entwicklung des idealen Bearbeitungsprozesses, w\u00e4hrend die fortschrittliche Technologie h\u00f6chste Pr\u00e4zision und Zuverl\u00e4ssigkeit gew\u00e4hrleistet.<\/p>\n<h3>Verf\u00fcgbarkeit:<\/h3>\n<p><span style=\"font-size: 16px;\">Die WHITE Solution ist exklusiv f\u00fcr die <a href=\"https:\/\/kellenberger.com\/de\/produkt\/hauser-2000\/\">HAUSER 2000 <\/a>Baureihe erh\u00e4ltlich und setzt neue Massst\u00e4be im Koordinatenschleifen.<\/span><\/p>\n<p>Erleben Sie, wie einfache Bedienung und innovative Technologie perfekt harmonieren \u2013 mit <strong>WHITE Solution.<\/strong>[\/vc_column_text][\/vc_column][vc_column column_padding=&#8220;no-extra-padding&#8220; column_padding_tablet=&#8220;inherit&#8220; column_padding_phone=&#8220;inherit&#8220; column_padding_position=&#8220;all&#8220; column_element_direction_desktop=&#8220;default&#8220; column_element_spacing=&#8220;default&#8220; desktop_text_alignment=&#8220;default&#8220; tablet_text_alignment=&#8220;default&#8220; phone_text_alignment=&#8220;default&#8220; background_color_opacity=&#8220;1&#8243; background_hover_color_opacity=&#8220;1&#8243; column_backdrop_filter=&#8220;none&#8220; column_shadow=&#8220;none&#8220; column_border_radius=&#8220;none&#8220; column_link_target=&#8220;_self&#8220; column_position=&#8220;default&#8220; gradient_direction=&#8220;left_to_right&#8220; overlay_strength=&#8220;0.3&#8243; width=&#8220;1\/2&#8243; tablet_width_inherit=&#8220;default&#8220; animation_type=&#8220;default&#8220; bg_image_animation=&#8220;none&#8220; border_type=&#8220;simple&#8220; column_border_width=&#8220;none&#8220; column_border_style=&#8220;solid&#8220;][divider line_type=&#8220;No Line&#8220; custom_height=&#8220;130 px&#8220; custom_height_tablet=&#8220;80&#8243; custom_height_phone=&#8220;40&#8243;][image_with_animation image_url=&#8220;13100&#8243; image_size=&#8220;large&#8220; animation_type=&#8220;entrance&#8220; animation=&#8220;Fade In&#8220; animation_easing=&#8220;default&#8220; animation_movement_type=&#8220;transform_y&#8220; hover_animation=&#8220;none&#8220; alignment=&#8220;&#8220; border_radius=&#8220;none&#8220; box_shadow=&#8220;none&#8220; image_loading=&#8220;default&#8220; max_width=&#8220;100%&#8220; max_width_mobile=&#8220;default&#8220;][\/vc_column][\/vc_row][vc_row type=&#8220;full_width_background&#8220; full_screen_row_position=&#8220;middle&#8220; column_margin=&#8220;none&#8220; column_direction=&#8220;default&#8220; column_direction_tablet=&#8220;default&#8220; column_direction_phone=&#8220;default&#8220; bg_color=&#8220;#e7eaf1&#8243; scene_position=&#8220;center&#8220; bottom_margin=&#8220;0&#8243; translate_y=&#8220;24&#8243; text_color=&#8220;dark&#8220; text_align=&#8220;left&#8220; row_border_radius=&#8220;none&#8220; row_border_radius_applies=&#8220;bg&#8220; overflow=&#8220;visible&#8220; overlay_strength=&#8220;0.3&#8243; gradient_direction=&#8220;left_to_right&#8220; shape_divider_position=&#8220;bottom&#8220; bg_image_animation=&#8220;none&#8220; shape_type=&#8220;&#8220; gradient_type=&#8220;default&#8220;][vc_column column_padding=&#8220;no-extra-padding&#8220; column_padding_tablet=&#8220;inherit&#8220; column_padding_phone=&#8220;inherit&#8220; column_padding_position=&#8220;all&#8220; column_element_direction_desktop=&#8220;default&#8220; column_element_spacing=&#8220;default&#8220; desktop_text_alignment=&#8220;default&#8220; tablet_text_alignment=&#8220;default&#8220; phone_text_alignment=&#8220;default&#8220; background_color=&#8220;#e7eaf1&#8243; background_color_opacity=&#8220;1&#8243; background_hover_color_opacity=&#8220;1&#8243; column_backdrop_filter=&#8220;none&#8220; column_shadow=&#8220;none&#8220; column_border_radius=&#8220;none&#8220; column_link_target=&#8220;_self&#8220; column_position=&#8220;default&#8220; gradient_direction=&#8220;left_to_right&#8220; overlay_strength=&#8220;0.3&#8243; width=&#8220;1\/1&#8243; tablet_width_inherit=&#8220;default&#8220; animation_type=&#8220;default&#8220; bg_image_animation=&#8220;none&#8220; border_type=&#8220;simple&#8220; column_border_width=&#8220;none&#8220; column_border_style=&#8220;solid&#8220; column_padding_type=&#8220;default&#8220; gradient_type=&#8220;default&#8220;][nectar_global_section id=&#8220;2171&#8243;][\/vc_column][\/vc_row]\n","protected":false},"excerpt":{"rendered":"<p>[vc_row type=&#8220;in_container&#8220; full_screen_row_position=&#8220;middle&#8220; column_margin=&#8220;default&#8220; column_direction=&#8220;default&#8220; column_direction_tablet=&#8220;default&#8220; column_direction_phone=&#8220;default&#8220; scene_position=&#8220;center&#8220; top_margin=&#8220;3%&#8220; bottom_margin=&#8220;5%&#8220; bottom_margin_tablet=&#8220;60&#8243; text_color=&#8220;dark&#8220; text_align=&#8220;left&#8220; row_border_radius=&#8220;none&#8220; row_border_radius_applies=&#8220;bg&#8220; overflow=&#8220;visible&#8220; overlay_strength=&#8220;0.3&#8243; gradient_direction=&#8220;left_to_right&#8220; shape_divider_position=&#8220;bottom&#8220; bg_image_animation=&#8220;none&#8220; shape_type=&#8220;&#8220; gradient_type=&#8220;default&#8220;][vc_column column_padding=&#8220;no-extra-padding&#8220; column_padding_tablet=&#8220;inherit&#8220; column_padding_phone=&#8220;inherit&#8220; column_padding_position=&#8220;all&#8220; top_margin=&#8220;2%&#8220; column_element_direction_desktop=&#8220;default&#8220; column_element_spacing=&#8220;default&#8220; desktop_text_alignment=&#8220;default&#8220;&#8230;<\/p>\n","protected":false},"author":23,"featured_media":0,"parent":0,"menu_order":0,"comment_status":"closed","ping_status":"closed","template":"","meta":{"inline_featured_image":false,"footnotes":""},"class_list":["post-13090","page","type-page","status-publish"],"yoast_head":"<!-- This site is optimized with the Yoast SEO plugin v26.9 - https:\/\/yoast.com\/product\/yoast-seo-wordpress\/ -->\n<title>Software BLUE SolutionWHITE Solution - Kellenberger<\/title>\n<meta name=\"description\" content=\"Kellenberger bietet mit der BLUE Solution Touch-HMI eine innovative Steuerung f\u00fcr alle KELLENBERGER- und VOUMARD-Baureihen.\" \/>\n<meta name=\"robots\" content=\"index, follow, max-snippet:-1, max-image-preview:large, max-video-preview:-1\" \/>\n<link rel=\"canonical\" href=\"https:\/\/kellenberger.com\/de\/white-solution-de\/\" \/>\n<meta property=\"og:locale\" content=\"de_DE\" \/>\n<meta property=\"og:type\" content=\"article\" \/>\n<meta property=\"og:title\" content=\"Software BLUE SolutionWHITE Solution - Kellenberger\" \/>\n<meta property=\"og:description\" content=\"Kellenberger bietet mit der BLUE Solution Touch-HMI eine innovative Steuerung f\u00fcr alle KELLENBERGER- und VOUMARD-Baureihen.\" \/>\n<meta property=\"og:url\" content=\"https:\/\/kellenberger.com\/de\/white-solution-de\/\" \/>\n<meta property=\"og:site_name\" content=\"Kellenberger\" \/>\n<meta property=\"article:modified_time\" content=\"2025-02-17T09:02:18+00:00\" \/>\n<meta name=\"twitter:card\" content=\"summary_large_image\" \/>\n<meta name=\"twitter:label1\" content=\"Gesch\u00e4tzte Lesezeit\" \/>\n\t<meta name=\"twitter:data1\" content=\"2\u00a0Minuten\" \/>\n<script type=\"application\/ld+json\" class=\"yoast-schema-graph\">{\"@context\":\"https:\/\/schema.org\",\"@graph\":[{\"@type\":\"WebPage\",\"@id\":\"https:\/\/kellenberger.com\/de\/white-solution-de\/\",\"url\":\"https:\/\/kellenberger.com\/de\/white-solution-de\/\",\"name\":\"Software BLUE SolutionWHITE Solution - Kellenberger\",\"isPartOf\":{\"@id\":\"https:\/\/kellenberger.com\/de\/#website\"},\"datePublished\":\"2024-12-18T10:41:43+00:00\",\"dateModified\":\"2025-02-17T09:02:18+00:00\",\"description\":\"Kellenberger bietet mit der BLUE Solution Touch-HMI eine innovative Steuerung f\u00fcr alle KELLENBERGER- und VOUMARD-Baureihen.\",\"breadcrumb\":{\"@id\":\"https:\/\/kellenberger.com\/de\/white-solution-de\/#breadcrumb\"},\"inLanguage\":\"de\",\"potentialAction\":[{\"@type\":\"ReadAction\",\"target\":[\"https:\/\/kellenberger.com\/de\/white-solution-de\/\"]}]},{\"@type\":\"BreadcrumbList\",\"@id\":\"https:\/\/kellenberger.com\/de\/white-solution-de\/#breadcrumb\",\"itemListElement\":[{\"@type\":\"ListItem\",\"position\":1,\"name\":\"Home\",\"item\":\"https:\/\/kellenberger.com\/de\/\"},{\"@type\":\"ListItem\",\"position\":2,\"name\":\"WHITE Solution\"}]},{\"@type\":\"WebSite\",\"@id\":\"https:\/\/kellenberger.com\/de\/#website\",\"url\":\"https:\/\/kellenberger.com\/de\/\",\"name\":\"Kellenberger\",\"description\":\"Hersteller von multifunktionalen Pr\u00e4zisions-Drehmaschinen und Drehzentren.\",\"publisher\":{\"@id\":\"https:\/\/kellenberger.com\/de\/#organization\"},\"potentialAction\":[{\"@type\":\"SearchAction\",\"target\":{\"@type\":\"EntryPoint\",\"urlTemplate\":\"https:\/\/kellenberger.com\/de\/?s={search_term_string}\"},\"query-input\":{\"@type\":\"PropertyValueSpecification\",\"valueRequired\":true,\"valueName\":\"search_term_string\"}}],\"inLanguage\":\"de\"},{\"@type\":\"Organization\",\"@id\":\"https:\/\/kellenberger.com\/de\/#organization\",\"name\":\"Kellenberger Machines Holdings GmbH\",\"url\":\"https:\/\/kellenberger.com\/de\/\",\"logo\":{\"@type\":\"ImageObject\",\"inLanguage\":\"de\",\"@id\":\"https:\/\/kellenberger.com\/de\/#\/schema\/logo\/image\/\",\"url\":\"https:\/\/kellenberger.com\/wp-content\/uploads\/2025\/03\/2024_Kellenberger_Logo_blue_rgb.svg\",\"contentUrl\":\"https:\/\/kellenberger.com\/wp-content\/uploads\/2025\/03\/2024_Kellenberger_Logo_blue_rgb.svg\",\"width\":1520,\"height\":289,\"caption\":\"Kellenberger Machines Holdings GmbH\"},\"image\":{\"@id\":\"https:\/\/kellenberger.com\/de\/#\/schema\/logo\/image\/\"},\"sameAs\":[\"https:\/\/www.linkedin.com\/company\/hardinge-kellenberger-ag\/\",\"https:\/\/www.youtube.com\/channel\/UC72tV-V11t_SHzd7Hk3NdkQ\",\"https:\/\/www.instagram.com\/kellenberger_ag\/\"]}]}<\/script>\n<!-- \/ Yoast SEO plugin. -->","yoast_head_json":{"title":"Software BLUE SolutionWHITE Solution - Kellenberger","description":"Kellenberger bietet mit der BLUE Solution Touch-HMI eine innovative Steuerung f\u00fcr alle KELLENBERGER- und VOUMARD-Baureihen.","robots":{"index":"index","follow":"follow","max-snippet":"max-snippet:-1","max-image-preview":"max-image-preview:large","max-video-preview":"max-video-preview:-1"},"canonical":"https:\/\/kellenberger.com\/de\/white-solution-de\/","og_locale":"de_DE","og_type":"article","og_title":"Software BLUE SolutionWHITE Solution - Kellenberger","og_description":"Kellenberger bietet mit der BLUE Solution Touch-HMI eine innovative Steuerung f\u00fcr alle KELLENBERGER- und VOUMARD-Baureihen.","og_url":"https:\/\/kellenberger.com\/de\/white-solution-de\/","og_site_name":"Kellenberger","article_modified_time":"2025-02-17T09:02:18+00:00","twitter_card":"summary_large_image","twitter_misc":{"Gesch\u00e4tzte Lesezeit":"2\u00a0Minuten"},"schema":{"@context":"https:\/\/schema.org","@graph":[{"@type":"WebPage","@id":"https:\/\/kellenberger.com\/de\/white-solution-de\/","url":"https:\/\/kellenberger.com\/de\/white-solution-de\/","name":"Software BLUE SolutionWHITE Solution - Kellenberger","isPartOf":{"@id":"https:\/\/kellenberger.com\/de\/#website"},"datePublished":"2024-12-18T10:41:43+00:00","dateModified":"2025-02-17T09:02:18+00:00","description":"Kellenberger bietet mit der BLUE Solution Touch-HMI eine innovative Steuerung f\u00fcr alle KELLENBERGER- und VOUMARD-Baureihen.","breadcrumb":{"@id":"https:\/\/kellenberger.com\/de\/white-solution-de\/#breadcrumb"},"inLanguage":"de","potentialAction":[{"@type":"ReadAction","target":["https:\/\/kellenberger.com\/de\/white-solution-de\/"]}]},{"@type":"BreadcrumbList","@id":"https:\/\/kellenberger.com\/de\/white-solution-de\/#breadcrumb","itemListElement":[{"@type":"ListItem","position":1,"name":"Home","item":"https:\/\/kellenberger.com\/de\/"},{"@type":"ListItem","position":2,"name":"WHITE Solution"}]},{"@type":"WebSite","@id":"https:\/\/kellenberger.com\/de\/#website","url":"https:\/\/kellenberger.com\/de\/","name":"Kellenberger","description":"Hersteller von multifunktionalen Pr\u00e4zisions-Drehmaschinen und Drehzentren.","publisher":{"@id":"https:\/\/kellenberger.com\/de\/#organization"},"potentialAction":[{"@type":"SearchAction","target":{"@type":"EntryPoint","urlTemplate":"https:\/\/kellenberger.com\/de\/?s={search_term_string}"},"query-input":{"@type":"PropertyValueSpecification","valueRequired":true,"valueName":"search_term_string"}}],"inLanguage":"de"},{"@type":"Organization","@id":"https:\/\/kellenberger.com\/de\/#organization","name":"Kellenberger Machines Holdings GmbH","url":"https:\/\/kellenberger.com\/de\/","logo":{"@type":"ImageObject","inLanguage":"de","@id":"https:\/\/kellenberger.com\/de\/#\/schema\/logo\/image\/","url":"https:\/\/kellenberger.com\/wp-content\/uploads\/2025\/03\/2024_Kellenberger_Logo_blue_rgb.svg","contentUrl":"https:\/\/kellenberger.com\/wp-content\/uploads\/2025\/03\/2024_Kellenberger_Logo_blue_rgb.svg","width":1520,"height":289,"caption":"Kellenberger Machines Holdings GmbH"},"image":{"@id":"https:\/\/kellenberger.com\/de\/#\/schema\/logo\/image\/"},"sameAs":["https:\/\/www.linkedin.com\/company\/hardinge-kellenberger-ag\/","https:\/\/www.youtube.com\/channel\/UC72tV-V11t_SHzd7Hk3NdkQ","https:\/\/www.instagram.com\/kellenberger_ag\/"]}]}},"_links":{"self":[{"href":"https:\/\/kellenberger.com\/de\/wp-json\/wp\/v2\/pages\/13090","targetHints":{"allow":["GET"]}}],"collection":[{"href":"https:\/\/kellenberger.com\/de\/wp-json\/wp\/v2\/pages"}],"about":[{"href":"https:\/\/kellenberger.com\/de\/wp-json\/wp\/v2\/types\/page"}],"author":[{"embeddable":true,"href":"https:\/\/kellenberger.com\/de\/wp-json\/wp\/v2\/users\/23"}],"replies":[{"embeddable":true,"href":"https:\/\/kellenberger.com\/de\/wp-json\/wp\/v2\/comments?post=13090"}],"version-history":[{"count":6,"href":"https:\/\/kellenberger.com\/de\/wp-json\/wp\/v2\/pages\/13090\/revisions"}],"predecessor-version":[{"id":15583,"href":"https:\/\/kellenberger.com\/de\/wp-json\/wp\/v2\/pages\/13090\/revisions\/15583"}],"wp:attachment":[{"href":"https:\/\/kellenberger.com\/de\/wp-json\/wp\/v2\/media?parent=13090"}],"curies":[{"name":"wp","href":"https:\/\/api.w.org\/{rel}","templated":true}]}}