{"id":12899,"date":"2024-11-25T14:27:44","date_gmt":"2024-11-25T13:27:44","guid":{"rendered":"https:\/\/kellenberger.com\/?page_id=12899"},"modified":"2025-04-24T12:55:59","modified_gmt":"2025-04-24T10:55:59","slug":"coordinated-grinding","status":"publish","type":"page","link":"https:\/\/kellenberger.com\/de\/coordinated-grinding\/","title":{"rendered":"Coordinated Grinding"},"content":{"rendered":"[vc_row type=&#8220;in_container&#8220; full_screen_row_position=&#8220;middle&#8220; column_margin=&#8220;default&#8220; column_direction=&#8220;default&#8220; column_direction_tablet=&#8220;default&#8220; column_direction_phone=&#8220;default&#8220; scene_position=&#8220;center&#8220; bottom_padding=&#8220;3%&#8220; top_margin=&#8220;3%&#8220; bottom_margin=&#8220;2%&#8220; bottom_margin_tablet=&#8220;60&#8243; text_color=&#8220;dark&#8220; text_align=&#8220;left&#8220; row_border_radius=&#8220;none&#8220; row_border_radius_applies=&#8220;bg&#8220; overflow=&#8220;visible&#8220; overlay_strength=&#8220;0.3&#8243; gradient_direction=&#8220;left_to_right&#8220; shape_divider_position=&#8220;bottom&#8220; bg_image_animation=&#8220;none&#8220; shape_type=&#8220;&#8220; gradient_type=&#8220;default&#8220;][vc_column column_padding=&#8220;no-extra-padding&#8220; column_padding_tablet=&#8220;inherit&#8220; column_padding_phone=&#8220;inherit&#8220; column_padding_position=&#8220;all&#8220; top_margin=&#8220;2%&#8220; column_element_direction_desktop=&#8220;default&#8220; column_element_spacing=&#8220;default&#8220; desktop_text_alignment=&#8220;default&#8220; tablet_text_alignment=&#8220;default&#8220; phone_text_alignment=&#8220;default&#8220; background_color_opacity=&#8220;1&#8243; background_hover_color_opacity=&#8220;1&#8243; column_backdrop_filter=&#8220;none&#8220; column_shadow=&#8220;none&#8220; column_border_radius=&#8220;none&#8220; column_link_target=&#8220;_self&#8220; column_position=&#8220;default&#8220; gradient_direction=&#8220;left_to_right&#8220; overlay_strength=&#8220;0.3&#8243; width=&#8220;1\/2&#8243; tablet_width_inherit=&#8220;default&#8220; animation_type=&#8220;default&#8220; bg_image_animation=&#8220;none&#8220; border_type=&#8220;simple&#8220; column_border_width=&#8220;none&#8220; column_border_style=&#8220;solid&#8220;][vc_custom_heading text=&#8220;Koordinatenschleifmaschinen&#8220; font_container=&#8220;tag:h1|text_align:left&#8220; use_theme_fonts=&#8220;yes&#8220;][vc_column_text css=&#8220;.vc_custom_1745492155310{padding-top: 5% !important;padding-right: 2% !important;}&#8220; text_direction=&#8220;default&#8220;]\n<div class=\"flex-shrink-0 flex flex-col relative items-end\">\n<div>\n<div class=\"pt-0\">\n<div class=\"gizmo-bot-avatar flex h-8 w-8 items-center justify-center overflow-hidden rounded-full\">\n<div class=\"relative p-1 rounded-sm flex items-center justify-center bg-token-main-surface-primary text-token-text-primary h-8 w-8\"><\/div>\n<\/div>\n<\/div>\n<\/div>\n<\/div>\n<div class=\"group\/conversation-turn relative flex w-full min-w-0 flex-col agent-turn\">\n<div class=\"flex-col gap-1 md:gap-3\">\n<div class=\"flex max-w-full flex-col flex-grow\">\n<div class=\"min-h-8 text-message flex w-full flex-col items-end gap-2 whitespace-normal break-words [.text-message+&amp;]:mt-5\" dir=\"auto\" data-message-author-role=\"assistant\" data-message-id=\"3f4483bc-157c-441f-a532-e851c6547a03\" data-message-model-slug=\"gpt-4o\">\n<div class=\"flex w-full flex-col gap-1 empty:hidden first:pt-[3px]\">\n<div class=\"markdown prose w-full break-words dark:prose-invert light\"><\/div>\n<p>Die Koordinatenschleifmaschinen von Kellenberger stehen f\u00fcr Pr\u00e4zision und Flexibilit\u00e4t in der industriellen Fertigung. Mit modernster Technologie bieten die Koordinatenschleifmaschinen L\u00f6sungen f\u00fcr komplexe Bearbeitungsaufgaben in vielen Branchen. Dazu geh\u00f6ren der Automobilbau, der Werkzeugbau, die Medizintechnik und die Luftfahrt.<\/p>\n<p>Unsere Modelle:<\/p>\n<ul>\n<li><a href=\"https:\/\/kellenberger.com\/de\/produkt\/hauser-55\/\"><strong>KELLENBERGER H4000<\/strong><\/a>: Diese Koordinatenschleifmaschine wurde speziell f\u00fcr h\u00f6chste Anforderungen entwickelt. Sie schleift und fr\u00e4st Bohrungen, Konturen und F\u00fchrungen in Materialien wie Stahl, Keramik und Hartmetall. Dank ihrer robusten Bauweise und dem innovativen Schleifkopf bietet die KELLENBERGER H4000 zuverl\u00e4ssige Leistung. Selbst unter extremen Bedingungen bleibt sie pr\u00e4zise und effizient.<\/li>\n<li><a href=\"https:\/\/kellenberger.com\/de\/produkt\/hauser-2000\/\"><strong>KELLENBERGER H2000<\/strong><\/a>: Diese Universal-Koordinatenschleifmaschine kombiniert Schleifen und Hartfr\u00e4sen in einer Maschine. Die Doppelrahmenkonstruktion sorgt f\u00fcr mehr Steifigkeit und h\u00f6here Pr\u00e4zision. Sie eignet sich ideal f\u00fcr anspruchsvolle Anwendungen. Ausserdem bietet sie vielseitige Einsatzm\u00f6glichkeiten und integrierte Automatisierung. Dadurch ist sie perfekt f\u00fcr Unternehmen, die Qualit\u00e4t und Effizienz steigern wollen.<\/li>\n<\/ul>\n<p>Kellenberger Koordinatenschleifmaschinen garantieren pr\u00e4zise Ergebnisse, perfekte Oberfl\u00e4chen und eine hohe Effizienz. Sie lassen sich leicht in bestehende Fertigungsprozesse integrieren. Dadurch verbessern sie die Produktivit\u00e4t und steigern die Qualit\u00e4t.<\/p>\n<p>Moderne Technologien wie hochaufl\u00f6sende Messsysteme, optimierte Steuerungen und intuitive Benutzeroberfl\u00e4chen machen die Koordinatenschleifmaschinen besonders bedienerfreundlich. Sie bieten nicht nur Sicherheit im Prozess, sondern sind auch zukunftssicher f\u00fcr neue Herausforderungen.<\/p>\n<p>Vertrauen Sie auf die Qualit\u00e4t und Innovation von Kellenberger Koordinatenschleifmaschinen. So bringen Sie Ihre Produktion auf das n\u00e4chste Level und sichern sich langfristigen Erfolg in einem wettbewerbsintensiven Markt.<\/p>\n<\/div>\n<\/div>\n<\/div>\n<\/div>\n<\/div>\n[\/vc_column_text][\/vc_column][vc_column column_padding=&#8220;no-extra-padding&#8220; column_padding_tablet=&#8220;inherit&#8220; column_padding_phone=&#8220;inherit&#8220; column_padding_position=&#8220;all&#8220; column_element_direction_desktop=&#8220;default&#8220; column_element_spacing=&#8220;default&#8220; desktop_text_alignment=&#8220;default&#8220; tablet_text_alignment=&#8220;default&#8220; phone_text_alignment=&#8220;default&#8220; background_color_opacity=&#8220;1&#8243; background_hover_color_opacity=&#8220;1&#8243; column_backdrop_filter=&#8220;none&#8220; column_shadow=&#8220;none&#8220; column_border_radius=&#8220;none&#8220; column_link_target=&#8220;_self&#8220; column_position=&#8220;default&#8220; gradient_direction=&#8220;left_to_right&#8220; overlay_strength=&#8220;0.3&#8243; width=&#8220;1\/2&#8243; tablet_width_inherit=&#8220;default&#8220; animation_type=&#8220;default&#8220; bg_image_animation=&#8220;none&#8220; border_type=&#8220;simple&#8220; column_border_width=&#8220;none&#8220; column_border_style=&#8220;solid&#8220;][image_with_animation image_url=&#8220;16355&#8243; image_size=&#8220;full&#8220; animation_type=&#8220;entrance&#8220; animation=&#8220;None&#8220; animation_movement_type=&#8220;transform_y&#8220; hover_animation=&#8220;none&#8220; alignment=&#8220;&#8220; border_radius=&#8220;none&#8220; box_shadow=&#8220;none&#8220; image_loading=&#8220;default&#8220; max_width=&#8220;100%&#8220; max_width_mobile=&#8220;default&#8220;][\/vc_column][\/vc_row][vc_row type=&#8220;in_container&#8220; full_screen_row_position=&#8220;middle&#8220; column_margin=&#8220;default&#8220; column_direction=&#8220;default&#8220; column_direction_tablet=&#8220;default&#8220; column_direction_phone=&#8220;default&#8220; scene_position=&#8220;center&#8220; top_padding=&#8220;5%&#8220; constrain_group_1=&#8220;yes&#8220; bottom_padding=&#8220;5%&#8220; text_color=&#8220;dark&#8220; text_align=&#8220;left&#8220; row_border_radius=&#8220;none&#8220; row_border_radius_applies=&#8220;bg&#8220; overflow=&#8220;visible&#8220; overlay_strength=&#8220;0.3&#8243; gradient_direction=&#8220;left_to_right&#8220; shape_divider_position=&#8220;bottom&#8220; bg_image_animation=&#8220;none&#8220; gradient_type=&#8220;default&#8220; shape_type=&#8220;&#8220;][vc_column column_padding=&#8220;no-extra-padding&#8220; column_padding_tablet=&#8220;inherit&#8220; column_padding_phone=&#8220;inherit&#8220; column_padding_position=&#8220;all&#8220; column_element_direction_desktop=&#8220;default&#8220; column_element_spacing=&#8220;default&#8220; desktop_text_alignment=&#8220;default&#8220; tablet_text_alignment=&#8220;default&#8220; phone_text_alignment=&#8220;default&#8220; background_color_opacity=&#8220;1&#8243; background_hover_color_opacity=&#8220;1&#8243; column_backdrop_filter=&#8220;none&#8220; column_shadow=&#8220;none&#8220; column_border_radius=&#8220;none&#8220; column_link_target=&#8220;_self&#8220; column_position=&#8220;default&#8220; gradient_direction=&#8220;left_to_right&#8220; overlay_strength=&#8220;0.3&#8243; width=&#8220;1\/1&#8243; tablet_width_inherit=&#8220;default&#8220; animation_type=&#8220;default&#8220; bg_image_animation=&#8220;none&#8220; border_type=&#8220;simple&#8220; column_border_width=&#8220;none&#8220; column_border_style=&#8220;solid&#8220;]\t\t\t\t\n\t\t\t\t\n\t\t\t\t\n\t\t\t<div class=\"portfolio-wrap \">\n\t\t\t\t\t\n\t\t\t\t\t\t\t\t\t\n\t\t\t\t<span class=\"portfolio-loading  none\">   <\/span>\n\t\t\t\t\t\n\t\t\t\t\t\t\t\t\t\n\t\t\t\t<div class=\"row portfolio-items no-masonry  \" data-rcp=\"false\" data-masonry-type=\"default\" data-ps=\"1\" data-starting-filter=\"\" data-gutter=\"default\" data-categories-to-show=\"koordinatenschleifmaschinen\" data-bypass-cropping=\"\" data-lightbox-only=\"0\" data-col-num=\"cols-3\">\n\t\t\t\t\t\t\t\t\t\t\n\t\t\t<\/div><!--\/portfolio-->\n\t\t<\/div><!--\/portfolio wrap-->\n\t\t\t\n\t\t[\/vc_column][\/vc_row]\n","protected":false},"excerpt":{"rendered":"<p>[vc_row type=&#8220;in_container&#8220; full_screen_row_position=&#8220;middle&#8220; column_margin=&#8220;default&#8220; column_direction=&#8220;default&#8220; column_direction_tablet=&#8220;default&#8220; column_direction_phone=&#8220;default&#8220; scene_position=&#8220;center&#8220; bottom_padding=&#8220;3%&#8220; top_margin=&#8220;3%&#8220; bottom_margin=&#8220;2%&#8220; bottom_margin_tablet=&#8220;60&#8243; text_color=&#8220;dark&#8220; text_align=&#8220;left&#8220; row_border_radius=&#8220;none&#8220; row_border_radius_applies=&#8220;bg&#8220; overflow=&#8220;visible&#8220; overlay_strength=&#8220;0.3&#8243; gradient_direction=&#8220;left_to_right&#8220; shape_divider_position=&#8220;bottom&#8220; bg_image_animation=&#8220;none&#8220; shape_type=&#8220;&#8220; gradient_type=&#8220;default&#8220;][vc_column column_padding=&#8220;no-extra-padding&#8220; column_padding_tablet=&#8220;inherit&#8220; column_padding_phone=&#8220;inherit&#8220; column_padding_position=&#8220;all&#8220; top_margin=&#8220;2%&#8220; column_element_direction_desktop=&#8220;default&#8220; column_element_spacing=&#8220;default&#8220;&#8230;<\/p>\n","protected":false},"author":23,"featured_media":0,"parent":0,"menu_order":0,"comment_status":"closed","ping_status":"closed","template":"","meta":{"inline_featured_image":false,"footnotes":""},"class_list":["post-12899","page","type-page","status-publish"],"yoast_head":"<!-- This site is optimized with the Yoast SEO plugin v26.9 - https:\/\/yoast.com\/product\/yoast-seo-wordpress\/ -->\n<title>Coordinated Grinding - Kellenberger<\/title>\n<meta name=\"description\" content=\"Kellenberger Koordinatenschleifmaschinen stehen f\u00fcr herausragende Pr\u00e4zision und Flexibilit\u00e4t in der industriellen Fertigung.\" \/>\n<meta name=\"robots\" content=\"index, follow, max-snippet:-1, max-image-preview:large, max-video-preview:-1\" \/>\n<link rel=\"canonical\" href=\"https:\/\/kellenberger.com\/de\/coordinated-grinding\/\" \/>\n<meta property=\"og:locale\" content=\"de_DE\" \/>\n<meta property=\"og:type\" content=\"article\" \/>\n<meta property=\"og:title\" content=\"Coordinated Grinding - Kellenberger\" \/>\n<meta property=\"og:description\" content=\"Kellenberger Koordinatenschleifmaschinen stehen f\u00fcr herausragende Pr\u00e4zision und Flexibilit\u00e4t in der industriellen Fertigung.\" \/>\n<meta property=\"og:url\" content=\"https:\/\/kellenberger.com\/de\/coordinated-grinding\/\" \/>\n<meta property=\"og:site_name\" content=\"Kellenberger\" \/>\n<meta property=\"article:modified_time\" content=\"2025-04-24T10:55:59+00:00\" \/>\n<meta name=\"twitter:card\" content=\"summary_large_image\" \/>\n<meta name=\"twitter:label1\" content=\"Gesch\u00e4tzte Lesezeit\" \/>\n\t<meta name=\"twitter:data1\" content=\"2\u00a0Minuten\" \/>\n<script type=\"application\/ld+json\" class=\"yoast-schema-graph\">{\"@context\":\"https:\/\/schema.org\",\"@graph\":[{\"@type\":\"WebPage\",\"@id\":\"https:\/\/kellenberger.com\/de\/coordinated-grinding\/\",\"url\":\"https:\/\/kellenberger.com\/de\/coordinated-grinding\/\",\"name\":\"Coordinated Grinding - Kellenberger\",\"isPartOf\":{\"@id\":\"https:\/\/kellenberger.com\/de\/#website\"},\"datePublished\":\"2024-11-25T13:27:44+00:00\",\"dateModified\":\"2025-04-24T10:55:59+00:00\",\"description\":\"Kellenberger Koordinatenschleifmaschinen stehen f\u00fcr herausragende Pr\u00e4zision und Flexibilit\u00e4t in der industriellen Fertigung.\",\"breadcrumb\":{\"@id\":\"https:\/\/kellenberger.com\/de\/coordinated-grinding\/#breadcrumb\"},\"inLanguage\":\"de\",\"potentialAction\":[{\"@type\":\"ReadAction\",\"target\":[\"https:\/\/kellenberger.com\/de\/coordinated-grinding\/\"]}]},{\"@type\":\"BreadcrumbList\",\"@id\":\"https:\/\/kellenberger.com\/de\/coordinated-grinding\/#breadcrumb\",\"itemListElement\":[{\"@type\":\"ListItem\",\"position\":1,\"name\":\"Home\",\"item\":\"https:\/\/kellenberger.com\/de\/\"},{\"@type\":\"ListItem\",\"position\":2,\"name\":\"Coordinated Grinding\"}]},{\"@type\":\"WebSite\",\"@id\":\"https:\/\/kellenberger.com\/de\/#website\",\"url\":\"https:\/\/kellenberger.com\/de\/\",\"name\":\"Kellenberger\",\"description\":\"Hersteller von multifunktionalen Pr\u00e4zisions-Drehmaschinen und Drehzentren.\",\"publisher\":{\"@id\":\"https:\/\/kellenberger.com\/de\/#organization\"},\"potentialAction\":[{\"@type\":\"SearchAction\",\"target\":{\"@type\":\"EntryPoint\",\"urlTemplate\":\"https:\/\/kellenberger.com\/de\/?s={search_term_string}\"},\"query-input\":{\"@type\":\"PropertyValueSpecification\",\"valueRequired\":true,\"valueName\":\"search_term_string\"}}],\"inLanguage\":\"de\"},{\"@type\":\"Organization\",\"@id\":\"https:\/\/kellenberger.com\/de\/#organization\",\"name\":\"Kellenberger Machines Holdings GmbH\",\"url\":\"https:\/\/kellenberger.com\/de\/\",\"logo\":{\"@type\":\"ImageObject\",\"inLanguage\":\"de\",\"@id\":\"https:\/\/kellenberger.com\/de\/#\/schema\/logo\/image\/\",\"url\":\"https:\/\/kellenberger.com\/wp-content\/uploads\/2025\/03\/2024_Kellenberger_Logo_blue_rgb.svg\",\"contentUrl\":\"https:\/\/kellenberger.com\/wp-content\/uploads\/2025\/03\/2024_Kellenberger_Logo_blue_rgb.svg\",\"width\":1520,\"height\":289,\"caption\":\"Kellenberger Machines Holdings GmbH\"},\"image\":{\"@id\":\"https:\/\/kellenberger.com\/de\/#\/schema\/logo\/image\/\"},\"sameAs\":[\"https:\/\/www.linkedin.com\/company\/hardinge-kellenberger-ag\/\",\"https:\/\/www.youtube.com\/channel\/UC72tV-V11t_SHzd7Hk3NdkQ\",\"https:\/\/www.instagram.com\/kellenberger_ag\/\"]}]}<\/script>\n<!-- \/ Yoast SEO plugin. -->","yoast_head_json":{"title":"Coordinated Grinding - Kellenberger","description":"Kellenberger Koordinatenschleifmaschinen stehen f\u00fcr herausragende Pr\u00e4zision und Flexibilit\u00e4t in der industriellen Fertigung.","robots":{"index":"index","follow":"follow","max-snippet":"max-snippet:-1","max-image-preview":"max-image-preview:large","max-video-preview":"max-video-preview:-1"},"canonical":"https:\/\/kellenberger.com\/de\/coordinated-grinding\/","og_locale":"de_DE","og_type":"article","og_title":"Coordinated Grinding - Kellenberger","og_description":"Kellenberger Koordinatenschleifmaschinen stehen f\u00fcr herausragende Pr\u00e4zision und Flexibilit\u00e4t in der industriellen Fertigung.","og_url":"https:\/\/kellenberger.com\/de\/coordinated-grinding\/","og_site_name":"Kellenberger","article_modified_time":"2025-04-24T10:55:59+00:00","twitter_card":"summary_large_image","twitter_misc":{"Gesch\u00e4tzte Lesezeit":"2\u00a0Minuten"},"schema":{"@context":"https:\/\/schema.org","@graph":[{"@type":"WebPage","@id":"https:\/\/kellenberger.com\/de\/coordinated-grinding\/","url":"https:\/\/kellenberger.com\/de\/coordinated-grinding\/","name":"Coordinated Grinding - Kellenberger","isPartOf":{"@id":"https:\/\/kellenberger.com\/de\/#website"},"datePublished":"2024-11-25T13:27:44+00:00","dateModified":"2025-04-24T10:55:59+00:00","description":"Kellenberger Koordinatenschleifmaschinen stehen f\u00fcr herausragende Pr\u00e4zision und Flexibilit\u00e4t in der industriellen Fertigung.","breadcrumb":{"@id":"https:\/\/kellenberger.com\/de\/coordinated-grinding\/#breadcrumb"},"inLanguage":"de","potentialAction":[{"@type":"ReadAction","target":["https:\/\/kellenberger.com\/de\/coordinated-grinding\/"]}]},{"@type":"BreadcrumbList","@id":"https:\/\/kellenberger.com\/de\/coordinated-grinding\/#breadcrumb","itemListElement":[{"@type":"ListItem","position":1,"name":"Home","item":"https:\/\/kellenberger.com\/de\/"},{"@type":"ListItem","position":2,"name":"Coordinated Grinding"}]},{"@type":"WebSite","@id":"https:\/\/kellenberger.com\/de\/#website","url":"https:\/\/kellenberger.com\/de\/","name":"Kellenberger","description":"Hersteller von multifunktionalen Pr\u00e4zisions-Drehmaschinen und Drehzentren.","publisher":{"@id":"https:\/\/kellenberger.com\/de\/#organization"},"potentialAction":[{"@type":"SearchAction","target":{"@type":"EntryPoint","urlTemplate":"https:\/\/kellenberger.com\/de\/?s={search_term_string}"},"query-input":{"@type":"PropertyValueSpecification","valueRequired":true,"valueName":"search_term_string"}}],"inLanguage":"de"},{"@type":"Organization","@id":"https:\/\/kellenberger.com\/de\/#organization","name":"Kellenberger Machines Holdings GmbH","url":"https:\/\/kellenberger.com\/de\/","logo":{"@type":"ImageObject","inLanguage":"de","@id":"https:\/\/kellenberger.com\/de\/#\/schema\/logo\/image\/","url":"https:\/\/kellenberger.com\/wp-content\/uploads\/2025\/03\/2024_Kellenberger_Logo_blue_rgb.svg","contentUrl":"https:\/\/kellenberger.com\/wp-content\/uploads\/2025\/03\/2024_Kellenberger_Logo_blue_rgb.svg","width":1520,"height":289,"caption":"Kellenberger Machines Holdings GmbH"},"image":{"@id":"https:\/\/kellenberger.com\/de\/#\/schema\/logo\/image\/"},"sameAs":["https:\/\/www.linkedin.com\/company\/hardinge-kellenberger-ag\/","https:\/\/www.youtube.com\/channel\/UC72tV-V11t_SHzd7Hk3NdkQ","https:\/\/www.instagram.com\/kellenberger_ag\/"]}]}},"_links":{"self":[{"href":"https:\/\/kellenberger.com\/de\/wp-json\/wp\/v2\/pages\/12899","targetHints":{"allow":["GET"]}}],"collection":[{"href":"https:\/\/kellenberger.com\/de\/wp-json\/wp\/v2\/pages"}],"about":[{"href":"https:\/\/kellenberger.com\/de\/wp-json\/wp\/v2\/types\/page"}],"author":[{"embeddable":true,"href":"https:\/\/kellenberger.com\/de\/wp-json\/wp\/v2\/users\/23"}],"replies":[{"embeddable":true,"href":"https:\/\/kellenberger.com\/de\/wp-json\/wp\/v2\/comments?post=12899"}],"version-history":[{"count":15,"href":"https:\/\/kellenberger.com\/de\/wp-json\/wp\/v2\/pages\/12899\/revisions"}],"predecessor-version":[{"id":19303,"href":"https:\/\/kellenberger.com\/de\/wp-json\/wp\/v2\/pages\/12899\/revisions\/19303"}],"wp:attachment":[{"href":"https:\/\/kellenberger.com\/de\/wp-json\/wp\/v2\/media?parent=12899"}],"curies":[{"name":"wp","href":"https:\/\/api.w.org\/{rel}","templated":true}]}}