{"id":22701,"date":"2025-12-04T15:48:50","date_gmt":"2025-12-04T14:48:50","guid":{"rendered":"https:\/\/kellenberger.com\/america\/jig-grinding\/"},"modified":"2026-01-09T11:08:28","modified_gmt":"2026-01-09T10:08:28","slug":"jig-grinding","status":"publish","type":"page","link":"https:\/\/kellenberger.com\/america\/es\/jig-grinding\/","title":{"rendered":"Rectificadoras de coordenadas"},"content":{"rendered":"[vc_row type=\u00bbin_container\u00bb full_screen_row_position=\u00bbmiddle\u00bb column_margin=\u00bbdefault\u00bb column_direction=\u00bbdefault\u00bb column_direction_tablet=\u00bbdefault\u00bb column_direction_phone=\u00bbdefault\u00bb scene_position=\u00bbcenter\u00bb bottom_padding=\u00bb3%\u00bb top_margin=\u00bb3%\u00bb bottom_margin=\u00bb2%\u00bb bottom_margin_tablet=\u00bb60&#8243; text_color=\u00bbdark\u00bb text_align=\u00bbleft\u00bb row_border_radius=\u00bbnone\u00bb row_border_radius_applies=\u00bbbg\u00bb overflow=\u00bbvisible\u00bb overlay_strength=\u00bb0.3&#8243; gradient_direction=\u00bbleft_to_right\u00bb shape_divider_position=\u00bbbottom\u00bb bg_image_animation=\u00bbnone\u00bb shape_type=\u00bb\u00bb gradient_type=\u00bbdefault\u00bb][vc_column column_padding=\u00bbno-extra-padding\u00bb column_padding_tablet=\u00bbinherit\u00bb column_padding_phone=\u00bbinherit\u00bb column_padding_position=\u00bball\u00bb top_margin=\u00bb2%\u00bb column_element_direction_desktop=\u00bbdefault\u00bb column_element_spacing=\u00bbdefault\u00bb desktop_text_alignment=\u00bbdefault\u00bb tablet_text_alignment=\u00bbdefault\u00bb phone_text_alignment=\u00bbdefault\u00bb background_color_opacity=\u00bb1&#8243; background_hover_color_opacity=\u00bb1&#8243; column_backdrop_filter=\u00bbnone\u00bb column_shadow=\u00bbnone\u00bb column_border_radius=\u00bbnone\u00bb column_link_target=\u00bb_self\u00bb column_position=\u00bbdefault\u00bb gradient_direction=\u00bbleft_to_right\u00bb overlay_strength=\u00bb0.3&#8243; width=\u00bb1\/2&#8243; tablet_width_inherit=\u00bbdefault\u00bb animation_type=\u00bbdefault\u00bb bg_image_animation=\u00bbnone\u00bb border_type=\u00bbsimple\u00bb column_border_width=\u00bbnone\u00bb column_border_style=\u00bbsolid\u00bb][vc_custom_heading text=\u00bbRectificadoras de coordenadas\u00bb font_container=\u00bbtag:h1|text_align:left\u00bb use_theme_fonts=\u00bbyes\u00bb][vc_column_text css=\u00bb.vc_custom_1765276550626{padding-top: 5% !important;padding-right: 2% !important;}\u00bb text_direction=\u00bbdefault\u00bb]Las rectificadoras de coordenadas Kellenberger son sin\u00f3nimo de precisi\u00f3n y flexibilidad en la fabricaci\u00f3n industrial. Equipadas con tecnolog\u00eda punta, ofrecen soluciones para tareas de mecanizado complejas en diversos sectores, como automoci\u00f3n, utillaje, tecnolog\u00eda m\u00e9dica y aeroespacial. <\/p>\n<p>Nuestros modelos:<\/p>\n<ul>\n<li><a href=\"https:\/\/kellenberger.com\/america\/product\/kellenberger-h4000\/\"><strong>KELLENBERGER H4000<\/strong><\/a>: Dise\u00f1ada para los requisitos m\u00e1s exigentes, esta m\u00e1quina rectifica y fresa orificios, contornos y gu\u00edas en materiales como acero, cer\u00e1mica y metales duros. Con su robusta construcci\u00f3n y su innovador cabezal de rectificado, la KELLENBERGER H4000 ofrece un rendimiento fiable y mantiene la precisi\u00f3n incluso en condiciones extremas. <\/li>\n<li><a href=\"https:\/\/kellenberger.com\/america\/product\/kellenberger-h2000\/\"><strong>KELLENBERGER H2000<\/strong>:<\/a> Esta rectificadora universal de plantilla combina el rectificado y el fresado en duro en un solo sistema. Su construcci\u00f3n de doble bastidor garantiza una mayor rigidez y una mayor precisi\u00f3n, lo que la hace ideal para aplicaciones exigentes. Tambi\u00e9n ofrece capacidades vers\u00e1tiles y automatizaci\u00f3n integrada, lo que la convierte en la elecci\u00f3n perfecta para las empresas que desean mejorar la calidad y la eficacia.  <\/li>\n<\/ul>\n<p>Las m\u00e1quinas Kellenberger garantizan resultados precisos, superficies impecables y gran eficacia. Se integran perfectamente en los procesos de producci\u00f3n existentes, mejorando la productividad y garantizando una calidad constante. <\/p>\n<p>Las tecnolog\u00edas avanzadas, como los sistemas de medici\u00f3n de alta resoluci\u00f3n, los controles optimizados y las interfaces de usuario intuitivas, hacen que estas m\u00e1quinas sean excepcionalmente f\u00e1ciles de usar. No s\u00f3lo garantizan la seguridad del proceso, sino que tambi\u00e9n est\u00e1n preparadas para el futuro, para los pr\u00f3ximos retos de la industria. <\/p>\n<p>Conf\u00eda en la calidad y la innovaci\u00f3n de Kellenberger para elevar tu producci\u00f3n al siguiente nivel. Consigue el \u00e9xito a largo plazo en un mercado competitivo con soluciones fiables y de vanguardia.[\/vc_column_text][\/vc_column][vc_column column_padding=\u00bbno-extra-padding\u00bb column_padding_tablet=\u00bbinherit\u00bb column_padding_phone=\u00bbinherit\u00bb column_padding_position=\u00bball\u00bb column_element_direction_desktop=\u00bbdefault\u00bb column_element_spacing=\u00bbdefault\u00bb desktop_text_alignment=\u00bbdefault\u00bb tablet_text_alignment=\u00bbdefault\u00bb phone_text_alignment=\u00bbdefault\u00bb background_color_opacity=\u00bb1&#8243; background_hover_color_opacity=\u00bb1&#8243; column_backdrop_filter=\u00bbnone\u00bb column_shadow=\u00bbnone\u00bb column_border_radius=\u00bbnone\u00bb column_link_target=\u00bb_self\u00bb column_position=\u00bbdefault\u00bb gradient_direction=\u00bbleft_to_right\u00bb overlay_strength=\u00bb0.3&#8243; width=\u00bb1\/2&#8243; tablet_width_inherit=\u00bbdefault\u00bb animation_type=\u00bbdefault\u00bb bg_image_animation=\u00bbnone\u00bb border_type=\u00bbsimple\u00bb column_border_width=\u00bbnone\u00bb column_border_style=\u00bbsolid\u00bb][image_with_animation image_url=\u00bb16357&#8243; image_size=\u00bbfull\u00bb max_width=\u00bb100%\u00bb max_width_mobile=\u00bbdefault\u00bb animation_type=\u00bbentrance\u00bb animation=\u00bbNone\u00bb animation_movement_type=\u00bbtransform_y\u00bb hover_animation=\u00bbnone\u00bb alignment=\u00bb\u00bb border_radius=\u00bbnone\u00bb box_shadow=\u00bbnone\u00bb image_loading=\u00bbdefault\u00bb][\/vc_column][\/vc_row][vc_row type=\u00bbin_container\u00bb full_screen_row_position=\u00bbmiddle\u00bb column_margin=\u00bbdefault\u00bb column_direction=\u00bbdefault\u00bb column_direction_tablet=\u00bbdefault\u00bb column_direction_phone=\u00bbdefault\u00bb scene_position=\u00bbcenter\u00bb top_padding=\u00bb5%\u00bb constrain_group_1=\u00bbyes\u00bb bottom_padding=\u00bb5%\u00bb text_color=\u00bbdark\u00bb text_align=\u00bbleft\u00bb row_border_radius=\u00bbnone\u00bb row_border_radius_applies=\u00bbbg\u00bb overflow=\u00bbvisible\u00bb overlay_strength=\u00bb0.3&#8243; gradient_direction=\u00bbleft_to_right\u00bb shape_divider_position=\u00bbbottom\u00bb bg_image_animation=\u00bbnone\u00bb gradient_type=\u00bbdefault\u00bb shape_type=\u00bb\u00bb][vc_column column_padding=\u00bbno-extra-padding\u00bb column_padding_tablet=\u00bbinherit\u00bb column_padding_phone=\u00bbinherit\u00bb column_padding_position=\u00bball\u00bb column_element_direction_desktop=\u00bbdefault\u00bb column_element_spacing=\u00bbdefault\u00bb desktop_text_alignment=\u00bbdefault\u00bb tablet_text_alignment=\u00bbdefault\u00bb phone_text_alignment=\u00bbdefault\u00bb background_color_opacity=\u00bb1&#8243; background_hover_color_opacity=\u00bb1&#8243; column_backdrop_filter=\u00bbnone\u00bb column_shadow=\u00bbnone\u00bb column_border_radius=\u00bbnone\u00bb column_link_target=\u00bb_self\u00bb column_position=\u00bbdefault\u00bb gradient_direction=\u00bbleft_to_right\u00bb overlay_strength=\u00bb0.3&#8243; width=\u00bb1\/1&#8243; tablet_width_inherit=\u00bbdefault\u00bb animation_type=\u00bbdefault\u00bb bg_image_animation=\u00bbnone\u00bb border_type=\u00bbsimple\u00bb column_border_width=\u00bbnone\u00bb column_border_style=\u00bbsolid\u00bb]\t\t\t\t\n\t\t\t\t\n\t\t\t\t\n\t\t\t<div class=\"portfolio-wrap \">\n\t\t\t\t\t\n\t\t\t\t\t\t\t\t\t\n\t\t\t\t<span class=\"portfolio-loading  none\">   <\/span>\n\t\t\t\t\t\n\t\t\t\t\t\t\t\t\t\n\t\t\t\t<div class=\"row portfolio-items masonry-items  fullwidth-constrained  \" data-rcp=\"false\" data-masonry-type=\"default\" data-ps=\"8\" data-starting-filter=\"\" data-gutter=\"10px\" data-categories-to-show=\"jig-grinding\" data-bypass-cropping=\"\" data-lightbox-only=\"0\" data-col-num=\"elastic\">\n\t\t\t\t\t\t\t\t\t\t\t\n\t\t\t\t\t\t\t\t\t\t\t\n\t\t\t\t\t<div class=\"col elastic-portfolio-item wide_tall element molienda-jig \"  data-project-cat=\"molienda-jig \" data-default-color=\"true\" data-title-color=\"\" data-subtitle-color=\"\">\n\t\t\t\t\t\t\t\n\t\t\t\t\t\t<div class=\"inner-wrap animated\" data-animation=\"fade_in\">\n\t\t\t\t\t\t\t\t\n\t\t\t\t\t\t\t\t\t\t\t\t\t\t\t\t\n\t\t\t\t\t\t\t\t<div class=\"work-item style-2\" data-custom-content=\"on\">\n\t\t\t\t\t\t\t\t\t\t\n\t\t\t\t\t\t\t\t\t<img decoding=\"async\" class=\"no-img\" src=\"https:\/\/kellenberger.com\/america\/wp-content\/plugins\/salient-portfolio\/img\/no-portfolio-item-tiny.jpg\" alt=\"KELLENBERGER H2000\" \/>\t\t\t\t\t\t\t\t\t\t\n\t\t\t\t\t\t\t\t\t<div class=\"work-info-bg\"><\/div>\n\t\t\t\t\t\t\t\t\t<div class=\"work-info\">\n\t\t\t\t\t\t\t\t\t\t\t\n\t\t\t\t\t\t\t\t\t\t<a href=\"https:\/\/kellenberger.com\/america\/es\/product\/kellenberger-h2000\/\"><span class=\"screen-reader-text\">KELLENBERGER H2000<\/span><\/a>\t\t\t\t\t\t\t\t\t\t\t\n\t\t\t\t\t\t\t\t\t\t\t\n\t\t\t\t\t\t\t\t\t\t<div class=\"vert-center\">\n\t\t\t\t\t\t\t\t\t\t\t<div class=\"custom-content\"><h3>MOLIENDA JiG<\/h3>\r\n<h2>H2000<\/h2><\/div>\t\t\t\t\t\t\t\t\t\t<\/div><!--\/vert-center-->\n\t\t\t\t\t\t\t\t\t\t\t\n\t\t\t\t\t\t\t\t\t<\/div>\n\t\t\t\t\t\t\t\t<\/div><!--work-item-->\n\t\t\t\t\t\t\t\t\t\n\t\t\t\t\t\t\t\t\t\t\t\t\t\t\t\n\t\t\t\t\t\t\t\t\n\t\t\t\t\t\t<\/div><!--\/inner-wrap-->\n\t\t\t\t\t<\/div><!--\/col-->\n\t\t\t\t\t\t\n\t\t\t\t\t\t\t\t\t\t\n\t\t\t\t\t\t\t\t\t\t\t\n\t\t\t\t\t<div class=\"col elastic-portfolio-item wide element molienda-jig \"  data-project-cat=\"molienda-jig \" data-default-color=\"true\" data-title-color=\"\" data-subtitle-color=\"\">\n\t\t\t\t\t\t\t\n\t\t\t\t\t\t<div class=\"inner-wrap animated\" data-animation=\"fade_in\">\n\t\t\t\t\t\t\t\t\n\t\t\t\t\t\t\t\t\t\t\t\t\t\t\t\t\n\t\t\t\t\t\t\t\t<div class=\"work-item style-2\" data-custom-content=\"on\">\n\t\t\t\t\t\t\t\t\t\t\n\t\t\t\t\t\t\t\t\t<img decoding=\"async\" class=\"size-wide skip-lazy\" src=\"\" alt=\"\" height=\"\" width=\"\" srcset=\"https:\/\/kellenberger.com\/wp-includes\/images\/media\/default.svg 1000w\" sizes=\"(min-width: 1600px) 40vw, (min-width: 1300px) 50vw, (min-width: 1000px) 66.6vw, (min-width: 690px) 100vw, 100vw\" \/>\t\t\t\t\t\t\t\t\t\t\n\t\t\t\t\t\t\t\t\t<div class=\"work-info-bg\"><\/div>\n\t\t\t\t\t\t\t\t\t<div class=\"work-info\">\n\t\t\t\t\t\t\t\t\t\t\t\n\t\t\t\t\t\t\t\t\t\t<a href=\"https:\/\/kellenberger.com\/america\/es\/product\/kellenberger-h4000\/\"><span class=\"screen-reader-text\">KELLENBERGER H4000<\/span><\/a>\t\t\t\t\t\t\t\t\t\t\t\n\t\t\t\t\t\t\t\t\t\t\t\n\t\t\t\t\t\t\t\t\t\t<div class=\"vert-center\">\n\t\t\t\t\t\t\t\t\t\t\t<div class=\"custom-content\"><h3>MOLIENDA JiG<\/h3>\r\n<h2>H4000<\/h2><\/div>\t\t\t\t\t\t\t\t\t\t<\/div><!--\/vert-center-->\n\t\t\t\t\t\t\t\t\t\t\t\n\t\t\t\t\t\t\t\t\t<\/div>\n\t\t\t\t\t\t\t\t<\/div><!--work-item-->\n\t\t\t\t\t\t\t\t\t\n\t\t\t\t\t\t\t\t\t\t\t\t\t\t\t\n\t\t\t\t\t\t\t\t\n\t\t\t\t\t\t<\/div><!--\/inner-wrap-->\n\t\t\t\t\t<\/div><!--\/col-->\n\t\t\t\t\t\t\n\t\t\t\t\t\t\t\t\t\n\t\t\t<\/div><!--\/portfolio-->\n\t\t<\/div><!--\/portfolio wrap-->\n\t\t\t\n\t\t[\/vc_column][\/vc_row]\n","protected":false},"excerpt":{"rendered":"<p>[vc_row type=\u00bbin_container\u00bb full_screen_row_position=\u00bbmiddle\u00bb column_margin=\u00bbdefault\u00bb column_direction=\u00bbdefault\u00bb column_direction_tablet=\u00bbdefault\u00bb column_direction_phone=\u00bbdefault\u00bb scene_position=\u00bbcenter\u00bb bottom_padding=\u00bb3%\u00bb top_margin=\u00bb3%\u00bb bottom_margin=\u00bb2%\u00bb bottom_margin_tablet=\u00bb60&#8243; text_color=\u00bbdark\u00bb text_align=\u00bbleft\u00bb row_border_radius=\u00bbnone\u00bb row_border_radius_applies=\u00bbbg\u00bb overflow=\u00bbvisible\u00bb overlay_strength=\u00bb0.3&#8243; gradient_direction=\u00bbleft_to_right\u00bb shape_divider_position=\u00bbbottom\u00bb bg_image_animation=\u00bbnone\u00bb shape_type=\u00bb\u00bb gradient_type=\u00bbdefault\u00bb][vc_column column_padding=\u00bbno-extra-padding\u00bb column_padding_tablet=\u00bbinherit\u00bb column_padding_phone=\u00bbinherit\u00bb column_padding_position=\u00bball\u00bb top_margin=\u00bb2%\u00bb column_element_direction_desktop=\u00bbdefault\u00bb column_element_spacing=\u00bbdefault\u00bb&#8230;<\/p>\n","protected":false},"author":1,"featured_media":0,"parent":0,"menu_order":0,"comment_status":"closed","ping_status":"closed","template":"","meta":{"inline_featured_image":false,"footnotes":""},"class_list":["post-22701","page","type-page","status-publish"],"yoast_head":"<!-- This site is optimized with the Yoast SEO plugin v26.9 - https:\/\/yoast.com\/product\/yoast-seo-wordpress\/ -->\n<title>Rectificadoras de coordenadas - Kellenberger Region - America<\/title>\n<meta name=\"robots\" content=\"index, follow, max-snippet:-1, max-image-preview:large, max-video-preview:-1\" \/>\n<link rel=\"canonical\" href=\"https:\/\/kellenberger.com\/america\/es\/jig-grinding\/\" \/>\n<meta property=\"og:locale\" content=\"es_ES\" \/>\n<meta property=\"og:type\" content=\"article\" \/>\n<meta property=\"og:title\" content=\"Rectificadoras de coordenadas - Kellenberger Region - America\" \/>\n<meta property=\"og:description\" content=\"[vc_row type=\u00bbin_container\u00bb full_screen_row_position=\u00bbmiddle\u00bb column_margin=\u00bbdefault\u00bb column_direction=\u00bbdefault\u00bb column_direction_tablet=\u00bbdefault\u00bb column_direction_phone=\u00bbdefault\u00bb scene_position=\u00bbcenter\u00bb bottom_padding=\u00bb3%\u00bb top_margin=\u00bb3%\u00bb bottom_margin=\u00bb2%\u00bb bottom_margin_tablet=\u00bb60&#8243; text_color=\u00bbdark\u00bb text_align=\u00bbleft\u00bb row_border_radius=\u00bbnone\u00bb row_border_radius_applies=\u00bbbg\u00bb overflow=\u00bbvisible\u00bb overlay_strength=\u00bb0.3&#8243; gradient_direction=\u00bbleft_to_right\u00bb shape_divider_position=\u00bbbottom\u00bb bg_image_animation=\u00bbnone\u00bb shape_type=\u00bb\u00bb gradient_type=\u00bbdefault\u00bb][vc_column column_padding=\u00bbno-extra-padding\u00bb column_padding_tablet=\u00bbinherit\u00bb column_padding_phone=\u00bbinherit\u00bb column_padding_position=\u00bball\u00bb top_margin=\u00bb2%\u00bb column_element_direction_desktop=\u00bbdefault\u00bb column_element_spacing=\u00bbdefault\u00bb...\" \/>\n<meta property=\"og:url\" content=\"https:\/\/kellenberger.com\/america\/es\/jig-grinding\/\" \/>\n<meta property=\"og:site_name\" content=\"Kellenberger Region - America\" \/>\n<meta property=\"article:modified_time\" content=\"2026-01-09T10:08:28+00:00\" \/>\n<meta name=\"twitter:card\" content=\"summary_large_image\" \/>\n<meta name=\"twitter:label1\" content=\"Tiempo de lectura\" \/>\n\t<meta name=\"twitter:data1\" content=\"4 minutos\" \/>\n<script type=\"application\/ld+json\" class=\"yoast-schema-graph\">{\"@context\":\"https:\/\/schema.org\",\"@graph\":[{\"@type\":\"WebPage\",\"@id\":\"https:\/\/kellenberger.com\/america\/es\/jig-grinding\/\",\"url\":\"https:\/\/kellenberger.com\/america\/es\/jig-grinding\/\",\"name\":\"Rectificadoras de coordenadas - Kellenberger Region - America\",\"isPartOf\":{\"@id\":\"https:\/\/kellenberger.com\/america\/es\/#website\"},\"datePublished\":\"2025-12-04T14:48:50+00:00\",\"dateModified\":\"2026-01-09T10:08:28+00:00\",\"breadcrumb\":{\"@id\":\"https:\/\/kellenberger.com\/america\/es\/jig-grinding\/#breadcrumb\"},\"inLanguage\":\"es\",\"potentialAction\":[{\"@type\":\"ReadAction\",\"target\":[\"https:\/\/kellenberger.com\/america\/es\/jig-grinding\/\"]}]},{\"@type\":\"BreadcrumbList\",\"@id\":\"https:\/\/kellenberger.com\/america\/es\/jig-grinding\/#breadcrumb\",\"itemListElement\":[{\"@type\":\"ListItem\",\"position\":1,\"name\":\"Home\",\"item\":\"https:\/\/kellenberger.com\/america\/es\/\"},{\"@type\":\"ListItem\",\"position\":2,\"name\":\"Rectificadoras de coordenadas\"}]},{\"@type\":\"WebSite\",\"@id\":\"https:\/\/kellenberger.com\/america\/es\/#website\",\"url\":\"https:\/\/kellenberger.com\/america\/es\/\",\"name\":\"Kellenberger Region - America\",\"description\":\"\",\"potentialAction\":[{\"@type\":\"SearchAction\",\"target\":{\"@type\":\"EntryPoint\",\"urlTemplate\":\"https:\/\/kellenberger.com\/america\/es\/?s={search_term_string}\"},\"query-input\":{\"@type\":\"PropertyValueSpecification\",\"valueRequired\":true,\"valueName\":\"search_term_string\"}}],\"inLanguage\":\"es\"}]}<\/script>\n<!-- \/ Yoast SEO plugin. -->","yoast_head_json":{"title":"Rectificadoras de coordenadas - Kellenberger Region - America","robots":{"index":"index","follow":"follow","max-snippet":"max-snippet:-1","max-image-preview":"max-image-preview:large","max-video-preview":"max-video-preview:-1"},"canonical":"https:\/\/kellenberger.com\/america\/es\/jig-grinding\/","og_locale":"es_ES","og_type":"article","og_title":"Rectificadoras de coordenadas - Kellenberger Region - America","og_description":"[vc_row type=\u00bbin_container\u00bb full_screen_row_position=\u00bbmiddle\u00bb column_margin=\u00bbdefault\u00bb column_direction=\u00bbdefault\u00bb column_direction_tablet=\u00bbdefault\u00bb column_direction_phone=\u00bbdefault\u00bb scene_position=\u00bbcenter\u00bb bottom_padding=\u00bb3%\u00bb top_margin=\u00bb3%\u00bb bottom_margin=\u00bb2%\u00bb bottom_margin_tablet=\u00bb60&#8243; text_color=\u00bbdark\u00bb text_align=\u00bbleft\u00bb row_border_radius=\u00bbnone\u00bb row_border_radius_applies=\u00bbbg\u00bb overflow=\u00bbvisible\u00bb overlay_strength=\u00bb0.3&#8243; gradient_direction=\u00bbleft_to_right\u00bb shape_divider_position=\u00bbbottom\u00bb bg_image_animation=\u00bbnone\u00bb shape_type=\u00bb\u00bb gradient_type=\u00bbdefault\u00bb][vc_column column_padding=\u00bbno-extra-padding\u00bb column_padding_tablet=\u00bbinherit\u00bb column_padding_phone=\u00bbinherit\u00bb column_padding_position=\u00bball\u00bb top_margin=\u00bb2%\u00bb column_element_direction_desktop=\u00bbdefault\u00bb column_element_spacing=\u00bbdefault\u00bb...","og_url":"https:\/\/kellenberger.com\/america\/es\/jig-grinding\/","og_site_name":"Kellenberger Region - America","article_modified_time":"2026-01-09T10:08:28+00:00","twitter_card":"summary_large_image","twitter_misc":{"Tiempo de lectura":"4 minutos"},"schema":{"@context":"https:\/\/schema.org","@graph":[{"@type":"WebPage","@id":"https:\/\/kellenberger.com\/america\/es\/jig-grinding\/","url":"https:\/\/kellenberger.com\/america\/es\/jig-grinding\/","name":"Rectificadoras de coordenadas - Kellenberger Region - America","isPartOf":{"@id":"https:\/\/kellenberger.com\/america\/es\/#website"},"datePublished":"2025-12-04T14:48:50+00:00","dateModified":"2026-01-09T10:08:28+00:00","breadcrumb":{"@id":"https:\/\/kellenberger.com\/america\/es\/jig-grinding\/#breadcrumb"},"inLanguage":"es","potentialAction":[{"@type":"ReadAction","target":["https:\/\/kellenberger.com\/america\/es\/jig-grinding\/"]}]},{"@type":"BreadcrumbList","@id":"https:\/\/kellenberger.com\/america\/es\/jig-grinding\/#breadcrumb","itemListElement":[{"@type":"ListItem","position":1,"name":"Home","item":"https:\/\/kellenberger.com\/america\/es\/"},{"@type":"ListItem","position":2,"name":"Rectificadoras de coordenadas"}]},{"@type":"WebSite","@id":"https:\/\/kellenberger.com\/america\/es\/#website","url":"https:\/\/kellenberger.com\/america\/es\/","name":"Kellenberger Region - America","description":"","potentialAction":[{"@type":"SearchAction","target":{"@type":"EntryPoint","urlTemplate":"https:\/\/kellenberger.com\/america\/es\/?s={search_term_string}"},"query-input":{"@type":"PropertyValueSpecification","valueRequired":true,"valueName":"search_term_string"}}],"inLanguage":"es"}]}},"_links":{"self":[{"href":"https:\/\/kellenberger.com\/america\/es\/wp-json\/wp\/v2\/pages\/22701","targetHints":{"allow":["GET"]}}],"collection":[{"href":"https:\/\/kellenberger.com\/america\/es\/wp-json\/wp\/v2\/pages"}],"about":[{"href":"https:\/\/kellenberger.com\/america\/es\/wp-json\/wp\/v2\/types\/page"}],"author":[{"embeddable":true,"href":"https:\/\/kellenberger.com\/america\/es\/wp-json\/wp\/v2\/users\/1"}],"replies":[{"embeddable":true,"href":"https:\/\/kellenberger.com\/america\/es\/wp-json\/wp\/v2\/comments?post=22701"}],"version-history":[{"count":1,"href":"https:\/\/kellenberger.com\/america\/es\/wp-json\/wp\/v2\/pages\/22701\/revisions"}],"predecessor-version":[{"id":22705,"href":"https:\/\/kellenberger.com\/america\/es\/wp-json\/wp\/v2\/pages\/22701\/revisions\/22705"}],"wp:attachment":[{"href":"https:\/\/kellenberger.com\/america\/es\/wp-json\/wp\/v2\/media?parent=22701"}],"curies":[{"name":"wp","href":"https:\/\/api.w.org\/{rel}","templated":true}]}}