{"id":22697,"date":"2025-12-04T15:48:10","date_gmt":"2025-12-04T14:48:10","guid":{"rendered":"https:\/\/kellenberger.com\/america\/od-grinding\/"},"modified":"2026-01-09T11:08:28","modified_gmt":"2026-01-09T10:08:28","slug":"od-grinding","status":"publish","type":"page","link":"https:\/\/kellenberger.com\/america\/es\/od-grinding\/","title":{"rendered":"Rectificado OD"},"content":{"rendered":"[vc_row type=\u00bbin_container\u00bb full_screen_row_position=\u00bbmiddle\u00bb column_margin=\u00bbdefault\u00bb column_direction=\u00bbdefault\u00bb column_direction_tablet=\u00bbdefault\u00bb column_direction_phone=\u00bbdefault\u00bb scene_position=\u00bbcenter\u00bb bottom_margin_tablet=\u00bb60&#8243; text_color=\u00bbdark\u00bb text_align=\u00bbleft\u00bb row_border_radius=\u00bbnone\u00bb row_border_radius_applies=\u00bbbg\u00bb overflow=\u00bbvisible\u00bb overlay_strength=\u00bb0.3&#8243; gradient_direction=\u00bbleft_to_right\u00bb shape_divider_position=\u00bbbottom\u00bb bg_image_animation=\u00bbnone\u00bb shape_type=\u00bb\u00bb gradient_type=\u00bbdefault\u00bb][vc_column column_padding=\u00bbno-extra-padding\u00bb column_padding_tablet=\u00bbinherit\u00bb column_padding_phone=\u00bbinherit\u00bb column_padding_position=\u00bball\u00bb top_margin=\u00bb2%\u00bb column_element_direction_desktop=\u00bbdefault\u00bb column_element_spacing=\u00bbdefault\u00bb desktop_text_alignment=\u00bbdefault\u00bb tablet_text_alignment=\u00bbdefault\u00bb phone_text_alignment=\u00bbdefault\u00bb background_color_opacity=\u00bb1&#8243; background_hover_color_opacity=\u00bb1&#8243; column_backdrop_filter=\u00bbnone\u00bb column_shadow=\u00bbnone\u00bb column_border_radius=\u00bbnone\u00bb column_link_target=\u00bb_self\u00bb column_position=\u00bbdefault\u00bb gradient_direction=\u00bbleft_to_right\u00bb overlay_strength=\u00bb0.3&#8243; width=\u00bb1\/2&#8243; tablet_width_inherit=\u00bbdefault\u00bb animation_type=\u00bbdefault\u00bb bg_image_animation=\u00bbnone\u00bb border_type=\u00bbsimple\u00bb column_border_width=\u00bbnone\u00bb column_border_style=\u00bbsolid\u00bb][vc_custom_heading text=\u00bbRectificadoras cil\u00edndricas\u00bb font_container=\u00bbtag:h1|text_align:left\u00bb use_theme_fonts=\u00bbyes\u00bb][vc_column_text css=\u00bb.vc_custom_1765276444494{padding-top: 5% !important;padding-right: 2% !important;}\u00bb text_direction=\u00bbdefault\u00bb]\n<h4 data-pm-slice=\"1 1 []\">Rectificadoras cil\u00edndricas Kellenberger: Precisi\u00f3n y flexibilidad redefinidas<\/h4>\n<p>Las rectificadoras cil\u00edndricas Kellenberger son sin\u00f3nimo en todo el mundo de precisi\u00f3n, flexibilidad y m\u00e1xima calidad en la producci\u00f3n industrial. Nuestras m\u00e1quinas se utilizan en diversas industrias, como la automovil\u00edstica, la aeroespacial y la de fabricaci\u00f3n de herramientas, y ofrecen soluciones personalizadas para las tareas de rectificado m\u00e1s exigentes. <\/p>\n<h4>Precisi\u00f3n de primera clase para las aplicaciones m\u00e1s exigentes<\/h4>\n<p>Equipadas con la tecnolog\u00eda m\u00e1s avanzada, las rectificadoras cil\u00edndricas Kellenberger garantizan resultados precisos, una excelente calidad de superficie y fiabilidad a largo plazo. Tanto si se trata de componentes peque\u00f1os como de piezas m\u00e1s grandes, nuestras m\u00e1quinas gestionan con facilidad requisitos complejos y garantizan la m\u00e1xima eficacia en tu producci\u00f3n. <\/p>\n<h4>Del nivel b\u00e1sico al avanzado: La gama de m\u00e1quinas<\/h4>\n<p>Nuestros modelos cubren una amplia gama de aplicaciones: La <a href=\"https:\/\/kellenberger.com\/america\/product\/k10\/\"><strong>KELLENBERGER K10<\/strong><\/a> ofrece una soluci\u00f3n econ\u00f3mica de nivel b\u00e1sico para tareas de rectificado est\u00e1ndar, mientras que la <a href=\"https:\/\/kellenberger.com\/america\/product\/kellenberger-k100\/\"><strong>KELLENBERGER K100<\/strong><\/a> satisface sin esfuerzo requisitos m\u00e1s complejos gracias a su versatilidad y dise\u00f1o modular. La <a href=\"https:\/\/kellenberger.com\/america\/product\/kellenberger-k1000\/\"><strong>KELLENBERGER K1000<\/strong> <\/a>est\u00e1 en lo m\u00e1s alto de la gama e impresiona por su tecnolog\u00eda punta, m\u00e1xima precisi\u00f3n y gran flexibilidad para los procesos de producci\u00f3n m\u00e1s exigentes. <\/p>\n<h4>Soluciones de rectificado personalizadas para las necesidades de la fabricaci\u00f3n moderna<\/h4>\n<p>Gracias a su versatilidad y a la posibilidad de personalizaci\u00f3n, las rectificadoras cil\u00edndricas Kellenberger se adaptan de forma \u00f3ptima a los requisitos espec\u00edficos de los procesos de fabricaci\u00f3n modernos. Esto las convierte en la opci\u00f3n ideal para las empresas que dan prioridad a la calidad, la productividad y la fiabilidad. <\/p>\n<h4>Funcionamiento intuitivo y dise\u00f1o robusto<\/h4>\n<p>Otra ventaja de nuestras m\u00e1quinas es su manejo intuitivo, que no s\u00f3lo ahorra tiempo, sino que tambi\u00e9n minimiza las necesidades de formaci\u00f3n. Su dise\u00f1o robusto garantiza una larga vida \u00fatil y reduce los costes de mantenimiento, lo que resulta perfecto para las empresas que dan prioridad a la producci\u00f3n continua y minimizan los tiempos de inactividad. <\/p>\n<h4>Maximiza la productividad con las rectificadoras cil\u00edndricas Kellenberger<\/h4>\n<p>Elige las rectificadoras cil\u00edndricas Kellenberger y lleva tu producci\u00f3n a un nuevo nivel. Nuestras m\u00e1quinas no s\u00f3lo son potentes, sino tambi\u00e9n una valiosa herramienta para las empresas que quieren diferenciarse en el mercado mediante la precisi\u00f3n y la calidad. <\/p>\n<h4>\u00bfPor qu\u00e9 elegir Kellenberger?<\/h4>\n<ul data-spread=\"false\">\n<li>Precisi\u00f3n al m\u00e1s alto nivel<\/li>\n<li>Soluciones personalizadas para diversas industrias<\/li>\n<li>Dise\u00f1o duradero y de bajo mantenimiento<\/li>\n<li>Funcionamiento intuitivo para la m\u00e1xima eficacia<\/li>\n<\/ul>\n<h4>Kellenberger &#8211; Tu socio de confianza para la precisi\u00f3n, la innovaci\u00f3n y el \u00e9xito<\/h4>\n<p>Descubre hoy mismo las ventajas de nuestras rectificadoras cil\u00edndricas y optimiza tus procesos de producci\u00f3n de forma sostenible.[\/vc_column_text][\/vc_column][vc_column column_padding=\u00bbno-extra-padding\u00bb column_padding_tablet=\u00bbinherit\u00bb column_padding_phone=\u00bbinherit\u00bb column_padding_position=\u00bball\u00bb column_element_direction_desktop=\u00bbdefault\u00bb column_element_spacing=\u00bbdefault\u00bb desktop_text_alignment=\u00bbdefault\u00bb tablet_text_alignment=\u00bbdefault\u00bb phone_text_alignment=\u00bbdefault\u00bb background_color_opacity=\u00bb1&#8243; background_hover_color_opacity=\u00bb1&#8243; column_backdrop_filter=\u00bbnone\u00bb column_shadow=\u00bbnone\u00bb column_border_radius=\u00bbnone\u00bb column_link_target=\u00bb_self\u00bb column_position=\u00bbdefault\u00bb gradient_direction=\u00bbleft_to_right\u00bb overlay_strength=\u00bb0.3&#8243; width=\u00bb1\/2&#8243; tablet_width_inherit=\u00bbdefault\u00bb animation_type=\u00bbdefault\u00bb bg_image_animation=\u00bbnone\u00bb border_type=\u00bbsimple\u00bb column_border_width=\u00bbnone\u00bb column_border_style=\u00bbsolid\u00bb][image_with_animation image_url=\u00bb16337&#8243; image_size=\u00bbfull\u00bb max_width=\u00bb100%\u00bb max_width_mobile=\u00bbdefault\u00bb animation_type=\u00bbentrance\u00bb animation=\u00bbNone\u00bb animation_movement_type=\u00bbtransform_y\u00bb hover_animation=\u00bbnone\u00bb alignment=\u00bb\u00bb border_radius=\u00bbnone\u00bb box_shadow=\u00bbnone\u00bb image_loading=\u00bbdefault\u00bb][\/vc_column][\/vc_row][vc_row type=\u00bbin_container\u00bb full_screen_row_position=\u00bbmiddle\u00bb column_margin=\u00bbdefault\u00bb column_direction=\u00bbdefault\u00bb column_direction_tablet=\u00bbdefault\u00bb column_direction_phone=\u00bbdefault\u00bb scene_position=\u00bbcenter\u00bb constrain_group_1=\u00bbyes\u00bb text_color=\u00bbdark\u00bb text_align=\u00bbleft\u00bb row_border_radius=\u00bbnone\u00bb row_border_radius_applies=\u00bbbg\u00bb overflow=\u00bbvisible\u00bb overlay_strength=\u00bb0.3&#8243; gradient_direction=\u00bbleft_to_right\u00bb shape_divider_position=\u00bbbottom\u00bb bg_image_animation=\u00bbnone\u00bb gradient_type=\u00bbdefault\u00bb shape_type=\u00bb\u00bb][vc_column column_padding=\u00bbno-extra-padding\u00bb column_padding_tablet=\u00bbinherit\u00bb column_padding_phone=\u00bbinherit\u00bb column_padding_position=\u00bball\u00bb column_element_direction_desktop=\u00bbdefault\u00bb column_element_spacing=\u00bbdefault\u00bb desktop_text_alignment=\u00bbdefault\u00bb tablet_text_alignment=\u00bbdefault\u00bb phone_text_alignment=\u00bbdefault\u00bb background_color_opacity=\u00bb1&#8243; background_hover_color_opacity=\u00bb1&#8243; column_backdrop_filter=\u00bbnone\u00bb column_shadow=\u00bbnone\u00bb column_border_radius=\u00bbnone\u00bb column_link_target=\u00bb_self\u00bb column_position=\u00bbdefault\u00bb gradient_direction=\u00bbleft_to_right\u00bb overlay_strength=\u00bb0.3&#8243; width=\u00bb1\/1&#8243; tablet_width_inherit=\u00bbdefault\u00bb animation_type=\u00bbdefault\u00bb bg_image_animation=\u00bbnone\u00bb border_type=\u00bbsimple\u00bb column_border_width=\u00bbnone\u00bb column_border_style=\u00bbsolid\u00bb]\t\t\t\t\n\t\t\t\t\n\t\t\t\t\n\t\t\t<div class=\"portfolio-wrap \">\n\t\t\t\t\t\n\t\t\t\t\t\t\t\t\t\n\t\t\t\t<span class=\"portfolio-loading  none\">   <\/span>\n\t\t\t\t\t\n\t\t\t\t\t\t\t\t\t\n\t\t\t\t<div class=\"row portfolio-items no-masonry  \" data-rcp=\"false\" data-masonry-type=\"default\" data-ps=\"1\" data-starting-filter=\"\" data-gutter=\"default\" data-categories-to-show=\"rundschleifmaschinen\" data-bypass-cropping=\"\" data-lightbox-only=\"0\" data-col-num=\"cols-3\">\n\t\t\t\t\t\t\t\t\t\t\n\t\t\t<\/div><!--\/portfolio-->\n\t\t<\/div><!--\/portfolio wrap-->\n\t\t\t\n\t\t[\/vc_column][\/vc_row]\n","protected":false},"excerpt":{"rendered":"<p>[vc_row type=\u00bbin_container\u00bb full_screen_row_position=\u00bbmiddle\u00bb column_margin=\u00bbdefault\u00bb column_direction=\u00bbdefault\u00bb column_direction_tablet=\u00bbdefault\u00bb column_direction_phone=\u00bbdefault\u00bb scene_position=\u00bbcenter\u00bb bottom_margin_tablet=\u00bb60&#8243; text_color=\u00bbdark\u00bb text_align=\u00bbleft\u00bb row_border_radius=\u00bbnone\u00bb row_border_radius_applies=\u00bbbg\u00bb overflow=\u00bbvisible\u00bb overlay_strength=\u00bb0.3&#8243; gradient_direction=\u00bbleft_to_right\u00bb shape_divider_position=\u00bbbottom\u00bb bg_image_animation=\u00bbnone\u00bb shape_type=\u00bb\u00bb gradient_type=\u00bbdefault\u00bb][vc_column column_padding=\u00bbno-extra-padding\u00bb column_padding_tablet=\u00bbinherit\u00bb column_padding_phone=\u00bbinherit\u00bb column_padding_position=\u00bball\u00bb top_margin=\u00bb2%\u00bb column_element_direction_desktop=\u00bbdefault\u00bb column_element_spacing=\u00bbdefault\u00bb desktop_text_alignment=\u00bbdefault\u00bb tablet_text_alignment=\u00bbdefault\u00bb phone_text_alignment=\u00bbdefault\u00bb&#8230;<\/p>\n","protected":false},"author":1,"featured_media":0,"parent":0,"menu_order":0,"comment_status":"closed","ping_status":"closed","template":"","meta":{"inline_featured_image":false,"footnotes":""},"class_list":["post-22697","page","type-page","status-publish"],"yoast_head":"<!-- This site is optimized with the Yoast SEO plugin v26.9 - https:\/\/yoast.com\/product\/yoast-seo-wordpress\/ -->\n<title>Rectificado OD - Kellenberger Region - America<\/title>\n<meta name=\"robots\" content=\"index, follow, max-snippet:-1, max-image-preview:large, max-video-preview:-1\" \/>\n<link rel=\"canonical\" href=\"https:\/\/kellenberger.com\/america\/es\/od-grinding\/\" \/>\n<meta property=\"og:locale\" content=\"es_ES\" \/>\n<meta property=\"og:type\" content=\"article\" \/>\n<meta property=\"og:title\" content=\"Rectificado OD - Kellenberger Region - America\" \/>\n<meta property=\"og:description\" content=\"[vc_row type=\u00bbin_container\u00bb full_screen_row_position=\u00bbmiddle\u00bb column_margin=\u00bbdefault\u00bb column_direction=\u00bbdefault\u00bb column_direction_tablet=\u00bbdefault\u00bb column_direction_phone=\u00bbdefault\u00bb scene_position=\u00bbcenter\u00bb bottom_margin_tablet=\u00bb60&#8243; text_color=\u00bbdark\u00bb text_align=\u00bbleft\u00bb row_border_radius=\u00bbnone\u00bb row_border_radius_applies=\u00bbbg\u00bb overflow=\u00bbvisible\u00bb overlay_strength=\u00bb0.3&#8243; gradient_direction=\u00bbleft_to_right\u00bb shape_divider_position=\u00bbbottom\u00bb bg_image_animation=\u00bbnone\u00bb shape_type=\u00bb\u00bb gradient_type=\u00bbdefault\u00bb][vc_column column_padding=\u00bbno-extra-padding\u00bb column_padding_tablet=\u00bbinherit\u00bb column_padding_phone=\u00bbinherit\u00bb column_padding_position=\u00bball\u00bb top_margin=\u00bb2%\u00bb column_element_direction_desktop=\u00bbdefault\u00bb column_element_spacing=\u00bbdefault\u00bb desktop_text_alignment=\u00bbdefault\u00bb tablet_text_alignment=\u00bbdefault\u00bb phone_text_alignment=\u00bbdefault\u00bb...\" \/>\n<meta property=\"og:url\" content=\"https:\/\/kellenberger.com\/america\/es\/od-grinding\/\" \/>\n<meta property=\"og:site_name\" content=\"Kellenberger Region - America\" \/>\n<meta property=\"article:modified_time\" content=\"2026-01-09T10:08:28+00:00\" \/>\n<meta name=\"twitter:card\" content=\"summary_large_image\" \/>\n<meta name=\"twitter:label1\" content=\"Tiempo de lectura\" \/>\n\t<meta name=\"twitter:data1\" content=\"5 minutos\" \/>\n<script type=\"application\/ld+json\" class=\"yoast-schema-graph\">{\"@context\":\"https:\/\/schema.org\",\"@graph\":[{\"@type\":\"WebPage\",\"@id\":\"https:\/\/kellenberger.com\/america\/es\/od-grinding\/\",\"url\":\"https:\/\/kellenberger.com\/america\/es\/od-grinding\/\",\"name\":\"Rectificado OD - Kellenberger Region - America\",\"isPartOf\":{\"@id\":\"https:\/\/kellenberger.com\/america\/es\/#website\"},\"datePublished\":\"2025-12-04T14:48:10+00:00\",\"dateModified\":\"2026-01-09T10:08:28+00:00\",\"breadcrumb\":{\"@id\":\"https:\/\/kellenberger.com\/america\/es\/od-grinding\/#breadcrumb\"},\"inLanguage\":\"es\",\"potentialAction\":[{\"@type\":\"ReadAction\",\"target\":[\"https:\/\/kellenberger.com\/america\/es\/od-grinding\/\"]}]},{\"@type\":\"BreadcrumbList\",\"@id\":\"https:\/\/kellenberger.com\/america\/es\/od-grinding\/#breadcrumb\",\"itemListElement\":[{\"@type\":\"ListItem\",\"position\":1,\"name\":\"Home\",\"item\":\"https:\/\/kellenberger.com\/america\/es\/\"},{\"@type\":\"ListItem\",\"position\":2,\"name\":\"Rectificado OD\"}]},{\"@type\":\"WebSite\",\"@id\":\"https:\/\/kellenberger.com\/america\/es\/#website\",\"url\":\"https:\/\/kellenberger.com\/america\/es\/\",\"name\":\"Kellenberger Region - America\",\"description\":\"\",\"potentialAction\":[{\"@type\":\"SearchAction\",\"target\":{\"@type\":\"EntryPoint\",\"urlTemplate\":\"https:\/\/kellenberger.com\/america\/es\/?s={search_term_string}\"},\"query-input\":{\"@type\":\"PropertyValueSpecification\",\"valueRequired\":true,\"valueName\":\"search_term_string\"}}],\"inLanguage\":\"es\"}]}<\/script>\n<!-- \/ Yoast SEO plugin. -->","yoast_head_json":{"title":"Rectificado OD - Kellenberger Region - America","robots":{"index":"index","follow":"follow","max-snippet":"max-snippet:-1","max-image-preview":"max-image-preview:large","max-video-preview":"max-video-preview:-1"},"canonical":"https:\/\/kellenberger.com\/america\/es\/od-grinding\/","og_locale":"es_ES","og_type":"article","og_title":"Rectificado OD - Kellenberger Region - America","og_description":"[vc_row type=\u00bbin_container\u00bb full_screen_row_position=\u00bbmiddle\u00bb column_margin=\u00bbdefault\u00bb column_direction=\u00bbdefault\u00bb column_direction_tablet=\u00bbdefault\u00bb column_direction_phone=\u00bbdefault\u00bb scene_position=\u00bbcenter\u00bb bottom_margin_tablet=\u00bb60&#8243; text_color=\u00bbdark\u00bb text_align=\u00bbleft\u00bb row_border_radius=\u00bbnone\u00bb row_border_radius_applies=\u00bbbg\u00bb overflow=\u00bbvisible\u00bb overlay_strength=\u00bb0.3&#8243; gradient_direction=\u00bbleft_to_right\u00bb shape_divider_position=\u00bbbottom\u00bb bg_image_animation=\u00bbnone\u00bb shape_type=\u00bb\u00bb gradient_type=\u00bbdefault\u00bb][vc_column column_padding=\u00bbno-extra-padding\u00bb column_padding_tablet=\u00bbinherit\u00bb column_padding_phone=\u00bbinherit\u00bb column_padding_position=\u00bball\u00bb top_margin=\u00bb2%\u00bb column_element_direction_desktop=\u00bbdefault\u00bb column_element_spacing=\u00bbdefault\u00bb desktop_text_alignment=\u00bbdefault\u00bb tablet_text_alignment=\u00bbdefault\u00bb phone_text_alignment=\u00bbdefault\u00bb...","og_url":"https:\/\/kellenberger.com\/america\/es\/od-grinding\/","og_site_name":"Kellenberger Region - America","article_modified_time":"2026-01-09T10:08:28+00:00","twitter_card":"summary_large_image","twitter_misc":{"Tiempo de lectura":"5 minutos"},"schema":{"@context":"https:\/\/schema.org","@graph":[{"@type":"WebPage","@id":"https:\/\/kellenberger.com\/america\/es\/od-grinding\/","url":"https:\/\/kellenberger.com\/america\/es\/od-grinding\/","name":"Rectificado OD - Kellenberger Region - America","isPartOf":{"@id":"https:\/\/kellenberger.com\/america\/es\/#website"},"datePublished":"2025-12-04T14:48:10+00:00","dateModified":"2026-01-09T10:08:28+00:00","breadcrumb":{"@id":"https:\/\/kellenberger.com\/america\/es\/od-grinding\/#breadcrumb"},"inLanguage":"es","potentialAction":[{"@type":"ReadAction","target":["https:\/\/kellenberger.com\/america\/es\/od-grinding\/"]}]},{"@type":"BreadcrumbList","@id":"https:\/\/kellenberger.com\/america\/es\/od-grinding\/#breadcrumb","itemListElement":[{"@type":"ListItem","position":1,"name":"Home","item":"https:\/\/kellenberger.com\/america\/es\/"},{"@type":"ListItem","position":2,"name":"Rectificado OD"}]},{"@type":"WebSite","@id":"https:\/\/kellenberger.com\/america\/es\/#website","url":"https:\/\/kellenberger.com\/america\/es\/","name":"Kellenberger Region - America","description":"","potentialAction":[{"@type":"SearchAction","target":{"@type":"EntryPoint","urlTemplate":"https:\/\/kellenberger.com\/america\/es\/?s={search_term_string}"},"query-input":{"@type":"PropertyValueSpecification","valueRequired":true,"valueName":"search_term_string"}}],"inLanguage":"es"}]}},"_links":{"self":[{"href":"https:\/\/kellenberger.com\/america\/es\/wp-json\/wp\/v2\/pages\/22697","targetHints":{"allow":["GET"]}}],"collection":[{"href":"https:\/\/kellenberger.com\/america\/es\/wp-json\/wp\/v2\/pages"}],"about":[{"href":"https:\/\/kellenberger.com\/america\/es\/wp-json\/wp\/v2\/types\/page"}],"author":[{"embeddable":true,"href":"https:\/\/kellenberger.com\/america\/es\/wp-json\/wp\/v2\/users\/1"}],"replies":[{"embeddable":true,"href":"https:\/\/kellenberger.com\/america\/es\/wp-json\/wp\/v2\/comments?post=22697"}],"version-history":[{"count":8,"href":"https:\/\/kellenberger.com\/america\/es\/wp-json\/wp\/v2\/pages\/22697\/revisions"}],"predecessor-version":[{"id":22715,"href":"https:\/\/kellenberger.com\/america\/es\/wp-json\/wp\/v2\/pages\/22697\/revisions\/22715"}],"wp:attachment":[{"href":"https:\/\/kellenberger.com\/america\/es\/wp-json\/wp\/v2\/media?parent=22697"}],"curies":[{"name":"wp","href":"https:\/\/api.w.org\/{rel}","templated":true}]}}